{"id":4997,"date":"2024-04-12T19:37:02","date_gmt":"2024-04-12T17:37:02","guid":{"rendered":"https:\/\/combi-pro.com\/?page_id=4997"},"modified":"2025-11-30T21:59:23","modified_gmt":"2025-11-30T20:59:23","slug":"general-conditions","status":"publish","type":"page","link":"https:\/\/combi-pro.com\/en\/general-conditions\/","title":{"rendered":"General terms and conditions"},"content":{"rendered":"<div data-elementor-type=\"wp-post\" data-elementor-id=\"4997\" class=\"elementor elementor-4997\" data-elementor-post-type=\"page\">\n\t\t\t\t<div class=\"elementor-element elementor-element-79b68a0 e-flex e-con-boxed e-con e-parent\" data-id=\"79b68a0\" data-element_type=\"container\" data-e-type=\"container\" data-settings=\"{&quot;background_background&quot;:&quot;classic&quot;}\">\n\t\t\t\t\t<div class=\"e-con-inner\">\n\t\t<div class=\"elementor-element elementor-element-991f51b e-con-full e-flex e-con e-child\" data-id=\"991f51b\" data-element_type=\"container\" data-e-type=\"container\">\n\t\t\t\t<div class=\"elementor-element elementor-element-61a32d0 elementor-widget elementor-widget-heading\" data-id=\"61a32d0\" data-element_type=\"widget\" data-e-type=\"widget\" data-widget_type=\"heading.default\">\n\t\t\t\t\t<h1 class=\"elementor-heading-title elementor-size-default\">General Terms and Conditions<\/h1>\t\t\t\t<\/div>\n\t\t\t\t<\/div>\n\t\t\t\t\t<\/div>\n\t\t\t\t<\/div>\n\t\t<div class=\"elementor-element elementor-element-d6f8f8d e-con-full e-flex e-con e-parent\" data-id=\"d6f8f8d\" data-element_type=\"container\" data-e-type=\"container\" data-settings=\"{&quot;background_background&quot;:&quot;classic&quot;}\">\n\t\t<div class=\"elementor-element elementor-element-af42f05 e-con-full e-flex e-con e-child\" data-id=\"af42f05\" data-element_type=\"container\" data-e-type=\"container\">\n\t\t<div class=\"elementor-element elementor-element-2a11bca e-con-full e-flex e-con e-child\" data-id=\"2a11bca\" data-element_type=\"container\" data-e-type=\"container\">\n\t\t<div class=\"elementor-element elementor-element-b4b1dc6 e-con-full e-flex e-con e-child\" data-id=\"b4b1dc6\" data-element_type=\"container\" data-e-type=\"container\" data-settings=\"{&quot;background_background&quot;:&quot;classic&quot;}\">\n\t\t\t\t<div class=\"elementor-element elementor-element-c16320b elementor-widget-divider--view-line elementor-widget elementor-widget-divider\" data-id=\"c16320b\" data-element_type=\"widget\" data-e-type=\"widget\" data-widget_type=\"divider.default\">\n\t\t\t\t\t\t\t<div class=\"elementor-divider\">\n\t\t\t<span class=\"elementor-divider-separator\">\n\t\t\t\t\t\t<\/span>\n\t\t<\/div>\n\t\t\t\t\t\t<\/div>\n\t\t\t\t<div class=\"elementor-element elementor-element-4ecfbe7 elementor-widget elementor-widget-image-box\" data-id=\"4ecfbe7\" data-element_type=\"widget\" data-e-type=\"widget\" data-widget_type=\"image-box.default\">\n\t\t\t\t\t<div class=\"elementor-image-box-wrapper\"><div class=\"elementor-image-box-content\"><h2 class=\"elementor-image-box-title\">General terms and conditions<\/h2><p class=\"elementor-image-box-description\"><b>General terms and conditions of use<\/b><br><br>\n<b>DATA PROTECTION<\/b><br>\nIn compliance with Organic Law 15\/1999, of 13 December, on the Protection of Personal Data, you are informed that the personal data provided will be incorporated (or updated) in the files of AEH&amp;NBK.SL, with address Carretera de Guadalmar 14 , 29004 Malaga de la Orden (Malaga) and email serviceclients@combi-pro.com. The purpose of the processing of the data will be to manage the data of customers\/users who access the contact form on the website of the entity, for the attention of queries, suggestions and contact management. The personal data requested in this document are obligatory, so that failure to complete them will make it impossible to include them in the files described above and to comply with the purpose defined in the previous paragraph. You have the right of access, rectification, cancellation and opposition under the terms provided by law, which may be exercised by writing to the person responsible for them at the e-Mail address indicated above.<br><br>\n<b>1. PRODUCTS<\/b><br>\nAll our workwear products are new, and are presented in their original packaging or seal, if present. The photographs correspond to those provided by the respective suppliers of uniforms, but depending on the monitor settings there may be a colour variation with respect to reality.<br><br>\n<b>2. PRICES<\/b><br>\nPrices shown do not include current VAT and shipping costs if applicable. Prices are subject to change without prior notice. All sales are made with the corresponding purchase invoice which will be sent by email and which the customer can download from their customer area.<br><br>\n<b>3. PURCHASING PROCESS<\/b><br>\nYou browse our online shop and you can add the items you wish to buy to the basket, choosing size and colour if necessary (most of the time) and entering the units you need in each size box. Once you have made your selection of items, you will choose the method of payment and shipping agency whenever several options appear. Before placing the order, you must register by filling in a form with your personal or company details required for the invoice, or log in with your password if you are already registered, to finalise your order. Once this process has been completed, you will receive a message to your e-mail address with all the details of your order.<br><br>\n<b>4. SHIPMENTS AND DELIVERY TIMES<\/b><br>\nAll orders of our uniforms are shipped through different transport companies, being the delivery time variable depending on the different brands of workwear that we sell (for more information, visit the \"Shipping and returns\" section) or if they are customised garments. The transit time is usually 24 hours for the peninsular territory (except for incidents caused by malfunctions of the transport agency) from the departure of the shipment (you will receive an email confirming the departure of the shipment). Shipments and deliveries are made from Monday to Friday, except holidays.<br>\n4.1. <b>SHIPMENTS TO SPAIN (PENINSULA)<\/b><br>\nOnce the goods have left our premises, the usual delivery time is 24 hours.<br>\n4.2. <b>SHIPMENTS TO THE BALEARIC ISLANDS<\/b><br>\nThe delivery time for the Balearic Islands, once it leaves our facilities, is 48\/72 hours.<br>\n4.3. <b>OTHER DESTINATIONS<\/b><br>\nPlease do not hesitate to contact us for shipping rates and delivery times for any other destination (Canary Islands, Ceuta, Melilla, International). The delivery time depends on the merchandise requested. The average delivery time is considered to be one week, and may vary depending on various circumstances: personalisation of garments (screen printing, embroidery, textile vinyl), stock shortages.<br><br>\n<b>5. PAYMENT METHODS<\/b><br>\n5.1. <b>TRANSFER<\/b><br>\nIf you choose to pay by bank transfer (or direct deposit) you will be given our account numbers for payment during the purchase process. You can make a bank transfer from your usual bank or, if you prefer, make a deposit at a BBVA branch (in some branches you can pay directly at the cashier). Please indicate the order number when making the transfer or deposit. Once payment has been received, we will start to process your order and it will be sent by transport when completed or, if necessary, in two shipments (we will only charge shipping costs for the first partial shipment, not the next one). If payment has not been received within 15 days, the order will be cancelled.<br>\n5.2. <b>CREDIT CARD<\/b><br>\nYou can pay with your Visa, Visa Electron, Maestro and Mastercard via the secure payment gateway.<br><br>\n<b>6. STATUS OF YOUR ORDER<\/b><br>\nFrom the \"My account\" section you will be able to know, at any time, the status of your order. Click on \"My orders\" and it will show you the status of your order: Pending, in preparation, sent, cancelled, etc. ....<br><br>\n<b>7. DELAYS IN SHIPMENTS<\/b><br>\nIf your order is delayed, please do not hesitate to contact us to resolve the incident, preferably by email. Please note that we handle many references from many suppliers, with each reference in different sizes and colours, and that suppliers may have stock-outs, or garments that are only supplied on request, etc... We always communicate these incidents by email, so please keep an eye on your email.<br><br>\n<b>8. TRANSPORT INCIDENTS<\/b><br>\nPlease check your order upon receipt, and if there is any incident (box breakage) please report it on the carrier's delivery note. Any incident must be reported within 24 hours.<br><br>\n<b>9. WARRANTY AND RETURNS<\/b><br>\nWe will only guarantee the return of our products when they arrive broken or in poor condition to the customer, who must notify the incident immediately providing evidence or photographs of the breakage if requested. Although we make every effort to ensure the accuracy and precision of the content of this website, the characteristics and\/or photographs of the products may contain errors or inaccuracies. If in doubt, we recommend that you consult the manufacturer's website.<br>\n9.1. <b>WRONG PRODUCT<\/b><br>\nIf the product delivered does not match the product ordered, you must inform us immediately. Contact us through the contact form \"Contact\" on the top bar and we will deal with your incident as soon as possible.<br><br>\n<b>10. WITHDRAWAL AND CANCELLATION OF ORDERS<\/b> (continued)<br>\nworking days from receipt of the product, the refund will be made once it has been checked that the goods are in perfect condition (unused, unaltered, etc.) and in their original packaging. In the event of a defective product, the seller must proceed, as appropriate, to repair, replace, reduce the price or terminate the contract, which will be free of charge for the consumer and user.<br><br>\nThe customer may cancel an order in writing at any time, except for orders that include embroidery, screen printing or any other type of personalisation. Within the limits established by law, AEH&amp;NBK.SL assumes no liability for the lack of updating and accuracy of the data or information contained in its Internet pages.<br><br>\n\n<\/p><\/div><\/div>\t\t\t\t<\/div>\n\t\t\t\t<\/div>\n\t\t\t\t<\/div>\n\t\t\t\t<\/div>\n\t\t\t\t<\/div>\n\t\t<div class=\"elementor-element elementor-element-ba58627 e-flex e-con-boxed e-con e-parent\" data-id=\"ba58627\" data-element_type=\"container\" data-e-type=\"container\" data-settings=\"{&quot;background_background&quot;:&quot;classic&quot;}\">\n\t\t\t\t\t<div class=\"e-con-inner\">\n\t\t<div class=\"elementor-element elementor-element-f647bf8 e-con-full e-flex e-con e-child\" data-id=\"f647bf8\" data-element_type=\"container\" data-e-type=\"container\" data-settings=\"{&quot;background_background&quot;:&quot;classic&quot;}\">\n\t\t\t\t<div class=\"elementor-element elementor-element-fb68b56 elementor-widget-divider--view-line elementor-widget elementor-widget-divider\" data-id=\"fb68b56\" data-element_type=\"widget\" data-e-type=\"widget\" data-widget_type=\"divider.default\">\n\t\t\t\t\t\t\t<div class=\"elementor-divider\">\n\t\t\t<span class=\"elementor-divider-separator\">\n\t\t\t\t\t\t<\/span>\n\t\t<\/div>\n\t\t\t\t\t\t<\/div>\n\t\t\t\t<div class=\"elementor-element elementor-element-f09a57f elementor-widget elementor-widget-heading\" data-id=\"f09a57f\" data-element_type=\"widget\" data-e-type=\"widget\" data-widget_type=\"heading.default\">\n\t\t\t\t\t<h2 class=\"elementor-heading-title elementor-size-default\">Follow us at<\/h2>\t\t\t\t<\/div>\n\t\t\t\t<div class=\"elementor-element elementor-element-4bfdec8 elementor-shape-rounded elementor-grid-0 e-grid-align-center elementor-widget elementor-widget-social-icons\" data-id=\"4bfdec8\" data-element_type=\"widget\" data-e-type=\"widget\" data-widget_type=\"social-icons.default\">\n\t\t\t\t\t\t\t<div class=\"elementor-social-icons-wrapper elementor-grid\" role=\"list\">\n\t\t\t\t\t\t\t<span class=\"elementor-grid-item\" role=\"listitem\">\n\t\t\t\t\t<a class=\"elementor-icon elementor-social-icon elementor-social-icon-facebook-f elementor-repeater-item-9e740e1\" href=\"https:\/\/www.facebook.com\/combipro.es\" target=\"_blank\" rel=\"noopener\">\n\t\t\t\t\t\t<span class=\"elementor-screen-only\">Facebook-f<\/span>\n\t\t\t\t\t\t<svg aria-hidden=\"true\" class=\"e-font-icon-svg e-fab-facebook-f\" viewbox=\"0 0 320 512\" xmlns=\"http:\/\/www.w3.org\/2000\/svg\"><path d=\"M279.14 288l14.22-92.66h-88.91v-60.13c0-25.35 12.42-50.06 52.24-50.06h40.42V6.26S260.43 0 225.36 0c-73.22 0-121.08 44.38-121.08 124.72v70.62H22.89V288h81.39v224h100.17V288z\"><\/path><\/svg>\t\t\t\t\t<\/a>\n\t\t\t\t<\/span>\n\t\t\t\t\t\t\t<span class=\"elementor-grid-item\" role=\"listitem\">\n\t\t\t\t\t<a class=\"elementor-icon elementor-social-icon elementor-social-icon-instagram elementor-repeater-item-65ca331\" href=\"https:\/\/www.instagram.com\/combi.pro\/\" target=\"_blank\" rel=\"noopener\">\n\t\t\t\t\t\t<span class=\"elementor-screen-only\">Instagram<\/span>\n\t\t\t\t\t\t<svg aria-hidden=\"true\" class=\"e-font-icon-svg e-fab-instagram\" viewbox=\"0 0 448 512\" xmlns=\"http:\/\/www.w3.org\/2000\/svg\"><path d=\"M224.1 141c-63.6 0-114.9 51.3-114.9 114.9s51.3 114.9 114.9 114.9S339 319.5 339 255.9 287.7 141 224.1 141zm0 189.6c-41.1 0-74.7-33.5-74.7-74.7s33.5-74.7 74.7-74.7 74.7 33.5 74.7 74.7-33.6 74.7-74.7 74.7zm146.4-194.3c0 14.9-12 26.8-26.8 26.8-14.9 0-26.8-12-26.8-26.8s12-26.8 26.8-26.8 26.8 12 26.8 26.8zm76.1 27.2c-1.7-35.9-9.9-67.7-36.2-93.9-26.2-26.2-58-34.4-93.9-36.2-37-2.1-147.9-2.1-184.9 0-35.8 1.7-67.6 9.9-93.9 36.1s-34.4 58-36.2 93.9c-2.1 37-2.1 147.9 0 184.9 1.7 35.9 9.9 67.7 36.2 93.9s58 34.4 93.9 36.2c37 2.1 147.9 2.1 184.9 0 35.9-1.7 67.7-9.9 93.9-36.2 26.2-26.2 34.4-58 36.2-93.9 2.1-37 2.1-147.8 0-184.8zM398.8 388c-7.8 19.6-22.9 34.7-42.6 42.6-29.5 11.7-99.5 9-132.1 9s-102.7 2.6-132.1-9c-19.6-7.8-34.7-22.9-42.6-42.6-11.7-29.5-9-99.5-9-132.1s-2.6-102.7 9-132.1c7.8-19.6 22.9-34.7 42.6-42.6 29.5-11.7 99.5-9 132.1-9s102.7-2.6 132.1 9c19.6 7.8 34.7 22.9 42.6 42.6 11.7 29.5 9 99.5 9 132.1s2.7 102.7-9 132.1z\"><\/path><\/svg>\t\t\t\t\t<\/a>\n\t\t\t\t<\/span>\n\t\t\t\t\t\t\t<span class=\"elementor-grid-item\" role=\"listitem\">\n\t\t\t\t\t<a class=\"elementor-icon elementor-social-icon elementor-social-icon-tiktok elementor-repeater-item-355d349\" href=\"https:\/\/www.tiktok.com\/@combi.pro?_t=ZS-8t7CylHuxBC&#038;_r=1\" target=\"_blank\" rel=\"noopener\">\n\t\t\t\t\t\t<span class=\"elementor-screen-only\">Tiktok<\/span>\n\t\t\t\t\t\t<svg aria-hidden=\"true\" class=\"e-font-icon-svg e-fab-tiktok\" viewbox=\"0 0 448 512\" xmlns=\"http:\/\/www.w3.org\/2000\/svg\"><path d=\"M448,209.91a210.06,210.06,0,0,1-122.77-39.25V349.38A162.55,162.55,0,1,1,185,188.31V278.2a74.62,74.62,0,1,0,52.23,71.18V0l88,0a121.18,121.18,0,0,0,1.86,22.17h0A122.18,122.18,0,0,0,381,102.39a121.43,121.43,0,0,0,67,20.14Z\"><\/path><\/svg>\t\t\t\t\t<\/a>\n\t\t\t\t<\/span>\n\t\t\t\t\t<\/div>\n\t\t\t\t\t\t<\/div>\n\t\t\t\t<\/div>\n\t\t\t\t\t<\/div>\n\t\t\t\t<\/div>\n\t\t<div class=\"elementor-element elementor-element-dc84b49 e-flex e-con-boxed e-con e-parent\" data-id=\"dc84b49\" data-element_type=\"container\" data-e-type=\"container\">\n\t\t\t\t\t<div class=\"e-con-inner\">\n\t\t\t\t<div class=\"elementor-element elementor-element-3ae0dda elementor-position-top elementor-widget__width-inherit elementor-position-top elementor-widget elementor-widget-image-box\" data-id=\"3ae0dda\" data-element_type=\"widget\" data-e-type=\"widget\" data-widget_type=\"image-box.default\">\n\t\t\t\t\t<div class=\"elementor-image-box-wrapper\"><figure class=\"elementor-image-box-img\"><img fetchpriority=\"high\" decoding=\"async\" width=\"400\" height=\"400\" src=\"https:\/\/combi-pro.com\/wp-content\/uploads\/2025\/01\/1.png\" class=\"attachment-full size-full wp-image-11277\" alt=\"\" srcset=\"https:\/\/combi-pro.com\/wp-content\/uploads\/2025\/01\/1.png 400w, https:\/\/combi-pro.com\/wp-content\/uploads\/2025\/01\/1-100x100.png 100w, https:\/\/combi-pro.com\/wp-content\/uploads\/2025\/01\/1-64x64.png 64w, https:\/\/combi-pro.com\/wp-content\/uploads\/2025\/01\/1-300x300.png 300w, https:\/\/combi-pro.com\/wp-content\/uploads\/2025\/01\/1-150x150.png 150w, https:\/\/combi-pro.com\/wp-content\/uploads\/2025\/01\/1-12x12.png 12w\" sizes=\"(max-width: 400px) 100vw, 400px\" \/><\/figure><div class=\"elementor-image-box-content\"><h3 class=\"elementor-image-box-title\">Ease and Speed<\/h3><p class=\"elementor-image-box-description\">With a complete catalogue available 24 hours a day, shopping for workwear online has never been easier.<\/p><\/div><\/div>\t\t\t\t<\/div>\n\t\t\t\t<div class=\"elementor-element elementor-element-5d8b257 elementor-position-top elementor-widget__width-inherit elementor-position-top elementor-widget elementor-widget-image-box\" data-id=\"5d8b257\" data-element_type=\"widget\" data-e-type=\"widget\" data-widget_type=\"image-box.default\">\n\t\t\t\t\t<div class=\"elementor-image-box-wrapper\"><figure class=\"elementor-image-box-img\"><img decoding=\"async\" width=\"400\" height=\"400\" src=\"https:\/\/combi-pro.com\/wp-content\/uploads\/2025\/01\/2.png\" class=\"attachment-full size-full wp-image-11276\" alt=\"\" srcset=\"https:\/\/combi-pro.com\/wp-content\/uploads\/2025\/01\/2.png 400w, https:\/\/combi-pro.com\/wp-content\/uploads\/2025\/01\/2-100x100.png 100w, https:\/\/combi-pro.com\/wp-content\/uploads\/2025\/01\/2-64x64.png 64w, https:\/\/combi-pro.com\/wp-content\/uploads\/2025\/01\/2-300x300.png 300w, https:\/\/combi-pro.com\/wp-content\/uploads\/2025\/01\/2-150x150.png 150w, https:\/\/combi-pro.com\/wp-content\/uploads\/2025\/01\/2-12x12.png 12w\" sizes=\"(max-width: 400px) 100vw, 400px\" \/><\/figure><div class=\"elementor-image-box-content\"><h3 class=\"elementor-image-box-title\">Quality Assurance<\/h3><p class=\"elementor-image-box-description\">We work with nationally and internationally renowned brands to offer you workwear that combines durability and comfort.<\/p><\/div><\/div>\t\t\t\t<\/div>\n\t\t\t\t<div class=\"elementor-element elementor-element-5746786 elementor-position-top elementor-widget__width-inherit elementor-position-top elementor-widget elementor-widget-image-box\" data-id=\"5746786\" data-element_type=\"widget\" data-e-type=\"widget\" data-widget_type=\"image-box.default\">\n\t\t\t\t\t<div class=\"elementor-image-box-wrapper\"><figure class=\"elementor-image-box-img\"><img decoding=\"async\" width=\"400\" height=\"400\" src=\"https:\/\/combi-pro.com\/wp-content\/uploads\/2025\/01\/3-1.png\" class=\"attachment-full size-full wp-image-11275\" alt=\"icone paiement\" srcset=\"https:\/\/combi-pro.com\/wp-content\/uploads\/2025\/01\/3-1.png 400w, https:\/\/combi-pro.com\/wp-content\/uploads\/2025\/01\/3-1-100x100.png 100w, https:\/\/combi-pro.com\/wp-content\/uploads\/2025\/01\/3-1-64x64.png 64w, https:\/\/combi-pro.com\/wp-content\/uploads\/2025\/01\/3-1-300x300.png 300w, https:\/\/combi-pro.com\/wp-content\/uploads\/2025\/01\/3-1-150x150.png 150w, https:\/\/combi-pro.com\/wp-content\/uploads\/2025\/01\/3-1-12x12.png 12w\" sizes=\"(max-width: 400px) 100vw, 400px\" \/><\/figure><div class=\"elementor-image-box-content\"><h3 class=\"elementor-image-box-title\">Data Protection and Security<\/h3><p class=\"elementor-image-box-description\">In our online shop, we prioritise the data protection of our customers.<\/p><\/div><\/div>\t\t\t\t<\/div>\n\t\t\t\t\t<\/div>\n\t\t\t\t<\/div>\n\t\t\t\t<\/div>","protected":false},"excerpt":{"rendered":"<p>Condiciones Generales\u200b Condiciones Generales T\u00e9rminos y condiciones generales de uso PROTECCI\u00d3N DE DATOS En cumplimiento de la Ley Org\u00e1nica 15\/1999, de 13 de diciembre, sobre Protecci\u00f3n de Datos de Car\u00e1cter Personal, se le informa que los datos personales proporcionados se incorporar\u00e1n (o actualizar\u00e1n) a los ficheros de AEH&amp;NBK.SL, con direcci\u00f3n Carretera de Guadalmar 14 , [&hellip;]<\/p>\n","protected":false},"author":1,"featured_media":0,"parent":0,"menu_order":0,"comment_status":"closed","ping_status":"closed","template":"","meta":{"site-sidebar-layout":"no-sidebar","site-content-layout":"page-builder","ast-site-content-layout":"full-width-container","site-content-style":"unboxed","site-sidebar-style":"unboxed","ast-global-header-display":"","ast-banner-title-visibility":"","ast-main-header-display":"","ast-hfb-above-header-display":"","ast-hfb-below-header-display":"","ast-hfb-mobile-header-display":"","site-post-title":"disabled","ast-breadcrumbs-content":"","ast-featured-img":"disabled","footer-sml-layout":"","ast-disable-related-posts":"","theme-transparent-header-meta":"enabled","adv-header-id-meta":"","stick-header-meta":"","header-above-stick-meta":"","header-main-stick-meta":"","header-below-stick-meta":"","astra-migrate-meta-layouts":"set","ast-page-background-enabled":"default","ast-page-background-meta":{"desktop":{"background-color":"","background-image":"","background-repeat":"repeat","background-position":"center center","background-size":"auto","background-attachment":"scroll","background-type":"","background-media":"","overlay-type":"","overlay-color":"","overlay-opacity":"","overlay-gradient":""},"tablet":{"background-color":"","background-image":"","background-repeat":"repeat","background-position":"center center","background-size":"auto","background-attachment":"scroll","background-type":"","background-media":"","overlay-type":"","overlay-color":"","overlay-opacity":"","overlay-gradient":""},"mobile":{"background-color":"","background-image":"","background-repeat":"repeat","background-position":"center center","background-size":"auto","background-attachment":"scroll","background-type":"","background-media":"","overlay-type":"","overlay-color":"","overlay-opacity":"","overlay-gradient":""}},"ast-content-background-meta":{"desktop":{"background-color":"var(--ast-global-color-5)","background-image":"","background-repeat":"repeat","background-position":"center center","background-size":"auto","background-attachment":"scroll","background-type":"","background-media":"","overlay-type":"","overlay-color":"","overlay-opacity":"","overlay-gradient":""},"tablet":{"background-color":"var(--ast-global-color-5)","background-image":"","background-repeat":"repeat","background-position":"center center","background-size":"auto","background-attachment":"scroll","background-type":"","background-media":"","overlay-type":"","overlay-color":"","overlay-opacity":"","overlay-gradient":""},"mobile":{"background-color":"var(--ast-global-color-5)","background-image":"","background-repeat":"repeat","background-position":"center center","background-size":"auto","background-attachment":"scroll","background-type":"","background-media":"","overlay-type":"","overlay-color":"","overlay-opacity":"","overlay-gradient":""}},"footnotes":""},"class_list":["post-4997","page","type-page","status-publish","hentry"],"_links":{"self":[{"href":"https:\/\/combi-pro.com\/en\/wp-json\/wp\/v2\/pages\/4997","targetHints":{"allow":["GET"]}}],"collection":[{"href":"https:\/\/combi-pro.com\/en\/wp-json\/wp\/v2\/pages"}],"about":[{"href":"https:\/\/combi-pro.com\/en\/wp-json\/wp\/v2\/types\/page"}],"author":[{"embeddable":true,"href":"https:\/\/combi-pro.com\/en\/wp-json\/wp\/v2\/users\/1"}],"replies":[{"embeddable":true,"href":"https:\/\/combi-pro.com\/en\/wp-json\/wp\/v2\/comments?post=4997"}],"version-history":[{"count":1,"href":"https:\/\/combi-pro.com\/en\/wp-json\/wp\/v2\/pages\/4997\/revisions"}],"predecessor-version":[{"id":28389,"href":"https:\/\/combi-pro.com\/en\/wp-json\/wp\/v2\/pages\/4997\/revisions\/28389"}],"wp:attachment":[{"href":"https:\/\/combi-pro.com\/en\/wp-json\/wp\/v2\/media?parent=4997"}],"curies":[{"name":"wp","href":"https:\/\/api.w.org\/{rel}","templated":true}]}}