{"id":5013,"date":"2024-04-12T19:38:07","date_gmt":"2024-04-12T17:38:07","guid":{"rendered":"https:\/\/combi-pro.com\/?page_id=5013"},"modified":"2025-11-30T22:07:18","modified_gmt":"2025-11-30T21:07:18","slug":"privacy-policy","status":"publish","type":"page","link":"https:\/\/combi-pro.com\/en\/privacy-policy\/","title":{"rendered":"Privacy Policy"},"content":{"rendered":"<div data-elementor-type=\"wp-post\" data-elementor-id=\"5013\" class=\"elementor elementor-5013\" data-elementor-post-type=\"page\">\n\t\t\t\t<div class=\"elementor-element elementor-element-79b68a0 e-flex e-con-boxed e-con e-parent\" data-id=\"79b68a0\" data-element_type=\"container\" data-e-type=\"container\" data-settings=\"{&quot;background_background&quot;:&quot;classic&quot;}\">\n\t\t\t\t\t<div class=\"e-con-inner\">\n\t\t<div class=\"elementor-element elementor-element-991f51b e-con-full e-flex e-con e-child\" data-id=\"991f51b\" data-element_type=\"container\" data-e-type=\"container\">\n\t\t\t\t<div class=\"elementor-element elementor-element-61a32d0 elementor-widget elementor-widget-heading\" data-id=\"61a32d0\" data-element_type=\"widget\" data-e-type=\"widget\" data-widget_type=\"heading.default\">\n\t\t\t\t\t<h1 class=\"elementor-heading-title elementor-size-default\">Privacy Policy<\/h1>\t\t\t\t<\/div>\n\t\t\t\t<\/div>\n\t\t\t\t\t<\/div>\n\t\t\t\t<\/div>\n\t\t<div class=\"elementor-element elementor-element-d6f8f8d e-con-full e-flex e-con e-parent\" data-id=\"d6f8f8d\" data-element_type=\"container\" data-e-type=\"container\" data-settings=\"{&quot;background_background&quot;:&quot;classic&quot;}\">\n\t\t<div class=\"elementor-element elementor-element-af42f05 e-con-full e-flex e-con e-child\" data-id=\"af42f05\" data-element_type=\"container\" data-e-type=\"container\">\n\t\t<div class=\"elementor-element elementor-element-2a11bca e-con-full e-flex e-con e-child\" data-id=\"2a11bca\" data-element_type=\"container\" data-e-type=\"container\">\n\t\t<div class=\"elementor-element elementor-element-b4b1dc6 e-con-full e-flex e-con e-child\" data-id=\"b4b1dc6\" data-element_type=\"container\" data-e-type=\"container\" data-settings=\"{&quot;background_background&quot;:&quot;classic&quot;}\">\n\t\t\t\t<div class=\"elementor-element elementor-element-c16320b elementor-widget-divider--view-line elementor-widget elementor-widget-divider\" data-id=\"c16320b\" data-element_type=\"widget\" data-e-type=\"widget\" data-widget_type=\"divider.default\">\n\t\t\t\t\t\t\t<div class=\"elementor-divider\">\n\t\t\t<span class=\"elementor-divider-separator\">\n\t\t\t\t\t\t<\/span>\n\t\t<\/div>\n\t\t\t\t\t\t<\/div>\n\t\t\t\t<div class=\"elementor-element elementor-element-4ecfbe7 elementor-widget elementor-widget-image-box\" data-id=\"4ecfbe7\" data-element_type=\"widget\" data-e-type=\"widget\" data-widget_type=\"image-box.default\">\n\t\t\t\t\t<div class=\"elementor-image-box-wrapper\"><div class=\"elementor-image-box-content\"><h2 class=\"elementor-image-box-title\">Privacy Policy<\/h2><p class=\"elementor-image-box-description\"><b>DATA CONTROLLER<\/b><br>\nAEH&amp;NBK.S.L. with CIF:B16838187 and registered office at Carretera de Guadalmar 14, 29004 Malaga de la Orden (M\u00e1laga), with e-mail address <a href=\"mailto:serviceclients@combi-pro.com\">serviceclients@combi-pro.com<\/a> and contact telephone 661144521.<br><br>\n<b>COMPLIANCE WITH REGULATIONS<\/b><br>\nAEH&amp;NBK.S.L. guarantees at all times full and complete compliance with the obligations laid down in the regulations on data protection and information society services, as well as any other law or regulation that complements or replaces the above.<br><br>\n<b>PURPOSE OF PROCESSING<\/b><br>\nWe inform you expressly, precisely and unequivocally that the data provided by you will be used for:<br>\n- To answer any queries by telephone, e-mail or electronic means of communication, as well as to resolve any doubts or suggestions related to our products and services.<br>\n- Handle requests, complaints or claims related to our products.<br>\n- Maintaining customer relationships, such as the purchase of products through our online shop.<br>\n- Sending of commercial communications through subscription to our newsletter, if you give your consent.<br>\n- Comment on news and other publications through our blog available on our website.<br>\n- Processing of personal data of individual entrepreneurs and contact persons of companies in their relationship maintenance.<br>\n- Manage the CVs received and participate in the different personnel selection processes.<br><br>\n<b>LEGITIMISATION OF THE PROCESSING<\/b><br>\nThe legal basis for the processing of your data is:<br>\n- The consent of the data subject.<br>\n- The execution of a contract or of pre-contractual measures requested by the data subject.<br>\n- The legitimate interest of the data controller.<br><br>\n<b>TRANSFER OF DATA<\/b><br>\nAEH&amp;NBK.S.L. will not transfer personal data to any third party without a legal basis that legitimises this processing, except to the Tax Agency and financial institutions for the purpose of complying with legal obligations and issuing receipts respectively.<br><br>\n<b>PRINCIPLE OF QUALITY OF TREATMENT<\/b><br>\nThe interested party shall be solely responsible for the truthfulness and accuracy of the data provided. AEH&amp;NBK.S.L. acts in good faith as a mere service provider.<br><br>\n<b>MINORS<\/b><br>\nAEH&amp;NBK.S.L. does not collect data from persons under the age of fourteen through its website.<br><br>\n<b>PRINCIPLES OF SECURITY OF PROCESSING<\/b><br>\nAEH&amp;NBK.S.L. undertakes to comply with its obligation of secrecy with regard to personal data and will adopt all necessary measures to guarantee the security of the data.<br><br>\n<b>DATA RETENTION PERIOD<\/b><br>\nPersonal data will be actively processed for as long as the business\/contractual relationship continues or as long as you do not exercise your right to erasure.<br><br>\n<b>TRANSFER OF DATA TO THIRD COUNTRIES<\/b><br>\nContracted services outside the European Economic Area comply with an adequate level of protection and the necessary safeguards are in place.<br><br>\n<b>EXERCISE OF RIGHTS<\/b><br>\nThe interested party may exercise the rights of access, rectification, suppression, opposition, portability and limitation by contacting AEH&amp;NBK.S.L. at the address provided or by e-mail to <a href=\"mailto:serviceclients@combi-pro.com\">serviceclients@combi-pro.com<\/a>, The user must prove their identity with a photocopy of their ID card or equivalent document, and specify the right they wish to exercise.<br><br>\n<b>SOURCE OF YOUR DATA<\/b><br>\nThe personal data we process comes from the data subject, including identification and contact data, and in the case of job applicants, also academic and professional data.<br><br>\n<b>SOCIAL NETWORKS<\/b><br>\nThrough our website you can access open access social networking sites. These sites are independent of www.combi-pro.com and have their own privacy policies.<br><br>\n<b>CHANGES TO THE PRIVACY POLICY<\/b><br>\nAEH&amp;NBK.S.L. reserves the right to modify this privacy policy. Any changes will be published and updated on our website.<br><br>\nThis privacy policy was last updated on 31 March 2022.<br>\n\n<\/p><\/div><\/div>\t\t\t\t<\/div>\n\t\t\t\t<\/div>\n\t\t\t\t<\/div>\n\t\t\t\t<\/div>\n\t\t\t\t<\/div>\n\t\t<div class=\"elementor-element elementor-element-59c0be2 e-flex e-con-boxed e-con e-parent\" data-id=\"59c0be2\" data-element_type=\"container\" data-e-type=\"container\" data-settings=\"{&quot;background_background&quot;:&quot;classic&quot;}\">\n\t\t\t\t\t<div class=\"e-con-inner\">\n\t\t<div class=\"elementor-element elementor-element-70bfc67 e-con-full e-flex e-con e-child\" data-id=\"70bfc67\" data-element_type=\"container\" data-e-type=\"container\" data-settings=\"{&quot;background_background&quot;:&quot;classic&quot;}\">\n\t\t\t\t<div class=\"elementor-element elementor-element-b703e53 elementor-widget-divider--view-line elementor-widget elementor-widget-divider\" data-id=\"b703e53\" data-element_type=\"widget\" data-e-type=\"widget\" data-widget_type=\"divider.default\">\n\t\t\t\t\t\t\t<div class=\"elementor-divider\">\n\t\t\t<span class=\"elementor-divider-separator\">\n\t\t\t\t\t\t<\/span>\n\t\t<\/div>\n\t\t\t\t\t\t<\/div>\n\t\t\t\t<div class=\"elementor-element elementor-element-34ab55e elementor-widget elementor-widget-heading\" data-id=\"34ab55e\" data-element_type=\"widget\" data-e-type=\"widget\" data-widget_type=\"heading.default\">\n\t\t\t\t\t<h2 class=\"elementor-heading-title elementor-size-default\">Follow us at<\/h2>\t\t\t\t<\/div>\n\t\t\t\t<div class=\"elementor-element elementor-element-622a47c elementor-shape-rounded elementor-grid-0 e-grid-align-center elementor-widget elementor-widget-social-icons\" data-id=\"622a47c\" data-element_type=\"widget\" data-e-type=\"widget\" data-widget_type=\"social-icons.default\">\n\t\t\t\t\t\t\t<div class=\"elementor-social-icons-wrapper elementor-grid\" role=\"list\">\n\t\t\t\t\t\t\t<span class=\"elementor-grid-item\" role=\"listitem\">\n\t\t\t\t\t<a class=\"elementor-icon elementor-social-icon elementor-social-icon-facebook-f elementor-repeater-item-9e740e1\" href=\"https:\/\/www.facebook.com\/combipro.es\" target=\"_blank\" rel=\"noopener\">\n\t\t\t\t\t\t<span class=\"elementor-screen-only\">Facebook-f<\/span>\n\t\t\t\t\t\t<svg aria-hidden=\"true\" class=\"e-font-icon-svg e-fab-facebook-f\" viewbox=\"0 0 320 512\" xmlns=\"http:\/\/www.w3.org\/2000\/svg\"><path d=\"M279.14 288l14.22-92.66h-88.91v-60.13c0-25.35 12.42-50.06 52.24-50.06h40.42V6.26S260.43 0 225.36 0c-73.22 0-121.08 44.38-121.08 124.72v70.62H22.89V288h81.39v224h100.17V288z\"><\/path><\/svg>\t\t\t\t\t<\/a>\n\t\t\t\t<\/span>\n\t\t\t\t\t\t\t<span class=\"elementor-grid-item\" role=\"listitem\">\n\t\t\t\t\t<a class=\"elementor-icon elementor-social-icon elementor-social-icon-instagram elementor-repeater-item-65ca331\" href=\"https:\/\/www.instagram.com\/combi.pro\/\" target=\"_blank\" rel=\"noopener\">\n\t\t\t\t\t\t<span class=\"elementor-screen-only\">Instagram<\/span>\n\t\t\t\t\t\t<svg aria-hidden=\"true\" class=\"e-font-icon-svg e-fab-instagram\" viewbox=\"0 0 448 512\" xmlns=\"http:\/\/www.w3.org\/2000\/svg\"><path d=\"M224.1 141c-63.6 0-114.9 51.3-114.9 114.9s51.3 114.9 114.9 114.9S339 319.5 339 255.9 287.7 141 224.1 141zm0 189.6c-41.1 0-74.7-33.5-74.7-74.7s33.5-74.7 74.7-74.7 74.7 33.5 74.7 74.7-33.6 74.7-74.7 74.7zm146.4-194.3c0 14.9-12 26.8-26.8 26.8-14.9 0-26.8-12-26.8-26.8s12-26.8 26.8-26.8 26.8 12 26.8 26.8zm76.1 27.2c-1.7-35.9-9.9-67.7-36.2-93.9-26.2-26.2-58-34.4-93.9-36.2-37-2.1-147.9-2.1-184.9 0-35.8 1.7-67.6 9.9-93.9 36.1s-34.4 58-36.2 93.9c-2.1 37-2.1 147.9 0 184.9 1.7 35.9 9.9 67.7 36.2 93.9s58 34.4 93.9 36.2c37 2.1 147.9 2.1 184.9 0 35.9-1.7 67.7-9.9 93.9-36.2 26.2-26.2 34.4-58 36.2-93.9 2.1-37 2.1-147.8 0-184.8zM398.8 388c-7.8 19.6-22.9 34.7-42.6 42.6-29.5 11.7-99.5 9-132.1 9s-102.7 2.6-132.1-9c-19.6-7.8-34.7-22.9-42.6-42.6-11.7-29.5-9-99.5-9-132.1s-2.6-102.7 9-132.1c7.8-19.6 22.9-34.7 42.6-42.6 29.5-11.7 99.5-9 132.1-9s102.7-2.6 132.1 9c19.6 7.8 34.7 22.9 42.6 42.6 11.7 29.5 9 99.5 9 132.1s2.7 102.7-9 132.1z\"><\/path><\/svg>\t\t\t\t\t<\/a>\n\t\t\t\t<\/span>\n\t\t\t\t\t\t\t<span class=\"elementor-grid-item\" role=\"listitem\">\n\t\t\t\t\t<a class=\"elementor-icon elementor-social-icon elementor-social-icon-tiktok elementor-repeater-item-355d349\" href=\"https:\/\/www.tiktok.com\/@combi.pro?_t=ZS-8t7CylHuxBC&#038;_r=1\" target=\"_blank\" rel=\"noopener\">\n\t\t\t\t\t\t<span class=\"elementor-screen-only\">Tiktok<\/span>\n\t\t\t\t\t\t<svg aria-hidden=\"true\" class=\"e-font-icon-svg e-fab-tiktok\" viewbox=\"0 0 448 512\" xmlns=\"http:\/\/www.w3.org\/2000\/svg\"><path d=\"M448,209.91a210.06,210.06,0,0,1-122.77-39.25V349.38A162.55,162.55,0,1,1,185,188.31V278.2a74.62,74.62,0,1,0,52.23,71.18V0l88,0a121.18,121.18,0,0,0,1.86,22.17h0A122.18,122.18,0,0,0,381,102.39a121.43,121.43,0,0,0,67,20.14Z\"><\/path><\/svg>\t\t\t\t\t<\/a>\n\t\t\t\t<\/span>\n\t\t\t\t\t<\/div>\n\t\t\t\t\t\t<\/div>\n\t\t\t\t<\/div>\n\t\t\t\t\t<\/div>\n\t\t\t\t<\/div>\n\t\t<div class=\"elementor-element elementor-element-459e2ee e-flex e-con-boxed e-con e-parent\" data-id=\"459e2ee\" data-element_type=\"container\" data-e-type=\"container\">\n\t\t\t\t\t<div class=\"e-con-inner\">\n\t\t\t\t<div class=\"elementor-element elementor-element-7e88aad elementor-position-top elementor-widget__width-inherit elementor-position-top elementor-widget elementor-widget-image-box\" data-id=\"7e88aad\" data-element_type=\"widget\" data-e-type=\"widget\" data-widget_type=\"image-box.default\">\n\t\t\t\t\t<div class=\"elementor-image-box-wrapper\"><figure class=\"elementor-image-box-img\"><img fetchpriority=\"high\" decoding=\"async\" width=\"400\" height=\"400\" src=\"https:\/\/combi-pro.com\/wp-content\/uploads\/2025\/01\/1.png\" class=\"attachment-full size-full wp-image-11277\" alt=\"\" srcset=\"https:\/\/combi-pro.com\/wp-content\/uploads\/2025\/01\/1.png 400w, https:\/\/combi-pro.com\/wp-content\/uploads\/2025\/01\/1-100x100.png 100w, https:\/\/combi-pro.com\/wp-content\/uploads\/2025\/01\/1-64x64.png 64w, https:\/\/combi-pro.com\/wp-content\/uploads\/2025\/01\/1-300x300.png 300w, https:\/\/combi-pro.com\/wp-content\/uploads\/2025\/01\/1-150x150.png 150w, https:\/\/combi-pro.com\/wp-content\/uploads\/2025\/01\/1-12x12.png 12w\" sizes=\"(max-width: 400px) 100vw, 400px\" \/><\/figure><div class=\"elementor-image-box-content\"><h3 class=\"elementor-image-box-title\">Ease and Speed<\/h3><p class=\"elementor-image-box-description\">With a complete catalogue available 24 hours a day, shopping for workwear online has never been easier.<\/p><\/div><\/div>\t\t\t\t<\/div>\n\t\t\t\t<div class=\"elementor-element elementor-element-ba96ed0 elementor-position-top elementor-widget__width-inherit elementor-position-top elementor-widget elementor-widget-image-box\" data-id=\"ba96ed0\" data-element_type=\"widget\" data-e-type=\"widget\" data-widget_type=\"image-box.default\">\n\t\t\t\t\t<div class=\"elementor-image-box-wrapper\"><figure class=\"elementor-image-box-img\"><img decoding=\"async\" width=\"400\" height=\"400\" src=\"https:\/\/combi-pro.com\/wp-content\/uploads\/2025\/01\/2.png\" class=\"attachment-full size-full wp-image-11276\" alt=\"\" srcset=\"https:\/\/combi-pro.com\/wp-content\/uploads\/2025\/01\/2.png 400w, https:\/\/combi-pro.com\/wp-content\/uploads\/2025\/01\/2-100x100.png 100w, https:\/\/combi-pro.com\/wp-content\/uploads\/2025\/01\/2-64x64.png 64w, https:\/\/combi-pro.com\/wp-content\/uploads\/2025\/01\/2-300x300.png 300w, https:\/\/combi-pro.com\/wp-content\/uploads\/2025\/01\/2-150x150.png 150w, https:\/\/combi-pro.com\/wp-content\/uploads\/2025\/01\/2-12x12.png 12w\" sizes=\"(max-width: 400px) 100vw, 400px\" \/><\/figure><div class=\"elementor-image-box-content\"><h3 class=\"elementor-image-box-title\">Quality Assurance<\/h3><p class=\"elementor-image-box-description\">We work with nationally and internationally renowned brands to offer you workwear that combines durability and comfort.<\/p><\/div><\/div>\t\t\t\t<\/div>\n\t\t\t\t<div class=\"elementor-element elementor-element-5cf2cb3 elementor-position-top elementor-widget__width-inherit elementor-position-top elementor-widget elementor-widget-image-box\" data-id=\"5cf2cb3\" data-element_type=\"widget\" data-e-type=\"widget\" data-widget_type=\"image-box.default\">\n\t\t\t\t\t<div class=\"elementor-image-box-wrapper\"><figure class=\"elementor-image-box-img\"><img decoding=\"async\" width=\"400\" height=\"400\" src=\"https:\/\/combi-pro.com\/wp-content\/uploads\/2025\/01\/3-1.png\" class=\"attachment-full size-full wp-image-11275\" alt=\"icone paiement\" srcset=\"https:\/\/combi-pro.com\/wp-content\/uploads\/2025\/01\/3-1.png 400w, https:\/\/combi-pro.com\/wp-content\/uploads\/2025\/01\/3-1-100x100.png 100w, https:\/\/combi-pro.com\/wp-content\/uploads\/2025\/01\/3-1-64x64.png 64w, https:\/\/combi-pro.com\/wp-content\/uploads\/2025\/01\/3-1-300x300.png 300w, https:\/\/combi-pro.com\/wp-content\/uploads\/2025\/01\/3-1-150x150.png 150w, https:\/\/combi-pro.com\/wp-content\/uploads\/2025\/01\/3-1-12x12.png 12w\" sizes=\"(max-width: 400px) 100vw, 400px\" \/><\/figure><div class=\"elementor-image-box-content\"><h3 class=\"elementor-image-box-title\">Data Protection and Security<\/h3><p class=\"elementor-image-box-description\">In our online shop, we prioritise the data protection of our customers.<\/p><\/div><\/div>\t\t\t\t<\/div>\n\t\t\t\t\t<\/div>\n\t\t\t\t<\/div>\n\t\t\t\t<\/div>","protected":false},"excerpt":{"rendered":"<p>Pol\u00edtica de Privacidad Pol\u00edtica de Privacidad RESPONSABLE DEL TRATAMIENTO AEH&amp;NBK.S.L. con CIF:B16838187 y domicilio social en Carretera de Guadalmar 14, 29004 Malaga de la Orden (M\u00e1laga), con direcci\u00f3n de correo serviceclients@combi-pro.com y tel\u00e9fono de contacto 661144521. CUMPLIMIENTO DE LA NORMATIVA AEH&amp;NBK.S.L. garantiza en todo momento el \u00edntegro y pleno cumplimiento de las obligaciones dispuestas por [&hellip;]<\/p>\n","protected":false},"author":1,"featured_media":0,"parent":0,"menu_order":0,"comment_status":"closed","ping_status":"closed","template":"","meta":{"site-sidebar-layout":"no-sidebar","site-content-layout":"page-builder","ast-site-content-layout":"full-width-container","site-content-style":"unboxed","site-sidebar-style":"unboxed","ast-global-header-display":"","ast-banner-title-visibility":"","ast-main-header-display":"","ast-hfb-above-header-display":"","ast-hfb-below-header-display":"","ast-hfb-mobile-header-display":"","site-post-title":"disabled","ast-breadcrumbs-content":"","ast-featured-img":"disabled","footer-sml-layout":"","ast-disable-related-posts":"","theme-transparent-header-meta":"enabled","adv-header-id-meta":"","stick-header-meta":"","header-above-stick-meta":"","header-main-stick-meta":"","header-below-stick-meta":"","astra-migrate-meta-layouts":"set","ast-page-background-enabled":"default","ast-page-background-meta":{"desktop":{"background-color":"","background-image":"","background-repeat":"repeat","background-position":"center center","background-size":"auto","background-attachment":"scroll","background-type":"","background-media":"","overlay-type":"","overlay-color":"","overlay-opacity":"","overlay-gradient":""},"tablet":{"background-color":"","background-image":"","background-repeat":"repeat","background-position":"center center","background-size":"auto","background-attachment":"scroll","background-type":"","background-media":"","overlay-type":"","overlay-color":"","overlay-opacity":"","overlay-gradient":""},"mobile":{"background-color":"","background-image":"","background-repeat":"repeat","background-position":"center center","background-size":"auto","background-attachment":"scroll","background-type":"","background-media":"","overlay-type":"","overlay-color":"","overlay-opacity":"","overlay-gradient":""}},"ast-content-background-meta":{"desktop":{"background-color":"var(--ast-global-color-5)","background-image":"","background-repeat":"repeat","background-position":"center center","background-size":"auto","background-attachment":"scroll","background-type":"","background-media":"","overlay-type":"","overlay-color":"","overlay-opacity":"","overlay-gradient":""},"tablet":{"background-color":"var(--ast-global-color-5)","background-image":"","background-repeat":"repeat","background-position":"center center","background-size":"auto","background-attachment":"scroll","background-type":"","background-media":"","overlay-type":"","overlay-color":"","overlay-opacity":"","overlay-gradient":""},"mobile":{"background-color":"var(--ast-global-color-5)","background-image":"","background-repeat":"repeat","background-position":"center center","background-size":"auto","background-attachment":"scroll","background-type":"","background-media":"","overlay-type":"","overlay-color":"","overlay-opacity":"","overlay-gradient":""}},"footnotes":""},"class_list":["post-5013","page","type-page","status-publish","hentry"],"_links":{"self":[{"href":"https:\/\/combi-pro.com\/en\/wp-json\/wp\/v2\/pages\/5013","targetHints":{"allow":["GET"]}}],"collection":[{"href":"https:\/\/combi-pro.com\/en\/wp-json\/wp\/v2\/pages"}],"about":[{"href":"https:\/\/combi-pro.com\/en\/wp-json\/wp\/v2\/types\/page"}],"author":[{"embeddable":true,"href":"https:\/\/combi-pro.com\/en\/wp-json\/wp\/v2\/users\/1"}],"replies":[{"embeddable":true,"href":"https:\/\/combi-pro.com\/en\/wp-json\/wp\/v2\/comments?post=5013"}],"version-history":[{"count":1,"href":"https:\/\/combi-pro.com\/en\/wp-json\/wp\/v2\/pages\/5013\/revisions"}],"predecessor-version":[{"id":28404,"href":"https:\/\/combi-pro.com\/en\/wp-json\/wp\/v2\/pages\/5013\/revisions\/28404"}],"wp:attachment":[{"href":"https:\/\/combi-pro.com\/en\/wp-json\/wp\/v2\/media?parent=5013"}],"curies":[{"name":"wp","href":"https:\/\/api.w.org\/{rel}","templated":true}]}}