{"id":10520,"date":"2024-05-30T09:52:01","date_gmt":"2024-05-30T07:52:01","guid":{"rendered":"https:\/\/combi-pro.com\/?post_type=product&#038;p=10520"},"modified":"2026-05-13T17:34:14","modified_gmt":"2026-05-13T15:34:14","slug":"405208-chaqueta-cocina-ml","status":"publish","type":"product","link":"https:\/\/combi-pro.com\/en\/shop\/405208-chaqueta-cocina-ml\/","title":{"rendered":"Kitchen jacket with central zip, long sleeves 405208 | VELILLA"},"content":{"rendered":"<div class=\"data item\" role=\"tablist\">\n<div id=\"tab-label-description\" class=\"data item title active\" tabindex=\"0\" role=\"tab\" data-role=\"collapsible\" data-collapsible=\"true\" aria-controls=\"description\" aria-selected=\"false\" aria-expanded=\"true\">\n<p data-start=\"661\" data-end=\"700\"><strong data-start=\"668\" data-end=\"698\">Technical characteristics :<\/strong><\/p>\n<ul>\n<li data-start=\"703\" data-end=\"751\">Central locking with concealed press studs<\/li>\n<li data-start=\"754\" data-end=\"771\">Mao collar<\/li>\n<li data-start=\"774\" data-end=\"815\">Tailored sleeve with slit at cuffs<\/li>\n<li data-start=\"818\" data-end=\"862\">1 patch pocket on left sleeve<\/li>\n<\/ul>\n<p data-start=\"865\" data-end=\"926\"><strong data-start=\"865\" data-end=\"875\">Fabric<\/strong>: Sarga \u2013 65 % poli\u00e9ster, 35 % algod\u00f3n \/ 190 g\/m\u00b2<\/p>\n<p data-start=\"929\" data-end=\"947\"><strong data-start=\"929\" data-end=\"937\">Range<\/strong>: Kitchen<\/p>\n<p data-start=\"954\" data-end=\"988\"><strong data-start=\"960\" data-end=\"986\">Recommendation for use :<\/strong><\/p>\n<ul>\n<li data-start=\"989\" data-end=\"1129\">Recomendada para chefs y personal de cocina que buscan una prenda funcional, elegante y f\u00e1cil de llevar en entornos profesionales exigentes.<\/li>\n<\/ul>\n<\/div>\n<\/div>","protected":false},"excerpt":{"rendered":"<p data-start=\"309\" data-end=\"456\">Chaqueta de cocina profesional de manga larga con cierre oculto y dise\u00f1o limpio. Comodidad, estilo y funcionalidad para el d\u00eda a d\u00eda en cocina.<\/p>\n<p><a href=\"https:\/\/combi-pro.com\/wp-content\/uploads\/2025\/04\/Guide-de-taille-Velilla_Partes-Superiores-y-Batas-Homme.jpg\">SIZE GUIDE<\/a><\/p>\n<p>&nbsp;<\/p>","protected":false},"featured_media":16624,"template":"","meta":{"site-sidebar-layout":"default","site-content-layout":"","ast-site-content-layout":"default","site-content-style":"default","site-sidebar-style":"default","ast-global-header-display":"","ast-banner-title-visibility":"","ast-main-header-display":"","ast-hfb-above-header-display":"","ast-hfb-below-header-display":"","ast-hfb-mobile-header-display":"","site-post-title":"","ast-breadcrumbs-content":"","ast-featured-img":"","footer-sml-layout":"","ast-disable-related-posts":"","theme-transparent-header-meta":"default","adv-header-id-meta":"","stick-header-meta":"","header-above-stick-meta":"","header-main-stick-meta":"","header-below-stick-meta":"","astra-migrate-meta-layouts":"set","ast-page-background-enabled":"default","ast-page-background-meta":{"desktop":{"background-color":"","background-image":"","background-repeat":"repeat","background-position":"center center","background-size":"auto","background-attachment":"scroll","background-type":"","background-media":"","overlay-type":"","overlay-color":"","overlay-opacity":"","overlay-gradient":""},"tablet":{"background-color":"","background-image":"","background-repeat":"repeat","background-position":"center center","background-size":"auto","background-attachment":"scroll","background-type":"","background-media":"","overlay-type":"","overlay-color":"","overlay-opacity":"","overlay-gradient":""},"mobile":{"background-color":"","background-image":"","background-repeat":"repeat","background-position":"center center","background-size":"auto","background-attachment":"scroll","background-type":"","background-media":"","overlay-type":"","overlay-color":"","overlay-opacity":"","overlay-gradient":""}},"ast-content-background-meta":{"desktop":{"background-color":"var(--ast-global-color-5)","background-image":"","background-repeat":"repeat","background-position":"center center","background-size":"auto","background-attachment":"scroll","background-type":"","background-media":"","overlay-type":"","overlay-color":"","overlay-opacity":"","overlay-gradient":""},"tablet":{"background-color":"var(--ast-global-color-5)","background-image":"","background-repeat":"repeat","background-position":"center center","background-size":"auto","background-attachment":"scroll","background-type":"","background-media":"","overlay-type":"","overlay-color":"","overlay-opacity":"","overlay-gradient":""},"mobile":{"background-color":"var(--ast-global-color-5)","background-image":"","background-repeat":"repeat","background-position":"center center","background-size":"auto","background-attachment":"scroll","background-type":"","background-media":"","overlay-type":"","overlay-color":"","overlay-opacity":"","overlay-gradient":""}}},"product_brand":[442],"product_cat":[116,72,50],"product_tag":[],"class_list":{"0":"post-10520","1":"product","2":"type-product","3":"status-publish","4":"has-post-thumbnail","6":"product_brand-velilla","7":"product_cat-chaquetas-hosteleria","8":"product_cat-hosteleria","9":"product_cat-ropa-profesional","10":"desktop-align-center","11":"tablet-align-left","12":"mobile-align-left","14":"first","15":"instock","16":"taxable","17":"shipping-taxable","18":"purchasable","19":"product-type-variable","20":"has-default-attributes"},"_links":{"self":[{"href":"https:\/\/combi-pro.com\/en\/wp-json\/wp\/v2\/product\/10520","targetHints":{"allow":["GET"]}}],"collection":[{"href":"https:\/\/combi-pro.com\/en\/wp-json\/wp\/v2\/product"}],"about":[{"href":"https:\/\/combi-pro.com\/en\/wp-json\/wp\/v2\/types\/product"}],"wp:featuredmedia":[{"embeddable":true,"href":"https:\/\/combi-pro.com\/en\/wp-json\/wp\/v2\/media\/16624"}],"wp:attachment":[{"href":"https:\/\/combi-pro.com\/en\/wp-json\/wp\/v2\/media?parent=10520"}],"wp:term":[{"taxonomy":"product_brand","embeddable":true,"href":"https:\/\/combi-pro.com\/en\/wp-json\/wp\/v2\/product_brand?post=10520"},{"taxonomy":"product_cat","embeddable":true,"href":"https:\/\/combi-pro.com\/en\/wp-json\/wp\/v2\/product_cat?post=10520"},{"taxonomy":"product_tag","embeddable":true,"href":"https:\/\/combi-pro.com\/en\/wp-json\/wp\/v2\/product_tag?post=10520"}],"curies":[{"name":"wp","href":"https:\/\/api.w.org\/{rel}","templated":true}]}}