{"id":16555,"date":"2025-05-16T13:20:47","date_gmt":"2025-05-16T11:20:47","guid":{"rendered":"https:\/\/combi-pro.com\/?post_type=product&#038;p=16555"},"modified":"2026-05-13T18:13:07","modified_gmt":"2026-05-13T16:13:07","slug":"camisa-de-hosteleria-mujer-oxford-stretch-manga-corta-405025s-velilla","status":"publish","type":"product","link":"https:\/\/combi-pro.com\/en\/shop\/camisa-de-hosteleria-mujer-oxford-stretch-manga-corta-405025s-velilla\/","title":{"rendered":"Women's short sleeve oxford stretch hospitality shirt 405025S | VELILLA"},"content":{"rendered":"<div class=\"data item\" role=\"tablist\">\n<div id=\"tab-label-description\" class=\"data item title active\" tabindex=\"0\" role=\"tab\" data-role=\"collapsible\" data-collapsible=\"true\" aria-controls=\"description\" aria-selected=\"false\" aria-expanded=\"true\">\n<p class=\"\" data-start=\"1026\" data-end=\"1058\"><strong data-start=\"1029\" data-end=\"1058\">Technical characteristics:<\/strong><\/p>\n<ul>\n<li data-start=\"942\" data-end=\"977\">Central closure with English flap<\/li>\n<li data-start=\"980\" data-end=\"1007\">Cuello camisero abotonado<\/li>\n<li data-start=\"1010\" data-end=\"1042\">Pinza de entalle en la espalda<\/li>\n<li data-start=\"1045\" data-end=\"1066\">Botones de repuesto<\/li>\n<li data-start=\"1069\" data-end=\"1083\">Tejido stretch<\/li>\n<\/ul>\n<p class=\"\" data-start=\"1276\" data-end=\"1291\"><strong data-start=\"1279\" data-end=\"1291\">Fabrics:<\/strong><\/p>\n<ul>\n<li class=\"\" data-start=\"1292\" data-end=\"1357\">\n<p class=\"\" data-start=\"1294\" data-end=\"1357\">Oxford stretch: 70 % algod\u00f3n \u2013 26 % poli\u00e9ster \u2013 4 % elastano \/ 140 g\/m\u00b2<\/p>\n<\/li>\n<\/ul>\n<p><strong data-start=\"799\" data-end=\"808\">Range:<\/strong> Room<\/p>\n<p><strong data-start=\"1361\" data-end=\"1386\">Recommendation for use:<\/strong><\/p>\n<ul>\n<li>\n<p data-start=\"1239\" data-end=\"1405\">Ideal para profesionales de la hosteler\u00eda, comercios o servicios de atenci\u00f3n al cliente que desean una prenda cl\u00e1sica, c\u00f3moda y con un corte femenino favorecedor.<\/p>\n<\/li>\n<\/ul>\n<\/div>\n<\/div>","protected":false},"excerpt":{"rendered":"<p data-start=\"385\" data-end=\"520\">Short sleeve shirt in stretch oxford fabric. Comfort, feminine fit and classic elegance for hospitality professionals.<\/p>\n<p data-start=\"144\" data-end=\"320\"><img decoding=\"async\" class=\"alignnone wp-image-15240\" src=\"https:\/\/combi-pro.com\/wp-content\/uploads\/2025\/04\/icon-stretch.png\" alt=\"\" width=\"99\" height=\"40\" srcset=\"https:\/\/combi-pro.com\/wp-content\/uploads\/2025\/04\/icon-stretch.png 228w, https:\/\/combi-pro.com\/wp-content\/uploads\/2025\/04\/icon-stretch-64x26.png 64w, https:\/\/combi-pro.com\/wp-content\/uploads\/2025\/04\/icon-stretch-18x7.png 18w\" sizes=\"(max-width: 99px) 100vw, 99px\" \/><\/p>\n<p><a href=\"https:\/\/combi-pro.com\/wp-content\/uploads\/2025\/04\/Guide-de-taille-Velilla_Partes-Superiores-y-Batas-Homme.jpg\">SIZE GUIDE<\/a><\/p>\n<p>&nbsp;<\/p>","protected":false},"featured_media":16564,"template":"","meta":{"site-sidebar-layout":"default","site-content-layout":"","ast-site-content-layout":"default","site-content-style":"default","site-sidebar-style":"default","ast-global-header-display":"","ast-banner-title-visibility":"","ast-main-header-display":"","ast-hfb-above-header-display":"","ast-hfb-below-header-display":"","ast-hfb-mobile-header-display":"","site-post-title":"","ast-breadcrumbs-content":"","ast-featured-img":"","footer-sml-layout":"","ast-disable-related-posts":"","theme-transparent-header-meta":"default","adv-header-id-meta":"","stick-header-meta":"","header-above-stick-meta":"","header-main-stick-meta":"","header-below-stick-meta":"","astra-migrate-meta-layouts":"set","ast-page-background-enabled":"default","ast-page-background-meta":{"desktop":{"background-color":"","background-image":"","background-repeat":"repeat","background-position":"center center","background-size":"auto","background-attachment":"scroll","background-type":"","background-media":"","overlay-type":"","overlay-color":"","overlay-opacity":"","overlay-gradient":""},"tablet":{"background-color":"","background-image":"","background-repeat":"repeat","background-position":"center center","background-size":"auto","background-attachment":"scroll","background-type":"","background-media":"","overlay-type":"","overlay-color":"","overlay-opacity":"","overlay-gradient":""},"mobile":{"background-color":"","background-image":"","background-repeat":"repeat","background-position":"center center","background-size":"auto","background-attachment":"scroll","background-type":"","background-media":"","overlay-type":"","overlay-color":"","overlay-opacity":"","overlay-gradient":""}},"ast-content-background-meta":{"desktop":{"background-color":"var(--ast-global-color-5)","background-image":"","background-repeat":"repeat","background-position":"center center","background-size":"auto","background-attachment":"scroll","background-type":"","background-media":"","overlay-type":"","overlay-color":"","overlay-opacity":"","overlay-gradient":""},"tablet":{"background-color":"var(--ast-global-color-5)","background-image":"","background-repeat":"repeat","background-position":"center center","background-size":"auto","background-attachment":"scroll","background-type":"","background-media":"","overlay-type":"","overlay-color":"","overlay-opacity":"","overlay-gradient":""},"mobile":{"background-color":"var(--ast-global-color-5)","background-image":"","background-repeat":"repeat","background-position":"center center","background-size":"auto","background-attachment":"scroll","background-type":"","background-media":"","overlay-type":"","overlay-color":"","overlay-opacity":"","overlay-gradient":""}}},"product_brand":[442],"product_cat":[119,72,50],"product_tag":[],"class_list":{"0":"post-16555","1":"product","2":"type-product","3":"status-publish","4":"has-post-thumbnail","6":"product_brand-velilla","7":"product_cat-camisas-hosteleria","8":"product_cat-hosteleria","9":"product_cat-ropa-profesional","10":"desktop-align-center","11":"tablet-align-left","12":"mobile-align-left","14":"first","15":"instock","16":"taxable","17":"shipping-taxable","18":"purchasable","19":"product-type-variable","20":"has-default-attributes"},"_links":{"self":[{"href":"https:\/\/combi-pro.com\/en\/wp-json\/wp\/v2\/product\/16555","targetHints":{"allow":["GET"]}}],"collection":[{"href":"https:\/\/combi-pro.com\/en\/wp-json\/wp\/v2\/product"}],"about":[{"href":"https:\/\/combi-pro.com\/en\/wp-json\/wp\/v2\/types\/product"}],"wp:featuredmedia":[{"embeddable":true,"href":"https:\/\/combi-pro.com\/en\/wp-json\/wp\/v2\/media\/16564"}],"wp:attachment":[{"href":"https:\/\/combi-pro.com\/en\/wp-json\/wp\/v2\/media?parent=16555"}],"wp:term":[{"taxonomy":"product_brand","embeddable":true,"href":"https:\/\/combi-pro.com\/en\/wp-json\/wp\/v2\/product_brand?post=16555"},{"taxonomy":"product_cat","embeddable":true,"href":"https:\/\/combi-pro.com\/en\/wp-json\/wp\/v2\/product_cat?post=16555"},{"taxonomy":"product_tag","embeddable":true,"href":"https:\/\/combi-pro.com\/en\/wp-json\/wp\/v2\/product_tag?post=16555"}],"curies":[{"name":"wp","href":"https:\/\/api.w.org\/{rel}","templated":true}]}}