{"id":7538,"date":"2024-05-05T12:05:37","date_gmt":"2024-05-05T10:05:37","guid":{"rendered":"https:\/\/combi-pro.com\/?post_type=product&#038;p=7538"},"modified":"2026-05-02T19:26:27","modified_gmt":"2026-05-02T17:26:27","slug":"533005-pantalon-pijama-100-algodon","status":"publish","type":"product","link":"https:\/\/combi-pro.com\/en\/shop\/533005-pantalon-pijama-100-algodon\/","title":{"rendered":"Pyjama trousers 100% cotton with antistatic tapes 533005 | VELILLA"},"content":{"rendered":"<div class=\"data item\" role=\"tablist\">\n<div id=\"tab-label-description\" class=\"data item title active\" tabindex=\"0\" role=\"tab\" data-role=\"collapsible\" data-collapsible=\"true\" aria-controls=\"description\" aria-selected=\"false\" aria-expanded=\"true\">\n<p data-start=\"1162\" data-end=\"1197\"><strong data-start=\"1168\" data-end=\"1197\">Technical characteristics:<\/strong><\/p>\n<ul>\n<li data-start=\"1201\" data-end=\"1253\">Normativa: EN 1149 (propiedades antiest\u00e1ticas)<\/li>\n<li data-start=\"1256\" data-end=\"1286\">Fabric: Heavy-duty twill<\/li>\n<li data-start=\"1289\" data-end=\"1320\">Composition: 100% cotton<\/li>\n<li data-start=\"1323\" data-end=\"1346\">Weight: 190 g\/m\u00b2.<\/li>\n<li data-start=\"1349\" data-end=\"1375\">Lavable: Hasta 60\u202f\u00b0C<\/li>\n<li data-start=\"1378\" data-end=\"1423\">Cintura: El\u00e1stica con cintas ajustables<\/li>\n<li data-start=\"1426\" data-end=\"1464\">Pockets: 2 French pockets<\/li>\n<\/ul>\n<p><strong>Range:<\/strong> 100% Cotton<\/p>\n<p data-start=\"1496\" data-end=\"1528\"><strong data-start=\"1501\" data-end=\"1526\">Recommendation for use:<\/strong><\/p>\n<ul>\n<li data-start=\"1529\" data-end=\"1693\">Recomendado para personal sanitario, industrias t\u00e9cnicas, limpieza o laboratorios, donde se requiere una prenda c\u00f3moda, higi\u00e9nica y libre de cargas electrost\u00e1ticas.<\/li>\n<\/ul>\n<\/div>\n<\/div>","protected":false},"excerpt":{"rendered":"<p class=\"\" data-start=\"253\" data-end=\"403\">Pantal\u00f3n pijama 100% algod\u00f3n, antiest\u00e1tico y lavable a 60\u202f\u00b0C. Con cintura el\u00e1stica y cintas ajustables. Ideal para sectores sanitarios o industriales.<\/p>\n<p data-start=\"253\" data-end=\"403\"><img decoding=\"async\" class=\"alignnone wp-image-15525\" src=\"https:\/\/combi-pro.com\/wp-content\/uploads\/2024\/05\/EN-1149-207x300.png\" alt=\"\" width=\"28\" height=\"41\" srcset=\"https:\/\/combi-pro.com\/wp-content\/uploads\/2024\/05\/EN-1149-207x300.png 207w, https:\/\/combi-pro.com\/wp-content\/uploads\/2024\/05\/EN-1149-64x93.png 64w, https:\/\/combi-pro.com\/wp-content\/uploads\/2024\/05\/EN-1149-8x12.png 8w, https:\/\/combi-pro.com\/wp-content\/uploads\/2024\/05\/EN-1149.png 293w\" sizes=\"(max-width: 28px) 100vw, 28px\" \/> <img decoding=\"async\" class=\"alignnone wp-image-15450\" src=\"https:\/\/combi-pro.com\/wp-content\/uploads\/2024\/05\/100-COTTON.png\" alt=\"\" width=\"120\" height=\"41\" srcset=\"https:\/\/combi-pro.com\/wp-content\/uploads\/2024\/05\/100-COTTON.png 228w, https:\/\/combi-pro.com\/wp-content\/uploads\/2024\/05\/100-COTTON-64x22.png 64w, https:\/\/combi-pro.com\/wp-content\/uploads\/2024\/05\/100-COTTON-18x6.png 18w\" sizes=\"(max-width: 120px) 100vw, 120px\" \/> <img decoding=\"async\" class=\"alignnone wp-image-15621\" src=\"https:\/\/combi-pro.com\/wp-content\/uploads\/2024\/05\/LAVABLE-60o-300x196.png\" alt=\"\" width=\"63\" height=\"41\" srcset=\"https:\/\/combi-pro.com\/wp-content\/uploads\/2024\/05\/LAVABLE-60o-300x196.png 300w, https:\/\/combi-pro.com\/wp-content\/uploads\/2024\/05\/LAVABLE-60o-450x294.png 450w, https:\/\/combi-pro.com\/wp-content\/uploads\/2024\/05\/LAVABLE-60o-64x42.png 64w, https:\/\/combi-pro.com\/wp-content\/uploads\/2024\/05\/LAVABLE-60o-18x12.png 18w, https:\/\/combi-pro.com\/wp-content\/uploads\/2024\/05\/LAVABLE-60o.png 592w\" sizes=\"(max-width: 63px) 100vw, 63px\" \/><\/p>\n<p><strong>SIZE GUIDE<\/strong><\/p>\n<p><strong><img loading=\"lazy\" decoding=\"async\" class=\"alignnone wp-image-17965\" src=\"https:\/\/combi-pro.com\/wp-content\/uploads\/2024\/05\/103-109-300x129.png\" alt=\"\" width=\"301\" height=\"130\" srcset=\"https:\/\/combi-pro.com\/wp-content\/uploads\/2024\/05\/103-109-300x129.png 300w, https:\/\/combi-pro.com\/wp-content\/uploads\/2024\/05\/103-109-18x8.png 18w, https:\/\/combi-pro.com\/wp-content\/uploads\/2024\/05\/103-109-64x28.png 64w, https:\/\/combi-pro.com\/wp-content\/uploads\/2024\/05\/103-109.png 401w\" sizes=\"(max-width: 301px) 100vw, 301px\" \/> <img loading=\"lazy\" decoding=\"async\" class=\"alignnone wp-image-17729\" src=\"https:\/\/combi-pro.com\/wp-content\/uploads\/2024\/05\/screenshot-1749765502228.png\" alt=\"\" width=\"146\" height=\"110\" srcset=\"https:\/\/combi-pro.com\/wp-content\/uploads\/2024\/05\/screenshot-1749765502228.png 292w, https:\/\/combi-pro.com\/wp-content\/uploads\/2024\/05\/screenshot-1749765502228-64x48.png 64w, https:\/\/combi-pro.com\/wp-content\/uploads\/2024\/05\/screenshot-1749765502228-16x12.png 16w\" sizes=\"(max-width: 146px) 100vw, 146px\" \/>\u00a0<\/strong><\/p>","protected":false},"featured_media":7540,"template":"","meta":{"site-sidebar-layout":"default","site-content-layout":"","ast-site-content-layout":"default","site-content-style":"default","site-sidebar-style":"default","ast-global-header-display":"","ast-banner-title-visibility":"","ast-main-header-display":"","ast-hfb-above-header-display":"","ast-hfb-below-header-display":"","ast-hfb-mobile-header-display":"","site-post-title":"","ast-breadcrumbs-content":"","ast-featured-img":"","footer-sml-layout":"","ast-disable-related-posts":"","theme-transparent-header-meta":"default","adv-header-id-meta":"","stick-header-meta":"","header-above-stick-meta":"","header-main-stick-meta":"","header-below-stick-meta":"","astra-migrate-meta-layouts":"set","ast-page-background-enabled":"default","ast-page-background-meta":{"desktop":{"background-color":"","background-image":"","background-repeat":"repeat","background-position":"center center","background-size":"auto","background-attachment":"scroll","background-type":"","background-media":"","overlay-type":"","overlay-color":"","overlay-opacity":"","overlay-gradient":""},"tablet":{"background-color":"","background-image":"","background-repeat":"repeat","background-position":"center center","background-size":"auto","background-attachment":"scroll","background-type":"","background-media":"","overlay-type":"","overlay-color":"","overlay-opacity":"","overlay-gradient":""},"mobile":{"background-color":"","background-image":"","background-repeat":"repeat","background-position":"center center","background-size":"auto","background-attachment":"scroll","background-type":"","background-media":"","overlay-type":"","overlay-color":"","overlay-opacity":"","overlay-gradient":""}},"ast-content-background-meta":{"desktop":{"background-color":"var(--ast-global-color-5)","background-image":"","background-repeat":"repeat","background-position":"center center","background-size":"auto","background-attachment":"scroll","background-type":"","background-media":"","overlay-type":"","overlay-color":"","overlay-opacity":"","overlay-gradient":""},"tablet":{"background-color":"var(--ast-global-color-5)","background-image":"","background-repeat":"repeat","background-position":"center center","background-size":"auto","background-attachment":"scroll","background-type":"","background-media":"","overlay-type":"","overlay-color":"","overlay-opacity":"","overlay-gradient":""},"mobile":{"background-color":"var(--ast-global-color-5)","background-image":"","background-repeat":"repeat","background-position":"center center","background-size":"auto","background-attachment":"scroll","background-type":"","background-media":"","overlay-type":"","overlay-color":"","overlay-opacity":"","overlay-gradient":""}}},"product_brand":[442],"product_cat":[134,50,71],"product_tag":[],"class_list":{"0":"post-7538","1":"product","2":"type-product","3":"status-publish","4":"has-post-thumbnail","6":"product_brand-velilla","7":"product_cat-pantalones-sanidad-y-servicios","8":"product_cat-ropa-profesional","9":"product_cat-sanidad-y-servicios","10":"desktop-align-center","11":"tablet-align-left","12":"mobile-align-left","14":"first","15":"instock","16":"taxable","17":"shipping-taxable","18":"purchasable","19":"product-type-variable"},"_links":{"self":[{"href":"https:\/\/combi-pro.com\/en\/wp-json\/wp\/v2\/product\/7538","targetHints":{"allow":["GET"]}}],"collection":[{"href":"https:\/\/combi-pro.com\/en\/wp-json\/wp\/v2\/product"}],"about":[{"href":"https:\/\/combi-pro.com\/en\/wp-json\/wp\/v2\/types\/product"}],"wp:featuredmedia":[{"embeddable":true,"href":"https:\/\/combi-pro.com\/en\/wp-json\/wp\/v2\/media\/7540"}],"wp:attachment":[{"href":"https:\/\/combi-pro.com\/en\/wp-json\/wp\/v2\/media?parent=7538"}],"wp:term":[{"taxonomy":"product_brand","embeddable":true,"href":"https:\/\/combi-pro.com\/en\/wp-json\/wp\/v2\/product_brand?post=7538"},{"taxonomy":"product_cat","embeddable":true,"href":"https:\/\/combi-pro.com\/en\/wp-json\/wp\/v2\/product_cat?post=7538"},{"taxonomy":"product_tag","embeddable":true,"href":"https:\/\/combi-pro.com\/en\/wp-json\/wp\/v2\/product_tag?post=7538"}],"curies":[{"name":"wp","href":"https:\/\/api.w.org\/{rel}","templated":true}]}}