{"id":9230,"date":"2024-05-23T21:52:55","date_gmt":"2024-05-23T19:52:55","guid":{"rendered":"https:\/\/combi-pro.com\/?post_type=product&#038;p=9230"},"modified":"2026-05-02T19:37:55","modified_gmt":"2026-05-02T17:37:55","slug":"102-chaqueta-punto","status":"publish","type":"product","link":"https:\/\/combi-pro.com\/en\/shop\/102-chaqueta-punto\/","title":{"rendered":"Heavy knitted jacket with reinforcements and high collar 102 | VELILLA"},"content":{"rendered":"<div id=\"tab-label-description\" class=\"data item title active\" tabindex=\"0\" role=\"tab\" data-role=\"collapsible\" data-collapsible=\"true\" aria-controls=\"description\" aria-selected=\"false\" aria-expanded=\"true\">\n<p data-start=\"698\" data-end=\"730\"><strong data-start=\"698\" data-end=\"730\">Technical characteristics:<\/strong><\/p>\n<ul>\n<li data-start=\"734\" data-end=\"795\">Anti-pilling treatment to prevent the formation of pellets<\/li>\n<li data-start=\"798\" data-end=\"829\">Central zip closure<\/li>\n<li data-start=\"832\" data-end=\"872\">Fabric reinforcements on shoulders and elbows<\/li>\n<li data-start=\"875\" data-end=\"935\">Cuello, pu\u00f1os y cinturilla de canal\u00e9 para un ajuste c\u00f3modo<\/li>\n<li data-start=\"938\" data-end=\"962\">Dos bolsillos inferiores<\/li>\n<\/ul>\n<p data-start=\"964\" data-end=\"978\"><strong data-start=\"964\" data-end=\"978\">Fabric:<\/strong><\/p>\n<ul>\n<li data-start=\"982\" data-end=\"1012\">Ribbing stitch: 100 % acrylic<\/li>\n<li data-start=\"1015\" data-end=\"1071\">Galga 7 (tejido de punto grueso, ideal para el invierno)<\/li>\n<\/ul>\n<p data-start=\"1073\" data-end=\"1084\"><strong data-start=\"1073\" data-end=\"1084\">Range: <\/strong>Classics<\/p>\n<p data-start=\"1098\" data-end=\"1125\"><strong data-start=\"1098\" data-end=\"1125\">Recommendation for use:<\/strong><\/p>\n<ul>\n<li data-start=\"1127\" data-end=\"1295\">Perfecta para el uso diario en climas fr\u00edos, esta chaqueta cl\u00e1sica ofrece confort t\u00e9rmico, resistencia y durabilidad. Ideal tanto para entornos laborales como casuales.<\/li>\n<\/ul>\n<\/div>","protected":false},"excerpt":{"rendered":"<p data-start=\"302\" data-end=\"499\">Chaqueta de punto grueso con cierre de cremallera, cuello alto, refuerzos en hombros y codos, y dos bolsillos. Tratamiento antipilling. Gama Cl\u00e1sicos.<\/p>\n<p><strong>SIZE GUIDE<\/strong><\/p>\n<p><strong><img decoding=\"async\" class=\"alignnone wp-image-17849\" src=\"https:\/\/combi-pro.com\/wp-content\/uploads\/2024\/05\/71-77-screenshot-1750245305805-300x86.png\" alt=\"\" width=\"347\" height=\"100\" srcset=\"https:\/\/combi-pro.com\/wp-content\/uploads\/2024\/05\/71-77-screenshot-1750245305805-300x86.png 300w, https:\/\/combi-pro.com\/wp-content\/uploads\/2024\/05\/71-77-screenshot-1750245305805-64x18.png 64w, https:\/\/combi-pro.com\/wp-content\/uploads\/2024\/05\/71-77-screenshot-1750245305805-18x5.png 18w, https:\/\/combi-pro.com\/wp-content\/uploads\/2024\/05\/71-77-screenshot-1750245305805.png 399w\" sizes=\"(max-width: 347px) 100vw, 347px\" \/> <img decoding=\"async\" class=\"alignnone wp-image-17696\" src=\"https:\/\/combi-pro.com\/wp-content\/uploads\/2025\/05\/screenshot-1749214923473-300x106.png\" alt=\"\" width=\"226\" height=\"80\" srcset=\"https:\/\/combi-pro.com\/wp-content\/uploads\/2025\/05\/screenshot-1749214923473-300x106.png 300w, https:\/\/combi-pro.com\/wp-content\/uploads\/2025\/05\/screenshot-1749214923473-64x23.png 64w, https:\/\/combi-pro.com\/wp-content\/uploads\/2025\/05\/screenshot-1749214923473-18x6.png 18w, https:\/\/combi-pro.com\/wp-content\/uploads\/2025\/05\/screenshot-1749214923473.png 396w\" sizes=\"(max-width: 226px) 100vw, 226px\" \/>\u00a0 \u00a0 \u00a0 \u00a0<\/strong><\/p>","protected":false},"featured_media":9232,"template":"","meta":{"site-sidebar-layout":"default","site-content-layout":"","ast-site-content-layout":"default","site-content-style":"default","site-sidebar-style":"default","ast-global-header-display":"","ast-banner-title-visibility":"","ast-main-header-display":"","ast-hfb-above-header-display":"","ast-hfb-below-header-display":"","ast-hfb-mobile-header-display":"","site-post-title":"","ast-breadcrumbs-content":"","ast-featured-img":"","footer-sml-layout":"","ast-disable-related-posts":"","theme-transparent-header-meta":"default","adv-header-id-meta":"","stick-header-meta":"","header-above-stick-meta":"","header-main-stick-meta":"","header-below-stick-meta":"","astra-migrate-meta-layouts":"set","ast-page-background-enabled":"default","ast-page-background-meta":{"desktop":{"background-color":"","background-image":"","background-repeat":"repeat","background-position":"center center","background-size":"auto","background-attachment":"scroll","background-type":"","background-media":"","overlay-type":"","overlay-color":"","overlay-opacity":"","overlay-gradient":""},"tablet":{"background-color":"","background-image":"","background-repeat":"repeat","background-position":"center center","background-size":"auto","background-attachment":"scroll","background-type":"","background-media":"","overlay-type":"","overlay-color":"","overlay-opacity":"","overlay-gradient":""},"mobile":{"background-color":"","background-image":"","background-repeat":"repeat","background-position":"center center","background-size":"auto","background-attachment":"scroll","background-type":"","background-media":"","overlay-type":"","overlay-color":"","overlay-opacity":"","overlay-gradient":""}},"ast-content-background-meta":{"desktop":{"background-color":"var(--ast-global-color-5)","background-image":"","background-repeat":"repeat","background-position":"center center","background-size":"auto","background-attachment":"scroll","background-type":"","background-media":"","overlay-type":"","overlay-color":"","overlay-opacity":"","overlay-gradient":""},"tablet":{"background-color":"var(--ast-global-color-5)","background-image":"","background-repeat":"repeat","background-position":"center center","background-size":"auto","background-attachment":"scroll","background-type":"","background-media":"","overlay-type":"","overlay-color":"","overlay-opacity":"","overlay-gradient":""},"mobile":{"background-color":"var(--ast-global-color-5)","background-image":"","background-repeat":"repeat","background-position":"center center","background-size":"auto","background-attachment":"scroll","background-type":"","background-media":"","overlay-type":"","overlay-color":"","overlay-opacity":"","overlay-gradient":""}}},"product_brand":[442],"product_cat":[82,30,90,50],"product_tag":[],"class_list":{"0":"post-9230","1":"product","2":"type-product","3":"status-publish","4":"has-post-thumbnail","6":"product_brand-velilla","7":"product_cat-chaquetas","8":"product_cat-industria-base","9":"product_cat-punto-grueso","10":"product_cat-ropa-profesional","11":"desktop-align-center","12":"tablet-align-left","13":"mobile-align-left","15":"first","16":"instock","17":"taxable","18":"shipping-taxable","19":"purchasable","20":"product-type-variable"},"_links":{"self":[{"href":"https:\/\/combi-pro.com\/en\/wp-json\/wp\/v2\/product\/9230","targetHints":{"allow":["GET"]}}],"collection":[{"href":"https:\/\/combi-pro.com\/en\/wp-json\/wp\/v2\/product"}],"about":[{"href":"https:\/\/combi-pro.com\/en\/wp-json\/wp\/v2\/types\/product"}],"wp:featuredmedia":[{"embeddable":true,"href":"https:\/\/combi-pro.com\/en\/wp-json\/wp\/v2\/media\/9232"}],"wp:attachment":[{"href":"https:\/\/combi-pro.com\/en\/wp-json\/wp\/v2\/media?parent=9230"}],"wp:term":[{"taxonomy":"product_brand","embeddable":true,"href":"https:\/\/combi-pro.com\/en\/wp-json\/wp\/v2\/product_brand?post=9230"},{"taxonomy":"product_cat","embeddable":true,"href":"https:\/\/combi-pro.com\/en\/wp-json\/wp\/v2\/product_cat?post=9230"},{"taxonomy":"product_tag","embeddable":true,"href":"https:\/\/combi-pro.com\/en\/wp-json\/wp\/v2\/product_tag?post=9230"}],"curies":[{"name":"wp","href":"https:\/\/api.w.org\/{rel}","templated":true}]}}