{"id":39,"date":"2017-12-17T10:02:10","date_gmt":"2017-12-17T10:02:10","guid":{"rendered":"https:\/\/combi-pro.com\/cart\/"},"modified":"2025-11-30T21:58:38","modified_gmt":"2025-11-30T20:58:38","slug":"panier","status":"publish","type":"page","link":"https:\/\/combi-pro.com\/fr\/panier\/","title":{"rendered":"Panier"},"content":{"rendered":"<div data-elementor-type=\"wp-post\" data-elementor-id=\"39\" class=\"elementor elementor-39\" data-elementor-post-type=\"page\">\n\t\t\t\t<div class=\"elementor-element elementor-element-ba08bcc e-flex e-con-boxed e-con e-parent\" data-id=\"ba08bcc\" data-element_type=\"container\" data-e-type=\"container\" data-settings=\"{&quot;background_background&quot;:&quot;classic&quot;}\">\n\t\t\t\t\t<div class=\"e-con-inner\">\n\t\t<div class=\"elementor-element elementor-element-4022415 e-con-full e-flex e-con e-child\" data-id=\"4022415\" data-element_type=\"container\" data-e-type=\"container\">\n\t\t\t\t<div class=\"elementor-element elementor-element-3265b39 elementor-widget elementor-widget-heading\" data-id=\"3265b39\" data-element_type=\"widget\" data-e-type=\"widget\" data-widget_type=\"heading.default\">\n\t\t\t\t\t<h1 class=\"elementor-heading-title elementor-size-default\">Mon panier<\/h1>\t\t\t\t<\/div>\n\t\t\t\t<\/div>\n\t\t\t\t\t<\/div>\n\t\t\t\t<\/div>\n\t\t<div class=\"elementor-element elementor-element-84e1a31 e-flex e-con-boxed e-con e-parent\" data-id=\"84e1a31\" data-element_type=\"container\" data-e-type=\"container\" data-settings=\"{&quot;background_background&quot;:&quot;classic&quot;}\">\n\t\t\t\t\t<div class=\"e-con-inner\">\n\t\t\t\t\t<\/div>\n\t\t\t\t<\/div>\n\t\t<div class=\"elementor-element elementor-element-7020159 e-flex e-con-boxed e-con e-parent\" data-id=\"7020159\" data-element_type=\"container\" data-e-type=\"container\" data-settings=\"{&quot;background_background&quot;:&quot;classic&quot;}\">\n\t\t\t\t\t<div class=\"e-con-inner\">\n\t\t\t\t<div class=\"elementor-element elementor-element-588ef43 elementor-position-top elementor-widget__width-inherit elementor-position-top elementor-widget elementor-widget-image-box\" data-id=\"588ef43\" data-element_type=\"widget\" data-e-type=\"widget\" data-widget_type=\"image-box.default\">\n\t\t\t\t\t<div class=\"elementor-image-box-wrapper\"><figure class=\"elementor-image-box-img\"><img fetchpriority=\"high\" decoding=\"async\" width=\"400\" height=\"400\" src=\"https:\/\/combi-pro.com\/wp-content\/uploads\/2025\/01\/1.png\" class=\"attachment-full size-full wp-image-11277\" alt=\"\" srcset=\"https:\/\/combi-pro.com\/wp-content\/uploads\/2025\/01\/1.png 400w, https:\/\/combi-pro.com\/wp-content\/uploads\/2025\/01\/1-100x100.png 100w, https:\/\/combi-pro.com\/wp-content\/uploads\/2025\/01\/1-64x64.png 64w, https:\/\/combi-pro.com\/wp-content\/uploads\/2025\/01\/1-300x300.png 300w, https:\/\/combi-pro.com\/wp-content\/uploads\/2025\/01\/1-150x150.png 150w, https:\/\/combi-pro.com\/wp-content\/uploads\/2025\/01\/1-12x12.png 12w\" sizes=\"(max-width: 400px) 100vw, 400px\" \/><\/figure><div class=\"elementor-image-box-content\"><h3 class=\"elementor-image-box-title\">Facile et Rapide<\/h3><p class=\"elementor-image-box-description\">Avec un catalogue complet est disponible 24 heures par jour, pour acheter des v\u00eatements de travail en ligne n&#039;a jamais \u00e9t\u00e9 aussi facile.<\/p><\/div><\/div>\t\t\t\t<\/div>\n\t\t\t\t<div class=\"elementor-element elementor-element-4e40d0c elementor-position-top elementor-widget__width-inherit elementor-position-top elementor-widget elementor-widget-image-box\" data-id=\"4e40d0c\" data-element_type=\"widget\" data-e-type=\"widget\" data-widget_type=\"image-box.default\">\n\t\t\t\t\t<div class=\"elementor-image-box-wrapper\"><figure class=\"elementor-image-box-img\"><img decoding=\"async\" width=\"400\" height=\"400\" src=\"https:\/\/combi-pro.com\/wp-content\/uploads\/2025\/01\/2.png\" class=\"attachment-full size-full wp-image-11276\" alt=\"\" srcset=\"https:\/\/combi-pro.com\/wp-content\/uploads\/2025\/01\/2.png 400w, https:\/\/combi-pro.com\/wp-content\/uploads\/2025\/01\/2-100x100.png 100w, https:\/\/combi-pro.com\/wp-content\/uploads\/2025\/01\/2-64x64.png 64w, https:\/\/combi-pro.com\/wp-content\/uploads\/2025\/01\/2-300x300.png 300w, https:\/\/combi-pro.com\/wp-content\/uploads\/2025\/01\/2-150x150.png 150w, https:\/\/combi-pro.com\/wp-content\/uploads\/2025\/01\/2-12x12.png 12w\" sizes=\"(max-width: 400px) 100vw, 400px\" \/><\/figure><div class=\"elementor-image-box-content\"><h3 class=\"elementor-image-box-title\">Garantie De Qualit\u00e9<\/h3><p class=\"elementor-image-box-description\">Nous travaillons avec des marques de renomm\u00e9e nationale ou internationale afin de vous offrir des v\u00eatements de travail qui combine la durabilit\u00e9 et le confort.<\/p><\/div><\/div>\t\t\t\t<\/div>\n\t\t\t\t<div class=\"elementor-element elementor-element-9c09c71 elementor-position-top elementor-widget__width-inherit elementor-position-top elementor-widget elementor-widget-image-box\" data-id=\"9c09c71\" data-element_type=\"widget\" data-e-type=\"widget\" data-widget_type=\"image-box.default\">\n\t\t\t\t\t<div class=\"elementor-image-box-wrapper\"><figure class=\"elementor-image-box-img\"><img decoding=\"async\" width=\"400\" height=\"400\" src=\"https:\/\/combi-pro.com\/wp-content\/uploads\/2025\/01\/3-1.png\" class=\"attachment-full size-full wp-image-11275\" alt=\"icone paiement\" srcset=\"https:\/\/combi-pro.com\/wp-content\/uploads\/2025\/01\/3-1.png 400w, https:\/\/combi-pro.com\/wp-content\/uploads\/2025\/01\/3-1-100x100.png 100w, https:\/\/combi-pro.com\/wp-content\/uploads\/2025\/01\/3-1-64x64.png 64w, https:\/\/combi-pro.com\/wp-content\/uploads\/2025\/01\/3-1-300x300.png 300w, https:\/\/combi-pro.com\/wp-content\/uploads\/2025\/01\/3-1-150x150.png 150w, https:\/\/combi-pro.com\/wp-content\/uploads\/2025\/01\/3-1-12x12.png 12w\" sizes=\"(max-width: 400px) 100vw, 400px\" \/><\/figure><div class=\"elementor-image-box-content\"><h3 class=\"elementor-image-box-title\">Protection des Donn\u00e9es<\/h3><p class=\"elementor-image-box-description\">Dans notre boutique en ligne, nous avons la priorit\u00e9 \u00e0 la protection des donn\u00e9es de nos clients.<\/p><\/div><\/div>\t\t\t\t<\/div>\n\t\t\t\t\t<\/div>\n\t\t\t\t<\/div>\n\t\t\t\t<\/div>","protected":false},"excerpt":{"rendered":"<p>Mi cesta Supprimer l\u2019\u00e9l\u00e9ment Miniature Produit Prix Quantit\u00e9 Sous-total Bota S2 SRC Met\u00e1lica para Alimentaria | VPRO Color: BLANCO-07 Talla zapatos: 36 41,99&nbsp;&euro; quantit\u00e9 de Bota S2 SRC Met\u00e1lica para Alimentaria | VPRO 251,94&nbsp;&euro; Aplicar el cup\u00f3n Totales del carrito Sous-total 251,94&nbsp;&euro; Exp\u00e9dition Livraison gratuite envio: 6,05&nbsp;&euro; Livraison \u00e0 M\u00e1laga. Total 251,94&nbsp;&euro; (dont 43,73&nbsp;&euro; TVA) [&hellip;]<\/p>\n","protected":false},"author":1,"featured_media":0,"parent":0,"menu_order":0,"comment_status":"closed","ping_status":"closed","template":"","meta":{"site-sidebar-layout":"no-sidebar","site-content-layout":"page-builder","ast-site-content-layout":"full-width-container","site-content-style":"unboxed","site-sidebar-style":"unboxed","ast-global-header-display":"","ast-banner-title-visibility":"","ast-main-header-display":"","ast-hfb-above-header-display":"","ast-hfb-below-header-display":"","ast-hfb-mobile-header-display":"","site-post-title":"disabled","ast-breadcrumbs-content":"","ast-featured-img":"disabled","footer-sml-layout":"","ast-disable-related-posts":"","theme-transparent-header-meta":"disabled","adv-header-id-meta":"","stick-header-meta":"","header-above-stick-meta":"","header-main-stick-meta":"","header-below-stick-meta":"","astra-migrate-meta-layouts":"set","ast-page-background-enabled":"default","ast-page-background-meta":{"desktop":{"background-color":"","background-image":"","background-repeat":"repeat","background-position":"center center","background-size":"auto","background-attachment":"scroll","background-type":"","background-media":"","overlay-type":"","overlay-color":"","overlay-opacity":"","overlay-gradient":""},"tablet":{"background-color":"","background-image":"","background-repeat":"repeat","background-position":"center center","background-size":"auto","background-attachment":"scroll","background-type":"","background-media":"","overlay-type":"","overlay-color":"","overlay-opacity":"","overlay-gradient":""},"mobile":{"background-color":"","background-image":"","background-repeat":"repeat","background-position":"center center","background-size":"auto","background-attachment":"scroll","background-type":"","background-media":"","overlay-type":"","overlay-color":"","overlay-opacity":"","overlay-gradient":""}},"ast-content-background-meta":{"desktop":{"background-color":"var(--ast-global-color-5)","background-image":"","background-repeat":"repeat","background-position":"center center","background-size":"auto","background-attachment":"scroll","background-type":"","background-media":"","overlay-type":"","overlay-color":"","overlay-opacity":"","overlay-gradient":""},"tablet":{"background-color":"var(--ast-global-color-5)","background-image":"","background-repeat":"repeat","background-position":"center center","background-size":"auto","background-attachment":"scroll","background-type":"","background-media":"","overlay-type":"","overlay-color":"","overlay-opacity":"","overlay-gradient":""},"mobile":{"background-color":"var(--ast-global-color-5)","background-image":"","background-repeat":"repeat","background-position":"center center","background-size":"auto","background-attachment":"scroll","background-type":"","background-media":"","overlay-type":"","overlay-color":"","overlay-opacity":"","overlay-gradient":""}},"footnotes":""},"class_list":["post-39","page","type-page","status-publish","hentry"],"_links":{"self":[{"href":"https:\/\/combi-pro.com\/fr\/wp-json\/wp\/v2\/pages\/39","targetHints":{"allow":["GET"]}}],"collection":[{"href":"https:\/\/combi-pro.com\/fr\/wp-json\/wp\/v2\/pages"}],"about":[{"href":"https:\/\/combi-pro.com\/fr\/wp-json\/wp\/v2\/types\/page"}],"author":[{"embeddable":true,"href":"https:\/\/combi-pro.com\/fr\/wp-json\/wp\/v2\/users\/1"}],"replies":[{"embeddable":true,"href":"https:\/\/combi-pro.com\/fr\/wp-json\/wp\/v2\/comments?post=39"}],"version-history":[{"count":1,"href":"https:\/\/combi-pro.com\/fr\/wp-json\/wp\/v2\/pages\/39\/revisions"}],"predecessor-version":[{"id":28387,"href":"https:\/\/combi-pro.com\/fr\/wp-json\/wp\/v2\/pages\/39\/revisions\/28387"}],"wp:attachment":[{"href":"https:\/\/combi-pro.com\/fr\/wp-json\/wp\/v2\/media?parent=39"}],"curies":[{"name":"wp","href":"https:\/\/api.w.org\/{rel}","templated":true}]}}