{"id":4936,"date":"2024-03-12T16:57:04","date_gmt":"2024-03-12T15:57:04","guid":{"rendered":"https:\/\/combi-pro.com\/?page_id=4936"},"modified":"2025-11-30T22:01:11","modified_gmt":"2025-11-30T21:01:11","slug":"expeditions-delais-de-livraison-et-retours","status":"publish","type":"page","link":"https:\/\/combi-pro.com\/fr\/expeditions-delais-de-livraison-et-retours\/","title":{"rendered":"Exp\u00e9dition, livraison et retours"},"content":{"rendered":"<div data-elementor-type=\"wp-post\" data-elementor-id=\"4936\" class=\"elementor elementor-4936\" data-elementor-post-type=\"page\">\n\t\t\t\t<div class=\"elementor-element elementor-element-79b68a0 e-flex e-con-boxed e-con e-parent\" data-id=\"79b68a0\" data-element_type=\"container\" data-e-type=\"container\" data-settings=\"{&quot;background_background&quot;:&quot;classic&quot;}\">\n\t\t\t\t\t<div class=\"e-con-inner\">\n\t\t<div class=\"elementor-element elementor-element-991f51b e-con-full e-flex e-con e-child\" data-id=\"991f51b\" data-element_type=\"container\" data-e-type=\"container\">\n\t\t\t\t<div class=\"elementor-element elementor-element-61a32d0 elementor-widget elementor-widget-heading\" data-id=\"61a32d0\" data-element_type=\"widget\" data-e-type=\"widget\" data-widget_type=\"heading.default\">\n\t\t\t\t\t<h1 class=\"elementor-heading-title elementor-size-default\">Exp\u00e9dition, livraison et retours\n<\/h1>\t\t\t\t<\/div>\n\t\t\t\t<\/div>\n\t\t\t\t\t<\/div>\n\t\t\t\t<\/div>\n\t\t<div class=\"elementor-element elementor-element-d6f8f8d e-con-full e-flex e-con e-parent\" data-id=\"d6f8f8d\" data-element_type=\"container\" data-e-type=\"container\" data-settings=\"{&quot;background_background&quot;:&quot;classic&quot;}\">\n\t\t<div class=\"elementor-element elementor-element-af42f05 e-con-full e-flex e-con e-child\" data-id=\"af42f05\" data-element_type=\"container\" data-e-type=\"container\">\n\t\t<div class=\"elementor-element elementor-element-2a11bca e-con-full e-flex e-con e-child\" data-id=\"2a11bca\" data-element_type=\"container\" data-e-type=\"container\">\n\t\t<div class=\"elementor-element elementor-element-b4b1dc6 e-con-full e-flex e-con e-child\" data-id=\"b4b1dc6\" data-element_type=\"container\" data-e-type=\"container\" data-settings=\"{&quot;background_background&quot;:&quot;classic&quot;}\">\n\t\t\t\t<div class=\"elementor-element elementor-element-c16320b elementor-widget-divider--view-line elementor-widget elementor-widget-divider\" data-id=\"c16320b\" data-element_type=\"widget\" data-e-type=\"widget\" data-widget_type=\"divider.default\">\n\t\t\t\t\t\t\t<div class=\"elementor-divider\">\n\t\t\t<span class=\"elementor-divider-separator\">\n\t\t\t\t\t\t<\/span>\n\t\t<\/div>\n\t\t\t\t\t\t<\/div>\n\t\t\t\t<div class=\"elementor-element elementor-element-4ecfbe7 elementor-widget elementor-widget-image-box\" data-id=\"4ecfbe7\" data-element_type=\"widget\" data-e-type=\"widget\" data-widget_type=\"image-box.default\">\n\t\t\t\t\t<div class=\"elementor-image-box-wrapper\"><div class=\"elementor-image-box-content\"><h2 class=\"elementor-image-box-title\">Exp\u00e9dition, livraison et retours<\/h2><p class=\"elementor-image-box-description\"><b>COMMANDES<\/b><br>\nIl n&#039;y a Pas de minimum de commande, sauf dans les v\u00eatements que sp\u00e9cifi\u00e9 (emballages ou bo\u00eetes), de sorte que la plupart des produits peuvent \u00eatre achet\u00e9s \u00e0 partir d&#039;une unit\u00e9.<br><br>\n<b>D\u00c9LAI DE LIVRAISON<\/b><br>\nChaque article est indiqu\u00e9 pour \u00eatre un retard de livraison que il est au courant, mais peut \u00eatre un peu variable dans certains cas (incidents de transport, vacances, vacances, ponts, etc). Les commandes gr\u00e2ce \u00e0 la personnalisation (s\u00e9rigraphie, broderie, vinyle, transfert, sublimation, etc...) ont une plus longue p\u00e9riode de livraison comme indiqu\u00e9 sur le site. Sinon, vous pouvez toujours avoir des ruptures de stock de nos fournisseurs qui entra\u00eenent des retards, des incidents dont nous vous informons par e-mail. Lorsque le client re\u00e7oit un e-mail \u00e0 partir de la sortie de la marchandise, veuillez vous rapprocher de l&#039;agence dans un d\u00e9lai de 24\/48 heures pour les envois \u00e0 destination de la p\u00e9ninsule et 48\/96 heures pour les envois vers d&#039;autres pays de l&#039;Europe. Nous vous conseillons de nous envoyer un courriel si vous voyez qui est retard\u00e9 de votre commande afin de vous informer de votre situation.<br><br>\n<b>EXP\u00c9DITION<\/b><br>\nLes commandes sont trait\u00e9es d\u00e8s r\u00e9ception du paiement et de la livraison est effectu\u00e9e par les diff\u00e9rents organismes (Ups, GLS, Courrier Express, etc...)<br><br>\n<b>Les PORTS<\/b><br>\nLes ports sont indiqu\u00e9s dans le processus d&#039;achat, pour chaque commande. \u00c9tant donn\u00e9 que nous offrons diff\u00e9rentes agences de l&#039;exp\u00e9dition, le prix peut varier en fonction de et de la province de l&#039;exp\u00e9dition, mais, fondamentalement, ils sont de 5,50\u20ac, \u00e0 l&#039;exception du Portugal et les \u00celes Bal\u00e9ares. Aux \u00celes Canaries, Ceuta et Melilla, doit \u00eatre consult\u00e9 exp\u00e9ditions, \u00e9tant donn\u00e9 qu&#039;il n&#039;est pas possible d&#039;acheter sur le web. Vous pouvez passer votre commande via le service client serviceclients@combi-pro.com. Nous livrons dans toute l&#039;Europe, de la France\/Belgique\/Italie 15\u20ac jusqu&#039;\u00e0 5 kilos Allemagne\/Luxembourg\/pays-bas 20\u20ac jusqu&#039;\u00e0 5 kilos Autriche et la Gr\u00e8ce 25\u20ac jusqu&#039;\u00e0 5 kilos en Suisse, 30\u20ac jusqu&#039;\u00e0 5 kilos de Toutes les exp\u00e9ditions vers l&#039;Espagne-P\u00e9ninsule montant au-dessus de 79,00\u20ac (TVA non incluse) sont gratuits.<br><br>\n<b>Les \u00c9CHANTILLONS<\/b><br>\nLes \u00e9chantillons sont consid\u00e9r\u00e9s comme des ordres eux-m\u00eames. D\u00e9sol\u00e9, nous n&#039;envoyons pas d&#039;\u00e9chantillons gratuits.<br><br>\n<b>DISPONIBILIT\u00c9<\/b><br>\nLa plupart des commandes sont compl\u00e8tes. Quand une commande est exp\u00e9di\u00e9e incompl\u00e8te par un certain type d&#039;incidence, les v\u00eatements de boucles d&#039;oreilles vous seront envoy\u00e9es apr\u00e8s sans les frais de port pour le client.<br><br>\n<b>LA R\u00c9CEPTION DES MARCHANDISES<\/b><br>\nLes v\u00eatements ou le mat\u00e9riel doit \u00eatre v\u00e9rifi\u00e9 lors de leur r\u00e9ception en termes de R\u00e9f\u00e9rences, Tailles et Couleurs. Si le client v\u00e9rifie que le transporteur d\u00e9livre un paquet avec quelques d\u00e9g\u00e2ts (ouvert, cass\u00e9, humide, etc...) fait \u00e0 le signature du bon de livraison comme si elle \u00e9tait n\u00e9cessaire pour l&#039;ouvrir avec le transporteur, aucune incidence.<br><br>\n<b>L&#039;ANNULATION DES COMMANDES<\/b><br>\nLe client peut demander d&#039;annuler leurs commandes \u00e0 tout moment par e-mail, en indiquant votre num\u00e9ro de commande. Nous n&#039;allons pas accepter l&#039;annulation de la commande, personnalis\u00e9 impression d&#039;\u00e9cran, vinyle, transfert, broderie ou de sublimation.<br><br>\n<b>RETOURNE<\/b><br>\nPour une demande de retour d&#039;une commande, ou d&#039;une partie, vous devez nous envoyer un mail \u00e0 serviceclients@combi-pro.com en indiquant la r\u00e9f\u00e9rence de commande de lettres ou de chiffres de r\u00e9f\u00e9rence dans le cas de la commande demand\u00e9e par le budget et de votre int\u00e9r\u00eat pour le retour. Les Notifications de retours de marchandise doit \u00eatre effectu\u00e9 dans les 14 jours calendrier \u00e0 compter de la r\u00e9ception de la commande, conform\u00e9ment \u00e0 la loi. En dehors de cette p\u00e9riode, nous n&#039;acceptons pas les retours, de ne pas nous tenir responsables de tous les biens re\u00e7us par les clients qui ne respectent pas cette dur\u00e9e. Une fois que vous avez envoy\u00e9\nde cette demande, combi-pro.com vous donnera la r\u00e9ponse. Les frais de retour de marchandises sont \u00e0 la charge du client. Apr\u00e8s l&#039;email de confirmation, vous recevrez un document que vous devrez l&#039;imprimer pour le mettre \u00e0 l&#039;int\u00e9rieur du colis de retour. Il est important que nous nous r\u00e9unissons avec les marchandises \u00e0 relier avec le bon client, et pour \u00e9viter toute confusion avec l&#039;engrais. L&#039;absence de ce document ne peut retarder l&#039;ach\u00e8vement du compost. Dans tous les cas, les v\u00eatements doivent \u00eatre en parfait \u00e9tat (non utilis\u00e9, de la d\u00e9t\u00e9rioration ou de taches, avec l&#039;emballage d&#039;origine, le cas \u00e9ch\u00e9ant, des sacs, des tags, bo\u00eetes, sans joint d&#039;\u00e9tanch\u00e9it\u00e9 ou d&#039;adh\u00e9sifs sur le m\u00eame ou sur les sacs et les v\u00eatements parfaitement emball\u00e9 et pli\u00e9), et nous n&#039;acceptons pas les retours de v\u00eatements personnalis\u00e9s (logo brod\u00e9 de soie d&#039;impression d&#039;\u00e9cran, etc). En bref, dans leur emballage d&#039;origine, dans le m\u00eame \u00e9tat dans lequel il l&#039;a re\u00e7u pour le mettre en vente. Si le produit est d\u00e9fectueux \u00e0 la source ou qu&#039;il ne correspond pas \u00e0 la demande: Dans ce cas, nous-m\u00eames, nous nous chargerons de vous envoyer le m\u00eame article ou de r\u00e9f\u00e9rence et de ramasser la pi\u00e8ce d\u00e9fectueuse.<br><br>\n<b>Les CHANGEMENTS<\/b><br>\nNous ne faisons pas de changements. Le client doit proc\u00e9der \u00e0 un remboursement de v\u00eatements et si vous voulez faire une nouvelle commande (nous vous recommandons de placer la commande, si c&#039;est urgent, avant m\u00eame de proc\u00e9der \u00e0 la restitution).<br><br>\n<b>GARANTIE<\/b><br>\nSi vous \u00eates un consommateur et utilisateur, nous proposons des garanties sur les produits vendus par le biais de ce site web, dans la loi \u00e9tablit des conditions pour chaque type de produit, de r\u00e9pondre, par cons\u00e9quent, de l&#039;absence de conformit\u00e9 de la m\u00eame, qui se manifeste dans un d\u00e9lai de deux ans \u00e0 compter de la livraison du produit. Il est entendu que les produits sont en conformit\u00e9 avec le contrat, \u00e0 condition que: (1) conformes \u00e0 la description donn\u00e9e par nous et poss\u00e9der les qualit\u00e9s que nous avons pr\u00e9sent\u00e9s dans cette page web, (2) ils Sont adapt\u00e9s pour les utilisations \u00e0 qui vous sont normalement des produits de m\u00eame type, et (3) Pr\u00e9sente la qualit\u00e9 et les prestations habituelles d&#039;un produit du m\u00eame type, qui sont raisonnablement pr\u00e9visible. En ce sens, si l&#039;un des produits n&#039;\u00e9tant pas en conformit\u00e9 avec le contrat, vous devez l&#039;apporter \u00e0 notre connaissance par le biais de tout support pr\u00e9vu \u00e0 cet effet. Des fonctionnalit\u00e9s telles que la variation de la texture, de la couleur, ou les mesures ne seront pas consid\u00e9r\u00e9es comme des d\u00e9fauts, ainsi que la d\u00e9t\u00e9rioration progressive du v\u00eatement par son usage constant dans les diff\u00e9rents environnements de travail.<br><br>\n<\/p><\/div><\/div>\t\t\t\t<\/div>\n\t\t\t\t<\/div>\n\t\t\t\t<\/div>\n\t\t\t\t<\/div>\n\t\t\t\t<\/div>\n\t\t<div class=\"elementor-element elementor-element-b0fec56 e-flex e-con-boxed e-con e-parent\" data-id=\"b0fec56\" data-element_type=\"container\" data-e-type=\"container\" data-settings=\"{&quot;background_background&quot;:&quot;classic&quot;}\">\n\t\t\t\t\t<div class=\"e-con-inner\">\n\t\t<div class=\"elementor-element elementor-element-70ace11 e-con-full e-flex e-con e-child\" data-id=\"70ace11\" data-element_type=\"container\" data-e-type=\"container\" data-settings=\"{&quot;background_background&quot;:&quot;classic&quot;}\">\n\t\t\t\t<div class=\"elementor-element elementor-element-d0b07e2 elementor-widget-divider--view-line elementor-widget elementor-widget-divider\" data-id=\"d0b07e2\" data-element_type=\"widget\" data-e-type=\"widget\" data-widget_type=\"divider.default\">\n\t\t\t\t\t\t\t<div class=\"elementor-divider\">\n\t\t\t<span class=\"elementor-divider-separator\">\n\t\t\t\t\t\t<\/span>\n\t\t<\/div>\n\t\t\t\t\t\t<\/div>\n\t\t\t\t<div class=\"elementor-element elementor-element-b5fd142 elementor-widget elementor-widget-heading\" data-id=\"b5fd142\" data-element_type=\"widget\" data-e-type=\"widget\" data-widget_type=\"heading.default\">\n\t\t\t\t\t<h2 class=\"elementor-heading-title elementor-size-default\">Suivez-nous<\/h2>\t\t\t\t<\/div>\n\t\t\t\t<div class=\"elementor-element elementor-element-fb06bb3 elementor-shape-rounded elementor-grid-0 e-grid-align-center elementor-widget elementor-widget-social-icons\" data-id=\"fb06bb3\" data-element_type=\"widget\" data-e-type=\"widget\" data-widget_type=\"social-icons.default\">\n\t\t\t\t\t\t\t<div class=\"elementor-social-icons-wrapper elementor-grid\" role=\"list\">\n\t\t\t\t\t\t\t<span class=\"elementor-grid-item\" role=\"listitem\">\n\t\t\t\t\t<a class=\"elementor-icon elementor-social-icon elementor-social-icon-facebook-f elementor-repeater-item-9e740e1\" href=\"https:\/\/www.facebook.com\/combipro.es\" target=\"_blank\" rel=\"noopener\">\n\t\t\t\t\t\t<span class=\"elementor-screen-only\">Facebook-f<\/span>\n\t\t\t\t\t\t<svg aria-hidden=\"true\" class=\"e-font-icon-svg e-fab-facebook-f\" viewbox=\"0 0 320 512\" xmlns=\"http:\/\/www.w3.org\/2000\/svg\"><path d=\"M279.14 288l14.22-92.66h-88.91v-60.13c0-25.35 12.42-50.06 52.24-50.06h40.42V6.26S260.43 0 225.36 0c-73.22 0-121.08 44.38-121.08 124.72v70.62H22.89V288h81.39v224h100.17V288z\"><\/path><\/svg>\t\t\t\t\t<\/a>\n\t\t\t\t<\/span>\n\t\t\t\t\t\t\t<span class=\"elementor-grid-item\" role=\"listitem\">\n\t\t\t\t\t<a class=\"elementor-icon elementor-social-icon elementor-social-icon-instagram elementor-repeater-item-65ca331\" href=\"https:\/\/www.instagram.com\/combi.pro\/\" target=\"_blank\" rel=\"noopener\">\n\t\t\t\t\t\t<span class=\"elementor-screen-only\">Instagram<\/span>\n\t\t\t\t\t\t<svg aria-hidden=\"true\" class=\"e-font-icon-svg e-fab-instagram\" viewbox=\"0 0 448 512\" xmlns=\"http:\/\/www.w3.org\/2000\/svg\"><path d=\"M224.1 141c-63.6 0-114.9 51.3-114.9 114.9s51.3 114.9 114.9 114.9S339 319.5 339 255.9 287.7 141 224.1 141zm0 189.6c-41.1 0-74.7-33.5-74.7-74.7s33.5-74.7 74.7-74.7 74.7 33.5 74.7 74.7-33.6 74.7-74.7 74.7zm146.4-194.3c0 14.9-12 26.8-26.8 26.8-14.9 0-26.8-12-26.8-26.8s12-26.8 26.8-26.8 26.8 12 26.8 26.8zm76.1 27.2c-1.7-35.9-9.9-67.7-36.2-93.9-26.2-26.2-58-34.4-93.9-36.2-37-2.1-147.9-2.1-184.9 0-35.8 1.7-67.6 9.9-93.9 36.1s-34.4 58-36.2 93.9c-2.1 37-2.1 147.9 0 184.9 1.7 35.9 9.9 67.7 36.2 93.9s58 34.4 93.9 36.2c37 2.1 147.9 2.1 184.9 0 35.9-1.7 67.7-9.9 93.9-36.2 26.2-26.2 34.4-58 36.2-93.9 2.1-37 2.1-147.8 0-184.8zM398.8 388c-7.8 19.6-22.9 34.7-42.6 42.6-29.5 11.7-99.5 9-132.1 9s-102.7 2.6-132.1-9c-19.6-7.8-34.7-22.9-42.6-42.6-11.7-29.5-9-99.5-9-132.1s-2.6-102.7 9-132.1c7.8-19.6 22.9-34.7 42.6-42.6 29.5-11.7 99.5-9 132.1-9s102.7-2.6 132.1 9c19.6 7.8 34.7 22.9 42.6 42.6 11.7 29.5 9 99.5 9 132.1s2.7 102.7-9 132.1z\"><\/path><\/svg>\t\t\t\t\t<\/a>\n\t\t\t\t<\/span>\n\t\t\t\t\t\t\t<span class=\"elementor-grid-item\" role=\"listitem\">\n\t\t\t\t\t<a class=\"elementor-icon elementor-social-icon elementor-social-icon-tiktok elementor-repeater-item-355d349\" href=\"https:\/\/www.tiktok.com\/@combi.pro?_t=ZS-8t7CylHuxBC&#038;_r=1\" target=\"_blank\" rel=\"noopener\">\n\t\t\t\t\t\t<span class=\"elementor-screen-only\">Tiktok<\/span>\n\t\t\t\t\t\t<svg aria-hidden=\"true\" class=\"e-font-icon-svg e-fab-tiktok\" viewbox=\"0 0 448 512\" xmlns=\"http:\/\/www.w3.org\/2000\/svg\"><path d=\"M448,209.91a210.06,210.06,0,0,1-122.77-39.25V349.38A162.55,162.55,0,1,1,185,188.31V278.2a74.62,74.62,0,1,0,52.23,71.18V0l88,0a121.18,121.18,0,0,0,1.86,22.17h0A122.18,122.18,0,0,0,381,102.39a121.43,121.43,0,0,0,67,20.14Z\"><\/path><\/svg>\t\t\t\t\t<\/a>\n\t\t\t\t<\/span>\n\t\t\t\t\t<\/div>\n\t\t\t\t\t\t<\/div>\n\t\t\t\t<\/div>\n\t\t\t\t\t<\/div>\n\t\t\t\t<\/div>\n\t\t<div class=\"elementor-element elementor-element-397d25f e-flex e-con-boxed e-con e-parent\" data-id=\"397d25f\" data-element_type=\"container\" data-e-type=\"container\">\n\t\t\t\t\t<div class=\"e-con-inner\">\n\t\t\t\t<div class=\"elementor-element elementor-element-79c8e27 elementor-position-top elementor-widget__width-inherit elementor-position-top elementor-widget elementor-widget-image-box\" data-id=\"79c8e27\" data-element_type=\"widget\" data-e-type=\"widget\" data-widget_type=\"image-box.default\">\n\t\t\t\t\t<div class=\"elementor-image-box-wrapper\"><figure class=\"elementor-image-box-img\"><img fetchpriority=\"high\" decoding=\"async\" width=\"400\" height=\"400\" src=\"https:\/\/combi-pro.com\/wp-content\/uploads\/2025\/01\/1.png\" class=\"attachment-full size-full wp-image-11277\" alt=\"\" srcset=\"https:\/\/combi-pro.com\/wp-content\/uploads\/2025\/01\/1.png 400w, https:\/\/combi-pro.com\/wp-content\/uploads\/2025\/01\/1-100x100.png 100w, https:\/\/combi-pro.com\/wp-content\/uploads\/2025\/01\/1-64x64.png 64w, https:\/\/combi-pro.com\/wp-content\/uploads\/2025\/01\/1-300x300.png 300w, https:\/\/combi-pro.com\/wp-content\/uploads\/2025\/01\/1-150x150.png 150w, https:\/\/combi-pro.com\/wp-content\/uploads\/2025\/01\/1-12x12.png 12w\" sizes=\"(max-width: 400px) 100vw, 400px\" \/><\/figure><div class=\"elementor-image-box-content\"><h3 class=\"elementor-image-box-title\">Facile et Rapide<\/h3><p class=\"elementor-image-box-description\">Avec un catalogue complet est disponible 24 heures par jour, pour acheter des v\u00eatements de travail en ligne n&#039;a jamais \u00e9t\u00e9 aussi facile.<\/p><\/div><\/div>\t\t\t\t<\/div>\n\t\t\t\t<div class=\"elementor-element elementor-element-373162e elementor-position-top elementor-widget__width-inherit elementor-position-top elementor-widget elementor-widget-image-box\" data-id=\"373162e\" data-element_type=\"widget\" data-e-type=\"widget\" data-widget_type=\"image-box.default\">\n\t\t\t\t\t<div class=\"elementor-image-box-wrapper\"><figure class=\"elementor-image-box-img\"><img decoding=\"async\" width=\"400\" height=\"400\" src=\"https:\/\/combi-pro.com\/wp-content\/uploads\/2025\/01\/2.png\" class=\"attachment-full size-full wp-image-11276\" alt=\"\" srcset=\"https:\/\/combi-pro.com\/wp-content\/uploads\/2025\/01\/2.png 400w, https:\/\/combi-pro.com\/wp-content\/uploads\/2025\/01\/2-100x100.png 100w, https:\/\/combi-pro.com\/wp-content\/uploads\/2025\/01\/2-64x64.png 64w, https:\/\/combi-pro.com\/wp-content\/uploads\/2025\/01\/2-300x300.png 300w, https:\/\/combi-pro.com\/wp-content\/uploads\/2025\/01\/2-150x150.png 150w, https:\/\/combi-pro.com\/wp-content\/uploads\/2025\/01\/2-12x12.png 12w\" sizes=\"(max-width: 400px) 100vw, 400px\" \/><\/figure><div class=\"elementor-image-box-content\"><h3 class=\"elementor-image-box-title\">Garantie De Qualit\u00e9<\/h3><p class=\"elementor-image-box-description\">Nous travaillons avec des marques de renomm\u00e9e nationale ou internationale afin de vous offrir des v\u00eatements de travail qui combine la durabilit\u00e9 et le confort.<\/p><\/div><\/div>\t\t\t\t<\/div>\n\t\t\t\t<div class=\"elementor-element elementor-element-4be56a0 elementor-position-top elementor-widget__width-inherit elementor-position-top elementor-widget elementor-widget-image-box\" data-id=\"4be56a0\" data-element_type=\"widget\" data-e-type=\"widget\" data-widget_type=\"image-box.default\">\n\t\t\t\t\t<div class=\"elementor-image-box-wrapper\"><figure class=\"elementor-image-box-img\"><img decoding=\"async\" width=\"400\" height=\"400\" src=\"https:\/\/combi-pro.com\/wp-content\/uploads\/2025\/01\/3-1.png\" class=\"attachment-full size-full wp-image-11275\" alt=\"icone paiement\" srcset=\"https:\/\/combi-pro.com\/wp-content\/uploads\/2025\/01\/3-1.png 400w, https:\/\/combi-pro.com\/wp-content\/uploads\/2025\/01\/3-1-100x100.png 100w, https:\/\/combi-pro.com\/wp-content\/uploads\/2025\/01\/3-1-64x64.png 64w, https:\/\/combi-pro.com\/wp-content\/uploads\/2025\/01\/3-1-300x300.png 300w, https:\/\/combi-pro.com\/wp-content\/uploads\/2025\/01\/3-1-150x150.png 150w, https:\/\/combi-pro.com\/wp-content\/uploads\/2025\/01\/3-1-12x12.png 12w\" sizes=\"(max-width: 400px) 100vw, 400px\" \/><\/figure><div class=\"elementor-image-box-content\"><h3 class=\"elementor-image-box-title\">Protection des Donn\u00e9es<\/h3><p class=\"elementor-image-box-description\">Dans notre boutique en ligne, nous avons la priorit\u00e9 \u00e0 la protection des donn\u00e9es de nos clients.<\/p><\/div><\/div>\t\t\t\t<\/div>\n\t\t\t\t\t<\/div>\n\t\t\t\t<\/div>\n\t\t\t\t<\/div>","protected":false},"excerpt":{"rendered":"<p>Env\u00edos, plazos de entrega y devoluciones Env\u00edos, plazos de entrega y devoluciones PEDIDOS No hay pedido m\u00ednimo, salvo en las prendas que as\u00ed se especifica (packs o cajas), por lo que la mayor\u00eda de los productos se pueden adquirir desde una unidad. PLAZO DE ENTREGA En cada art\u00edculo viene indicado un plazo de entrega que [&hellip;]<\/p>\n","protected":false},"author":1,"featured_media":0,"parent":0,"menu_order":0,"comment_status":"closed","ping_status":"closed","template":"","meta":{"site-sidebar-layout":"no-sidebar","site-content-layout":"page-builder","ast-site-content-layout":"full-width-container","site-content-style":"unboxed","site-sidebar-style":"unboxed","ast-global-header-display":"","ast-banner-title-visibility":"","ast-main-header-display":"","ast-hfb-above-header-display":"","ast-hfb-below-header-display":"","ast-hfb-mobile-header-display":"","site-post-title":"disabled","ast-breadcrumbs-content":"","ast-featured-img":"disabled","footer-sml-layout":"","ast-disable-related-posts":"","theme-transparent-header-meta":"enabled","adv-header-id-meta":"","stick-header-meta":"","header-above-stick-meta":"","header-main-stick-meta":"","header-below-stick-meta":"","astra-migrate-meta-layouts":"set","ast-page-background-enabled":"default","ast-page-background-meta":{"desktop":{"background-color":"","background-image":"","background-repeat":"repeat","background-position":"center center","background-size":"auto","background-attachment":"scroll","background-type":"","background-media":"","overlay-type":"","overlay-color":"","overlay-opacity":"","overlay-gradient":""},"tablet":{"background-color":"","background-image":"","background-repeat":"repeat","background-position":"center center","background-size":"auto","background-attachment":"scroll","background-type":"","background-media":"","overlay-type":"","overlay-color":"","overlay-opacity":"","overlay-gradient":""},"mobile":{"background-color":"","background-image":"","background-repeat":"repeat","background-position":"center center","background-size":"auto","background-attachment":"scroll","background-type":"","background-media":"","overlay-type":"","overlay-color":"","overlay-opacity":"","overlay-gradient":""}},"ast-content-background-meta":{"desktop":{"background-color":"var(--ast-global-color-5)","background-image":"","background-repeat":"repeat","background-position":"center center","background-size":"auto","background-attachment":"scroll","background-type":"","background-media":"","overlay-type":"","overlay-color":"","overlay-opacity":"","overlay-gradient":""},"tablet":{"background-color":"var(--ast-global-color-5)","background-image":"","background-repeat":"repeat","background-position":"center center","background-size":"auto","background-attachment":"scroll","background-type":"","background-media":"","overlay-type":"","overlay-color":"","overlay-opacity":"","overlay-gradient":""},"mobile":{"background-color":"var(--ast-global-color-5)","background-image":"","background-repeat":"repeat","background-position":"center center","background-size":"auto","background-attachment":"scroll","background-type":"","background-media":"","overlay-type":"","overlay-color":"","overlay-opacity":"","overlay-gradient":""}},"footnotes":""},"class_list":["post-4936","page","type-page","status-publish","hentry"],"_links":{"self":[{"href":"https:\/\/combi-pro.com\/fr\/wp-json\/wp\/v2\/pages\/4936","targetHints":{"allow":["GET"]}}],"collection":[{"href":"https:\/\/combi-pro.com\/fr\/wp-json\/wp\/v2\/pages"}],"about":[{"href":"https:\/\/combi-pro.com\/fr\/wp-json\/wp\/v2\/types\/page"}],"author":[{"embeddable":true,"href":"https:\/\/combi-pro.com\/fr\/wp-json\/wp\/v2\/users\/1"}],"replies":[{"embeddable":true,"href":"https:\/\/combi-pro.com\/fr\/wp-json\/wp\/v2\/comments?post=4936"}],"version-history":[{"count":1,"href":"https:\/\/combi-pro.com\/fr\/wp-json\/wp\/v2\/pages\/4936\/revisions"}],"predecessor-version":[{"id":28392,"href":"https:\/\/combi-pro.com\/fr\/wp-json\/wp\/v2\/pages\/4936\/revisions\/28392"}],"wp:attachment":[{"href":"https:\/\/combi-pro.com\/fr\/wp-json\/wp\/v2\/media?parent=4936"}],"curies":[{"name":"wp","href":"https:\/\/api.w.org\/{rel}","templated":true}]}}