{"id":4997,"date":"2024-04-12T19:37:02","date_gmt":"2024-04-12T17:37:02","guid":{"rendered":"https:\/\/combi-pro.com\/?page_id=4997"},"modified":"2025-11-30T21:59:23","modified_gmt":"2025-11-30T20:59:23","slug":"conditions-generales","status":"publish","type":"page","link":"https:\/\/combi-pro.com\/fr\/conditions-generales\/","title":{"rendered":"Conditions G\u00e9n\u00e9rales"},"content":{"rendered":"<div data-elementor-type=\"wp-post\" data-elementor-id=\"4997\" class=\"elementor elementor-4997\" data-elementor-post-type=\"page\">\n\t\t\t\t<div class=\"elementor-element elementor-element-79b68a0 e-flex e-con-boxed e-con e-parent\" data-id=\"79b68a0\" data-element_type=\"container\" data-e-type=\"container\" data-settings=\"{&quot;background_background&quot;:&quot;classic&quot;}\">\n\t\t\t\t\t<div class=\"e-con-inner\">\n\t\t<div class=\"elementor-element elementor-element-991f51b e-con-full e-flex e-con e-child\" data-id=\"991f51b\" data-element_type=\"container\" data-e-type=\"container\">\n\t\t\t\t<div class=\"elementor-element elementor-element-61a32d0 elementor-widget elementor-widget-heading\" data-id=\"61a32d0\" data-element_type=\"widget\" data-e-type=\"widget\" data-widget_type=\"heading.default\">\n\t\t\t\t\t<h1 class=\"elementor-heading-title elementor-size-default\">Conditions G\u00e9n\u00e9rales<\/h1>\t\t\t\t<\/div>\n\t\t\t\t<\/div>\n\t\t\t\t\t<\/div>\n\t\t\t\t<\/div>\n\t\t<div class=\"elementor-element elementor-element-d6f8f8d e-con-full e-flex e-con e-parent\" data-id=\"d6f8f8d\" data-element_type=\"container\" data-e-type=\"container\" data-settings=\"{&quot;background_background&quot;:&quot;classic&quot;}\">\n\t\t<div class=\"elementor-element elementor-element-af42f05 e-con-full e-flex e-con e-child\" data-id=\"af42f05\" data-element_type=\"container\" data-e-type=\"container\">\n\t\t<div class=\"elementor-element elementor-element-2a11bca e-con-full e-flex e-con e-child\" data-id=\"2a11bca\" data-element_type=\"container\" data-e-type=\"container\">\n\t\t<div class=\"elementor-element elementor-element-b4b1dc6 e-con-full e-flex e-con e-child\" data-id=\"b4b1dc6\" data-element_type=\"container\" data-e-type=\"container\" data-settings=\"{&quot;background_background&quot;:&quot;classic&quot;}\">\n\t\t\t\t<div class=\"elementor-element elementor-element-c16320b elementor-widget-divider--view-line elementor-widget elementor-widget-divider\" data-id=\"c16320b\" data-element_type=\"widget\" data-e-type=\"widget\" data-widget_type=\"divider.default\">\n\t\t\t\t\t\t\t<div class=\"elementor-divider\">\n\t\t\t<span class=\"elementor-divider-separator\">\n\t\t\t\t\t\t<\/span>\n\t\t<\/div>\n\t\t\t\t\t\t<\/div>\n\t\t\t\t<div class=\"elementor-element elementor-element-4ecfbe7 elementor-widget elementor-widget-image-box\" data-id=\"4ecfbe7\" data-element_type=\"widget\" data-e-type=\"widget\" data-widget_type=\"image-box.default\">\n\t\t\t\t\t<div class=\"elementor-image-box-wrapper\"><div class=\"elementor-image-box-content\"><h2 class=\"elementor-image-box-title\">Conditions G\u00e9n\u00e9rales<\/h2><p class=\"elementor-image-box-description\"><b>Conditions g\u00e9n\u00e9rales d&#039;utilisation<\/b><br><br>\n<b>LA PROTECTION DES DONN\u00c9ES<\/b><br>\nEn conformit\u00e9 avec la Loi Organique 15\/1999, du 13 d\u00e9cembre, sur Protection de Donn\u00e9es de Caract\u00e8re Personnel, nous vous informons que les donn\u00e9es personnelles fournies seront incorpor\u00e9es (ou mis \u00e0 jour) pour les fichiers de HAE&amp;NBK.SL, avec l&#039;adresse, la Route Guadalmar 14 , 29004 Malaga Commande (Malaga) et avec le courrier \u00e9lectronique serviceclients@combi-pro.com. La finalit\u00e9 du traitement de ces donn\u00e9es pour g\u00e9rer les donn\u00e9es des clients\/utilisateurs qui ont acc\u00e8s au formulaire de contact disponible sur le site web de l&#039;entit\u00e9, \u00e0 l&#039;attention de requ\u00eates, suggestions, et la gestion des contacts. Les donn\u00e9es personnelles demand\u00e9es dans le pr\u00e9sent document sont obligatoires, de sorte que leur non-r\u00e9alisation entra\u00eenera dans l&#039;incapacit\u00e9 de son inclusion dans les fichiers d\u00e9crits ci-dessus et \u00e0 respecter les buts d\u00e9finis dans le paragraphe pr\u00e9c\u00e9dent. Vous avez le droit d&#039;acc\u00e8s, de rectification, annulation et opposition dans les termes \u00e9tablis dans la Loi, qui peut \u00eatre exerc\u00e9 par \u00e9crit au responsable de la m\u00eame dans l&#039;e-Mail indiqu\u00e9e ci-dessus.<br><br>\n<b>1. PRODUITS<\/b><br>\nTous nos produits v\u00eatements de travail sont neufs, et sont pr\u00e9sent\u00e9s dans l&#039;emballage ou le sceau d&#039;origine, dans le cas de prendre. Les photos correspondent \u00e0 leurs fournisseurs respectifs de l&#039;uniforme que nous fournissons, mais selon les param\u00e8tres de votre moniteur, il peut \u00eatre une variation de la couleur \u00e0 l&#039;\u00e9gard de la r\u00e9alit\u00e9.<br><br>\n<b>2. PRIX<\/b><br>\nLes prix affich\u00e9s ne comprennent pas la TVA en vigueur, ni les frais d&#039;exp\u00e9dition si applicable. Les prix peuvent varier sans avis pr\u00e9alable. Toutes les ventes sont faites avec la facture d&#039;achat qui vous sera envoy\u00e9 par e-mail et que le client peut \u00eatre t\u00e9l\u00e9charg\u00e9 \u00e0 partir de votre espace client.<br><br>\n<b>3. LE PROCESSUS D&#039;ACHAT<\/b><br>\nVous parcourez notre boutique en ligne et vous pouvez ajouter \u00e0 votre panier les articles que vous voulez acheter, la s\u00e9lection de la taille et la couleur si besoin (la plupart du temps), et en entrant dans chaque bo\u00eete de la taille des unit\u00e9s que vous avez besoin. Une fois que vous avez fait votre s\u00e9lection, choisissez le moyen de paiement et d&#039;exp\u00e9dition de l&#039;agence d&#039;exp\u00e9dition sont toujours affich\u00e9s avec plusieurs options. Avant de faire la commande, vous devez vous inscrire en remplissant un formulaire avec ses donn\u00e9es personnelles ou de l&#039;entreprise n\u00e9cessaire \u00e0 l&#039;ex\u00e9cution de la facture, ou connectez-vous avec votre mot de passe dans le cas d&#039;\u00eatre d\u00e9j\u00e0 inscrit, pour compl\u00e9ter votre commande. Une fois ce processus termin\u00e9, vous recevrez un message \u00e0 votre adresse e-mail avec tous les d\u00e9tails de votre commande.<br><br>\n<b>4. L&#039;EXP\u00c9DITION ET LES D\u00c9LAIS DE LIVRAISON<\/b><br>\nToutes les commandes de nos uniformes sont exp\u00e9di\u00e9es par les diff\u00e9rentes soci\u00e9t\u00e9s de transports, avec le d\u00e9lai de livraison variable selon les diff\u00e9rentes marques de v\u00eatements de travail que de vendre (pour plus d&#039;informations, visitez la section des &#034;Livraison et retours&#034;) ou si vous avez des v\u00eatements personnalis\u00e9s. Le temps de transit est g\u00e9n\u00e9ralement de 24 heures pour le territoire de la p\u00e9ninsule (\u00e0 l&#039;exception des incidents caus\u00e9s par un mauvais fonctionnement de l&#039;agence d&#039;exp\u00e9dition) \u00e0 partir de la sortie de la m\u00eame (vous recevrez un email de confirmation de d\u00e9part de l&#039;exp\u00e9dition). Les exp\u00e9ditions et les livraisons sont effectu\u00e9es du lundi au vendredi, sauf les jours f\u00e9ri\u00e9s.<br>\n4.1. <b>LES EXP\u00c9DITIONS VERS L&#039;ESPAGNE (P\u00c9NINSULE)<\/b><br>\nUne fois que vous quittez la marchandise dans nos locaux le d\u00e9lai de livraison habituel est de 24 heures.<br>\n4.2. <b>LES EXP\u00c9DITIONS VERS LES \u00ceLES BAL\u00c9ARES<\/b><br>\nLe d\u00e9lai de livraison pour les \u00eeles Bal\u00e9ares, une fois qu&#039;il quitte nos usines, il est bien 48-72 heures.<br>\n4.3. <b>AUTRES DESTINATIONS<\/b><br>\nN&#039;h\u00e9sitez pas \u00e0 nous contacter pour les tarifs d&#039;exp\u00e9dition et les d\u00e9lais de livraison pour toutes les autres destinations (\u00eeles Canaries, Ceuta, Melilla, International). Le d\u00e9lai de livraison d\u00e9pend de la marchandise qui est demand\u00e9, et peut \u00eatre consid\u00e9r\u00e9 comme la moyenne de la p\u00e9riode d&#039;une semaine, ce qui peut varier en fonction de diverses circonstances: la personnalisation de v\u00eatements (s\u00e9rigraphie, broderie, vinyle, textile), \u00e0 la rupture de stock.<br><br>\n<b>5. LES FORMES DE PAIEMENT<\/b><br>\n5.1. <b>TRANSFERT<\/b><br>\nSi vous choisissez comme mode de paiement avant la cession (ou du revenu) sera fourni \u00e0 nos num\u00e9ros de compte pour effectuer le paiement dans le processus de commande. Vous pouvez effectuer un virement de votre banque ou de la zone habituelle ou, si vous pr\u00e9f\u00e9rez, faire un compte de d\u00e9p\u00f4t dans une succursale de BBVA (dans certaines branches peuvent \u00eatre saisies directement dans la caisse). Veuillez indiquer le num\u00e9ro de commande lors du virement ou d\u00e9p\u00f4t. Une fois le paiement re\u00e7u, nous commencerons \u00e0 traiter votre commande et de navires de transport lorsqu&#039;il est termin\u00e9 ou, si n\u00e9cessaire, dans deux exp\u00e9ditions (uniquement \u00eatre factur\u00e9 des frais de ports sur la premi\u00e8re exp\u00e9dition en partie, dans ce qui suit). Si au bout de 15 jours vous n&#039;avez pas re\u00e7u le paiement, la commande sera annul\u00e9e.<br>\n5.2. <b>CARTE DE CR\u00c9DIT<\/b><br>\nVous pouvez payer avec votre carte Visa, Visa Electron, Maestro et Mastercard sont accept\u00e9es par l&#039;interm\u00e9diaire de la passerelle de paiement s\u00e9curis\u00e9.<br><br>\n<b>6. LE STATUT DE VOTRE COMMANDE<\/b><br>\n\u00c0 partir de la section &#034;Mon compte&#034; sera en mesure de conna\u00eetre, \u00e0 tout moment, l&#039;\u00e9tat de votre commande. Cliquez sur &#034;Mes commandes&#034; et affiche l&#039;\u00e9tat dans lequel vous vous trouvez: en Attente, en cours, exp\u00e9di\u00e9s, annul\u00e9, etc....<br><br>\n<b>7. LES RETARDS DANS LES LIVRAISONS<\/b><br>\nSi votre commande est retard\u00e9e, n&#039;h\u00e9sitez pas \u00e0 nous contacter pour r\u00e9soudre le probl\u00e8me, de pr\u00e9f\u00e9rence par e-mail. Avoir \u00e0 l&#039;esprit que nous avons beaucoup de r\u00e9f\u00e9rences \u00e0 partir de plusieurs fournisseurs, avec chaque r\u00e9f\u00e9rence en diff\u00e9rentes tailles et couleurs, et que les fournisseurs peuvent avoir des ruptures de stock, ou un v\u00eatement qui fournis uniquement sur demande, etc... Toujours communiquer ces questions par e-mail, \u00eatre \u00e0 l&#039;\u00e9coute de vos e-mail.<br><br>\n<b>8. LES INCIDENTS DANS LES TRANSPORTS<\/b><br>\nVeuillez v\u00e9rifier votre commande r\u00e9ception pour la m\u00eame chose, et si il y a un probl\u00e8me (broken box) de contact dans le bordereau de livraison du transporteur. Vous devez communiquer les \u00e9ventuels probl\u00e8mes avant 24 heures.<br><br>\n<b>9. GARANTIE ET RETOURS<\/b><br>\nSeulement garantir le retour de nos produits lorsqu&#039;ils arrivent cass\u00e9 ou en mauvais \u00e9tat pour le client, et ce rapport de l&#039;incident imm\u00e9diatement \u00e0 fournir des preuves ou des photographies de rupture dans le cas de la demande. M\u00eame si nous prenons le maximum d&#039;efforts pour assurer la pr\u00e9cision et l&#039;exactitude du contenu de ce site web, les caract\u00e9ristiques et\/ou photographies des produits peuvent contenir des erreurs ou des inexactitudes. En cas de doute, nous vous recommandons de consulter le site du constructeur.<br>\n9.1. <b>MAUVAIS PRODUIT<\/b><br>\nSi le produit livr\u00e9 ne correspond pas \u00e0 celui demand\u00e9 dans la commande, vous devez nous en aviser imm\u00e9diatement. Contactez-nous via le formulaire de contact dans la rubrique &#034;Contact&#034; sur la barre du haut, et nous nous engageons \u00e0 traiter votre probl\u00e8me d\u00e8s que possible.<br><br>\n<b>10. LE RETRAIT ET L&#039;ANNULATION DES COMMANDES<\/b> (suite)<br>\njours ouvrables \u00e0 compter de la r\u00e9ception du produit, le remboursement de la somme sera effectu\u00e9 qu&#039;apr\u00e8s avoir v\u00e9rifi\u00e9 que la marchandise est en parfait \u00e9tat (non utilis\u00e9, modifications, etc) et avec son emballage d&#039;origine. En cas de produit d\u00e9fectueux, le vendeur doit proc\u00e9der, le cas \u00e9ch\u00e9ant, \u00e0 la r\u00e9paration, le remplacement, la r\u00e9duction du prix ou la r\u00e9siliation du contrat, des mesures seront gratuits pour le consommateur et l&#039;utilisateur.<br><br>\nLe client peut r\u00e9silier \u00e0 tout moment dans l&#039;\u00e9criture d&#039;une commande, sauf pour les commandes qui incluent la broderie, de la s\u00e9rigraphie ou de tout autre type de personnalisation. Avec les limites \u00e9tablies par la Loi, AEH&amp;NBK.SL n&#039;assume aucune responsabilit\u00e9 d\u00e9coulant de l&#039;absence de mise \u00e0 jour et l&#039;exactitude des donn\u00e9es ou informations contenues dans ses pages Internet.<br><br>\n\n<\/p><\/div><\/div>\t\t\t\t<\/div>\n\t\t\t\t<\/div>\n\t\t\t\t<\/div>\n\t\t\t\t<\/div>\n\t\t\t\t<\/div>\n\t\t<div class=\"elementor-element elementor-element-ba58627 e-flex e-con-boxed e-con e-parent\" data-id=\"ba58627\" data-element_type=\"container\" data-e-type=\"container\" data-settings=\"{&quot;background_background&quot;:&quot;classic&quot;}\">\n\t\t\t\t\t<div class=\"e-con-inner\">\n\t\t<div class=\"elementor-element elementor-element-f647bf8 e-con-full e-flex e-con e-child\" data-id=\"f647bf8\" data-element_type=\"container\" data-e-type=\"container\" data-settings=\"{&quot;background_background&quot;:&quot;classic&quot;}\">\n\t\t\t\t<div class=\"elementor-element elementor-element-fb68b56 elementor-widget-divider--view-line elementor-widget elementor-widget-divider\" data-id=\"fb68b56\" data-element_type=\"widget\" data-e-type=\"widget\" data-widget_type=\"divider.default\">\n\t\t\t\t\t\t\t<div class=\"elementor-divider\">\n\t\t\t<span class=\"elementor-divider-separator\">\n\t\t\t\t\t\t<\/span>\n\t\t<\/div>\n\t\t\t\t\t\t<\/div>\n\t\t\t\t<div class=\"elementor-element elementor-element-f09a57f elementor-widget elementor-widget-heading\" data-id=\"f09a57f\" data-element_type=\"widget\" data-e-type=\"widget\" data-widget_type=\"heading.default\">\n\t\t\t\t\t<h2 class=\"elementor-heading-title elementor-size-default\">Suivez-nous<\/h2>\t\t\t\t<\/div>\n\t\t\t\t<div class=\"elementor-element elementor-element-4bfdec8 elementor-shape-rounded elementor-grid-0 e-grid-align-center elementor-widget elementor-widget-social-icons\" data-id=\"4bfdec8\" data-element_type=\"widget\" data-e-type=\"widget\" data-widget_type=\"social-icons.default\">\n\t\t\t\t\t\t\t<div class=\"elementor-social-icons-wrapper elementor-grid\" role=\"list\">\n\t\t\t\t\t\t\t<span class=\"elementor-grid-item\" role=\"listitem\">\n\t\t\t\t\t<a class=\"elementor-icon elementor-social-icon elementor-social-icon-facebook-f elementor-repeater-item-9e740e1\" href=\"https:\/\/www.facebook.com\/combipro.es\" target=\"_blank\" rel=\"noopener\">\n\t\t\t\t\t\t<span class=\"elementor-screen-only\">Facebook-f<\/span>\n\t\t\t\t\t\t<svg aria-hidden=\"true\" class=\"e-font-icon-svg e-fab-facebook-f\" viewbox=\"0 0 320 512\" xmlns=\"http:\/\/www.w3.org\/2000\/svg\"><path d=\"M279.14 288l14.22-92.66h-88.91v-60.13c0-25.35 12.42-50.06 52.24-50.06h40.42V6.26S260.43 0 225.36 0c-73.22 0-121.08 44.38-121.08 124.72v70.62H22.89V288h81.39v224h100.17V288z\"><\/path><\/svg>\t\t\t\t\t<\/a>\n\t\t\t\t<\/span>\n\t\t\t\t\t\t\t<span class=\"elementor-grid-item\" role=\"listitem\">\n\t\t\t\t\t<a class=\"elementor-icon elementor-social-icon elementor-social-icon-instagram elementor-repeater-item-65ca331\" href=\"https:\/\/www.instagram.com\/combi.pro\/\" target=\"_blank\" rel=\"noopener\">\n\t\t\t\t\t\t<span class=\"elementor-screen-only\">Instagram<\/span>\n\t\t\t\t\t\t<svg aria-hidden=\"true\" class=\"e-font-icon-svg e-fab-instagram\" viewbox=\"0 0 448 512\" xmlns=\"http:\/\/www.w3.org\/2000\/svg\"><path d=\"M224.1 141c-63.6 0-114.9 51.3-114.9 114.9s51.3 114.9 114.9 114.9S339 319.5 339 255.9 287.7 141 224.1 141zm0 189.6c-41.1 0-74.7-33.5-74.7-74.7s33.5-74.7 74.7-74.7 74.7 33.5 74.7 74.7-33.6 74.7-74.7 74.7zm146.4-194.3c0 14.9-12 26.8-26.8 26.8-14.9 0-26.8-12-26.8-26.8s12-26.8 26.8-26.8 26.8 12 26.8 26.8zm76.1 27.2c-1.7-35.9-9.9-67.7-36.2-93.9-26.2-26.2-58-34.4-93.9-36.2-37-2.1-147.9-2.1-184.9 0-35.8 1.7-67.6 9.9-93.9 36.1s-34.4 58-36.2 93.9c-2.1 37-2.1 147.9 0 184.9 1.7 35.9 9.9 67.7 36.2 93.9s58 34.4 93.9 36.2c37 2.1 147.9 2.1 184.9 0 35.9-1.7 67.7-9.9 93.9-36.2 26.2-26.2 34.4-58 36.2-93.9 2.1-37 2.1-147.8 0-184.8zM398.8 388c-7.8 19.6-22.9 34.7-42.6 42.6-29.5 11.7-99.5 9-132.1 9s-102.7 2.6-132.1-9c-19.6-7.8-34.7-22.9-42.6-42.6-11.7-29.5-9-99.5-9-132.1s-2.6-102.7 9-132.1c7.8-19.6 22.9-34.7 42.6-42.6 29.5-11.7 99.5-9 132.1-9s102.7-2.6 132.1 9c19.6 7.8 34.7 22.9 42.6 42.6 11.7 29.5 9 99.5 9 132.1s2.7 102.7-9 132.1z\"><\/path><\/svg>\t\t\t\t\t<\/a>\n\t\t\t\t<\/span>\n\t\t\t\t\t\t\t<span class=\"elementor-grid-item\" role=\"listitem\">\n\t\t\t\t\t<a class=\"elementor-icon elementor-social-icon elementor-social-icon-tiktok elementor-repeater-item-355d349\" href=\"https:\/\/www.tiktok.com\/@combi.pro?_t=ZS-8t7CylHuxBC&#038;_r=1\" target=\"_blank\" rel=\"noopener\">\n\t\t\t\t\t\t<span class=\"elementor-screen-only\">Tiktok<\/span>\n\t\t\t\t\t\t<svg aria-hidden=\"true\" class=\"e-font-icon-svg e-fab-tiktok\" viewbox=\"0 0 448 512\" xmlns=\"http:\/\/www.w3.org\/2000\/svg\"><path d=\"M448,209.91a210.06,210.06,0,0,1-122.77-39.25V349.38A162.55,162.55,0,1,1,185,188.31V278.2a74.62,74.62,0,1,0,52.23,71.18V0l88,0a121.18,121.18,0,0,0,1.86,22.17h0A122.18,122.18,0,0,0,381,102.39a121.43,121.43,0,0,0,67,20.14Z\"><\/path><\/svg>\t\t\t\t\t<\/a>\n\t\t\t\t<\/span>\n\t\t\t\t\t<\/div>\n\t\t\t\t\t\t<\/div>\n\t\t\t\t<\/div>\n\t\t\t\t\t<\/div>\n\t\t\t\t<\/div>\n\t\t<div class=\"elementor-element elementor-element-dc84b49 e-flex e-con-boxed e-con e-parent\" data-id=\"dc84b49\" data-element_type=\"container\" data-e-type=\"container\">\n\t\t\t\t\t<div class=\"e-con-inner\">\n\t\t\t\t<div class=\"elementor-element elementor-element-3ae0dda elementor-position-top elementor-widget__width-inherit elementor-position-top elementor-widget elementor-widget-image-box\" data-id=\"3ae0dda\" data-element_type=\"widget\" data-e-type=\"widget\" data-widget_type=\"image-box.default\">\n\t\t\t\t\t<div class=\"elementor-image-box-wrapper\"><figure class=\"elementor-image-box-img\"><img fetchpriority=\"high\" decoding=\"async\" width=\"400\" height=\"400\" src=\"https:\/\/combi-pro.com\/wp-content\/uploads\/2025\/01\/1.png\" class=\"attachment-full size-full wp-image-11277\" alt=\"\" srcset=\"https:\/\/combi-pro.com\/wp-content\/uploads\/2025\/01\/1.png 400w, https:\/\/combi-pro.com\/wp-content\/uploads\/2025\/01\/1-100x100.png 100w, https:\/\/combi-pro.com\/wp-content\/uploads\/2025\/01\/1-64x64.png 64w, https:\/\/combi-pro.com\/wp-content\/uploads\/2025\/01\/1-300x300.png 300w, https:\/\/combi-pro.com\/wp-content\/uploads\/2025\/01\/1-150x150.png 150w, https:\/\/combi-pro.com\/wp-content\/uploads\/2025\/01\/1-12x12.png 12w\" sizes=\"(max-width: 400px) 100vw, 400px\" \/><\/figure><div class=\"elementor-image-box-content\"><h3 class=\"elementor-image-box-title\">Facile et Rapide<\/h3><p class=\"elementor-image-box-description\">Avec un catalogue complet est disponible 24 heures par jour, pour acheter des v\u00eatements de travail en ligne n&#039;a jamais \u00e9t\u00e9 aussi facile.<\/p><\/div><\/div>\t\t\t\t<\/div>\n\t\t\t\t<div class=\"elementor-element elementor-element-5d8b257 elementor-position-top elementor-widget__width-inherit elementor-position-top elementor-widget elementor-widget-image-box\" data-id=\"5d8b257\" data-element_type=\"widget\" data-e-type=\"widget\" data-widget_type=\"image-box.default\">\n\t\t\t\t\t<div class=\"elementor-image-box-wrapper\"><figure class=\"elementor-image-box-img\"><img decoding=\"async\" width=\"400\" height=\"400\" src=\"https:\/\/combi-pro.com\/wp-content\/uploads\/2025\/01\/2.png\" class=\"attachment-full size-full wp-image-11276\" alt=\"\" srcset=\"https:\/\/combi-pro.com\/wp-content\/uploads\/2025\/01\/2.png 400w, https:\/\/combi-pro.com\/wp-content\/uploads\/2025\/01\/2-100x100.png 100w, https:\/\/combi-pro.com\/wp-content\/uploads\/2025\/01\/2-64x64.png 64w, https:\/\/combi-pro.com\/wp-content\/uploads\/2025\/01\/2-300x300.png 300w, https:\/\/combi-pro.com\/wp-content\/uploads\/2025\/01\/2-150x150.png 150w, https:\/\/combi-pro.com\/wp-content\/uploads\/2025\/01\/2-12x12.png 12w\" sizes=\"(max-width: 400px) 100vw, 400px\" \/><\/figure><div class=\"elementor-image-box-content\"><h3 class=\"elementor-image-box-title\">Garantie De Qualit\u00e9<\/h3><p class=\"elementor-image-box-description\">Nous travaillons avec des marques de renomm\u00e9e nationale ou internationale afin de vous offrir des v\u00eatements de travail qui combine la durabilit\u00e9 et le confort.<\/p><\/div><\/div>\t\t\t\t<\/div>\n\t\t\t\t<div class=\"elementor-element elementor-element-5746786 elementor-position-top elementor-widget__width-inherit elementor-position-top elementor-widget elementor-widget-image-box\" data-id=\"5746786\" data-element_type=\"widget\" data-e-type=\"widget\" data-widget_type=\"image-box.default\">\n\t\t\t\t\t<div class=\"elementor-image-box-wrapper\"><figure class=\"elementor-image-box-img\"><img decoding=\"async\" width=\"400\" height=\"400\" src=\"https:\/\/combi-pro.com\/wp-content\/uploads\/2025\/01\/3-1.png\" class=\"attachment-full size-full wp-image-11275\" alt=\"icone paiement\" srcset=\"https:\/\/combi-pro.com\/wp-content\/uploads\/2025\/01\/3-1.png 400w, https:\/\/combi-pro.com\/wp-content\/uploads\/2025\/01\/3-1-100x100.png 100w, https:\/\/combi-pro.com\/wp-content\/uploads\/2025\/01\/3-1-64x64.png 64w, https:\/\/combi-pro.com\/wp-content\/uploads\/2025\/01\/3-1-300x300.png 300w, https:\/\/combi-pro.com\/wp-content\/uploads\/2025\/01\/3-1-150x150.png 150w, https:\/\/combi-pro.com\/wp-content\/uploads\/2025\/01\/3-1-12x12.png 12w\" sizes=\"(max-width: 400px) 100vw, 400px\" \/><\/figure><div class=\"elementor-image-box-content\"><h3 class=\"elementor-image-box-title\">Protection des Donn\u00e9es<\/h3><p class=\"elementor-image-box-description\">Dans notre boutique en ligne, nous avons la priorit\u00e9 \u00e0 la protection des donn\u00e9es de nos clients.<\/p><\/div><\/div>\t\t\t\t<\/div>\n\t\t\t\t\t<\/div>\n\t\t\t\t<\/div>\n\t\t\t\t<\/div>","protected":false},"excerpt":{"rendered":"<p>Condiciones Generales\u200b Condiciones Generales T\u00e9rminos y condiciones generales de uso PROTECCI\u00d3N DE DATOS En cumplimiento de la Ley Org\u00e1nica 15\/1999, de 13 de diciembre, sobre Protecci\u00f3n de Datos de Car\u00e1cter Personal, se le informa que los datos personales proporcionados se incorporar\u00e1n (o actualizar\u00e1n) a los ficheros de AEH&amp;NBK.SL, con direcci\u00f3n Carretera de Guadalmar 14 , [&hellip;]<\/p>\n","protected":false},"author":1,"featured_media":0,"parent":0,"menu_order":0,"comment_status":"closed","ping_status":"closed","template":"","meta":{"site-sidebar-layout":"no-sidebar","site-content-layout":"page-builder","ast-site-content-layout":"full-width-container","site-content-style":"unboxed","site-sidebar-style":"unboxed","ast-global-header-display":"","ast-banner-title-visibility":"","ast-main-header-display":"","ast-hfb-above-header-display":"","ast-hfb-below-header-display":"","ast-hfb-mobile-header-display":"","site-post-title":"disabled","ast-breadcrumbs-content":"","ast-featured-img":"disabled","footer-sml-layout":"","ast-disable-related-posts":"","theme-transparent-header-meta":"enabled","adv-header-id-meta":"","stick-header-meta":"","header-above-stick-meta":"","header-main-stick-meta":"","header-below-stick-meta":"","astra-migrate-meta-layouts":"set","ast-page-background-enabled":"default","ast-page-background-meta":{"desktop":{"background-color":"","background-image":"","background-repeat":"repeat","background-position":"center center","background-size":"auto","background-attachment":"scroll","background-type":"","background-media":"","overlay-type":"","overlay-color":"","overlay-opacity":"","overlay-gradient":""},"tablet":{"background-color":"","background-image":"","background-repeat":"repeat","background-position":"center center","background-size":"auto","background-attachment":"scroll","background-type":"","background-media":"","overlay-type":"","overlay-color":"","overlay-opacity":"","overlay-gradient":""},"mobile":{"background-color":"","background-image":"","background-repeat":"repeat","background-position":"center center","background-size":"auto","background-attachment":"scroll","background-type":"","background-media":"","overlay-type":"","overlay-color":"","overlay-opacity":"","overlay-gradient":""}},"ast-content-background-meta":{"desktop":{"background-color":"var(--ast-global-color-5)","background-image":"","background-repeat":"repeat","background-position":"center center","background-size":"auto","background-attachment":"scroll","background-type":"","background-media":"","overlay-type":"","overlay-color":"","overlay-opacity":"","overlay-gradient":""},"tablet":{"background-color":"var(--ast-global-color-5)","background-image":"","background-repeat":"repeat","background-position":"center center","background-size":"auto","background-attachment":"scroll","background-type":"","background-media":"","overlay-type":"","overlay-color":"","overlay-opacity":"","overlay-gradient":""},"mobile":{"background-color":"var(--ast-global-color-5)","background-image":"","background-repeat":"repeat","background-position":"center center","background-size":"auto","background-attachment":"scroll","background-type":"","background-media":"","overlay-type":"","overlay-color":"","overlay-opacity":"","overlay-gradient":""}},"footnotes":""},"class_list":["post-4997","page","type-page","status-publish","hentry"],"_links":{"self":[{"href":"https:\/\/combi-pro.com\/fr\/wp-json\/wp\/v2\/pages\/4997","targetHints":{"allow":["GET"]}}],"collection":[{"href":"https:\/\/combi-pro.com\/fr\/wp-json\/wp\/v2\/pages"}],"about":[{"href":"https:\/\/combi-pro.com\/fr\/wp-json\/wp\/v2\/types\/page"}],"author":[{"embeddable":true,"href":"https:\/\/combi-pro.com\/fr\/wp-json\/wp\/v2\/users\/1"}],"replies":[{"embeddable":true,"href":"https:\/\/combi-pro.com\/fr\/wp-json\/wp\/v2\/comments?post=4997"}],"version-history":[{"count":1,"href":"https:\/\/combi-pro.com\/fr\/wp-json\/wp\/v2\/pages\/4997\/revisions"}],"predecessor-version":[{"id":28389,"href":"https:\/\/combi-pro.com\/fr\/wp-json\/wp\/v2\/pages\/4997\/revisions\/28389"}],"wp:attachment":[{"href":"https:\/\/combi-pro.com\/fr\/wp-json\/wp\/v2\/media?parent=4997"}],"curies":[{"name":"wp","href":"https:\/\/api.w.org\/{rel}","templated":true}]}}