{"id":5013,"date":"2024-04-12T19:38:07","date_gmt":"2024-04-12T17:38:07","guid":{"rendered":"https:\/\/combi-pro.com\/?page_id=5013"},"modified":"2025-11-30T22:07:18","modified_gmt":"2025-11-30T21:07:18","slug":"politique-de-confidentialite","status":"publish","type":"page","link":"https:\/\/combi-pro.com\/fr\/politique-de-confidentialite\/","title":{"rendered":"Politique de confidentialit\u00e9"},"content":{"rendered":"<div data-elementor-type=\"wp-post\" data-elementor-id=\"5013\" class=\"elementor elementor-5013\" data-elementor-post-type=\"page\">\n\t\t\t\t<div class=\"elementor-element elementor-element-79b68a0 e-flex e-con-boxed e-con e-parent\" data-id=\"79b68a0\" data-element_type=\"container\" data-e-type=\"container\" data-settings=\"{&quot;background_background&quot;:&quot;classic&quot;}\">\n\t\t\t\t\t<div class=\"e-con-inner\">\n\t\t<div class=\"elementor-element elementor-element-991f51b e-con-full e-flex e-con e-child\" data-id=\"991f51b\" data-element_type=\"container\" data-e-type=\"container\">\n\t\t\t\t<div class=\"elementor-element elementor-element-61a32d0 elementor-widget elementor-widget-heading\" data-id=\"61a32d0\" data-element_type=\"widget\" data-e-type=\"widget\" data-widget_type=\"heading.default\">\n\t\t\t\t\t<h1 class=\"elementor-heading-title elementor-size-default\">Politique de confidentialit\u00e9<\/h1>\t\t\t\t<\/div>\n\t\t\t\t<\/div>\n\t\t\t\t\t<\/div>\n\t\t\t\t<\/div>\n\t\t<div class=\"elementor-element elementor-element-d6f8f8d e-con-full e-flex e-con e-parent\" data-id=\"d6f8f8d\" data-element_type=\"container\" data-e-type=\"container\" data-settings=\"{&quot;background_background&quot;:&quot;classic&quot;}\">\n\t\t<div class=\"elementor-element elementor-element-af42f05 e-con-full e-flex e-con e-child\" data-id=\"af42f05\" data-element_type=\"container\" data-e-type=\"container\">\n\t\t<div class=\"elementor-element elementor-element-2a11bca e-con-full e-flex e-con e-child\" data-id=\"2a11bca\" data-element_type=\"container\" data-e-type=\"container\">\n\t\t<div class=\"elementor-element elementor-element-b4b1dc6 e-con-full e-flex e-con e-child\" data-id=\"b4b1dc6\" data-element_type=\"container\" data-e-type=\"container\" data-settings=\"{&quot;background_background&quot;:&quot;classic&quot;}\">\n\t\t\t\t<div class=\"elementor-element elementor-element-c16320b elementor-widget-divider--view-line elementor-widget elementor-widget-divider\" data-id=\"c16320b\" data-element_type=\"widget\" data-e-type=\"widget\" data-widget_type=\"divider.default\">\n\t\t\t\t\t\t\t<div class=\"elementor-divider\">\n\t\t\t<span class=\"elementor-divider-separator\">\n\t\t\t\t\t\t<\/span>\n\t\t<\/div>\n\t\t\t\t\t\t<\/div>\n\t\t\t\t<div class=\"elementor-element elementor-element-4ecfbe7 elementor-widget elementor-widget-image-box\" data-id=\"4ecfbe7\" data-element_type=\"widget\" data-e-type=\"widget\" data-widget_type=\"image-box.default\">\n\t\t\t\t\t<div class=\"elementor-image-box-wrapper\"><div class=\"elementor-image-box-content\"><h2 class=\"elementor-image-box-title\">Politique de confidentialit\u00e9<\/h2><p class=\"elementor-image-box-description\"><b>RESPONSABLE POUR LE TRAITEMENT<\/b><br>\nHAE&amp;NBK.S.L&#039;. CIF:B16838187 et si\u00e8ge au Carretera de Guadalmar 14, 29004 Malaga Commande (Malaga), avec adresse email <a href=\"mailto:serviceclients@combi-pro.com\">serviceclients@combi-pro.com<\/a> et de t\u00e9l\u00e9phone de contact 661144521.<br><br>\n<b>LA CONFORMIT\u00c9 \u00c0 LA R\u00c9GLEMENTATION<\/b><br>\nHAE&amp;NBK.S.L&#039;. en tout temps s&#039;assurer de l&#039;int\u00e9grit\u00e9 et de la pleine conformit\u00e9 avec les obligations pr\u00e9vues par la l\u00e9gislation de la protection des donn\u00e9es et des services de la soci\u00e9t\u00e9 de l&#039;information, ainsi que par toute autre Loi ou r\u00e8glement qui compl\u00e8te ou remplace la pr\u00e9c\u00e9dente.<br><br>\n<b>LE BUT DU TRAITEMENT<\/b><br>\nS&#039;il vous pla\u00eet \u00eatre inform\u00e9 de fa\u00e7on expresse, pr\u00e9cise et sans \u00e9quivoque que les donn\u00e9es que vous avez fournies seront utilis\u00e9es pour:<br>\n- R\u00e9pondre \u00e0 toute demande par t\u00e9l\u00e9phone, par courriel ou par moyen de communication \u00e9lectronique, ainsi que pour r\u00e9soudre des questions, des suggestions concernant nos produits et services.<br>\n- Traiter les demandes, plaintes ou r\u00e9clamations li\u00e9s \u00e0 nos produits.<br>\n- Entretenir des relations avec des clients, comme le serait l&#039;achat de produits sur notre boutique en ligne.<br>\n- L&#039;envoi de communications commerciales, par le biais de l&#039;abonnement \u00e0 notre lettre d&#039;information, dans le cas o\u00f9 vous donnez votre consentement.<br>\n- Commentaire sur l&#039;actualit\u00e9 et d&#039;autres publications par le biais de notre blog est disponible sur notre site web.<br>\n- Le traitement des donn\u00e9es \u00e0 caract\u00e8re personnel des entrepreneurs individuels et les personnes de contact de soci\u00e9t\u00e9s dans son entretien de relations.<br>\n- G\u00e9rer les cv re\u00e7us et de participer dans les diff\u00e9rents processus de s\u00e9lection du personnel.<br><br>\n<b>LA L\u00c9GITIMATION DU TRAITEMENT<\/b><br>\nLa base juridique pour le traitement de vos donn\u00e9es est:<br>\n- Le consentement de la partie int\u00e9ress\u00e9e.<br>\n- L&#039;ex\u00e9cution d&#039;un contrat ou de pr\u00e9-contractuelle demand\u00e9e par la partie int\u00e9ress\u00e9e.<br>\n- L&#039;int\u00e9r\u00eat l\u00e9gitime de la partie responsable.<br><br>\n<b>TRANSFERT DE DONN\u00c9ES<\/b><br>\nHAE&amp;NBK.S.L&#039;. ne pas transf\u00e9rer les donn\u00e9es personnelles \u00e0 des tiers sans une base juridique qui l\u00e9gitime ce traitement, \u00e0 l&#039;exception de la Taxe de l&#039;Agence et les \u00e9tablissements financiers dans le but de respecter les obligations l\u00e9gales et tourner re\u00e7us, respectivement.<br><br>\n<b>PRINCIPE DU TRAITEMENT DE LA QUALIT\u00c9 DE L&#039;<\/b><br>\nL&#039;int\u00e9ress\u00e9 est seul responsable de la v\u00e9racit\u00e9 et de l&#039;exactitude des donn\u00e9es fournies. HAE&amp;NBK.S.L&#039;. des actes de bonne foi comme un simple prestataire de services.<br><br>\n<b>MINEURS<\/b><br>\nHAE&amp;NBK.S.L&#039;. ne pas collecter les donn\u00e9es aupr\u00e8s des personnes de moins de quatorze ans par le biais de votre page web.<br><br>\n<b>LES PRINCIPES DU TRAITEMENT DE LA S\u00c9CURIT\u00c9<\/b><br>\nHAE&amp;NBK.S.L&#039;. il s&#039;est engag\u00e9 \u00e0 s&#039;acquitter de son obligation de secret des donn\u00e9es personnelles et prennent toutes les mesures n\u00e9cessaires pour assurer la s\u00e9curit\u00e9 des donn\u00e9es.<br><br>\n<b>DUR\u00c9E DE CONSERVATION DES DONN\u00c9ES<\/b><br>\nLes donn\u00e9es personnelles seront trait\u00e9es comme des actifs pour la dur\u00e9e de la relation d&#039;affaires ou le contrat ou tout ne pas exercer son droit de suppression.<br><br>\n<b>TRANSFERT DE DONN\u00c9ES VERS DES PAYS TIERS<\/b><br>\nLes services sont achet\u00e9s \u00e0 l&#039;ext\u00e9rieur de l&#039;espace \u00c9conomique Europ\u00e9en respecter un niveau de protection ad\u00e9quat et ont pris les garanties n\u00e9cessaires.<br><br>\n<b>L&#039;EXERCICE DES DROITS<\/b><br>\nL&#039;int\u00e9ress\u00e9 peut exercer les droits d&#039;acc\u00e8s, de rectification, de suppression, d&#039;opposition, de la portabilit\u00e9 et de la limitation, en communiquant avec HAE&amp;NBK.S.L&#039;. dans l&#039;adresse fournie ou par e-mail <a href=\"mailto:serviceclients@combi-pro.com\">serviceclients@combi-pro.com<\/a>, prouver votre identit\u00e9 avec une photocopie de votre carte d&#039;identit\u00e9 ou d&#039;un document \u00e9quivalent, et en sp\u00e9cifiant le droit que vous souhaitez exercer.<br><br>\n<b>SOURCE DE L&#039;OBTENTION DE VOS DONN\u00c9ES<\/b><br>\nLes donn\u00e9es personnelles que nous proviennent de la partie int\u00e9ress\u00e9e, y compris l&#039;identification et les informations de contact, et dans le cas des demandeurs d&#039;emploi, ainsi que des donn\u00e9es de professionnels et d&#039;universitaires.<br><br>\n<b>LES R\u00c9SEAUX SOCIAUX<\/b><br>\nPar le biais de notre site internet, vous pouvez acc\u00e9der \u00e0 des r\u00e9seaux sociaux de l&#039;acc\u00e8s ouvert. Ces sites sont ind\u00e9pendants du www.combi-pro.com et ils ont leurs propres politiques de confidentialit\u00e9.<br><br>\n<b>LES CHANGEMENTS DANS LA POLITIQUE DE CONFIDENTIALIT\u00c9<\/b><br>\nHAE&amp;NBK.S.L&#039;. se r\u00e9serve le droit de modifier la pr\u00e9sente politique de confidentialit\u00e9. Tous les changements seront affich\u00e9s et mis \u00e0 jour sur notre site web.<br><br>\nCette politique de confidentialit\u00e9 a \u00e9t\u00e9 mise \u00e0 jour le 31 mars 2022.<br>\n\n<\/p><\/div><\/div>\t\t\t\t<\/div>\n\t\t\t\t<\/div>\n\t\t\t\t<\/div>\n\t\t\t\t<\/div>\n\t\t\t\t<\/div>\n\t\t<div class=\"elementor-element elementor-element-59c0be2 e-flex e-con-boxed e-con e-parent\" data-id=\"59c0be2\" data-element_type=\"container\" data-e-type=\"container\" data-settings=\"{&quot;background_background&quot;:&quot;classic&quot;}\">\n\t\t\t\t\t<div class=\"e-con-inner\">\n\t\t<div class=\"elementor-element elementor-element-70bfc67 e-con-full e-flex e-con e-child\" data-id=\"70bfc67\" data-element_type=\"container\" data-e-type=\"container\" data-settings=\"{&quot;background_background&quot;:&quot;classic&quot;}\">\n\t\t\t\t<div class=\"elementor-element elementor-element-b703e53 elementor-widget-divider--view-line elementor-widget elementor-widget-divider\" data-id=\"b703e53\" data-element_type=\"widget\" data-e-type=\"widget\" data-widget_type=\"divider.default\">\n\t\t\t\t\t\t\t<div class=\"elementor-divider\">\n\t\t\t<span class=\"elementor-divider-separator\">\n\t\t\t\t\t\t<\/span>\n\t\t<\/div>\n\t\t\t\t\t\t<\/div>\n\t\t\t\t<div class=\"elementor-element elementor-element-34ab55e elementor-widget elementor-widget-heading\" data-id=\"34ab55e\" data-element_type=\"widget\" data-e-type=\"widget\" data-widget_type=\"heading.default\">\n\t\t\t\t\t<h2 class=\"elementor-heading-title elementor-size-default\">Suivez-nous<\/h2>\t\t\t\t<\/div>\n\t\t\t\t<div class=\"elementor-element elementor-element-622a47c elementor-shape-rounded elementor-grid-0 e-grid-align-center elementor-widget elementor-widget-social-icons\" data-id=\"622a47c\" data-element_type=\"widget\" data-e-type=\"widget\" data-widget_type=\"social-icons.default\">\n\t\t\t\t\t\t\t<div class=\"elementor-social-icons-wrapper elementor-grid\" role=\"list\">\n\t\t\t\t\t\t\t<span class=\"elementor-grid-item\" role=\"listitem\">\n\t\t\t\t\t<a class=\"elementor-icon elementor-social-icon elementor-social-icon-facebook-f elementor-repeater-item-9e740e1\" href=\"https:\/\/www.facebook.com\/combipro.es\" target=\"_blank\" rel=\"noopener\">\n\t\t\t\t\t\t<span class=\"elementor-screen-only\">Facebook-f<\/span>\n\t\t\t\t\t\t<svg aria-hidden=\"true\" class=\"e-font-icon-svg e-fab-facebook-f\" viewbox=\"0 0 320 512\" xmlns=\"http:\/\/www.w3.org\/2000\/svg\"><path d=\"M279.14 288l14.22-92.66h-88.91v-60.13c0-25.35 12.42-50.06 52.24-50.06h40.42V6.26S260.43 0 225.36 0c-73.22 0-121.08 44.38-121.08 124.72v70.62H22.89V288h81.39v224h100.17V288z\"><\/path><\/svg>\t\t\t\t\t<\/a>\n\t\t\t\t<\/span>\n\t\t\t\t\t\t\t<span class=\"elementor-grid-item\" role=\"listitem\">\n\t\t\t\t\t<a class=\"elementor-icon elementor-social-icon elementor-social-icon-instagram elementor-repeater-item-65ca331\" href=\"https:\/\/www.instagram.com\/combi.pro\/\" target=\"_blank\" rel=\"noopener\">\n\t\t\t\t\t\t<span class=\"elementor-screen-only\">Instagram<\/span>\n\t\t\t\t\t\t<svg aria-hidden=\"true\" class=\"e-font-icon-svg e-fab-instagram\" viewbox=\"0 0 448 512\" xmlns=\"http:\/\/www.w3.org\/2000\/svg\"><path d=\"M224.1 141c-63.6 0-114.9 51.3-114.9 114.9s51.3 114.9 114.9 114.9S339 319.5 339 255.9 287.7 141 224.1 141zm0 189.6c-41.1 0-74.7-33.5-74.7-74.7s33.5-74.7 74.7-74.7 74.7 33.5 74.7 74.7-33.6 74.7-74.7 74.7zm146.4-194.3c0 14.9-12 26.8-26.8 26.8-14.9 0-26.8-12-26.8-26.8s12-26.8 26.8-26.8 26.8 12 26.8 26.8zm76.1 27.2c-1.7-35.9-9.9-67.7-36.2-93.9-26.2-26.2-58-34.4-93.9-36.2-37-2.1-147.9-2.1-184.9 0-35.8 1.7-67.6 9.9-93.9 36.1s-34.4 58-36.2 93.9c-2.1 37-2.1 147.9 0 184.9 1.7 35.9 9.9 67.7 36.2 93.9s58 34.4 93.9 36.2c37 2.1 147.9 2.1 184.9 0 35.9-1.7 67.7-9.9 93.9-36.2 26.2-26.2 34.4-58 36.2-93.9 2.1-37 2.1-147.8 0-184.8zM398.8 388c-7.8 19.6-22.9 34.7-42.6 42.6-29.5 11.7-99.5 9-132.1 9s-102.7 2.6-132.1-9c-19.6-7.8-34.7-22.9-42.6-42.6-11.7-29.5-9-99.5-9-132.1s-2.6-102.7 9-132.1c7.8-19.6 22.9-34.7 42.6-42.6 29.5-11.7 99.5-9 132.1-9s102.7-2.6 132.1 9c19.6 7.8 34.7 22.9 42.6 42.6 11.7 29.5 9 99.5 9 132.1s2.7 102.7-9 132.1z\"><\/path><\/svg>\t\t\t\t\t<\/a>\n\t\t\t\t<\/span>\n\t\t\t\t\t\t\t<span class=\"elementor-grid-item\" role=\"listitem\">\n\t\t\t\t\t<a class=\"elementor-icon elementor-social-icon elementor-social-icon-tiktok elementor-repeater-item-355d349\" href=\"https:\/\/www.tiktok.com\/@combi.pro?_t=ZS-8t7CylHuxBC&#038;_r=1\" target=\"_blank\" rel=\"noopener\">\n\t\t\t\t\t\t<span class=\"elementor-screen-only\">Tiktok<\/span>\n\t\t\t\t\t\t<svg aria-hidden=\"true\" class=\"e-font-icon-svg e-fab-tiktok\" viewbox=\"0 0 448 512\" xmlns=\"http:\/\/www.w3.org\/2000\/svg\"><path d=\"M448,209.91a210.06,210.06,0,0,1-122.77-39.25V349.38A162.55,162.55,0,1,1,185,188.31V278.2a74.62,74.62,0,1,0,52.23,71.18V0l88,0a121.18,121.18,0,0,0,1.86,22.17h0A122.18,122.18,0,0,0,381,102.39a121.43,121.43,0,0,0,67,20.14Z\"><\/path><\/svg>\t\t\t\t\t<\/a>\n\t\t\t\t<\/span>\n\t\t\t\t\t<\/div>\n\t\t\t\t\t\t<\/div>\n\t\t\t\t<\/div>\n\t\t\t\t\t<\/div>\n\t\t\t\t<\/div>\n\t\t<div class=\"elementor-element elementor-element-459e2ee e-flex e-con-boxed e-con e-parent\" data-id=\"459e2ee\" data-element_type=\"container\" data-e-type=\"container\">\n\t\t\t\t\t<div class=\"e-con-inner\">\n\t\t\t\t<div class=\"elementor-element elementor-element-7e88aad elementor-position-top elementor-widget__width-inherit elementor-position-top elementor-widget elementor-widget-image-box\" data-id=\"7e88aad\" data-element_type=\"widget\" data-e-type=\"widget\" data-widget_type=\"image-box.default\">\n\t\t\t\t\t<div class=\"elementor-image-box-wrapper\"><figure class=\"elementor-image-box-img\"><img fetchpriority=\"high\" decoding=\"async\" width=\"400\" height=\"400\" src=\"https:\/\/combi-pro.com\/wp-content\/uploads\/2025\/01\/1.png\" class=\"attachment-full size-full wp-image-11277\" alt=\"\" srcset=\"https:\/\/combi-pro.com\/wp-content\/uploads\/2025\/01\/1.png 400w, https:\/\/combi-pro.com\/wp-content\/uploads\/2025\/01\/1-100x100.png 100w, https:\/\/combi-pro.com\/wp-content\/uploads\/2025\/01\/1-64x64.png 64w, https:\/\/combi-pro.com\/wp-content\/uploads\/2025\/01\/1-300x300.png 300w, https:\/\/combi-pro.com\/wp-content\/uploads\/2025\/01\/1-150x150.png 150w, https:\/\/combi-pro.com\/wp-content\/uploads\/2025\/01\/1-12x12.png 12w\" sizes=\"(max-width: 400px) 100vw, 400px\" \/><\/figure><div class=\"elementor-image-box-content\"><h3 class=\"elementor-image-box-title\">Facile et Rapide<\/h3><p class=\"elementor-image-box-description\">Avec un catalogue complet est disponible 24 heures par jour, pour acheter des v\u00eatements de travail en ligne n&#039;a jamais \u00e9t\u00e9 aussi facile.<\/p><\/div><\/div>\t\t\t\t<\/div>\n\t\t\t\t<div class=\"elementor-element elementor-element-ba96ed0 elementor-position-top elementor-widget__width-inherit elementor-position-top elementor-widget elementor-widget-image-box\" data-id=\"ba96ed0\" data-element_type=\"widget\" data-e-type=\"widget\" data-widget_type=\"image-box.default\">\n\t\t\t\t\t<div class=\"elementor-image-box-wrapper\"><figure class=\"elementor-image-box-img\"><img decoding=\"async\" width=\"400\" height=\"400\" src=\"https:\/\/combi-pro.com\/wp-content\/uploads\/2025\/01\/2.png\" class=\"attachment-full size-full wp-image-11276\" alt=\"\" srcset=\"https:\/\/combi-pro.com\/wp-content\/uploads\/2025\/01\/2.png 400w, https:\/\/combi-pro.com\/wp-content\/uploads\/2025\/01\/2-100x100.png 100w, https:\/\/combi-pro.com\/wp-content\/uploads\/2025\/01\/2-64x64.png 64w, https:\/\/combi-pro.com\/wp-content\/uploads\/2025\/01\/2-300x300.png 300w, https:\/\/combi-pro.com\/wp-content\/uploads\/2025\/01\/2-150x150.png 150w, https:\/\/combi-pro.com\/wp-content\/uploads\/2025\/01\/2-12x12.png 12w\" sizes=\"(max-width: 400px) 100vw, 400px\" \/><\/figure><div class=\"elementor-image-box-content\"><h3 class=\"elementor-image-box-title\">Garantie De Qualit\u00e9<\/h3><p class=\"elementor-image-box-description\">Nous travaillons avec des marques de renomm\u00e9e nationale ou internationale afin de vous offrir des v\u00eatements de travail qui combine la durabilit\u00e9 et le confort.<\/p><\/div><\/div>\t\t\t\t<\/div>\n\t\t\t\t<div class=\"elementor-element elementor-element-5cf2cb3 elementor-position-top elementor-widget__width-inherit elementor-position-top elementor-widget elementor-widget-image-box\" data-id=\"5cf2cb3\" data-element_type=\"widget\" data-e-type=\"widget\" data-widget_type=\"image-box.default\">\n\t\t\t\t\t<div class=\"elementor-image-box-wrapper\"><figure class=\"elementor-image-box-img\"><img decoding=\"async\" width=\"400\" height=\"400\" src=\"https:\/\/combi-pro.com\/wp-content\/uploads\/2025\/01\/3-1.png\" class=\"attachment-full size-full wp-image-11275\" alt=\"icone paiement\" srcset=\"https:\/\/combi-pro.com\/wp-content\/uploads\/2025\/01\/3-1.png 400w, https:\/\/combi-pro.com\/wp-content\/uploads\/2025\/01\/3-1-100x100.png 100w, https:\/\/combi-pro.com\/wp-content\/uploads\/2025\/01\/3-1-64x64.png 64w, https:\/\/combi-pro.com\/wp-content\/uploads\/2025\/01\/3-1-300x300.png 300w, https:\/\/combi-pro.com\/wp-content\/uploads\/2025\/01\/3-1-150x150.png 150w, https:\/\/combi-pro.com\/wp-content\/uploads\/2025\/01\/3-1-12x12.png 12w\" sizes=\"(max-width: 400px) 100vw, 400px\" \/><\/figure><div class=\"elementor-image-box-content\"><h3 class=\"elementor-image-box-title\">Protection des Donn\u00e9es<\/h3><p class=\"elementor-image-box-description\">Dans notre boutique en ligne, nous avons la priorit\u00e9 \u00e0 la protection des donn\u00e9es de nos clients.<\/p><\/div><\/div>\t\t\t\t<\/div>\n\t\t\t\t\t<\/div>\n\t\t\t\t<\/div>\n\t\t\t\t<\/div>","protected":false},"excerpt":{"rendered":"<p>Pol\u00edtica de Privacidad Pol\u00edtica de Privacidad RESPONSABLE DEL TRATAMIENTO AEH&amp;NBK.S.L. con CIF:B16838187 y domicilio social en Carretera de Guadalmar 14, 29004 Malaga de la Orden (M\u00e1laga), con direcci\u00f3n de correo serviceclients@combi-pro.com y tel\u00e9fono de contacto 661144521. CUMPLIMIENTO DE LA NORMATIVA AEH&amp;NBK.S.L. garantiza en todo momento el \u00edntegro y pleno cumplimiento de las obligaciones dispuestas por [&hellip;]<\/p>\n","protected":false},"author":1,"featured_media":0,"parent":0,"menu_order":0,"comment_status":"closed","ping_status":"closed","template":"","meta":{"site-sidebar-layout":"no-sidebar","site-content-layout":"page-builder","ast-site-content-layout":"full-width-container","site-content-style":"unboxed","site-sidebar-style":"unboxed","ast-global-header-display":"","ast-banner-title-visibility":"","ast-main-header-display":"","ast-hfb-above-header-display":"","ast-hfb-below-header-display":"","ast-hfb-mobile-header-display":"","site-post-title":"disabled","ast-breadcrumbs-content":"","ast-featured-img":"disabled","footer-sml-layout":"","ast-disable-related-posts":"","theme-transparent-header-meta":"enabled","adv-header-id-meta":"","stick-header-meta":"","header-above-stick-meta":"","header-main-stick-meta":"","header-below-stick-meta":"","astra-migrate-meta-layouts":"set","ast-page-background-enabled":"default","ast-page-background-meta":{"desktop":{"background-color":"","background-image":"","background-repeat":"repeat","background-position":"center center","background-size":"auto","background-attachment":"scroll","background-type":"","background-media":"","overlay-type":"","overlay-color":"","overlay-opacity":"","overlay-gradient":""},"tablet":{"background-color":"","background-image":"","background-repeat":"repeat","background-position":"center center","background-size":"auto","background-attachment":"scroll","background-type":"","background-media":"","overlay-type":"","overlay-color":"","overlay-opacity":"","overlay-gradient":""},"mobile":{"background-color":"","background-image":"","background-repeat":"repeat","background-position":"center center","background-size":"auto","background-attachment":"scroll","background-type":"","background-media":"","overlay-type":"","overlay-color":"","overlay-opacity":"","overlay-gradient":""}},"ast-content-background-meta":{"desktop":{"background-color":"var(--ast-global-color-5)","background-image":"","background-repeat":"repeat","background-position":"center center","background-size":"auto","background-attachment":"scroll","background-type":"","background-media":"","overlay-type":"","overlay-color":"","overlay-opacity":"","overlay-gradient":""},"tablet":{"background-color":"var(--ast-global-color-5)","background-image":"","background-repeat":"repeat","background-position":"center center","background-size":"auto","background-attachment":"scroll","background-type":"","background-media":"","overlay-type":"","overlay-color":"","overlay-opacity":"","overlay-gradient":""},"mobile":{"background-color":"var(--ast-global-color-5)","background-image":"","background-repeat":"repeat","background-position":"center center","background-size":"auto","background-attachment":"scroll","background-type":"","background-media":"","overlay-type":"","overlay-color":"","overlay-opacity":"","overlay-gradient":""}},"footnotes":""},"class_list":["post-5013","page","type-page","status-publish","hentry"],"_links":{"self":[{"href":"https:\/\/combi-pro.com\/fr\/wp-json\/wp\/v2\/pages\/5013","targetHints":{"allow":["GET"]}}],"collection":[{"href":"https:\/\/combi-pro.com\/fr\/wp-json\/wp\/v2\/pages"}],"about":[{"href":"https:\/\/combi-pro.com\/fr\/wp-json\/wp\/v2\/types\/page"}],"author":[{"embeddable":true,"href":"https:\/\/combi-pro.com\/fr\/wp-json\/wp\/v2\/users\/1"}],"replies":[{"embeddable":true,"href":"https:\/\/combi-pro.com\/fr\/wp-json\/wp\/v2\/comments?post=5013"}],"version-history":[{"count":1,"href":"https:\/\/combi-pro.com\/fr\/wp-json\/wp\/v2\/pages\/5013\/revisions"}],"predecessor-version":[{"id":28404,"href":"https:\/\/combi-pro.com\/fr\/wp-json\/wp\/v2\/pages\/5013\/revisions\/28404"}],"wp:attachment":[{"href":"https:\/\/combi-pro.com\/fr\/wp-json\/wp\/v2\/media?parent=5013"}],"curies":[{"name":"wp","href":"https:\/\/api.w.org\/{rel}","templated":true}]}}