{"id":10014,"date":"2024-05-26T01:10:30","date_gmt":"2024-05-25T23:10:30","guid":{"rendered":"https:\/\/combi-pro.com\/?post_type=product&#038;p=10014"},"modified":"2026-04-13T20:25:21","modified_gmt":"2026-04-13T18:25:21","slug":"103002sw-pantalon-extensible-pour-femme","status":"publish","type":"product","link":"https:\/\/combi-pro.com\/fr\/boutique\/103002sw-pantalon-extensible-pour-femme\/","title":{"rendered":"Pantalon de travail multi-poches stretch pour femme 103002SW | VELILLA"},"content":{"rendered":"<p data-start=\"515\" data-end=\"547\"><strong data-start=\"515\" data-end=\"547\">Caract\u00e9ristiques techniques :<\/strong><\/p>\n<ul>\n<li data-start=\"551\" data-end=\"604\">Conception sp\u00e9cifique pour les femmes avec une coupe \u00e9troite<\/li>\n<li data-start=\"607\" data-end=\"650\">Fermeture centrale \u00e0 glissi\u00e8re et bouton<\/li>\n<li data-start=\"653\" data-end=\"689\">Coutures contrast\u00e9es<\/li>\n<li data-start=\"692\" data-end=\"745\">Taille \u00e9lastiqu\u00e9e pour l'ajustement et le confort<\/li>\n<li data-start=\"748\" data-end=\"780\">Double couture de s\u00e9curit\u00e9<\/li>\n<li data-start=\"783\" data-end=\"816\">Six poches fonctionnelles :<\/li>\n<li data-start=\"821\" data-end=\"844\">2 poches fran\u00e7aises<\/li>\n<li data-start=\"849\" data-end=\"925\">2 poches \u00e0 soufflet avec double soufflet central, rabat, velcro et tirettes<\/li>\n<li data-start=\"930\" data-end=\"991\">2 poches arri\u00e8re plaqu\u00e9es avec rabat, velcro et tirettes<\/li>\n<\/ul>\n<p data-start=\"998\" data-end=\"1012\"><strong data-start=\"998\" data-end=\"1012\">Tissu:<\/strong><\/p>\n<ul>\n<li data-start=\"1016\" data-end=\"1075\">Tissu extensible : 46% coton - 38% EME - 16% polyester<\/li>\n<li data-start=\"1078\" data-end=\"1099\">Grammage : 240 g\/m\u00b2.<\/li>\n<\/ul>\n<p data-start=\"1106\" data-end=\"1124\"><strong data-start=\"1106\" data-end=\"1118\">Gamme :<\/strong> Femme<\/p>\n<p data-start=\"1131\" data-end=\"1396\"><strong data-start=\"1131\" data-end=\"1158\">Recommandation d'utilisation :<\/strong><\/p>\n<ul>\n<li data-start=\"1131\" data-end=\"1396\">Parfait pour les professionnels qui ont besoin de libert\u00e9 de mouvement, comme le personnel technique, logistique ou d'entretien. Con\u00e7u pour s'adapter au corps f\u00e9minin sans sacrifier la r\u00e9sistance et la fonctionnalit\u00e9 des v\u00eatements de travail professionnels.<\/li>\n<\/ul>","protected":false},"excerpt":{"rendered":"<p data-start=\"92\" data-end=\"298\">Pantalon de travail extensible pour femmes, coupe \u00e9troite, multi-poches et coutures renforc\u00e9es. Confort, \u00e9lasticit\u00e9 et fonctionnalit\u00e9 pour le travail quotidien.<\/p>\n<p data-start=\"300\" data-end=\"508\"><img decoding=\"async\" class=\"alignnone wp-image-15233\" src=\"https:\/\/combi-pro.com\/wp-content\/uploads\/2025\/04\/icon-w240.png\" alt=\"\" width=\"111\" height=\"40\" srcset=\"https:\/\/combi-pro.com\/wp-content\/uploads\/2025\/04\/icon-w240.png 228w, https:\/\/combi-pro.com\/wp-content\/uploads\/2025\/04\/icon-w240-64x23.png 64w, https:\/\/combi-pro.com\/wp-content\/uploads\/2025\/04\/icon-w240-18x6.png 18w\" sizes=\"(max-width: 111px) 100vw, 111px\" \/> <img decoding=\"async\" class=\"alignnone wp-image-15240\" src=\"https:\/\/combi-pro.com\/wp-content\/uploads\/2025\/04\/icon-stretch.png\" alt=\"\" width=\"99\" height=\"40\" srcset=\"https:\/\/combi-pro.com\/wp-content\/uploads\/2025\/04\/icon-stretch.png 228w, https:\/\/combi-pro.com\/wp-content\/uploads\/2025\/04\/icon-stretch-64x26.png 64w, https:\/\/combi-pro.com\/wp-content\/uploads\/2025\/04\/icon-stretch-18x7.png 18w\" sizes=\"(max-width: 99px) 100vw, 99px\" \/><\/p>\n<p><strong>GUIDE DES TAILLES<\/strong><\/p>\n<p><img fetchpriority=\"high\" decoding=\"async\" class=\"alignnone wp-image-17862\" src=\"https:\/\/combi-pro.com\/wp-content\/uploads\/2024\/05\/105.5-110.8-screenshot-1750283256240-300x184.png\" alt=\"\" width=\"294\" height=\"180\" srcset=\"https:\/\/combi-pro.com\/wp-content\/uploads\/2024\/05\/105.5-110.8-screenshot-1750283256240-300x184.png 300w, https:\/\/combi-pro.com\/wp-content\/uploads\/2024\/05\/105.5-110.8-screenshot-1750283256240-18x12.png 18w, https:\/\/combi-pro.com\/wp-content\/uploads\/2024\/05\/105.5-110.8-screenshot-1750283256240-64x39.png 64w, https:\/\/combi-pro.com\/wp-content\/uploads\/2024\/05\/105.5-110.8-screenshot-1750283256240.png 400w\" sizes=\"(max-width: 294px) 100vw, 294px\" \/> <img loading=\"lazy\" decoding=\"async\" class=\"alignnone wp-image-17729\" src=\"https:\/\/combi-pro.com\/wp-content\/uploads\/2024\/05\/screenshot-1749765502228.png\" alt=\"\" width=\"186\" height=\"140\" srcset=\"https:\/\/combi-pro.com\/wp-content\/uploads\/2024\/05\/screenshot-1749765502228.png 292w, https:\/\/combi-pro.com\/wp-content\/uploads\/2024\/05\/screenshot-1749765502228-64x48.png 64w, https:\/\/combi-pro.com\/wp-content\/uploads\/2024\/05\/screenshot-1749765502228-16x12.png 16w\" sizes=\"(max-width: 186px) 100vw, 186px\" \/><\/p>\n<p>&nbsp;<\/p>","protected":false},"featured_media":10024,"template":"","meta":{"site-sidebar-layout":"default","site-content-layout":"","ast-site-content-layout":"default","site-content-style":"default","site-sidebar-style":"default","ast-global-header-display":"","ast-banner-title-visibility":"","ast-main-header-display":"","ast-hfb-above-header-display":"","ast-hfb-below-header-display":"","ast-hfb-mobile-header-display":"","site-post-title":"","ast-breadcrumbs-content":"","ast-featured-img":"","footer-sml-layout":"","ast-disable-related-posts":"","theme-transparent-header-meta":"default","adv-header-id-meta":"","stick-header-meta":"","header-above-stick-meta":"","header-main-stick-meta":"","header-below-stick-meta":"","astra-migrate-meta-layouts":"set","ast-page-background-enabled":"default","ast-page-background-meta":{"desktop":{"background-color":"","background-image":"","background-repeat":"repeat","background-position":"center center","background-size":"auto","background-attachment":"scroll","background-type":"","background-media":"","overlay-type":"","overlay-color":"","overlay-opacity":"","overlay-gradient":""},"tablet":{"background-color":"","background-image":"","background-repeat":"repeat","background-position":"center center","background-size":"auto","background-attachment":"scroll","background-type":"","background-media":"","overlay-type":"","overlay-color":"","overlay-opacity":"","overlay-gradient":""},"mobile":{"background-color":"","background-image":"","background-repeat":"repeat","background-position":"center center","background-size":"auto","background-attachment":"scroll","background-type":"","background-media":"","overlay-type":"","overlay-color":"","overlay-opacity":"","overlay-gradient":""}},"ast-content-background-meta":{"desktop":{"background-color":"var(--ast-global-color-5)","background-image":"","background-repeat":"repeat","background-position":"center center","background-size":"auto","background-attachment":"scroll","background-type":"","background-media":"","overlay-type":"","overlay-color":"","overlay-opacity":"","overlay-gradient":""},"tablet":{"background-color":"var(--ast-global-color-5)","background-image":"","background-repeat":"repeat","background-position":"center center","background-size":"auto","background-attachment":"scroll","background-type":"","background-media":"","overlay-type":"","overlay-color":"","overlay-opacity":"","overlay-gradient":""},"mobile":{"background-color":"var(--ast-global-color-5)","background-image":"","background-repeat":"repeat","background-position":"center center","background-size":"auto","background-attachment":"scroll","background-type":"","background-media":"","overlay-type":"","overlay-color":"","overlay-opacity":"","overlay-gradient":""}}},"product_brand":[442],"product_cat":[30,86,50],"product_tag":[],"class_list":{"0":"post-10014","1":"product","2":"type-product","3":"status-publish","4":"has-post-thumbnail","6":"product_brand-velilla","7":"product_cat-industria-base","8":"product_cat-pantalones","9":"product_cat-ropa-profesional","10":"desktop-align-center","11":"tablet-align-left","12":"mobile-align-left","14":"first","15":"instock","16":"taxable","17":"shipping-taxable","18":"purchasable","19":"product-type-variable","20":"has-default-attributes"},"_links":{"self":[{"href":"https:\/\/combi-pro.com\/fr\/wp-json\/wp\/v2\/product\/10014","targetHints":{"allow":["GET"]}}],"collection":[{"href":"https:\/\/combi-pro.com\/fr\/wp-json\/wp\/v2\/product"}],"about":[{"href":"https:\/\/combi-pro.com\/fr\/wp-json\/wp\/v2\/types\/product"}],"wp:featuredmedia":[{"embeddable":true,"href":"https:\/\/combi-pro.com\/fr\/wp-json\/wp\/v2\/media\/10024"}],"wp:attachment":[{"href":"https:\/\/combi-pro.com\/fr\/wp-json\/wp\/v2\/media?parent=10014"}],"wp:term":[{"taxonomy":"product_brand","embeddable":true,"href":"https:\/\/combi-pro.com\/fr\/wp-json\/wp\/v2\/product_brand?post=10014"},{"taxonomy":"product_cat","embeddable":true,"href":"https:\/\/combi-pro.com\/fr\/wp-json\/wp\/v2\/product_cat?post=10014"},{"taxonomy":"product_tag","embeddable":true,"href":"https:\/\/combi-pro.com\/fr\/wp-json\/wp\/v2\/product_tag?post=10014"}],"curies":[{"name":"wp","href":"https:\/\/api.w.org\/{rel}","templated":true}]}}