{"id":10030,"date":"2024-05-26T01:11:27","date_gmt":"2024-05-25T23:11:27","guid":{"rendered":"https:\/\/combi-pro.com\/?post_type=product&#038;p=10030"},"modified":"2026-04-13T20:25:29","modified_gmt":"2026-04-13T18:25:29","slug":"103031s-pantalon-stretch-bicolore","status":"publish","type":"product","link":"https:\/\/combi-pro.com\/fr\/boutique\/103031s-pantalon-stretch-bicolore\/","title":{"rendered":"Pantalon de travail stretch bicolore avec renforts et coupe slim 103031S | VELILLA"},"content":{"rendered":"<div class=\"data item\" role=\"tablist\">\n<div id=\"description\" class=\"data item content\" role=\"tabpanel\" aria-labelledby=\"tab-label-description\" data-role=\"content\" aria-hidden=\"false\">\n<div class=\"product attribute description\">\n<div class=\"value\">\n<p data-start=\"672\" data-end=\"704\"><strong data-start=\"675\" data-end=\"704\">Caract\u00e9ristiques techniques :<\/strong><\/p>\n<ul>\n<li data-start=\"708\" data-end=\"724\">Coupe cintr\u00e9e<\/li>\n<li data-start=\"727\" data-end=\"766\">Fermeture centrale \u00e0 glissi\u00e8re et bouton<\/li>\n<li data-start=\"769\" data-end=\"798\">Taille \u00e9lastiqu\u00e9e sur le c\u00f4t\u00e9<\/li>\n<li data-start=\"801\" data-end=\"833\">Coutures contrast\u00e9es<\/li>\n<li data-start=\"836\" data-end=\"864\">Renforcement du tissu \u00e0 l'arri\u00e8re<\/li>\n<li data-start=\"867\" data-end=\"899\">Renfort en tissu aux genoux<\/li>\n<li data-start=\"902\" data-end=\"930\">Double couture de s\u00e9curit\u00e9<\/li>\n<li data-start=\"933\" data-end=\"955\">Clips de genou<\/li>\n<li data-start=\"958\" data-end=\"984\">Six poches fonctionnelles<\/li>\n<\/ul>\n<p data-start=\"986\" data-end=\"1000\"><strong data-start=\"989\" data-end=\"1000\">Tissu:<\/strong><\/p>\n<ul>\n<li data-start=\"1004\" data-end=\"1052\">Stretch : 46% coton - 38% EME - 16% polyester<\/li>\n<li data-start=\"1055\" data-end=\"1072\">Grammage : 240 g\/m\u00b2.<\/li>\n<\/ul>\n<p data-start=\"1074\" data-end=\"1098\"><strong data-start=\"1077\" data-end=\"1086\">Gamme :<\/strong> Match solide<\/p>\n<p data-start=\"1100\" data-end=\"1291\"><strong data-start=\"1102\" data-end=\"1127\">Recommandation d'utilisation :<\/strong><\/p>\n<ul>\n<li data-start=\"1100\" data-end=\"1291\">Parfait pour les environnements de travail exigeants qui requi\u00e8rent de la force, de la flexibilit\u00e9 et une coupe moderne. Le design bicolore est id\u00e9al pour les \u00e9quipes en uniforme.<\/li>\n<\/ul>\n<\/div>\n<\/div>\n<\/div>\n<\/div>\n<div class=\"data item\" role=\"tablist\">\n<div id=\"composition_with_grammage\" class=\"data item content\" role=\"tabpanel\" aria-labelledby=\"tab-label-composition_with_grammage\" data-role=\"content\" aria-hidden=\"false\">\n<div class=\"product attribute composition_with_grammage\">\n<div class=\"value\"><\/div>\n<\/div>\n<\/div>\n<\/div>","protected":false},"excerpt":{"rendered":"<p data-start=\"278\" data-end=\"472\">Pantalon stretch bicolore avec coupe ajust\u00e9e et renforts aux genoux et au dos. Confortable, durable et moderne pour un usage professionnel.<\/p>\n<p data-start=\"474\" data-end=\"670\"><img decoding=\"async\" class=\"alignnone wp-image-15233\" src=\"https:\/\/combi-pro.com\/wp-content\/uploads\/2025\/04\/icon-w240.png\" alt=\"\" width=\"111\" height=\"40\" srcset=\"https:\/\/combi-pro.com\/wp-content\/uploads\/2025\/04\/icon-w240.png 228w, https:\/\/combi-pro.com\/wp-content\/uploads\/2025\/04\/icon-w240-64x23.png 64w, https:\/\/combi-pro.com\/wp-content\/uploads\/2025\/04\/icon-w240-18x6.png 18w\" sizes=\"(max-width: 111px) 100vw, 111px\" \/> <img decoding=\"async\" class=\"alignnone wp-image-15234\" src=\"https:\/\/combi-pro.com\/wp-content\/uploads\/2025\/04\/icon-solidmatch.png\" alt=\"\" width=\"214\" height=\"40\" srcset=\"https:\/\/combi-pro.com\/wp-content\/uploads\/2025\/04\/icon-solidmatch.png 251w, https:\/\/combi-pro.com\/wp-content\/uploads\/2025\/04\/icon-solidmatch-64x12.png 64w, https:\/\/combi-pro.com\/wp-content\/uploads\/2025\/04\/icon-solidmatch-18x3.png 18w\" sizes=\"(max-width: 214px) 100vw, 214px\" \/> <img decoding=\"async\" class=\"alignnone wp-image-15240\" src=\"https:\/\/combi-pro.com\/wp-content\/uploads\/2025\/04\/icon-stretch.png\" alt=\"\" width=\"99\" height=\"40\" srcset=\"https:\/\/combi-pro.com\/wp-content\/uploads\/2025\/04\/icon-stretch.png 228w, https:\/\/combi-pro.com\/wp-content\/uploads\/2025\/04\/icon-stretch-64x26.png 64w, https:\/\/combi-pro.com\/wp-content\/uploads\/2025\/04\/icon-stretch-18x7.png 18w\" sizes=\"(max-width: 99px) 100vw, 99px\" \/> <img loading=\"lazy\" decoding=\"async\" class=\"alignnone wp-image-15223\" src=\"https:\/\/combi-pro.com\/wp-content\/uploads\/2025\/04\/icon-knee.png\" alt=\"\" width=\"40\" height=\"40\" srcset=\"https:\/\/combi-pro.com\/wp-content\/uploads\/2025\/04\/icon-knee.png 134w, https:\/\/combi-pro.com\/wp-content\/uploads\/2025\/04\/icon-knee-100x100.png 100w, https:\/\/combi-pro.com\/wp-content\/uploads\/2025\/04\/icon-knee-64x64.png 64w, https:\/\/combi-pro.com\/wp-content\/uploads\/2025\/04\/icon-knee-12x12.png 12w\" sizes=\"(max-width: 40px) 100vw, 40px\" \/> <img loading=\"lazy\" decoding=\"async\" class=\"alignnone wp-image-15222\" src=\"https:\/\/combi-pro.com\/wp-content\/uploads\/2025\/04\/icon-kneeback.png\" alt=\"\" width=\"40\" height=\"40\" srcset=\"https:\/\/combi-pro.com\/wp-content\/uploads\/2025\/04\/icon-kneeback.png 134w, https:\/\/combi-pro.com\/wp-content\/uploads\/2025\/04\/icon-kneeback-100x100.png 100w, https:\/\/combi-pro.com\/wp-content\/uploads\/2025\/04\/icon-kneeback-64x64.png 64w, https:\/\/combi-pro.com\/wp-content\/uploads\/2025\/04\/icon-kneeback-12x12.png 12w\" sizes=\"(max-width: 40px) 100vw, 40px\" \/><\/p>\n<p><strong>GUIDE DES TAILLES<\/strong><\/p>\n<p><img loading=\"lazy\" decoding=\"async\" class=\"alignnone wp-image-17876\" src=\"https:\/\/combi-pro.com\/wp-content\/uploads\/2024\/05\/105.6-112.3-screenshot-1750331440277-300x227.png\" alt=\"\" width=\"264\" height=\"200\" srcset=\"https:\/\/combi-pro.com\/wp-content\/uploads\/2024\/05\/105.6-112.3-screenshot-1750331440277-300x227.png 300w, https:\/\/combi-pro.com\/wp-content\/uploads\/2024\/05\/105.6-112.3-screenshot-1750331440277-16x12.png 16w, https:\/\/combi-pro.com\/wp-content\/uploads\/2024\/05\/105.6-112.3-screenshot-1750331440277-64x48.png 64w, https:\/\/combi-pro.com\/wp-content\/uploads\/2024\/05\/105.6-112.3-screenshot-1750331440277.png 402w\" sizes=\"(max-width: 264px) 100vw, 264px\" \/> <img loading=\"lazy\" decoding=\"async\" class=\"alignnone wp-image-17729\" src=\"https:\/\/combi-pro.com\/wp-content\/uploads\/2024\/05\/screenshot-1749765502228.png\" alt=\"\" width=\"212\" height=\"160\" srcset=\"https:\/\/combi-pro.com\/wp-content\/uploads\/2024\/05\/screenshot-1749765502228.png 292w, https:\/\/combi-pro.com\/wp-content\/uploads\/2024\/05\/screenshot-1749765502228-64x48.png 64w, https:\/\/combi-pro.com\/wp-content\/uploads\/2024\/05\/screenshot-1749765502228-16x12.png 16w\" sizes=\"(max-width: 212px) 100vw, 212px\" \/><\/p>\n<p>&nbsp;<\/p>","protected":false},"featured_media":10035,"template":"","meta":{"site-sidebar-layout":"default","site-content-layout":"","ast-site-content-layout":"default","site-content-style":"default","site-sidebar-style":"default","ast-global-header-display":"","ast-banner-title-visibility":"","ast-main-header-display":"","ast-hfb-above-header-display":"","ast-hfb-below-header-display":"","ast-hfb-mobile-header-display":"","site-post-title":"","ast-breadcrumbs-content":"","ast-featured-img":"","footer-sml-layout":"","ast-disable-related-posts":"","theme-transparent-header-meta":"default","adv-header-id-meta":"","stick-header-meta":"","header-above-stick-meta":"","header-main-stick-meta":"","header-below-stick-meta":"","astra-migrate-meta-layouts":"set","ast-page-background-enabled":"default","ast-page-background-meta":{"desktop":{"background-color":"","background-image":"","background-repeat":"repeat","background-position":"center center","background-size":"auto","background-attachment":"scroll","background-type":"","background-media":"","overlay-type":"","overlay-color":"","overlay-opacity":"","overlay-gradient":""},"tablet":{"background-color":"","background-image":"","background-repeat":"repeat","background-position":"center center","background-size":"auto","background-attachment":"scroll","background-type":"","background-media":"","overlay-type":"","overlay-color":"","overlay-opacity":"","overlay-gradient":""},"mobile":{"background-color":"","background-image":"","background-repeat":"repeat","background-position":"center center","background-size":"auto","background-attachment":"scroll","background-type":"","background-media":"","overlay-type":"","overlay-color":"","overlay-opacity":"","overlay-gradient":""}},"ast-content-background-meta":{"desktop":{"background-color":"var(--ast-global-color-5)","background-image":"","background-repeat":"repeat","background-position":"center center","background-size":"auto","background-attachment":"scroll","background-type":"","background-media":"","overlay-type":"","overlay-color":"","overlay-opacity":"","overlay-gradient":""},"tablet":{"background-color":"var(--ast-global-color-5)","background-image":"","background-repeat":"repeat","background-position":"center center","background-size":"auto","background-attachment":"scroll","background-type":"","background-media":"","overlay-type":"","overlay-color":"","overlay-opacity":"","overlay-gradient":""},"mobile":{"background-color":"var(--ast-global-color-5)","background-image":"","background-repeat":"repeat","background-position":"center center","background-size":"auto","background-attachment":"scroll","background-type":"","background-media":"","overlay-type":"","overlay-color":"","overlay-opacity":"","overlay-gradient":""}}},"product_brand":[442],"product_cat":[30,86,50],"product_tag":[],"class_list":{"0":"post-10030","1":"product","2":"type-product","3":"status-publish","4":"has-post-thumbnail","6":"product_brand-velilla","7":"product_cat-industria-base","8":"product_cat-pantalones","9":"product_cat-ropa-profesional","10":"desktop-align-center","11":"tablet-align-left","12":"mobile-align-left","14":"first","15":"instock","16":"taxable","17":"shipping-taxable","18":"purchasable","19":"product-type-variable","20":"has-default-attributes"},"_links":{"self":[{"href":"https:\/\/combi-pro.com\/fr\/wp-json\/wp\/v2\/product\/10030","targetHints":{"allow":["GET"]}}],"collection":[{"href":"https:\/\/combi-pro.com\/fr\/wp-json\/wp\/v2\/product"}],"about":[{"href":"https:\/\/combi-pro.com\/fr\/wp-json\/wp\/v2\/types\/product"}],"wp:featuredmedia":[{"embeddable":true,"href":"https:\/\/combi-pro.com\/fr\/wp-json\/wp\/v2\/media\/10035"}],"wp:attachment":[{"href":"https:\/\/combi-pro.com\/fr\/wp-json\/wp\/v2\/media?parent=10030"}],"wp:term":[{"taxonomy":"product_brand","embeddable":true,"href":"https:\/\/combi-pro.com\/fr\/wp-json\/wp\/v2\/product_brand?post=10030"},{"taxonomy":"product_cat","embeddable":true,"href":"https:\/\/combi-pro.com\/fr\/wp-json\/wp\/v2\/product_cat?post=10030"},{"taxonomy":"product_tag","embeddable":true,"href":"https:\/\/combi-pro.com\/fr\/wp-json\/wp\/v2\/product_tag?post=10030"}],"curies":[{"name":"wp","href":"https:\/\/api.w.org\/{rel}","templated":true}]}}