{"id":10044,"date":"2024-05-26T01:19:58","date_gmt":"2024-05-25T23:19:58","guid":{"rendered":"https:\/\/combi-pro.com\/?post_type=product&#038;p=10044"},"modified":"2026-04-13T20:25:34","modified_gmt":"2026-04-13T18:25:34","slug":"103032s-trekking-bermuda-stretch","status":"publish","type":"product","link":"https:\/\/combi-pro.com\/fr\/boutique\/103032s-trekking-bermuda-stretch\/","title":{"rendered":"Bermuda de travail, trekking stretch bicolore 103032S | VELILLA"},"content":{"rendered":"<div class=\"data item\" role=\"tablist\">\n<div id=\"description\" class=\"data item content\" role=\"tabpanel\" aria-labelledby=\"tab-label-description\" data-role=\"content\" aria-hidden=\"false\">\n<div class=\"product attribute description\">\n<div class=\"value\">\n<p data-start=\"636\" data-end=\"668\"><strong data-start=\"639\" data-end=\"668\">Caract\u00e9ristiques techniques :<\/strong><\/p>\n<ul>\n<li data-start=\"672\" data-end=\"711\">Coupe \u00e9troite pour une tenue confortable<\/li>\n<li data-start=\"714\" data-end=\"757\">Fermeture centrale \u00e0 glissi\u00e8re et bouton<\/li>\n<li data-start=\"760\" data-end=\"811\">Taille \u00e9lastiqu\u00e9e sur le c\u00f4t\u00e9 pour un meilleur ajustement<\/li>\n<li data-start=\"814\" data-end=\"869\">Double couture de s\u00e9curit\u00e9 pour plus de solidit\u00e9<\/li>\n<li data-start=\"872\" data-end=\"893\">Six poches :<\/li>\n<li data-start=\"898\" data-end=\"921\">2 poches fran\u00e7aises<\/li>\n<li data-start=\"926\" data-end=\"981\">1 poche avec rabat et boutons-pression sur la jambe droite<\/li>\n<li data-start=\"986\" data-end=\"1043\">1 poche avec zip invers\u00e9 sur la jambe gauche<\/li>\n<li data-start=\"1048\" data-end=\"1105\">2 poches arri\u00e8re plaqu\u00e9es avec fermetures \u00e9clair invers\u00e9es<\/li>\n<\/ul>\n<p data-start=\"1107\" data-end=\"1137\"><strong data-start=\"1110\" data-end=\"1119\">Gamme : <\/strong>Match solide<\/p>\n<p data-start=\"1139\" data-end=\"1155\"><strong data-start=\"1142\" data-end=\"1153\">Tissu:<\/strong><\/p>\n<ul>\n<li data-start=\"1158\" data-end=\"1201\">Stretch : 86% Polyester - 14% Elasthanne<\/li>\n<li data-start=\"1204\" data-end=\"1225\">Grammage : 180 g\/m\u00b2.<\/li>\n<\/ul>\n<p data-start=\"1227\" data-end=\"1390\"><strong data-start=\"1229\" data-end=\"1254\">Recommandation d'utilisation :<\/strong><\/p>\n<ul>\n<li data-start=\"1227\" data-end=\"1390\">Id\u00e9al pour le trekking et les activit\u00e9s de plein air qui requi\u00e8rent souplesse et confort. Parfait pour les temps chauds.<\/li>\n<\/ul>\n<\/div>\n<\/div>\n<\/div>\n<\/div>","protected":false},"excerpt":{"rendered":"<p data-start=\"246\" data-end=\"428\">Bermuda de travail \u00e0 la coupe ajust\u00e9e et aux poches multiples, id\u00e9al pour les activit\u00e9s de trekking. Confortable et durable \u00e0 tout moment.<\/p>\n<p data-start=\"430\" data-end=\"634\"><img decoding=\"async\" class=\"alignnone wp-image-15234\" src=\"https:\/\/combi-pro.com\/wp-content\/uploads\/2025\/04\/icon-solidmatch.png\" alt=\"\" width=\"213\" height=\"40\" srcset=\"https:\/\/combi-pro.com\/wp-content\/uploads\/2025\/04\/icon-solidmatch.png 251w, https:\/\/combi-pro.com\/wp-content\/uploads\/2025\/04\/icon-solidmatch-64x12.png 64w, https:\/\/combi-pro.com\/wp-content\/uploads\/2025\/04\/icon-solidmatch-18x3.png 18w\" sizes=\"(max-width: 213px) 100vw, 213px\" \/> <img decoding=\"async\" class=\"alignnone wp-image-15240\" src=\"https:\/\/combi-pro.com\/wp-content\/uploads\/2025\/04\/icon-stretch.png\" alt=\"\" width=\"99\" height=\"40\" srcset=\"https:\/\/combi-pro.com\/wp-content\/uploads\/2025\/04\/icon-stretch.png 228w, https:\/\/combi-pro.com\/wp-content\/uploads\/2025\/04\/icon-stretch-64x26.png 64w, https:\/\/combi-pro.com\/wp-content\/uploads\/2025\/04\/icon-stretch-18x7.png 18w\" sizes=\"(max-width: 99px) 100vw, 99px\" \/><\/p>\n<p><strong>GUIDE DES TAILLES\u00a0 \u00a0 \u00a0 \u00a0<\/strong><span style=\"font-size: 16px;\"> \u00a0<\/span><\/p>\n<p><img decoding=\"async\" class=\"alignnone wp-image-17813\" src=\"https:\/\/combi-pro.com\/wp-content\/uploads\/2024\/05\/51-56-screenshot-1750115483243-300x103.png\" alt=\"\" width=\"349\" height=\"120\" srcset=\"https:\/\/combi-pro.com\/wp-content\/uploads\/2024\/05\/51-56-screenshot-1750115483243-300x103.png 300w, https:\/\/combi-pro.com\/wp-content\/uploads\/2024\/05\/51-56-screenshot-1750115483243-64x22.png 64w, https:\/\/combi-pro.com\/wp-content\/uploads\/2024\/05\/51-56-screenshot-1750115483243-18x6.png 18w, https:\/\/combi-pro.com\/wp-content\/uploads\/2024\/05\/51-56-screenshot-1750115483243.png 399w\" sizes=\"(max-width: 349px) 100vw, 349px\" \/> <img loading=\"lazy\" decoding=\"async\" class=\"alignnone wp-image-17729\" src=\"https:\/\/combi-pro.com\/wp-content\/uploads\/2024\/05\/screenshot-1749765502228.png\" alt=\"\" width=\"159\" height=\"120\" srcset=\"https:\/\/combi-pro.com\/wp-content\/uploads\/2024\/05\/screenshot-1749765502228.png 292w, https:\/\/combi-pro.com\/wp-content\/uploads\/2024\/05\/screenshot-1749765502228-64x48.png 64w, https:\/\/combi-pro.com\/wp-content\/uploads\/2024\/05\/screenshot-1749765502228-16x12.png 16w\" sizes=\"(max-width: 159px) 100vw, 159px\" \/><\/p>\n<p>&nbsp;<\/p>","protected":false},"featured_media":10050,"template":"","meta":{"site-sidebar-layout":"default","site-content-layout":"","ast-site-content-layout":"default","site-content-style":"default","site-sidebar-style":"default","ast-global-header-display":"","ast-banner-title-visibility":"","ast-main-header-display":"","ast-hfb-above-header-display":"","ast-hfb-below-header-display":"","ast-hfb-mobile-header-display":"","site-post-title":"","ast-breadcrumbs-content":"","ast-featured-img":"","footer-sml-layout":"","ast-disable-related-posts":"","theme-transparent-header-meta":"default","adv-header-id-meta":"","stick-header-meta":"","header-above-stick-meta":"","header-main-stick-meta":"","header-below-stick-meta":"","astra-migrate-meta-layouts":"set","ast-page-background-enabled":"default","ast-page-background-meta":{"desktop":{"background-color":"","background-image":"","background-repeat":"repeat","background-position":"center center","background-size":"auto","background-attachment":"scroll","background-type":"","background-media":"","overlay-type":"","overlay-color":"","overlay-opacity":"","overlay-gradient":""},"tablet":{"background-color":"","background-image":"","background-repeat":"repeat","background-position":"center center","background-size":"auto","background-attachment":"scroll","background-type":"","background-media":"","overlay-type":"","overlay-color":"","overlay-opacity":"","overlay-gradient":""},"mobile":{"background-color":"","background-image":"","background-repeat":"repeat","background-position":"center center","background-size":"auto","background-attachment":"scroll","background-type":"","background-media":"","overlay-type":"","overlay-color":"","overlay-opacity":"","overlay-gradient":""}},"ast-content-background-meta":{"desktop":{"background-color":"var(--ast-global-color-5)","background-image":"","background-repeat":"repeat","background-position":"center center","background-size":"auto","background-attachment":"scroll","background-type":"","background-media":"","overlay-type":"","overlay-color":"","overlay-opacity":"","overlay-gradient":""},"tablet":{"background-color":"var(--ast-global-color-5)","background-image":"","background-repeat":"repeat","background-position":"center center","background-size":"auto","background-attachment":"scroll","background-type":"","background-media":"","overlay-type":"","overlay-color":"","overlay-opacity":"","overlay-gradient":""},"mobile":{"background-color":"var(--ast-global-color-5)","background-image":"","background-repeat":"repeat","background-position":"center center","background-size":"auto","background-attachment":"scroll","background-type":"","background-media":"","overlay-type":"","overlay-color":"","overlay-opacity":"","overlay-gradient":""}}},"product_brand":[442],"product_cat":[491,30,50],"product_tag":[],"class_list":{"0":"post-10044","1":"product","2":"type-product","3":"status-publish","4":"has-post-thumbnail","6":"product_brand-velilla","7":"product_cat-bermudas-industrial-base","8":"product_cat-industria-base","9":"product_cat-ropa-profesional","10":"desktop-align-center","11":"tablet-align-left","12":"mobile-align-left","14":"first","15":"outofstock","16":"taxable","17":"shipping-taxable","18":"purchasable","19":"product-type-variable","20":"has-default-attributes"},"_links":{"self":[{"href":"https:\/\/combi-pro.com\/fr\/wp-json\/wp\/v2\/product\/10044","targetHints":{"allow":["GET"]}}],"collection":[{"href":"https:\/\/combi-pro.com\/fr\/wp-json\/wp\/v2\/product"}],"about":[{"href":"https:\/\/combi-pro.com\/fr\/wp-json\/wp\/v2\/types\/product"}],"wp:featuredmedia":[{"embeddable":true,"href":"https:\/\/combi-pro.com\/fr\/wp-json\/wp\/v2\/media\/10050"}],"wp:attachment":[{"href":"https:\/\/combi-pro.com\/fr\/wp-json\/wp\/v2\/media?parent=10044"}],"wp:term":[{"taxonomy":"product_brand","embeddable":true,"href":"https:\/\/combi-pro.com\/fr\/wp-json\/wp\/v2\/product_brand?post=10044"},{"taxonomy":"product_cat","embeddable":true,"href":"https:\/\/combi-pro.com\/fr\/wp-json\/wp\/v2\/product_cat?post=10044"},{"taxonomy":"product_tag","embeddable":true,"href":"https:\/\/combi-pro.com\/fr\/wp-json\/wp\/v2\/product_tag?post=10044"}],"curies":[{"name":"wp","href":"https:\/\/api.w.org\/{rel}","templated":true}]}}