{"id":10056,"date":"2024-05-26T10:45:26","date_gmt":"2024-05-26T08:45:26","guid":{"rendered":"https:\/\/combi-pro.com\/?post_type=product&#038;p=10056"},"modified":"2026-04-13T20:25:42","modified_gmt":"2026-04-13T18:25:42","slug":"182-bicolore-fleece-av","status":"publish","type":"product","link":"https:\/\/combi-pro.com\/fr\/boutique\/182-bicolore-fleece-av\/","title":{"rendered":"Polaire bicolore \u00e0 haute visibilit\u00e9 avec fermeture r\u00e9fl\u00e9chissante 182 | Velilla"},"content":{"rendered":"<div class=\"data item\" role=\"tablist\">\n<div id=\"tab-label-description\" class=\"data item title active\" tabindex=\"0\" role=\"tab\" data-role=\"collapsible\" data-collapsible=\"true\" aria-controls=\"description\" aria-selected=\"false\" aria-expanded=\"true\">\n<p data-start=\"566\" data-end=\"601\"><strong>Caract\u00e9ristiques principales:<\/strong><\/p>\n<ul>\n<li data-start=\"605\" data-end=\"691\">Ouverture demi-zip pour un enfilage rapide et une ventilation r\u00e9glable.<\/li>\n<li data-start=\"694\" data-end=\"802\">Les bandes r\u00e9fl\u00e9chissantes sur le torse et les manches assurent une meilleure visibilit\u00e9 dans les environnements peu \u00e9clair\u00e9s.<\/li>\n<li data-start=\"805\" data-end=\"865\">Poignets \u00e9lastiques pour un meilleur ajustement et un confort thermique.<\/li>\n<li data-start=\"868\" data-end=\"968\">Ourlet r\u00e9glable avec stoppeur, qui permet de conserver la chaleur et de s'adapter aux diff\u00e9rentes morphologies.<\/li>\n<li data-start=\"971\" data-end=\"1049\">Deux poches passepoil\u00e9es zipp\u00e9es, pratiques et s\u00fbres pour un usage quotidien.<\/li>\n<\/ul>\n<p><strong>Certification:<\/strong><\/p>\n<ul>\n<li data-start=\"1081\" data-end=\"1213\">EN ISO 20471 - Classe 1<br data-start=\"1107\" data-end=\"1110\" \/>Niveau de visibilit\u00e9 de base, id\u00e9al pour les travaux avec une exposition mod\u00e9r\u00e9e \u00e0 la circulation ou une faible visibilit\u00e9.<\/li>\n<\/ul>\n<p><strong>Tissu:<\/strong><\/p>\n<ul>\n<li>Polyester 100 %<\/li>\n<li>Poids : 280 g\/m\u00b2 Poids : 280 g\/m\u00b2 Poids : 280 g\/m\u00b2 Poids : 280 g\/m\u00b2 Poids : 280 g\/m\u00b2<\/li>\n<li>Tissu chaud, durable et confortable, con\u00e7u pour les temps froids et les activit\u00e9s de plein air prolong\u00e9es.<\/li>\n<\/ul>\n<p><strong>Gamme de produits : <\/strong>Standard<\/p>\n<p><strong>Recommandations:<\/strong><\/p>\n<ul>\n<li data-start=\"1459\" data-end=\"1635\">Recommand\u00e9 pour les professionnels de la logistique, de l'entretien urbain, de l'entreposage ou des services g\u00e9n\u00e9raux qui ont besoin de visibilit\u00e9 et d'abri sans sacrifier la mobilit\u00e9.<\/li>\n<\/ul>\n<\/div>\n<\/div>","protected":false},"excerpt":{"rendered":"<p data-start=\"239\" data-end=\"371\">Doublure polaire chaude et l\u00e9g\u00e8re avec design bicolore, bandes r\u00e9fl\u00e9chissantes, deux poches zipp\u00e9es, poignets \u00e9lastiques et ourlet r\u00e9glable.<\/p>\n<p><strong>GUIDE DES TAILLES<\/strong><\/p>\n<p><img decoding=\"async\" class=\"alignnone wp-image-17931\" src=\"https:\/\/combi-pro.com\/wp-content\/uploads\/2024\/05\/68.4-80.8-screenshot-1750420067690-300x158.png\" alt=\"\" width=\"267\" height=\"140\" srcset=\"https:\/\/combi-pro.com\/wp-content\/uploads\/2024\/05\/68.4-80.8-screenshot-1750420067690-300x158.png 300w, https:\/\/combi-pro.com\/wp-content\/uploads\/2024\/05\/68.4-80.8-screenshot-1750420067690-18x9.png 18w, https:\/\/combi-pro.com\/wp-content\/uploads\/2024\/05\/68.4-80.8-screenshot-1750420067690-64x34.png 64w, https:\/\/combi-pro.com\/wp-content\/uploads\/2024\/05\/68.4-80.8-screenshot-1750420067690.png 400w\" sizes=\"(max-width: 267px) 100vw, 267px\" \/> <img decoding=\"async\" class=\"alignnone wp-image-17696\" src=\"https:\/\/combi-pro.com\/wp-content\/uploads\/2025\/05\/screenshot-1749214923473-300x106.png\" alt=\"\" width=\"283\" height=\"100\" srcset=\"https:\/\/combi-pro.com\/wp-content\/uploads\/2025\/05\/screenshot-1749214923473-300x106.png 300w, https:\/\/combi-pro.com\/wp-content\/uploads\/2025\/05\/screenshot-1749214923473-64x23.png 64w, https:\/\/combi-pro.com\/wp-content\/uploads\/2025\/05\/screenshot-1749214923473-18x6.png 18w, https:\/\/combi-pro.com\/wp-content\/uploads\/2025\/05\/screenshot-1749214923473.png 396w\" sizes=\"(max-width: 283px) 100vw, 283px\" \/><\/p>","protected":false},"featured_media":10065,"template":"","meta":{"site-sidebar-layout":"default","site-content-layout":"","ast-site-content-layout":"default","site-content-style":"default","site-sidebar-style":"default","ast-global-header-display":"","ast-banner-title-visibility":"","ast-main-header-display":"","ast-hfb-above-header-display":"","ast-hfb-below-header-display":"","ast-hfb-mobile-header-display":"","site-post-title":"","ast-breadcrumbs-content":"","ast-featured-img":"","footer-sml-layout":"","ast-disable-related-posts":"","theme-transparent-header-meta":"default","adv-header-id-meta":"","stick-header-meta":"","header-above-stick-meta":"","header-main-stick-meta":"","header-below-stick-meta":"","astra-migrate-meta-layouts":"set","ast-page-background-enabled":"default","ast-page-background-meta":{"desktop":{"background-color":"","background-image":"","background-repeat":"repeat","background-position":"center center","background-size":"auto","background-attachment":"scroll","background-type":"","background-media":"","overlay-type":"","overlay-color":"","overlay-opacity":"","overlay-gradient":""},"tablet":{"background-color":"","background-image":"","background-repeat":"repeat","background-position":"center center","background-size":"auto","background-attachment":"scroll","background-type":"","background-media":"","overlay-type":"","overlay-color":"","overlay-opacity":"","overlay-gradient":""},"mobile":{"background-color":"","background-image":"","background-repeat":"repeat","background-position":"center center","background-size":"auto","background-attachment":"scroll","background-type":"","background-media":"","overlay-type":"","overlay-color":"","overlay-opacity":"","overlay-gradient":""}},"ast-content-background-meta":{"desktop":{"background-color":"var(--ast-global-color-5)","background-image":"","background-repeat":"repeat","background-position":"center center","background-size":"auto","background-attachment":"scroll","background-type":"","background-media":"","overlay-type":"","overlay-color":"","overlay-opacity":"","overlay-gradient":""},"tablet":{"background-color":"var(--ast-global-color-5)","background-image":"","background-repeat":"repeat","background-position":"center center","background-size":"auto","background-attachment":"scroll","background-type":"","background-media":"","overlay-type":"","overlay-color":"","overlay-opacity":"","overlay-gradient":""},"mobile":{"background-color":"var(--ast-global-color-5)","background-image":"","background-repeat":"repeat","background-position":"center center","background-size":"auto","background-attachment":"scroll","background-type":"","background-media":"","overlay-type":"","overlay-color":"","overlay-opacity":"","overlay-gradient":""}}},"product_brand":[442],"product_cat":[67,98,50],"product_tag":[],"class_list":{"0":"post-10056","1":"product","2":"type-product","3":"status-publish","4":"has-post-thumbnail","6":"product_brand-velilla","7":"product_cat-alta-visibilidad","8":"product_cat-forro-polar-alta-visibilidad","9":"product_cat-ropa-profesional","10":"desktop-align-center","11":"tablet-align-left","12":"mobile-align-left","14":"first","15":"instock","16":"taxable","17":"shipping-taxable","18":"purchasable","19":"product-type-variable","20":"has-default-attributes"},"_links":{"self":[{"href":"https:\/\/combi-pro.com\/fr\/wp-json\/wp\/v2\/product\/10056","targetHints":{"allow":["GET"]}}],"collection":[{"href":"https:\/\/combi-pro.com\/fr\/wp-json\/wp\/v2\/product"}],"about":[{"href":"https:\/\/combi-pro.com\/fr\/wp-json\/wp\/v2\/types\/product"}],"wp:featuredmedia":[{"embeddable":true,"href":"https:\/\/combi-pro.com\/fr\/wp-json\/wp\/v2\/media\/10065"}],"wp:attachment":[{"href":"https:\/\/combi-pro.com\/fr\/wp-json\/wp\/v2\/media?parent=10056"}],"wp:term":[{"taxonomy":"product_brand","embeddable":true,"href":"https:\/\/combi-pro.com\/fr\/wp-json\/wp\/v2\/product_brand?post=10056"},{"taxonomy":"product_cat","embeddable":true,"href":"https:\/\/combi-pro.com\/fr\/wp-json\/wp\/v2\/product_cat?post=10056"},{"taxonomy":"product_tag","embeddable":true,"href":"https:\/\/combi-pro.com\/fr\/wp-json\/wp\/v2\/product_tag?post=10056"}],"curies":[{"name":"wp","href":"https:\/\/api.w.org\/{rel}","templated":true}]}}