{"id":10113,"date":"2024-05-26T11:03:46","date_gmt":"2024-05-26T09:03:46","guid":{"rendered":"https:\/\/combi-pro.com\/?post_type=product&#038;p=10113"},"modified":"2026-04-13T20:52:08","modified_gmt":"2026-04-13T18:52:08","slug":"180-fleece-av","status":"publish","type":"product","link":"https:\/\/combi-pro.com\/fr\/boutique\/180-fleece-av\/","title":{"rendered":"Polaire haute visibilit\u00e9 avec fermetures \u00e9clair et poches r\u00e9fl\u00e9chissantes 180\u00b0 Velilla"},"content":{"rendered":"<div class=\"data item\" role=\"tablist\">\n<div id=\"tab-label-description\" class=\"data item title active\" tabindex=\"0\" role=\"tab\" data-role=\"collapsible\" data-collapsible=\"true\" aria-controls=\"description\" aria-selected=\"false\" aria-expanded=\"true\">\n<p data-start=\"625\" data-end=\"660\"><strong>Caract\u00e9ristiques principales:<\/strong><\/p>\n<ul>\n<li data-start=\"664\" data-end=\"762\">Ouverture frontale semi-zipp\u00e9e pour faciliter l'utilisation et l'a\u00e9ration.<\/li>\n<li data-start=\"765\" data-end=\"869\">Bandes r\u00e9fl\u00e9chissantes sur le torse et les manches pour une meilleure visibilit\u00e9 dans les environnements de travail \u00e0 faible luminosit\u00e9.<\/li>\n<li data-start=\"872\" data-end=\"941\">Poignets \u00e9lastiques pour plus de confort et d'isolation thermique.<\/li>\n<li data-start=\"944\" data-end=\"1027\">Ourlet r\u00e9glable avec stoppeur, id\u00e9al pour garder la chaleur et s'adapter au corps.<\/li>\n<li data-start=\"1030\" data-end=\"1139\">Deux poches passepoil\u00e9es zipp\u00e9es, s\u00fbres et pratiques pour ranger des objets personnels ou des outils.<\/li>\n<\/ul>\n<p data-start=\"1146\" data-end=\"1167\"><strong>Certification:<\/strong><\/p>\n<ul>\n<li data-start=\"1171\" data-end=\"1320\">EN ISO 20471 - Classe 2<br data-start=\"1197\" data-end=\"1200\" \/>Niveau de visibilit\u00e9 moyen recommand\u00e9 pour les environnements \u00e0 risque mod\u00e9r\u00e9 \u00e0 \u00e9lev\u00e9 (routes, chantiers, logistique, etc.).<\/li>\n<\/ul>\n<p data-start=\"1327\" data-end=\"1341\"><strong>Tissu:<\/strong><\/p>\n<ul>\n<li data-start=\"1345\" data-end=\"1372\">Polyester 100 %<\/li>\n<li data-start=\"1375\" data-end=\"1495\">Poids : 280 g\/m\u00b2 Poids : 280 g\/m\u00b2 Poids : 280 g\/m\u00b2 Poids : 280 g\/m\u00b2 Poids : 280 g\/m\u00b2<br data-start=\"1393\" data-end=\"1396\" \/>Tissu chaud, doux au toucher et durable, id\u00e9al par temps froid ou pour une utilisation prolong\u00e9e en ext\u00e9rieur.<\/li>\n<\/ul>\n<p data-start=\"1502\" data-end=\"1525\"><strong>Recommandations:<\/strong><\/p>\n<ul>\n<li data-start=\"1527\" data-end=\"1707\">Recommand\u00e9 pour les professionnels travaillant dans des conditions de froid ou de mauvaise visibilit\u00e9, tels que les travailleurs de la maintenance, de la logistique, de la construction, de la voirie et des services municipaux.<\/li>\n<\/ul>\n<\/div>\n<\/div>","protected":false},"excerpt":{"rendered":"<p data-start=\"139\" data-end=\"296\">Polaire haute visibilit\u00e9 avec bandes r\u00e9fl\u00e9chissantes, poignets \u00e9lastiques, ourlet r\u00e9glable et poches zipp\u00e9es. Id\u00e9al pour les conditions de froid et de faible luminosit\u00e9.<\/p>\n<p data-start=\"139\" data-end=\"296\"><strong>GUIDE DES TAILLES<\/strong><\/p>\n<p data-start=\"139\" data-end=\"296\"><img decoding=\"async\" class=\"alignnone wp-image-17929\" src=\"https:\/\/combi-pro.com\/wp-content\/uploads\/2024\/05\/68.5-77.6-screenshot-1750416472023-300x128.png\" alt=\"\" width=\"305\" height=\"130\" srcset=\"https:\/\/combi-pro.com\/wp-content\/uploads\/2024\/05\/68.5-77.6-screenshot-1750416472023-300x128.png 300w, https:\/\/combi-pro.com\/wp-content\/uploads\/2024\/05\/68.5-77.6-screenshot-1750416472023-18x8.png 18w, https:\/\/combi-pro.com\/wp-content\/uploads\/2024\/05\/68.5-77.6-screenshot-1750416472023-64x27.png 64w, https:\/\/combi-pro.com\/wp-content\/uploads\/2024\/05\/68.5-77.6-screenshot-1750416472023.png 399w\" sizes=\"(max-width: 305px) 100vw, 305px\" \/> <img decoding=\"async\" class=\"alignnone wp-image-17696\" src=\"https:\/\/combi-pro.com\/wp-content\/uploads\/2025\/05\/screenshot-1749214923473-300x106.png\" alt=\"\" width=\"283\" height=\"100\" srcset=\"https:\/\/combi-pro.com\/wp-content\/uploads\/2025\/05\/screenshot-1749214923473-300x106.png 300w, https:\/\/combi-pro.com\/wp-content\/uploads\/2025\/05\/screenshot-1749214923473-64x23.png 64w, https:\/\/combi-pro.com\/wp-content\/uploads\/2025\/05\/screenshot-1749214923473-18x6.png 18w, https:\/\/combi-pro.com\/wp-content\/uploads\/2025\/05\/screenshot-1749214923473.png 396w\" sizes=\"(max-width: 283px) 100vw, 283px\" \/><\/p>\n<p class=\"\" data-start=\"316\" data-end=\"420\">","protected":false},"featured_media":10116,"template":"","meta":{"site-sidebar-layout":"default","site-content-layout":"","ast-site-content-layout":"default","site-content-style":"default","site-sidebar-style":"default","ast-global-header-display":"","ast-banner-title-visibility":"","ast-main-header-display":"","ast-hfb-above-header-display":"","ast-hfb-below-header-display":"","ast-hfb-mobile-header-display":"","site-post-title":"","ast-breadcrumbs-content":"","ast-featured-img":"","footer-sml-layout":"","ast-disable-related-posts":"","theme-transparent-header-meta":"default","adv-header-id-meta":"","stick-header-meta":"","header-above-stick-meta":"","header-main-stick-meta":"","header-below-stick-meta":"","astra-migrate-meta-layouts":"set","ast-page-background-enabled":"default","ast-page-background-meta":{"desktop":{"background-color":"","background-image":"","background-repeat":"repeat","background-position":"center center","background-size":"auto","background-attachment":"scroll","background-type":"","background-media":"","overlay-type":"","overlay-color":"","overlay-opacity":"","overlay-gradient":""},"tablet":{"background-color":"","background-image":"","background-repeat":"repeat","background-position":"center center","background-size":"auto","background-attachment":"scroll","background-type":"","background-media":"","overlay-type":"","overlay-color":"","overlay-opacity":"","overlay-gradient":""},"mobile":{"background-color":"","background-image":"","background-repeat":"repeat","background-position":"center center","background-size":"auto","background-attachment":"scroll","background-type":"","background-media":"","overlay-type":"","overlay-color":"","overlay-opacity":"","overlay-gradient":""}},"ast-content-background-meta":{"desktop":{"background-color":"var(--ast-global-color-5)","background-image":"","background-repeat":"repeat","background-position":"center center","background-size":"auto","background-attachment":"scroll","background-type":"","background-media":"","overlay-type":"","overlay-color":"","overlay-opacity":"","overlay-gradient":""},"tablet":{"background-color":"var(--ast-global-color-5)","background-image":"","background-repeat":"repeat","background-position":"center center","background-size":"auto","background-attachment":"scroll","background-type":"","background-media":"","overlay-type":"","overlay-color":"","overlay-opacity":"","overlay-gradient":""},"mobile":{"background-color":"var(--ast-global-color-5)","background-image":"","background-repeat":"repeat","background-position":"center center","background-size":"auto","background-attachment":"scroll","background-type":"","background-media":"","overlay-type":"","overlay-color":"","overlay-opacity":"","overlay-gradient":""}}},"product_brand":[442],"product_cat":[67,98,50],"product_tag":[],"class_list":{"0":"post-10113","1":"product","2":"type-product","3":"status-publish","4":"has-post-thumbnail","6":"product_brand-velilla","7":"product_cat-alta-visibilidad","8":"product_cat-forro-polar-alta-visibilidad","9":"product_cat-ropa-profesional","10":"desktop-align-center","11":"tablet-align-left","12":"mobile-align-left","14":"first","15":"outofstock","16":"taxable","17":"shipping-taxable","18":"purchasable","19":"product-type-variable","20":"has-default-attributes"},"_links":{"self":[{"href":"https:\/\/combi-pro.com\/fr\/wp-json\/wp\/v2\/product\/10113","targetHints":{"allow":["GET"]}}],"collection":[{"href":"https:\/\/combi-pro.com\/fr\/wp-json\/wp\/v2\/product"}],"about":[{"href":"https:\/\/combi-pro.com\/fr\/wp-json\/wp\/v2\/types\/product"}],"wp:featuredmedia":[{"embeddable":true,"href":"https:\/\/combi-pro.com\/fr\/wp-json\/wp\/v2\/media\/10116"}],"wp:attachment":[{"href":"https:\/\/combi-pro.com\/fr\/wp-json\/wp\/v2\/media?parent=10113"}],"wp:term":[{"taxonomy":"product_brand","embeddable":true,"href":"https:\/\/combi-pro.com\/fr\/wp-json\/wp\/v2\/product_brand?post=10113"},{"taxonomy":"product_cat","embeddable":true,"href":"https:\/\/combi-pro.com\/fr\/wp-json\/wp\/v2\/product_cat?post=10113"},{"taxonomy":"product_tag","embeddable":true,"href":"https:\/\/combi-pro.com\/fr\/wp-json\/wp\/v2\/product_tag?post=10113"}],"curies":[{"name":"wp","href":"https:\/\/api.w.org\/{rel}","templated":true}]}}