{"id":10122,"date":"2024-05-26T11:08:01","date_gmt":"2024-05-26T09:08:01","guid":{"rendered":"https:\/\/combi-pro.com\/?post_type=product&#038;p=10122"},"modified":"2026-04-13T20:26:08","modified_gmt":"2026-04-13T18:26:08","slug":"301503-veste-polaire-bicolore-av","status":"publish","type":"product","link":"https:\/\/combi-pro.com\/fr\/boutique\/301503-veste-polaire-bicolore-av\/","title":{"rendered":"Veste polaire haute visibilit\u00e9 bicolore avec fermeture \u00e9clair r\u00e9fl\u00e9chissante 301503 | Velilla"},"content":{"rendered":"<div class=\"data item\" role=\"tablist\">\n<div id=\"tab-label-description\" class=\"data item title active\" tabindex=\"0\" role=\"tab\" data-role=\"collapsible\" data-collapsible=\"true\" aria-controls=\"description\" aria-selected=\"false\" aria-expanded=\"true\">\n<p data-start=\"659\" data-end=\"694\"><strong>Caract\u00e9ristiques principales:<\/strong><\/p>\n<ul>\n<li data-start=\"698\" data-end=\"763\">Fermeture centrale \u00e0 glissi\u00e8re pour une utilisation pratique et rapide.<\/li>\n<li data-start=\"766\" data-end=\"870\">Des bandes r\u00e9fl\u00e9chissantes sur le torse et les manches assurent la visibilit\u00e9 dans des conditions de faible luminosit\u00e9.<\/li>\n<li data-start=\"873\" data-end=\"939\">Poignets \u00e9lastiques, offrant un confort thermique et un bon ajustement.<\/li>\n<li data-start=\"942\" data-end=\"1026\">Ourlet r\u00e9glable avec stoppeur, id\u00e9al pour conserver la chaleur et s'adapter au corps.<\/li>\n<li data-start=\"1029\" data-end=\"1140\">Deux poches zipp\u00e9es, fonctionnelles et s\u00e9curis\u00e9es pour ranger des objets personnels ou des outils.<\/li>\n<\/ul>\n<p><strong>Certification:<\/strong><\/p>\n<ul>\n<li data-start=\"1172\" data-end=\"1311\">EN ISO 20471 - Classe 1<\/li>\n<li data-start=\"1172\" data-end=\"1311\">Visibilit\u00e9 de base pour les environnements de travail \u00e0 risque mod\u00e9r\u00e9 tels que les t\u00e2ches urbaines, la logistique ou la maintenance.<\/li>\n<\/ul>\n<p><strong>Tissu:<\/strong><\/p>\n<ul>\n<li>Polyester 100 %<\/li>\n<li>Poids : 250 g\/m\u00b2.<\/li>\n<li>Tissu chaud, l\u00e9ger et respirant, adapt\u00e9 au temps frais et \u00e0 l'usage quotidien.<\/li>\n<\/ul>\n<p><strong>Gamme de produits : <\/strong>De base<\/p>\n<p><strong>Recommandations:<\/strong><\/p>\n<ul>\n<li>Recommand\u00e9 pour les travailleurs ayant besoin de visibilit\u00e9 et de confort thermique dans des secteurs tels que l'entretien urbain, la logistique, les services g\u00e9n\u00e9raux ou les entrep\u00f4ts, en particulier pendant les saisons froides.<\/li>\n<\/ul>\n<\/div>\n<\/div>","protected":false},"excerpt":{"rendered":"<p data-start=\"324\" data-end=\"459\">Veste polaire chaude et l\u00e9g\u00e8re avec bandes r\u00e9fl\u00e9chissantes, design bicolore, deux poches zipp\u00e9es, poignets \u00e9lastiques et ourlet r\u00e9glable.<\/p>\n<p data-start=\"461\" data-end=\"515\"><strong>GUIDE DES TAILLES<\/strong><\/p>\n<p data-start=\"461\" data-end=\"515\"><img decoding=\"async\" class=\"alignnone wp-image-17932\" src=\"https:\/\/combi-pro.com\/wp-content\/uploads\/2024\/05\/71.2-76-screenshot-1750420457826-300x115.png\" alt=\"\" width=\"314\" height=\"120\" srcset=\"https:\/\/combi-pro.com\/wp-content\/uploads\/2024\/05\/71.2-76-screenshot-1750420457826-300x115.png 300w, https:\/\/combi-pro.com\/wp-content\/uploads\/2024\/05\/71.2-76-screenshot-1750420457826-18x7.png 18w, https:\/\/combi-pro.com\/wp-content\/uploads\/2024\/05\/71.2-76-screenshot-1750420457826-64x24.png 64w, https:\/\/combi-pro.com\/wp-content\/uploads\/2024\/05\/71.2-76-screenshot-1750420457826.png 400w\" sizes=\"(max-width: 314px) 100vw, 314px\" \/> <img decoding=\"async\" class=\"alignnone wp-image-17696\" src=\"https:\/\/combi-pro.com\/wp-content\/uploads\/2025\/05\/screenshot-1749214923473-300x106.png\" alt=\"\" width=\"283\" height=\"100\" srcset=\"https:\/\/combi-pro.com\/wp-content\/uploads\/2025\/05\/screenshot-1749214923473-300x106.png 300w, https:\/\/combi-pro.com\/wp-content\/uploads\/2025\/05\/screenshot-1749214923473-64x23.png 64w, https:\/\/combi-pro.com\/wp-content\/uploads\/2025\/05\/screenshot-1749214923473-18x6.png 18w, https:\/\/combi-pro.com\/wp-content\/uploads\/2025\/05\/screenshot-1749214923473.png 396w\" sizes=\"(max-width: 283px) 100vw, 283px\" \/><\/p>\n<p data-start=\"461\" data-end=\"515\">","protected":false},"featured_media":10128,"template":"","meta":{"site-sidebar-layout":"default","site-content-layout":"","ast-site-content-layout":"default","site-content-style":"default","site-sidebar-style":"default","ast-global-header-display":"","ast-banner-title-visibility":"","ast-main-header-display":"","ast-hfb-above-header-display":"","ast-hfb-below-header-display":"","ast-hfb-mobile-header-display":"","site-post-title":"","ast-breadcrumbs-content":"","ast-featured-img":"","footer-sml-layout":"","ast-disable-related-posts":"","theme-transparent-header-meta":"default","adv-header-id-meta":"","stick-header-meta":"","header-above-stick-meta":"","header-main-stick-meta":"","header-below-stick-meta":"","astra-migrate-meta-layouts":"set","ast-page-background-enabled":"default","ast-page-background-meta":{"desktop":{"background-color":"","background-image":"","background-repeat":"repeat","background-position":"center center","background-size":"auto","background-attachment":"scroll","background-type":"","background-media":"","overlay-type":"","overlay-color":"","overlay-opacity":"","overlay-gradient":""},"tablet":{"background-color":"","background-image":"","background-repeat":"repeat","background-position":"center center","background-size":"auto","background-attachment":"scroll","background-type":"","background-media":"","overlay-type":"","overlay-color":"","overlay-opacity":"","overlay-gradient":""},"mobile":{"background-color":"","background-image":"","background-repeat":"repeat","background-position":"center center","background-size":"auto","background-attachment":"scroll","background-type":"","background-media":"","overlay-type":"","overlay-color":"","overlay-opacity":"","overlay-gradient":""}},"ast-content-background-meta":{"desktop":{"background-color":"var(--ast-global-color-5)","background-image":"","background-repeat":"repeat","background-position":"center center","background-size":"auto","background-attachment":"scroll","background-type":"","background-media":"","overlay-type":"","overlay-color":"","overlay-opacity":"","overlay-gradient":""},"tablet":{"background-color":"var(--ast-global-color-5)","background-image":"","background-repeat":"repeat","background-position":"center center","background-size":"auto","background-attachment":"scroll","background-type":"","background-media":"","overlay-type":"","overlay-color":"","overlay-opacity":"","overlay-gradient":""},"mobile":{"background-color":"var(--ast-global-color-5)","background-image":"","background-repeat":"repeat","background-position":"center center","background-size":"auto","background-attachment":"scroll","background-type":"","background-media":"","overlay-type":"","overlay-color":"","overlay-opacity":"","overlay-gradient":""}}},"product_brand":[442],"product_cat":[67,98,50],"product_tag":[],"class_list":{"0":"post-10122","1":"product","2":"type-product","3":"status-publish","4":"has-post-thumbnail","6":"product_brand-velilla","7":"product_cat-alta-visibilidad","8":"product_cat-forro-polar-alta-visibilidad","9":"product_cat-ropa-profesional","10":"desktop-align-center","11":"tablet-align-left","12":"mobile-align-left","14":"first","15":"outofstock","16":"taxable","17":"shipping-taxable","18":"purchasable","19":"product-type-variable","20":"has-default-attributes"},"_links":{"self":[{"href":"https:\/\/combi-pro.com\/fr\/wp-json\/wp\/v2\/product\/10122","targetHints":{"allow":["GET"]}}],"collection":[{"href":"https:\/\/combi-pro.com\/fr\/wp-json\/wp\/v2\/product"}],"about":[{"href":"https:\/\/combi-pro.com\/fr\/wp-json\/wp\/v2\/types\/product"}],"wp:featuredmedia":[{"embeddable":true,"href":"https:\/\/combi-pro.com\/fr\/wp-json\/wp\/v2\/media\/10128"}],"wp:attachment":[{"href":"https:\/\/combi-pro.com\/fr\/wp-json\/wp\/v2\/media?parent=10122"}],"wp:term":[{"taxonomy":"product_brand","embeddable":true,"href":"https:\/\/combi-pro.com\/fr\/wp-json\/wp\/v2\/product_brand?post=10122"},{"taxonomy":"product_cat","embeddable":true,"href":"https:\/\/combi-pro.com\/fr\/wp-json\/wp\/v2\/product_cat?post=10122"},{"taxonomy":"product_tag","embeddable":true,"href":"https:\/\/combi-pro.com\/fr\/wp-json\/wp\/v2\/product_tag?post=10122"}],"curies":[{"name":"wp","href":"https:\/\/api.w.org\/{rel}","templated":true}]}}