{"id":10234,"date":"2024-05-26T13:28:11","date_gmt":"2024-05-26T11:28:11","guid":{"rendered":"https:\/\/combi-pro.com\/?post_type=product&#038;p=10234"},"modified":"2026-04-13T20:26:52","modified_gmt":"2026-04-13T18:26:52","slug":"305612-t-shirt-en-coton-mc-av","status":"publish","type":"product","link":"https:\/\/combi-pro.com\/fr\/boutique\/305612-t-shirt-en-coton-mc-av\/","title":{"rendered":"T-shirt manches courtes en coton haute visibilit\u00e9 305612 | VELILLA"},"content":{"rendered":"<p class=\"\" data-start=\"325\" data-end=\"357\"><strong data-start=\"325\" data-end=\"357\">Caract\u00e9ristiques principales:<\/strong><\/p>\n<ul>\n<li data-start=\"360\" data-end=\"410\">Col rond c\u00f4tel\u00e9, durable et confortable.<\/li>\n<li data-start=\"413\" data-end=\"516\">Bande de couture int\u00e9rieure \u00e0 chevrons pour plus de durabilit\u00e9 et une finition plus nette.<\/li>\n<li data-start=\"519\" data-end=\"619\">Bandes r\u00e9fl\u00e9chissantes sur le torse et les manches pour une excellente visibilit\u00e9 dans des conditions de faible luminosit\u00e9.<\/li>\n<li data-start=\"622\" data-end=\"688\">Design simple et fonctionnel, faisant partie de la gamme Hi Vis Cotton.<\/li>\n<\/ul>\n<p class=\"\" data-start=\"690\" data-end=\"708\"><strong data-start=\"690\" data-end=\"708\">Certification: <\/strong>EN 20471 (Classe 2) : Niveau moyen de haute visibilit\u00e9, id\u00e9al pour les environnements \u00e0 risque mod\u00e9r\u00e9 \u00e0 \u00e9lev\u00e9.<\/p>\n<p class=\"\" data-start=\"820\" data-end=\"831\"><strong data-start=\"820\" data-end=\"831\">Tissu: <\/strong>Piqu\u00e9 : 55% coton - 45% polyester \/ 150 g\/m\u00b2. Tissu respirant, confortable et durable, id\u00e9al pour les climats chauds et les utilisations intensives.<\/p>\n<p class=\"\" data-start=\"971\" data-end=\"1146\"><strong data-start=\"971\" data-end=\"991\">Recommandations:<\/strong> Id\u00e9al pour les travailleurs de la logistique, de la maintenance, de la construction l\u00e9g\u00e8re, des routes, des entrep\u00f4ts et des t\u00e2ches ext\u00e9rieures n\u00e9cessitant des v\u00eatements visibles et respirants.<\/p>\n<p data-start=\"971\" data-end=\"1146\"><img decoding=\"async\" class=\"alignnone wp-image-14962\" src=\"https:\/\/combi-pro.com\/wp-content\/uploads\/2025\/01\/bordado-mukua.jpg\" alt=\"\" width=\"60\" height=\"60\" srcset=\"https:\/\/combi-pro.com\/wp-content\/uploads\/2025\/01\/bordado-mukua.jpg 427w, https:\/\/combi-pro.com\/wp-content\/uploads\/2025\/01\/bordado-mukua-100x100.jpg 100w, https:\/\/combi-pro.com\/wp-content\/uploads\/2025\/01\/bordado-mukua-64x64.jpg 64w, https:\/\/combi-pro.com\/wp-content\/uploads\/2025\/01\/bordado-mukua-300x300.jpg 300w, https:\/\/combi-pro.com\/wp-content\/uploads\/2025\/01\/bordado-mukua-150x150.jpg 150w, https:\/\/combi-pro.com\/wp-content\/uploads\/2025\/01\/bordado-mukua-12x12.jpg 12w\" sizes=\"(max-width: 60px) 100vw, 60px\" \/> <img decoding=\"async\" class=\"alignnone wp-image-14960\" src=\"https:\/\/combi-pro.com\/wp-content\/uploads\/2025\/01\/impresion-mukua-300x300.jpg\" alt=\"\" width=\"60\" height=\"60\" srcset=\"https:\/\/combi-pro.com\/wp-content\/uploads\/2025\/01\/impresion-mukua-300x300.jpg 300w, https:\/\/combi-pro.com\/wp-content\/uploads\/2025\/01\/impresion-mukua-100x100.jpg 100w, https:\/\/combi-pro.com\/wp-content\/uploads\/2025\/01\/impresion-mukua-64x64.jpg 64w, https:\/\/combi-pro.com\/wp-content\/uploads\/2025\/01\/impresion-mukua-150x150.jpg 150w, https:\/\/combi-pro.com\/wp-content\/uploads\/2025\/01\/impresion-mukua-12x12.jpg 12w, https:\/\/combi-pro.com\/wp-content\/uploads\/2025\/01\/impresion-mukua.jpg 427w\" sizes=\"(max-width: 60px) 100vw, 60px\" \/><\/p>","protected":false},"excerpt":{"rendered":"<p class=\"\" data-start=\"259\" data-end=\"422\">T-shirt \u00e0 manches courtes en tissu piqu\u00e9 avec bandes r\u00e9fl\u00e9chissantes. Haute visibilit\u00e9 de classe 2 selon la norme EN 20471. Confort, respirabilit\u00e9 et s\u00e9curit\u00e9 en un seul v\u00eatement.<\/p>\n<p class=\"\" data-start=\"325\" data-end=\"357\"><img decoding=\"async\" class=\"alignnone wp-image-15250\" src=\"https:\/\/combi-pro.com\/wp-content\/uploads\/2024\/05\/en204712-300x285.png\" alt=\"\" width=\"42\" height=\"40\" srcset=\"https:\/\/combi-pro.com\/wp-content\/uploads\/2024\/05\/en204712-300x285.png 300w, https:\/\/combi-pro.com\/wp-content\/uploads\/2024\/05\/en204712-450x428.png 450w, https:\/\/combi-pro.com\/wp-content\/uploads\/2024\/05\/en204712-64x61.png 64w, https:\/\/combi-pro.com\/wp-content\/uploads\/2024\/05\/en204712-13x12.png 13w, https:\/\/combi-pro.com\/wp-content\/uploads\/2024\/05\/en204712.png 516w\" sizes=\"(max-width: 42px) 100vw, 42px\" \/> <img loading=\"lazy\" decoding=\"async\" class=\"alignnone wp-image-15242\" src=\"https:\/\/combi-pro.com\/wp-content\/uploads\/2025\/04\/icon-hivis-cotton.png\" alt=\"\" width=\"115\" height=\"40\" srcset=\"https:\/\/combi-pro.com\/wp-content\/uploads\/2025\/04\/icon-hivis-cotton.png 228w, https:\/\/combi-pro.com\/wp-content\/uploads\/2025\/04\/icon-hivis-cotton-64x22.png 64w, https:\/\/combi-pro.com\/wp-content\/uploads\/2025\/04\/icon-hivis-cotton-18x6.png 18w\" sizes=\"(max-width: 115px) 100vw, 115px\" \/> <img loading=\"lazy\" decoding=\"async\" class=\"alignnone wp-image-15215\" src=\"https:\/\/combi-pro.com\/wp-content\/uploads\/2025\/04\/icon-breathable.png\" alt=\"\" width=\"40\" height=\"40\" srcset=\"https:\/\/combi-pro.com\/wp-content\/uploads\/2025\/04\/icon-breathable.png 134w, https:\/\/combi-pro.com\/wp-content\/uploads\/2025\/04\/icon-breathable-100x100.png 100w, https:\/\/combi-pro.com\/wp-content\/uploads\/2025\/04\/icon-breathable-64x64.png 64w, https:\/\/combi-pro.com\/wp-content\/uploads\/2025\/04\/icon-breathable-12x12.png 12w\" sizes=\"(max-width: 40px) 100vw, 40px\" \/> <img loading=\"lazy\" decoding=\"async\" class=\"alignnone wp-image-15251\" src=\"https:\/\/combi-pro.com\/wp-content\/uploads\/2024\/05\/REFLATEX-300x88.png\" alt=\"\" width=\"136\" height=\"40\" srcset=\"https:\/\/combi-pro.com\/wp-content\/uploads\/2024\/05\/REFLATEX-300x88.png 300w, https:\/\/combi-pro.com\/wp-content\/uploads\/2024\/05\/REFLATEX-450x133.png 450w, https:\/\/combi-pro.com\/wp-content\/uploads\/2024\/05\/REFLATEX-64x19.png 64w, https:\/\/combi-pro.com\/wp-content\/uploads\/2024\/05\/REFLATEX-18x5.png 18w, https:\/\/combi-pro.com\/wp-content\/uploads\/2024\/05\/REFLATEX.png 475w\" sizes=\"(max-width: 136px) 100vw, 136px\" \/><\/p>\n<p><strong>GUIDE DES TAILLES<\/strong><\/p>\n<p><img loading=\"lazy\" decoding=\"async\" class=\"alignnone wp-image-17759\" src=\"https:\/\/combi-pro.com\/wp-content\/uploads\/2024\/05\/68.5-82.5-screenshot-1749944965299-300x129.png\" alt=\"\" width=\"278\" height=\"120\" srcset=\"https:\/\/combi-pro.com\/wp-content\/uploads\/2024\/05\/68.5-82.5-screenshot-1749944965299-300x129.png 300w, https:\/\/combi-pro.com\/wp-content\/uploads\/2024\/05\/68.5-82.5-screenshot-1749944965299-64x28.png 64w, https:\/\/combi-pro.com\/wp-content\/uploads\/2024\/05\/68.5-82.5-screenshot-1749944965299-18x8.png 18w, https:\/\/combi-pro.com\/wp-content\/uploads\/2024\/05\/68.5-82.5-screenshot-1749944965299.png 399w\" sizes=\"(max-width: 278px) 100vw, 278px\" \/> <img loading=\"lazy\" decoding=\"async\" class=\"alignnone wp-image-17696\" src=\"https:\/\/combi-pro.com\/wp-content\/uploads\/2025\/05\/screenshot-1749214923473-300x106.png\" alt=\"\" width=\"226\" height=\"80\" srcset=\"https:\/\/combi-pro.com\/wp-content\/uploads\/2025\/05\/screenshot-1749214923473-300x106.png 300w, https:\/\/combi-pro.com\/wp-content\/uploads\/2025\/05\/screenshot-1749214923473-64x23.png 64w, https:\/\/combi-pro.com\/wp-content\/uploads\/2025\/05\/screenshot-1749214923473-18x6.png 18w, https:\/\/combi-pro.com\/wp-content\/uploads\/2025\/05\/screenshot-1749214923473.png 396w\" sizes=\"(max-width: 226px) 100vw, 226px\" \/><\/p>\n<p>&nbsp;<\/p>","protected":false},"featured_media":10238,"template":"","meta":{"site-sidebar-layout":"default","site-content-layout":"","ast-site-content-layout":"default","site-content-style":"default","site-sidebar-style":"default","ast-global-header-display":"","ast-banner-title-visibility":"","ast-main-header-display":"","ast-hfb-above-header-display":"","ast-hfb-below-header-display":"","ast-hfb-mobile-header-display":"","site-post-title":"","ast-breadcrumbs-content":"","ast-featured-img":"","footer-sml-layout":"","ast-disable-related-posts":"","theme-transparent-header-meta":"default","adv-header-id-meta":"","stick-header-meta":"","header-above-stick-meta":"","header-main-stick-meta":"","header-below-stick-meta":"","astra-migrate-meta-layouts":"set","ast-page-background-enabled":"default","ast-page-background-meta":{"desktop":{"background-color":"","background-image":"","background-repeat":"repeat","background-position":"center center","background-size":"auto","background-attachment":"scroll","background-type":"","background-media":"","overlay-type":"","overlay-color":"","overlay-opacity":"","overlay-gradient":""},"tablet":{"background-color":"","background-image":"","background-repeat":"repeat","background-position":"center center","background-size":"auto","background-attachment":"scroll","background-type":"","background-media":"","overlay-type":"","overlay-color":"","overlay-opacity":"","overlay-gradient":""},"mobile":{"background-color":"","background-image":"","background-repeat":"repeat","background-position":"center center","background-size":"auto","background-attachment":"scroll","background-type":"","background-media":"","overlay-type":"","overlay-color":"","overlay-opacity":"","overlay-gradient":""}},"ast-content-background-meta":{"desktop":{"background-color":"var(--ast-global-color-5)","background-image":"","background-repeat":"repeat","background-position":"center center","background-size":"auto","background-attachment":"scroll","background-type":"","background-media":"","overlay-type":"","overlay-color":"","overlay-opacity":"","overlay-gradient":""},"tablet":{"background-color":"var(--ast-global-color-5)","background-image":"","background-repeat":"repeat","background-position":"center center","background-size":"auto","background-attachment":"scroll","background-type":"","background-media":"","overlay-type":"","overlay-color":"","overlay-opacity":"","overlay-gradient":""},"mobile":{"background-color":"var(--ast-global-color-5)","background-image":"","background-repeat":"repeat","background-position":"center center","background-size":"auto","background-attachment":"scroll","background-type":"","background-media":"","overlay-type":"","overlay-color":"","overlay-opacity":"","overlay-gradient":""}}},"product_brand":[442],"product_cat":[67,95,50],"product_tag":[],"class_list":{"0":"post-10234","1":"product","2":"type-product","3":"status-publish","4":"has-post-thumbnail","6":"product_brand-velilla","7":"product_cat-alta-visibilidad","8":"product_cat-camisetas-alta-visibilidad","9":"product_cat-ropa-profesional","10":"desktop-align-center","11":"tablet-align-left","12":"mobile-align-left","14":"first","15":"instock","16":"taxable","17":"shipping-taxable","18":"purchasable","19":"product-type-variable","20":"has-default-attributes"},"_links":{"self":[{"href":"https:\/\/combi-pro.com\/fr\/wp-json\/wp\/v2\/product\/10234","targetHints":{"allow":["GET"]}}],"collection":[{"href":"https:\/\/combi-pro.com\/fr\/wp-json\/wp\/v2\/product"}],"about":[{"href":"https:\/\/combi-pro.com\/fr\/wp-json\/wp\/v2\/types\/product"}],"wp:featuredmedia":[{"embeddable":true,"href":"https:\/\/combi-pro.com\/fr\/wp-json\/wp\/v2\/media\/10238"}],"wp:attachment":[{"href":"https:\/\/combi-pro.com\/fr\/wp-json\/wp\/v2\/media?parent=10234"}],"wp:term":[{"taxonomy":"product_brand","embeddable":true,"href":"https:\/\/combi-pro.com\/fr\/wp-json\/wp\/v2\/product_brand?post=10234"},{"taxonomy":"product_cat","embeddable":true,"href":"https:\/\/combi-pro.com\/fr\/wp-json\/wp\/v2\/product_cat?post=10234"},{"taxonomy":"product_tag","embeddable":true,"href":"https:\/\/combi-pro.com\/fr\/wp-json\/wp\/v2\/product_tag?post=10234"}],"curies":[{"name":"wp","href":"https:\/\/api.w.org\/{rel}","templated":true}]}}