{"id":10315,"date":"2024-05-26T14:23:12","date_gmt":"2024-05-26T12:23:12","guid":{"rendered":"https:\/\/combi-pro.com\/?post_type=product&#038;p=10315"},"modified":"2026-01-31T17:49:31","modified_gmt":"2026-01-31T16:49:31","slug":"584004-masque-hygienique","status":"publish","type":"product","link":"https:\/\/combi-pro.com\/fr\/boutique\/584004-masque-hygienique\/","title":{"rendered":"Masque hygi\u00e9nique jetable triple couche 584004 | VELILLA"},"content":{"rendered":"<div class=\"data item\" role=\"tablist\">\n<div id=\"tab-label-description\" class=\"data item title active\" tabindex=\"0\" role=\"tab\" data-role=\"collapsible\" data-collapsible=\"true\" aria-controls=\"description\" aria-selected=\"false\" aria-expanded=\"true\">\n<p data-start=\"1222\" data-end=\"1253\"><strong>Caract\u00e9ristiques techniques :<\/strong><\/p>\n<ul>\n<li data-start=\"1257\" data-end=\"1275\">Triple couche :<\/li>\n<li data-start=\"1280\" data-end=\"1309\">2 couches de tissu non tiss\u00e9<\/li>\n<li data-start=\"1314\" data-end=\"1346\">1 couche de tissu fondu souffl\u00e9<\/li>\n<li data-start=\"1349\" data-end=\"1400\">Sangles de fixation pour l'ajustement derri\u00e8re la t\u00eate<\/li>\n<li data-start=\"1403\" data-end=\"1434\">Adaptateur de nez moulable<\/li>\n<li data-start=\"1437\" data-end=\"1481\">3 plis pour une meilleure couverture du visage<\/li>\n<li data-start=\"1484\" data-end=\"1511\">Tissu hypoallerg\u00e9nique<\/li>\n<li data-start=\"1514\" data-end=\"1540\">Usage unique \/ jetable<\/li>\n<li data-start=\"1514\" data-end=\"1540\">1 paquet (500 pi\u00e8ces)<\/li>\n<\/ul>\n<p data-start=\"1547\" data-end=\"1563\"><strong>Tissus :<\/strong><\/p>\n<ul>\n<li data-start=\"1566\" data-end=\"1606\">Tissu non tiss\u00e9 (polypropyl\u00e8ne 100%) :<\/li>\n<li data-start=\"1611\" data-end=\"1639\">Couche ext\u00e9rieure : 40 g\/m\u00b2.<\/li>\n<li data-start=\"1644\" data-end=\"1686\">Couche interm\u00e9diaire (meltblown) : 20 g\/m\u00b2.<\/li>\n<li data-start=\"1691\" data-end=\"1717\">Couche int\u00e9rieure : 15 g\/m\u00b2.<\/li>\n<\/ul>\n<p><strong>Recommandation d'utilisation :<\/strong><\/p>\n<ul>\n<li data-start=\"1753\" data-end=\"1981\">Recommand\u00e9 pour les environnements n\u00e9cessitant un contr\u00f4le d'hygi\u00e8ne de base tels que l'alimentation, le nettoyage, les visites industrielles, la logistique ou les activit\u00e9s publiques o\u00f9 une mesure temporaire de protection respiratoire non m\u00e9dicale est n\u00e9cessaire.<\/li>\n<\/ul>\n<\/div>\n<\/div>","protected":false},"excerpt":{"rendered":"<p class=\"\" data-start=\"210\" data-end=\"346\">Masque hygi\u00e9nique \u00e0 usage unique avec trois couches de protection, sangles de fixation et adaptateur nasal. L\u00e9ger, confortable et hypoallerg\u00e9nique.<\/p>\n<p>&nbsp;<\/p>\n<p>&nbsp;<\/p>","protected":false},"featured_media":10317,"template":"","meta":{"site-sidebar-layout":"default","site-content-layout":"","ast-site-content-layout":"default","site-content-style":"default","site-sidebar-style":"default","ast-global-header-display":"","ast-banner-title-visibility":"","ast-main-header-display":"","ast-hfb-above-header-display":"","ast-hfb-below-header-display":"","ast-hfb-mobile-header-display":"","site-post-title":"","ast-breadcrumbs-content":"","ast-featured-img":"","footer-sml-layout":"","ast-disable-related-posts":"","theme-transparent-header-meta":"default","adv-header-id-meta":"","stick-header-meta":"","header-above-stick-meta":"","header-main-stick-meta":"","header-below-stick-meta":"","astra-migrate-meta-layouts":"set","ast-page-background-enabled":"default","ast-page-background-meta":{"desktop":{"background-color":"","background-image":"","background-repeat":"repeat","background-position":"center center","background-size":"auto","background-attachment":"scroll","background-type":"","background-media":"","overlay-type":"","overlay-color":"","overlay-opacity":"","overlay-gradient":""},"tablet":{"background-color":"","background-image":"","background-repeat":"repeat","background-position":"center center","background-size":"auto","background-attachment":"scroll","background-type":"","background-media":"","overlay-type":"","overlay-color":"","overlay-opacity":"","overlay-gradient":""},"mobile":{"background-color":"","background-image":"","background-repeat":"repeat","background-position":"center center","background-size":"auto","background-attachment":"scroll","background-type":"","background-media":"","overlay-type":"","overlay-color":"","overlay-opacity":"","overlay-gradient":""}},"ast-content-background-meta":{"desktop":{"background-color":"var(--ast-global-color-5)","background-image":"","background-repeat":"repeat","background-position":"center center","background-size":"auto","background-attachment":"scroll","background-type":"","background-media":"","overlay-type":"","overlay-color":"","overlay-opacity":"","overlay-gradient":""},"tablet":{"background-color":"var(--ast-global-color-5)","background-image":"","background-repeat":"repeat","background-position":"center center","background-size":"auto","background-attachment":"scroll","background-type":"","background-media":"","overlay-type":"","overlay-color":"","overlay-opacity":"","overlay-gradient":""},"mobile":{"background-color":"var(--ast-global-color-5)","background-image":"","background-repeat":"repeat","background-position":"center center","background-size":"auto","background-attachment":"scroll","background-type":"","background-media":"","overlay-type":"","overlay-color":"","overlay-opacity":"","overlay-gradient":""}}},"product_brand":[442],"product_cat":[109,122,70,69,50],"product_tag":[],"class_list":{"0":"post-10315","1":"product","2":"type-product","3":"status-publish","4":"has-post-thumbnail","6":"product_brand-velilla","7":"product_cat-complementos-desechables","8":"product_cat-complementos-industria-alimentaria","9":"product_cat-desechables","10":"product_cat-industria-alimentaria","11":"product_cat-ropa-profesional","12":"desktop-align-center","13":"tablet-align-left","14":"mobile-align-left","16":"first","17":"instock","18":"taxable","19":"shipping-taxable","20":"purchasable","21":"product-type-simple"},"_links":{"self":[{"href":"https:\/\/combi-pro.com\/fr\/wp-json\/wp\/v2\/product\/10315","targetHints":{"allow":["GET"]}}],"collection":[{"href":"https:\/\/combi-pro.com\/fr\/wp-json\/wp\/v2\/product"}],"about":[{"href":"https:\/\/combi-pro.com\/fr\/wp-json\/wp\/v2\/types\/product"}],"wp:featuredmedia":[{"embeddable":true,"href":"https:\/\/combi-pro.com\/fr\/wp-json\/wp\/v2\/media\/10317"}],"wp:attachment":[{"href":"https:\/\/combi-pro.com\/fr\/wp-json\/wp\/v2\/media?parent=10315"}],"wp:term":[{"taxonomy":"product_brand","embeddable":true,"href":"https:\/\/combi-pro.com\/fr\/wp-json\/wp\/v2\/product_brand?post=10315"},{"taxonomy":"product_cat","embeddable":true,"href":"https:\/\/combi-pro.com\/fr\/wp-json\/wp\/v2\/product_cat?post=10315"},{"taxonomy":"product_tag","embeddable":true,"href":"https:\/\/combi-pro.com\/fr\/wp-json\/wp\/v2\/product_tag?post=10315"}],"curies":[{"name":"wp","href":"https:\/\/api.w.org\/{rel}","templated":true}]}}