{"id":10318,"date":"2024-05-26T14:27:23","date_gmt":"2024-05-26T12:27:23","guid":{"rendered":"https:\/\/combi-pro.com\/?post_type=product&#038;p=10318"},"modified":"2026-01-22T19:36:12","modified_gmt":"2026-01-22T18:36:12","slug":"254002-capuchon","status":"publish","type":"product","link":"https:\/\/combi-pro.com\/fr\/boutique\/254002-capuchon\/","title":{"rendered":"Casquette \u00e0 visi\u00e8re en serg\u00e9 254002 | VELILLE"},"content":{"rendered":"<div class=\"data item\" role=\"tablist\">\n<div id=\"tab-label-description\" class=\"data item title active\" tabindex=\"0\" role=\"tab\" data-role=\"collapsible\" data-collapsible=\"true\" aria-controls=\"description\" aria-selected=\"false\" aria-expanded=\"true\">\n<p data-start=\"930\" data-end=\"961\"><strong>Caract\u00e9ristiques techniques :<\/strong><\/p>\n<ul>\n<li>Visi\u00e8re rigide pour une protection frontale<\/li>\n<li>Dos \u00e9lastique pour une meilleure adaptabilit\u00e9<\/li>\n<li>Conception l\u00e9g\u00e8re et confortable<\/li>\n<li>Taille unique<\/li>\n<\/ul>\n<p data-start=\"1114\" data-end=\"1130\"><strong>Tissus :<\/strong><\/p>\n<ul>\n<li data-start=\"1133\" data-end=\"1184\">Twill : 65% polyester - 35% coton \/ 190 g\/m\u00b2.<\/li>\n<\/ul>\n<p data-start=\"1191\" data-end=\"1219\"><strong>Recommandation d'utilisation :<\/strong><\/p>\n<ul>\n<li data-start=\"1220\" data-end=\"1395\">Recommand\u00e9 pour le personnel de cuisine, de nettoyage, de restauration, de sant\u00e9, de l'industrie alimentaire ou d'entretien, o\u00f9 l'hygi\u00e8ne, la protection et la pr\u00e9sentation sont essentielles.<\/li>\n<\/ul>\n<\/div>\n<\/div>","protected":false},"excerpt":{"rendered":"<p class=\"\" data-start=\"174\" data-end=\"344\">Casquette de travail avec visi\u00e8re rigide et dos \u00e9lastique pour un ajustement confortable. Id\u00e9ale pour les environnements professionnels o\u00f9 une protection l\u00e9g\u00e8re et une pr\u00e9sentation sont n\u00e9cessaires.<\/p>\n<p>&nbsp;<\/p>\n<p>&nbsp;<\/p>","protected":false},"featured_media":17780,"template":"","meta":{"site-sidebar-layout":"default","site-content-layout":"","ast-site-content-layout":"default","site-content-style":"default","site-sidebar-style":"default","ast-global-header-display":"","ast-banner-title-visibility":"","ast-main-header-display":"","ast-hfb-above-header-display":"","ast-hfb-below-header-display":"","ast-hfb-mobile-header-display":"","site-post-title":"","ast-breadcrumbs-content":"","ast-featured-img":"","footer-sml-layout":"","ast-disable-related-posts":"","theme-transparent-header-meta":"default","adv-header-id-meta":"","stick-header-meta":"","header-above-stick-meta":"","header-main-stick-meta":"","header-below-stick-meta":"","astra-migrate-meta-layouts":"set","ast-page-background-enabled":"default","ast-page-background-meta":{"desktop":{"background-color":"","background-image":"","background-repeat":"repeat","background-position":"center center","background-size":"auto","background-attachment":"scroll","background-type":"","background-media":"","overlay-type":"","overlay-color":"","overlay-opacity":"","overlay-gradient":""},"tablet":{"background-color":"","background-image":"","background-repeat":"repeat","background-position":"center center","background-size":"auto","background-attachment":"scroll","background-type":"","background-media":"","overlay-type":"","overlay-color":"","overlay-opacity":"","overlay-gradient":""},"mobile":{"background-color":"","background-image":"","background-repeat":"repeat","background-position":"center center","background-size":"auto","background-attachment":"scroll","background-type":"","background-media":"","overlay-type":"","overlay-color":"","overlay-opacity":"","overlay-gradient":""}},"ast-content-background-meta":{"desktop":{"background-color":"var(--ast-global-color-5)","background-image":"","background-repeat":"repeat","background-position":"center center","background-size":"auto","background-attachment":"scroll","background-type":"","background-media":"","overlay-type":"","overlay-color":"","overlay-opacity":"","overlay-gradient":""},"tablet":{"background-color":"var(--ast-global-color-5)","background-image":"","background-repeat":"repeat","background-position":"center center","background-size":"auto","background-attachment":"scroll","background-type":"","background-media":"","overlay-type":"","overlay-color":"","overlay-opacity":"","overlay-gradient":""},"mobile":{"background-color":"var(--ast-global-color-5)","background-image":"","background-repeat":"repeat","background-position":"center center","background-size":"auto","background-attachment":"scroll","background-type":"","background-media":"","overlay-type":"","overlay-color":"","overlay-opacity":"","overlay-gradient":""}}},"product_brand":[442],"product_cat":[115,122,72,69,50],"product_tag":[],"class_list":{"0":"post-10318","1":"product","2":"type-product","3":"status-publish","4":"has-post-thumbnail","6":"product_brand-velilla","7":"product_cat-complementos-hosteleria","8":"product_cat-complementos-industria-alimentaria","9":"product_cat-hosteleria","10":"product_cat-industria-alimentaria","11":"product_cat-ropa-profesional","12":"desktop-align-center","13":"tablet-align-left","14":"mobile-align-left","16":"first","17":"instock","18":"taxable","19":"shipping-taxable","20":"purchasable","21":"product-type-simple"},"_links":{"self":[{"href":"https:\/\/combi-pro.com\/fr\/wp-json\/wp\/v2\/product\/10318","targetHints":{"allow":["GET"]}}],"collection":[{"href":"https:\/\/combi-pro.com\/fr\/wp-json\/wp\/v2\/product"}],"about":[{"href":"https:\/\/combi-pro.com\/fr\/wp-json\/wp\/v2\/types\/product"}],"wp:featuredmedia":[{"embeddable":true,"href":"https:\/\/combi-pro.com\/fr\/wp-json\/wp\/v2\/media\/17780"}],"wp:attachment":[{"href":"https:\/\/combi-pro.com\/fr\/wp-json\/wp\/v2\/media?parent=10318"}],"wp:term":[{"taxonomy":"product_brand","embeddable":true,"href":"https:\/\/combi-pro.com\/fr\/wp-json\/wp\/v2\/product_brand?post=10318"},{"taxonomy":"product_cat","embeddable":true,"href":"https:\/\/combi-pro.com\/fr\/wp-json\/wp\/v2\/product_cat?post=10318"},{"taxonomy":"product_tag","embeddable":true,"href":"https:\/\/combi-pro.com\/fr\/wp-json\/wp\/v2\/product_tag?post=10318"}],"curies":[{"name":"wp","href":"https:\/\/api.w.org\/{rel}","templated":true}]}}