{"id":10341,"date":"2024-05-26T16:27:01","date_gmt":"2024-05-26T14:27:01","guid":{"rendered":"https:\/\/combi-pro.com\/?post_type=product&#038;p=10341"},"modified":"2026-05-13T18:24:21","modified_gmt":"2026-05-13T16:24:21","slug":"256002-veste-matelassee","status":"publish","type":"product","link":"https:\/\/combi-pro.com\/fr\/boutique\/256002-veste-matelassee\/","title":{"rendered":"Veste pour temps froid, confort et chaleur 256002 | VELILLA"},"content":{"rendered":"<div class=\"data item\" role=\"tablist\">\n<div id=\"tab-label-description\" class=\"data item title active\" tabindex=\"0\" role=\"tab\" data-role=\"collapsible\" data-collapsible=\"true\" aria-controls=\"description\" aria-selected=\"false\" aria-expanded=\"true\">\n<p data-start=\"1159\" data-end=\"1190\"><strong>Caract\u00e9ristiques techniques :<\/strong><\/p>\n<ul>\n<li data-start=\"1194\" data-end=\"1258\">Fermeture centrale par boutons-pression, dissimul\u00e9e par une patte de boutonnage<\/li>\n<li data-start=\"1261\" data-end=\"1294\">Taille \u00e9lastiqu\u00e9e sur le c\u00f4t\u00e9<\/li>\n<li data-start=\"1297\" data-end=\"1318\">Poignets c\u00f4tel\u00e9s<\/li>\n<li data-start=\"1321\" data-end=\"1365\">1 poche int\u00e9rieure plaqu\u00e9e avec velcro<\/li>\n<\/ul>\n<p><strong>Certifications :<\/strong><\/p>\n<ul>\n<li data-start=\"1397\" data-end=\"1455\">EN 14058 (3\/X\/X\/X\/X) - Protection contre les environnements froids<\/li>\n<\/ul>\n<p><strong>Tissus :<\/strong><\/p>\n<ul>\n<li>Ext\u00e9rieur (serg\u00e9) : 65% polyester - 35% coton \/ 190 g\/m\u00b2.<\/li>\n<li>Doublure : 100% polyester \/ 60 g\/m\u00b2.<\/li>\n<li>Ouate : 100% polyester \/ 150 g\/m\u00b2.<\/li>\n<\/ul>\n<p><strong>Recommandation d'utilisation :<\/strong><\/p>\n<ul>\n<li data-start=\"1657\" data-end=\"1855\">Id\u00e9al pour les professionnels travaillant dans les entrep\u00f4ts frigorifiques, les entrep\u00f4ts logistiques, la distribution du froid, ou \u00e0 l'ext\u00e9rieur \u00e0 basse temp\u00e9rature, garantissant confort thermique et libert\u00e9 de mouvement.<\/li>\n<\/ul>\n<\/div>\n<\/div>","protected":false},"excerpt":{"rendered":"<p class=\"\" data-start=\"228\" data-end=\"375\">Veste thermique avec fermeture par boutons-pression et doublure matelass\u00e9e, con\u00e7ue pour le confort et l'isolation dans les environnements \u00e0 basse temp\u00e9rature.<\/p>\n<p data-start=\"228\" data-end=\"375\"><img decoding=\"async\" class=\"alignnone wp-image-15227\" src=\"https:\/\/combi-pro.com\/wp-content\/uploads\/2025\/04\/icon-3layer.png\" alt=\"\" width=\"40\" height=\"40\" srcset=\"https:\/\/combi-pro.com\/wp-content\/uploads\/2025\/04\/icon-3layer.png 134w, https:\/\/combi-pro.com\/wp-content\/uploads\/2025\/04\/icon-3layer-100x100.png 100w, https:\/\/combi-pro.com\/wp-content\/uploads\/2025\/04\/icon-3layer-64x64.png 64w, https:\/\/combi-pro.com\/wp-content\/uploads\/2025\/04\/icon-3layer-12x12.png 12w\" sizes=\"(max-width: 40px) 100vw, 40px\" \/><\/p>\n<p><strong>GUIDE DES TAILLES\u00a0 \u00a0 \u00a0 \u00a0<\/strong><span style=\"font-size: 16px;\"> \u00a0<\/span><\/p>\n<p><img decoding=\"async\" class=\"alignnone wp-image-17794\" src=\"https:\/\/combi-pro.com\/wp-content\/uploads\/2024\/05\/66.8-76.3-screenshot-1750073978188-300x102.png\" alt=\"\" width=\"294\" height=\"100\" srcset=\"https:\/\/combi-pro.com\/wp-content\/uploads\/2024\/05\/66.8-76.3-screenshot-1750073978188-300x102.png 300w, https:\/\/combi-pro.com\/wp-content\/uploads\/2024\/05\/66.8-76.3-screenshot-1750073978188-64x22.png 64w, https:\/\/combi-pro.com\/wp-content\/uploads\/2024\/05\/66.8-76.3-screenshot-1750073978188-18x6.png 18w, https:\/\/combi-pro.com\/wp-content\/uploads\/2024\/05\/66.8-76.3-screenshot-1750073978188.png 400w\" sizes=\"(max-width: 294px) 100vw, 294px\" \/> <img decoding=\"async\" class=\"alignnone wp-image-17696\" src=\"https:\/\/combi-pro.com\/wp-content\/uploads\/2025\/05\/screenshot-1749214923473-300x106.png\" alt=\"\" width=\"226\" height=\"80\" srcset=\"https:\/\/combi-pro.com\/wp-content\/uploads\/2025\/05\/screenshot-1749214923473-300x106.png 300w, https:\/\/combi-pro.com\/wp-content\/uploads\/2025\/05\/screenshot-1749214923473-64x23.png 64w, https:\/\/combi-pro.com\/wp-content\/uploads\/2025\/05\/screenshot-1749214923473-18x6.png 18w, https:\/\/combi-pro.com\/wp-content\/uploads\/2025\/05\/screenshot-1749214923473.png 396w\" sizes=\"(max-width: 226px) 100vw, 226px\" \/><\/p>\n<p>&nbsp;<\/p>","protected":false},"featured_media":10343,"template":"","meta":{"site-sidebar-layout":"default","site-content-layout":"","ast-site-content-layout":"default","site-content-style":"default","site-sidebar-style":"default","ast-global-header-display":"","ast-banner-title-visibility":"","ast-main-header-display":"","ast-hfb-above-header-display":"","ast-hfb-below-header-display":"","ast-hfb-mobile-header-display":"","site-post-title":"","ast-breadcrumbs-content":"","ast-featured-img":"","footer-sml-layout":"","ast-disable-related-posts":"","theme-transparent-header-meta":"default","adv-header-id-meta":"","stick-header-meta":"","header-above-stick-meta":"","header-main-stick-meta":"","header-below-stick-meta":"","astra-migrate-meta-layouts":"set","ast-page-background-enabled":"default","ast-page-background-meta":{"desktop":{"background-color":"","background-image":"","background-repeat":"repeat","background-position":"center center","background-size":"auto","background-attachment":"scroll","background-type":"","background-media":"","overlay-type":"","overlay-color":"","overlay-opacity":"","overlay-gradient":""},"tablet":{"background-color":"","background-image":"","background-repeat":"repeat","background-position":"center center","background-size":"auto","background-attachment":"scroll","background-type":"","background-media":"","overlay-type":"","overlay-color":"","overlay-opacity":"","overlay-gradient":""},"mobile":{"background-color":"","background-image":"","background-repeat":"repeat","background-position":"center center","background-size":"auto","background-attachment":"scroll","background-type":"","background-media":"","overlay-type":"","overlay-color":"","overlay-opacity":"","overlay-gradient":""}},"ast-content-background-meta":{"desktop":{"background-color":"var(--ast-global-color-5)","background-image":"","background-repeat":"repeat","background-position":"center center","background-size":"auto","background-attachment":"scroll","background-type":"","background-media":"","overlay-type":"","overlay-color":"","overlay-opacity":"","overlay-gradient":""},"tablet":{"background-color":"var(--ast-global-color-5)","background-image":"","background-repeat":"repeat","background-position":"center center","background-size":"auto","background-attachment":"scroll","background-type":"","background-media":"","overlay-type":"","overlay-color":"","overlay-opacity":"","overlay-gradient":""},"mobile":{"background-color":"var(--ast-global-color-5)","background-image":"","background-repeat":"repeat","background-position":"center center","background-size":"auto","background-attachment":"scroll","background-type":"","background-media":"","overlay-type":"","overlay-color":"","overlay-opacity":"","overlay-gradient":""}}},"product_brand":[442],"product_cat":[124,69,50],"product_tag":[],"class_list":{"0":"post-10341","1":"product","2":"type-product","3":"status-publish","4":"has-post-thumbnail","6":"product_brand-velilla","7":"product_cat-cazadoras-industria-alimentaria","8":"product_cat-industria-alimentaria","9":"product_cat-ropa-profesional","10":"desktop-align-center","11":"tablet-align-left","12":"mobile-align-left","14":"first","15":"instock","16":"taxable","17":"shipping-taxable","18":"purchasable","19":"product-type-variable"},"_links":{"self":[{"href":"https:\/\/combi-pro.com\/fr\/wp-json\/wp\/v2\/product\/10341","targetHints":{"allow":["GET"]}}],"collection":[{"href":"https:\/\/combi-pro.com\/fr\/wp-json\/wp\/v2\/product"}],"about":[{"href":"https:\/\/combi-pro.com\/fr\/wp-json\/wp\/v2\/types\/product"}],"wp:featuredmedia":[{"embeddable":true,"href":"https:\/\/combi-pro.com\/fr\/wp-json\/wp\/v2\/media\/10343"}],"wp:attachment":[{"href":"https:\/\/combi-pro.com\/fr\/wp-json\/wp\/v2\/media?parent=10341"}],"wp:term":[{"taxonomy":"product_brand","embeddable":true,"href":"https:\/\/combi-pro.com\/fr\/wp-json\/wp\/v2\/product_brand?post=10341"},{"taxonomy":"product_cat","embeddable":true,"href":"https:\/\/combi-pro.com\/fr\/wp-json\/wp\/v2\/product_cat?post=10341"},{"taxonomy":"product_tag","embeddable":true,"href":"https:\/\/combi-pro.com\/fr\/wp-json\/wp\/v2\/product_tag?post=10341"}],"curies":[{"name":"wp","href":"https:\/\/api.w.org\/{rel}","templated":true}]}}