{"id":10351,"date":"2024-05-26T16:27:39","date_gmt":"2024-05-26T14:27:39","guid":{"rendered":"https:\/\/combi-pro.com\/?post_type=product&#038;p=10351"},"modified":"2026-04-13T20:27:30","modified_gmt":"2026-04-13T18:27:30","slug":"256001-vestes-automatiques","status":"publish","type":"product","link":"https:\/\/combi-pro.com\/fr\/boutique\/256001-vestes-automatiques\/","title":{"rendered":"Veste automatique, confort et protection 256001 | VELILLA"},"content":{"rendered":"<div class=\"data item\" role=\"tablist\">\n<div id=\"tab-label-description\" class=\"data item title active\" tabindex=\"0\" role=\"tab\" data-role=\"collapsible\" data-collapsible=\"true\" aria-controls=\"description\" aria-selected=\"false\" aria-expanded=\"true\">\n<p data-start=\"1122\" data-end=\"1153\"><strong>Caract\u00e9ristiques techniques :<\/strong><\/p>\n<ul>\n<li data-start=\"1157\" data-end=\"1220\">Fermeture centrale avec boutons-pression dissimul\u00e9s et patte de boutonnage<\/li>\n<li data-start=\"1223\" data-end=\"1256\">Taille \u00e9lastiqu\u00e9e sur le c\u00f4t\u00e9<\/li>\n<li data-start=\"1259\" data-end=\"1280\">Poignets c\u00f4tel\u00e9s<\/li>\n<li data-start=\"1283\" data-end=\"1327\">1 poche int\u00e9rieure plaqu\u00e9e avec velcro<\/li>\n<\/ul>\n<p data-start=\"1334\" data-end=\"1348\"><strong>Tissus : <\/strong><\/p>\n<ul>\n<li data-start=\"1334\" data-end=\"1348\">Twill : 65% polyester - 35% coton \/ 190 g\/m\u00b2.<\/li>\n<\/ul>\n<p data-start=\"1407\" data-end=\"1435\"><strong>Recommandation d'utilisation :<\/strong><\/p>\n<ul>\n<li data-start=\"1436\" data-end=\"1629\">Id\u00e9al pour les professionnels de la maintenance, de l'industrie l\u00e9g\u00e8re, de la logistique, du transport, des ateliers et d'autres secteurs o\u00f9 un v\u00eatement fonctionnel, confortable et r\u00e9sistant est n\u00e9cessaire pour le travail quotidien.<\/li>\n<\/ul>\n<\/div>\n<\/div>","protected":false},"excerpt":{"rendered":"<p class=\"\" data-start=\"176\" data-end=\"299\">Veste fonctionnelle avec fermeture par boutons-pression, taille \u00e9lastiqu\u00e9e et tissu r\u00e9sistant. Id\u00e9ale pour le travail de tous les jours.<\/p>\n<p><strong>GUIDE DES TAILLES<\/strong><\/p>\n<p><strong><img decoding=\"async\" class=\"alignnone wp-image-17793\" src=\"https:\/\/combi-pro.com\/wp-content\/uploads\/2024\/05\/64.8-74.3--300x102.png\" alt=\"\" width=\"293\" height=\"100\" srcset=\"https:\/\/combi-pro.com\/wp-content\/uploads\/2024\/05\/64.8-74.3--300x102.png 300w, https:\/\/combi-pro.com\/wp-content\/uploads\/2024\/05\/64.8-74.3--64x22.png 64w, https:\/\/combi-pro.com\/wp-content\/uploads\/2024\/05\/64.8-74.3--18x6.png 18w, https:\/\/combi-pro.com\/wp-content\/uploads\/2024\/05\/64.8-74.3-.png 399w\" sizes=\"(max-width: 293px) 100vw, 293px\" \/> <img decoding=\"async\" class=\"alignnone wp-image-17696\" src=\"https:\/\/combi-pro.com\/wp-content\/uploads\/2025\/05\/screenshot-1749214923473-300x106.png\" alt=\"\" width=\"226\" height=\"80\" srcset=\"https:\/\/combi-pro.com\/wp-content\/uploads\/2025\/05\/screenshot-1749214923473-300x106.png 300w, https:\/\/combi-pro.com\/wp-content\/uploads\/2025\/05\/screenshot-1749214923473-64x23.png 64w, https:\/\/combi-pro.com\/wp-content\/uploads\/2025\/05\/screenshot-1749214923473-18x6.png 18w, https:\/\/combi-pro.com\/wp-content\/uploads\/2025\/05\/screenshot-1749214923473.png 396w\" sizes=\"(max-width: 226px) 100vw, 226px\" \/>\u00a0 \u00a0 \u00a0 \u00a0<\/strong><span style=\"font-size: 16px;\"> \u00a0<\/span><\/p>\n<p>&nbsp;<\/p>","protected":false},"featured_media":10356,"template":"","meta":{"site-sidebar-layout":"default","site-content-layout":"","ast-site-content-layout":"default","site-content-style":"default","site-sidebar-style":"default","ast-global-header-display":"","ast-banner-title-visibility":"","ast-main-header-display":"","ast-hfb-above-header-display":"","ast-hfb-below-header-display":"","ast-hfb-mobile-header-display":"","site-post-title":"","ast-breadcrumbs-content":"","ast-featured-img":"","footer-sml-layout":"","ast-disable-related-posts":"","theme-transparent-header-meta":"default","adv-header-id-meta":"","stick-header-meta":"","header-above-stick-meta":"","header-main-stick-meta":"","header-below-stick-meta":"","astra-migrate-meta-layouts":"set","ast-page-background-enabled":"default","ast-page-background-meta":{"desktop":{"background-color":"","background-image":"","background-repeat":"repeat","background-position":"center center","background-size":"auto","background-attachment":"scroll","background-type":"","background-media":"","overlay-type":"","overlay-color":"","overlay-opacity":"","overlay-gradient":""},"tablet":{"background-color":"","background-image":"","background-repeat":"repeat","background-position":"center center","background-size":"auto","background-attachment":"scroll","background-type":"","background-media":"","overlay-type":"","overlay-color":"","overlay-opacity":"","overlay-gradient":""},"mobile":{"background-color":"","background-image":"","background-repeat":"repeat","background-position":"center center","background-size":"auto","background-attachment":"scroll","background-type":"","background-media":"","overlay-type":"","overlay-color":"","overlay-opacity":"","overlay-gradient":""}},"ast-content-background-meta":{"desktop":{"background-color":"var(--ast-global-color-5)","background-image":"","background-repeat":"repeat","background-position":"center center","background-size":"auto","background-attachment":"scroll","background-type":"","background-media":"","overlay-type":"","overlay-color":"","overlay-opacity":"","overlay-gradient":""},"tablet":{"background-color":"var(--ast-global-color-5)","background-image":"","background-repeat":"repeat","background-position":"center center","background-size":"auto","background-attachment":"scroll","background-type":"","background-media":"","overlay-type":"","overlay-color":"","overlay-opacity":"","overlay-gradient":""},"mobile":{"background-color":"var(--ast-global-color-5)","background-image":"","background-repeat":"repeat","background-position":"center center","background-size":"auto","background-attachment":"scroll","background-type":"","background-media":"","overlay-type":"","overlay-color":"","overlay-opacity":"","overlay-gradient":""}}},"product_brand":[442],"product_cat":[124,69,50],"product_tag":[],"class_list":{"0":"post-10351","1":"product","2":"type-product","3":"status-publish","4":"has-post-thumbnail","6":"product_brand-velilla","7":"product_cat-cazadoras-industria-alimentaria","8":"product_cat-industria-alimentaria","9":"product_cat-ropa-profesional","10":"desktop-align-center","11":"tablet-align-left","12":"mobile-align-left","14":"first","15":"instock","16":"taxable","17":"shipping-taxable","18":"purchasable","19":"product-type-variable","20":"has-default-attributes"},"_links":{"self":[{"href":"https:\/\/combi-pro.com\/fr\/wp-json\/wp\/v2\/product\/10351","targetHints":{"allow":["GET"]}}],"collection":[{"href":"https:\/\/combi-pro.com\/fr\/wp-json\/wp\/v2\/product"}],"about":[{"href":"https:\/\/combi-pro.com\/fr\/wp-json\/wp\/v2\/types\/product"}],"wp:featuredmedia":[{"embeddable":true,"href":"https:\/\/combi-pro.com\/fr\/wp-json\/wp\/v2\/media\/10356"}],"wp:attachment":[{"href":"https:\/\/combi-pro.com\/fr\/wp-json\/wp\/v2\/media?parent=10351"}],"wp:term":[{"taxonomy":"product_brand","embeddable":true,"href":"https:\/\/combi-pro.com\/fr\/wp-json\/wp\/v2\/product_brand?post=10351"},{"taxonomy":"product_cat","embeddable":true,"href":"https:\/\/combi-pro.com\/fr\/wp-json\/wp\/v2\/product_cat?post=10351"},{"taxonomy":"product_tag","embeddable":true,"href":"https:\/\/combi-pro.com\/fr\/wp-json\/wp\/v2\/product_tag?post=10351"}],"curies":[{"name":"wp","href":"https:\/\/api.w.org\/{rel}","templated":true}]}}