{"id":10364,"date":"2024-05-26T16:32:58","date_gmt":"2024-05-26T14:32:58","guid":{"rendered":"https:\/\/combi-pro.com\/?post_type=product&#038;p=10364"},"modified":"2026-04-13T20:27:33","modified_gmt":"2026-04-13T18:27:33","slug":"255901-gilet-matelasse","status":"publish","type":"product","link":"https:\/\/combi-pro.com\/fr\/boutique\/255901-gilet-matelasse\/","title":{"rendered":"Gilet thermique pour environnements froids 255901 | VELILLA"},"content":{"rendered":"<div class=\"data item\" role=\"tablist\">\n<div id=\"tab-label-description\" class=\"data item title active\" tabindex=\"0\" role=\"tab\" data-role=\"collapsible\" data-collapsible=\"true\" aria-controls=\"description\" aria-selected=\"false\" aria-expanded=\"true\">\n<p data-start=\"1134\" data-end=\"1165\"><strong>Caract\u00e9ristiques techniques :<\/strong><\/p>\n<ul>\n<li data-start=\"1169\" data-end=\"1232\">Fermeture centrale avec boutons-pression dissimul\u00e9s et patte de boutonnage<\/li>\n<li data-start=\"1235\" data-end=\"1286\">Taille \u00e9lastiqu\u00e9e sur le c\u00f4t\u00e9 pour un meilleur ajustement<\/li>\n<li data-start=\"1289\" data-end=\"1345\">1 poche int\u00e9rieure plaqu\u00e9e avec fermeture velcro<\/li>\n<li data-start=\"1348\" data-end=\"1382\">Isolation thermique par ouate<\/li>\n<\/ul>\n<p data-start=\"1389\" data-end=\"1413\"><strong>Certifications :<\/strong><\/p>\n<ul data-start=\"1414\" data-end=\"1489\">\n<li class=\"\" data-start=\"1414\" data-end=\"1489\">\n<p class=\"\" data-start=\"1416\" data-end=\"1489\">EN 14058 (3\/X\/X\/X\/X) - Protection contre le froid dans des environnements mod\u00e9r\u00e9s<\/p>\n<\/li>\n<\/ul>\n<p data-start=\"1496\" data-end=\"1512\"><strong>Tissus :<\/strong><\/p>\n<ul>\n<li data-start=\"1515\" data-end=\"1577\">Ext\u00e9rieur : Twill - 65% polyester \/ 35% coton - 190 g\/m\u00b2.<\/li>\n<li data-start=\"1580\" data-end=\"1617\">Doublure : 100% polyester - 60 g\/m\u00b2.<\/li>\n<li data-start=\"1620\" data-end=\"1667\">Ouate (isolation) : 100% polyester - 150 g\/m\u00b2.<\/li>\n<\/ul>\n<p data-start=\"1674\" data-end=\"1702\"><strong>Recommandation d'utilisation :<\/strong><\/p>\n<ul>\n<li data-start=\"1703\" data-end=\"1900\">Id\u00e9al pour les professionnels travaillant \u00e0 l'ext\u00e9rieur ou dans des environnements froids tels que la logistique, la maintenance, l'industrie alimentaire ou les entrep\u00f4ts, o\u00f9 une protection thermique est n\u00e9cessaire sans sacrifier la mobilit\u00e9.<\/li>\n<\/ul>\n<\/div>\n<\/div>","protected":false},"excerpt":{"rendered":"<p class=\"\" data-start=\"197\" data-end=\"338\">Gilet matelass\u00e9 \u00e0 isolation thermique avec fermeture \u00e9clair dissimul\u00e9e, id\u00e9al pour se prot\u00e9ger du froid dans les environnements de travail ext\u00e9rieurs ou mal climatis\u00e9s.<\/p>\n<p data-start=\"197\" data-end=\"338\"><img decoding=\"async\" class=\"alignnone wp-image-15227\" src=\"https:\/\/combi-pro.com\/wp-content\/uploads\/2025\/04\/icon-3layer.png\" alt=\"\" width=\"40\" height=\"40\" srcset=\"https:\/\/combi-pro.com\/wp-content\/uploads\/2025\/04\/icon-3layer.png 134w, https:\/\/combi-pro.com\/wp-content\/uploads\/2025\/04\/icon-3layer-100x100.png 100w, https:\/\/combi-pro.com\/wp-content\/uploads\/2025\/04\/icon-3layer-64x64.png 64w, https:\/\/combi-pro.com\/wp-content\/uploads\/2025\/04\/icon-3layer-12x12.png 12w\" sizes=\"(max-width: 40px) 100vw, 40px\" \/><\/p>\n<p><strong>GUIDE DES TAILLES<\/strong><\/p>\n<p><strong><img decoding=\"async\" class=\"alignnone wp-image-17792\" src=\"https:\/\/combi-pro.com\/wp-content\/uploads\/2024\/05\/70-80-screenshot-1750070151763-300x101.png\" alt=\"\" width=\"296\" height=\"100\" srcset=\"https:\/\/combi-pro.com\/wp-content\/uploads\/2024\/05\/70-80-screenshot-1750070151763-300x101.png 300w, https:\/\/combi-pro.com\/wp-content\/uploads\/2024\/05\/70-80-screenshot-1750070151763-64x22.png 64w, https:\/\/combi-pro.com\/wp-content\/uploads\/2024\/05\/70-80-screenshot-1750070151763-18x6.png 18w, https:\/\/combi-pro.com\/wp-content\/uploads\/2024\/05\/70-80-screenshot-1750070151763.png 400w\" sizes=\"(max-width: 296px) 100vw, 296px\" \/> <img decoding=\"async\" class=\"alignnone wp-image-17696\" src=\"https:\/\/combi-pro.com\/wp-content\/uploads\/2025\/05\/screenshot-1749214923473-300x106.png\" alt=\"\" width=\"226\" height=\"80\" srcset=\"https:\/\/combi-pro.com\/wp-content\/uploads\/2025\/05\/screenshot-1749214923473-300x106.png 300w, https:\/\/combi-pro.com\/wp-content\/uploads\/2025\/05\/screenshot-1749214923473-64x23.png 64w, https:\/\/combi-pro.com\/wp-content\/uploads\/2025\/05\/screenshot-1749214923473-18x6.png 18w, https:\/\/combi-pro.com\/wp-content\/uploads\/2025\/05\/screenshot-1749214923473.png 396w\" sizes=\"(max-width: 226px) 100vw, 226px\" \/>\u00a0 \u00a0 \u00a0 \u00a0<\/strong><span style=\"font-size: 16px;\"> \u00a0<\/span><\/p>\n<p>&nbsp;<\/p>","protected":false},"featured_media":10366,"template":"","meta":{"site-sidebar-layout":"default","site-content-layout":"","ast-site-content-layout":"default","site-content-style":"default","site-sidebar-style":"default","ast-global-header-display":"","ast-banner-title-visibility":"","ast-main-header-display":"","ast-hfb-above-header-display":"","ast-hfb-below-header-display":"","ast-hfb-mobile-header-display":"","site-post-title":"","ast-breadcrumbs-content":"","ast-featured-img":"","footer-sml-layout":"","ast-disable-related-posts":"","theme-transparent-header-meta":"default","adv-header-id-meta":"","stick-header-meta":"","header-above-stick-meta":"","header-main-stick-meta":"","header-below-stick-meta":"","astra-migrate-meta-layouts":"set","ast-page-background-enabled":"default","ast-page-background-meta":{"desktop":{"background-color":"","background-image":"","background-repeat":"repeat","background-position":"center center","background-size":"auto","background-attachment":"scroll","background-type":"","background-media":"","overlay-type":"","overlay-color":"","overlay-opacity":"","overlay-gradient":""},"tablet":{"background-color":"","background-image":"","background-repeat":"repeat","background-position":"center center","background-size":"auto","background-attachment":"scroll","background-type":"","background-media":"","overlay-type":"","overlay-color":"","overlay-opacity":"","overlay-gradient":""},"mobile":{"background-color":"","background-image":"","background-repeat":"repeat","background-position":"center center","background-size":"auto","background-attachment":"scroll","background-type":"","background-media":"","overlay-type":"","overlay-color":"","overlay-opacity":"","overlay-gradient":""}},"ast-content-background-meta":{"desktop":{"background-color":"var(--ast-global-color-5)","background-image":"","background-repeat":"repeat","background-position":"center center","background-size":"auto","background-attachment":"scroll","background-type":"","background-media":"","overlay-type":"","overlay-color":"","overlay-opacity":"","overlay-gradient":""},"tablet":{"background-color":"var(--ast-global-color-5)","background-image":"","background-repeat":"repeat","background-position":"center center","background-size":"auto","background-attachment":"scroll","background-type":"","background-media":"","overlay-type":"","overlay-color":"","overlay-opacity":"","overlay-gradient":""},"mobile":{"background-color":"var(--ast-global-color-5)","background-image":"","background-repeat":"repeat","background-position":"center center","background-size":"auto","background-attachment":"scroll","background-type":"","background-media":"","overlay-type":"","overlay-color":"","overlay-opacity":"","overlay-gradient":""}}},"product_brand":[442],"product_cat":[123,69,50],"product_tag":[],"class_list":{"0":"post-10364","1":"product","2":"type-product","3":"status-publish","4":"has-post-thumbnail","6":"product_brand-velilla","7":"product_cat-chalecos-industria-alimentaria","8":"product_cat-industria-alimentaria","9":"product_cat-ropa-profesional","10":"desktop-align-center","11":"tablet-align-left","12":"mobile-align-left","14":"first","15":"instock","16":"taxable","17":"shipping-taxable","18":"purchasable","19":"product-type-variable"},"_links":{"self":[{"href":"https:\/\/combi-pro.com\/fr\/wp-json\/wp\/v2\/product\/10364","targetHints":{"allow":["GET"]}}],"collection":[{"href":"https:\/\/combi-pro.com\/fr\/wp-json\/wp\/v2\/product"}],"about":[{"href":"https:\/\/combi-pro.com\/fr\/wp-json\/wp\/v2\/types\/product"}],"wp:featuredmedia":[{"embeddable":true,"href":"https:\/\/combi-pro.com\/fr\/wp-json\/wp\/v2\/media\/10366"}],"wp:attachment":[{"href":"https:\/\/combi-pro.com\/fr\/wp-json\/wp\/v2\/media?parent=10364"}],"wp:term":[{"taxonomy":"product_brand","embeddable":true,"href":"https:\/\/combi-pro.com\/fr\/wp-json\/wp\/v2\/product_brand?post=10364"},{"taxonomy":"product_cat","embeddable":true,"href":"https:\/\/combi-pro.com\/fr\/wp-json\/wp\/v2\/product_cat?post=10364"},{"taxonomy":"product_tag","embeddable":true,"href":"https:\/\/combi-pro.com\/fr\/wp-json\/wp\/v2\/product_tag?post=10364"}],"curies":[{"name":"wp","href":"https:\/\/api.w.org\/{rel}","templated":true}]}}