{"id":10373,"date":"2024-05-26T16:37:15","date_gmt":"2024-05-26T14:37:15","guid":{"rendered":"https:\/\/combi-pro.com\/?post_type=product&#038;p=10373"},"modified":"2026-05-13T17:29:58","modified_gmt":"2026-05-13T15:29:58","slug":"253002-pantalon-de-pyjama-matelasse","status":"publish","type":"product","link":"https:\/\/combi-pro.com\/fr\/boutique\/253002-pantalon-de-pyjama-matelasse\/","title":{"rendered":"Pantalon matelass\u00e9 pour environnements froids 253002 | VELILLA"},"content":{"rendered":"<div class=\"data item\" role=\"tablist\">\n<div id=\"tab-label-description\" class=\"data item title active\" tabindex=\"0\" role=\"tab\" data-role=\"collapsible\" data-collapsible=\"true\" aria-controls=\"description\" aria-selected=\"false\" aria-expanded=\"true\">\n<p class=\"\" data-start=\"1111\" data-end=\"1143\"><strong data-start=\"1114\" data-end=\"1143\">Caract\u00e9ristiques techniques :<\/strong><\/p>\n<ul>\n<li data-start=\"1146\" data-end=\"1192\">Verrouillage central avec boutons-pression dissimul\u00e9s<\/li>\n<li data-start=\"1195\" data-end=\"1214\">Taille \u00e9lastiqu\u00e9e<\/li>\n<li data-start=\"1217\" data-end=\"1267\">Poignets int\u00e9rieurs c\u00f4tel\u00e9s \u00e0 l'ourlet du pantalon<\/li>\n<li data-start=\"1270\" data-end=\"1296\">Double couture de s\u00e9curit\u00e9<\/li>\n<li data-start=\"1299\" data-end=\"1376\">1 poche int\u00e9rieure avec velcro, cousue sur le devant de la ceinture<\/li>\n<\/ul>\n<p class=\"\" data-start=\"1378\" data-end=\"1401\"><strong data-start=\"1381\" data-end=\"1401\">Certifications :<\/strong><\/p>\n<ul data-start=\"1402\" data-end=\"1458\">\n<li class=\"\" data-start=\"1402\" data-end=\"1458\">\n<p class=\"\" data-start=\"1404\" data-end=\"1458\">EN 14058 (3\/X\/X\/X\/X) - Protection contre les environnements froids<\/p>\n<\/li>\n<\/ul>\n<p class=\"\" data-start=\"1460\" data-end=\"1475\"><strong data-start=\"1463\" data-end=\"1475\">Tissus :<\/strong><\/p>\n<ul>\n<li data-start=\"1478\" data-end=\"1539\">Ext\u00e9rieur : Twill. 65% polyester - 35% coton \/ 190 g\/m\u00b2.<\/li>\n<li data-start=\"1542\" data-end=\"1579\">Doublure : 100% polyester \/ 60 g\/m\u00b2.<\/li>\n<li data-start=\"1582\" data-end=\"1618\">Ouate : 100% polyester \/ 150 g\/m\u00b2.<\/li>\n<\/ul>\n<p><strong data-start=\"1622\" data-end=\"1647\">Recommandation d'utilisation :<\/strong><\/p>\n<ul>\n<li>Recommand\u00e9 pour les professionnels travaillant dans les chambres froides, les entrep\u00f4ts frigorifiques, la logistique ext\u00e9rieure, l'entretien hivernal et les environnements constamment expos\u00e9s \u00e0 de basses temp\u00e9ratures.<\/li>\n<\/ul>\n<\/div>\n<\/div>","protected":false},"excerpt":{"rendered":"<p class=\"\" data-start=\"184\" data-end=\"348\">Pantalon thermique et imperm\u00e9able avec doublure et ouate, con\u00e7u pour offrir confort et protection pour les travaux expos\u00e9s \u00e0 de basses temp\u00e9ratures.<\/p>\n<p data-start=\"184\" data-end=\"348\"><img decoding=\"async\" class=\"alignnone wp-image-15227\" src=\"https:\/\/combi-pro.com\/wp-content\/uploads\/2025\/04\/icon-3layer.png\" alt=\"\" width=\"40\" height=\"40\" srcset=\"https:\/\/combi-pro.com\/wp-content\/uploads\/2025\/04\/icon-3layer.png 134w, https:\/\/combi-pro.com\/wp-content\/uploads\/2025\/04\/icon-3layer-100x100.png 100w, https:\/\/combi-pro.com\/wp-content\/uploads\/2025\/04\/icon-3layer-64x64.png 64w, https:\/\/combi-pro.com\/wp-content\/uploads\/2025\/04\/icon-3layer-12x12.png 12w\" sizes=\"(max-width: 40px) 100vw, 40px\" \/><\/p>\n<p><strong>GUIDE DES TAILLES\u00a0 \u00a0 \u00a0 \u00a0<\/strong><span style=\"font-size: 16px;\"> \u00a0<\/span><\/p>\n<p><img decoding=\"async\" class=\"alignnone wp-image-17779\" src=\"https:\/\/combi-pro.com\/wp-content\/uploads\/2024\/05\/104-109-screenshot-1750067669186-300x102.png\" alt=\"\" width=\"294\" height=\"100\" srcset=\"https:\/\/combi-pro.com\/wp-content\/uploads\/2024\/05\/104-109-screenshot-1750067669186-300x102.png 300w, https:\/\/combi-pro.com\/wp-content\/uploads\/2024\/05\/104-109-screenshot-1750067669186-64x22.png 64w, https:\/\/combi-pro.com\/wp-content\/uploads\/2024\/05\/104-109-screenshot-1750067669186-18x6.png 18w, https:\/\/combi-pro.com\/wp-content\/uploads\/2024\/05\/104-109-screenshot-1750067669186.png 400w\" sizes=\"(max-width: 294px) 100vw, 294px\" \/> <img decoding=\"async\" class=\"alignnone wp-image-17729\" src=\"https:\/\/combi-pro.com\/wp-content\/uploads\/2024\/05\/screenshot-1749765502228.png\" alt=\"\" width=\"133\" height=\"100\" srcset=\"https:\/\/combi-pro.com\/wp-content\/uploads\/2024\/05\/screenshot-1749765502228.png 292w, https:\/\/combi-pro.com\/wp-content\/uploads\/2024\/05\/screenshot-1749765502228-64x48.png 64w, https:\/\/combi-pro.com\/wp-content\/uploads\/2024\/05\/screenshot-1749765502228-16x12.png 16w\" sizes=\"(max-width: 133px) 100vw, 133px\" \/><\/p>\n<p>&nbsp;<\/p>","protected":false},"featured_media":10375,"template":"","meta":{"site-sidebar-layout":"default","site-content-layout":"","ast-site-content-layout":"default","site-content-style":"default","site-sidebar-style":"default","ast-global-header-display":"","ast-banner-title-visibility":"","ast-main-header-display":"","ast-hfb-above-header-display":"","ast-hfb-below-header-display":"","ast-hfb-mobile-header-display":"","site-post-title":"","ast-breadcrumbs-content":"","ast-featured-img":"","footer-sml-layout":"","ast-disable-related-posts":"","theme-transparent-header-meta":"default","adv-header-id-meta":"","stick-header-meta":"","header-above-stick-meta":"","header-main-stick-meta":"","header-below-stick-meta":"","astra-migrate-meta-layouts":"set","ast-page-background-enabled":"default","ast-page-background-meta":{"desktop":{"background-color":"","background-image":"","background-repeat":"repeat","background-position":"center center","background-size":"auto","background-attachment":"scroll","background-type":"","background-media":"","overlay-type":"","overlay-color":"","overlay-opacity":"","overlay-gradient":""},"tablet":{"background-color":"","background-image":"","background-repeat":"repeat","background-position":"center center","background-size":"auto","background-attachment":"scroll","background-type":"","background-media":"","overlay-type":"","overlay-color":"","overlay-opacity":"","overlay-gradient":""},"mobile":{"background-color":"","background-image":"","background-repeat":"repeat","background-position":"center center","background-size":"auto","background-attachment":"scroll","background-type":"","background-media":"","overlay-type":"","overlay-color":"","overlay-opacity":"","overlay-gradient":""}},"ast-content-background-meta":{"desktop":{"background-color":"var(--ast-global-color-5)","background-image":"","background-repeat":"repeat","background-position":"center center","background-size":"auto","background-attachment":"scroll","background-type":"","background-media":"","overlay-type":"","overlay-color":"","overlay-opacity":"","overlay-gradient":""},"tablet":{"background-color":"var(--ast-global-color-5)","background-image":"","background-repeat":"repeat","background-position":"center center","background-size":"auto","background-attachment":"scroll","background-type":"","background-media":"","overlay-type":"","overlay-color":"","overlay-opacity":"","overlay-gradient":""},"mobile":{"background-color":"var(--ast-global-color-5)","background-image":"","background-repeat":"repeat","background-position":"center center","background-size":"auto","background-attachment":"scroll","background-type":"","background-media":"","overlay-type":"","overlay-color":"","overlay-opacity":"","overlay-gradient":""}}},"product_brand":[442],"product_cat":[69,120,50],"product_tag":[],"class_list":{"0":"post-10373","1":"product","2":"type-product","3":"status-publish","4":"has-post-thumbnail","6":"product_brand-velilla","7":"product_cat-industria-alimentaria","8":"product_cat-pantalones-industria-alimentaria","9":"product_cat-ropa-profesional","10":"desktop-align-center","11":"tablet-align-left","12":"mobile-align-left","14":"first","15":"instock","16":"taxable","17":"shipping-taxable","18":"purchasable","19":"product-type-variable"},"_links":{"self":[{"href":"https:\/\/combi-pro.com\/fr\/wp-json\/wp\/v2\/product\/10373","targetHints":{"allow":["GET"]}}],"collection":[{"href":"https:\/\/combi-pro.com\/fr\/wp-json\/wp\/v2\/product"}],"about":[{"href":"https:\/\/combi-pro.com\/fr\/wp-json\/wp\/v2\/types\/product"}],"wp:featuredmedia":[{"embeddable":true,"href":"https:\/\/combi-pro.com\/fr\/wp-json\/wp\/v2\/media\/10375"}],"wp:attachment":[{"href":"https:\/\/combi-pro.com\/fr\/wp-json\/wp\/v2\/media?parent=10373"}],"wp:term":[{"taxonomy":"product_brand","embeddable":true,"href":"https:\/\/combi-pro.com\/fr\/wp-json\/wp\/v2\/product_brand?post=10373"},{"taxonomy":"product_cat","embeddable":true,"href":"https:\/\/combi-pro.com\/fr\/wp-json\/wp\/v2\/product_cat?post=10373"},{"taxonomy":"product_tag","embeddable":true,"href":"https:\/\/combi-pro.com\/fr\/wp-json\/wp\/v2\/product_tag?post=10373"}],"curies":[{"name":"wp","href":"https:\/\/api.w.org\/{rel}","templated":true}]}}