{"id":10405,"date":"2024-05-28T11:34:20","date_gmt":"2024-05-28T09:34:20","guid":{"rendered":"https:\/\/combi-pro.com\/?post_type=product&#038;p=10405"},"modified":"2026-05-13T17:30:40","modified_gmt":"2026-05-13T15:30:40","slug":"405004s-chemise-oxford-pour-homme-ml","status":"publish","type":"product","link":"https:\/\/combi-pro.com\/fr\/boutique\/405004s-chemise-oxford-pour-homme-ml\/","title":{"rendered":"Chemise h\u00f4tellerie homme oxford stretch \u00e0 manches longues 405004S | VELILLA"},"content":{"rendered":"<div class=\"data item\" role=\"tablist\">\n<div id=\"tab-label-description\" class=\"data item title active\" tabindex=\"0\" role=\"tab\" data-role=\"collapsible\" data-collapsible=\"true\" aria-controls=\"description\" aria-selected=\"false\" aria-expanded=\"true\">\n<p class=\"\" data-start=\"990\" data-end=\"1022\"><strong data-start=\"993\" data-end=\"1022\">Caract\u00e9ristiques techniques :<\/strong><\/p>\n<ul>\n<li data-start=\"1025\" data-end=\"1060\">Fermeture centrale avec rabat anglais<\/li>\n<li data-start=\"1063\" data-end=\"1092\">Col chemise avec boutons<\/li>\n<li data-start=\"1095\" data-end=\"1134\">Poignets arrondis avec fermeture par bouton<\/li>\n<li data-start=\"1137\" data-end=\"1165\">Bouton de rechange inclus<\/li>\n<li data-start=\"1168\" data-end=\"1208\">Clips arri\u00e8re pour un meilleur ajustement<\/li>\n<li data-start=\"1211\" data-end=\"1247\">Tissu extensible pour le confort<\/li>\n<\/ul>\n<p class=\"\" data-start=\"1249\" data-end=\"1264\"><strong data-start=\"1252\" data-end=\"1264\">Tissus :<\/strong><\/p>\n<ul data-start=\"1265\" data-end=\"1330\">\n<li class=\"\" data-start=\"1265\" data-end=\"1330\">\n<p class=\"\" data-start=\"1267\" data-end=\"1330\">Oxford : 50 % coton - 45 % polyester - 5 % \u00e9lasthanne \/ 180 g\/m\u00b2.<\/p>\n<\/li>\n<\/ul>\n<p><strong data-start=\"799\" data-end=\"808\">Gamme :<\/strong> Chambre<\/p>\n<p class=\"\" data-start=\"1332\" data-end=\"1550\"><strong data-start=\"1334\" data-end=\"1359\">Recommandation d'utilisation :<\/strong><\/p>\n<ul>\n<li data-start=\"1332\" data-end=\"1550\">Parfait pour les employ\u00e9s de bureau, les r\u00e9ceptionnistes, le personnel du service client\u00e8le, le personnel de vente ou les professionnels de l'h\u00f4tellerie et de la restauration qui recherchent un v\u00eatement confortable et durable avec de la prestance.<\/li>\n<\/ul>\n<\/div>\n<\/div>","protected":false},"excerpt":{"rendered":"<p data-start=\"254\" data-end=\"436\">Chemise en oxford extensible pour homme, avec col boutonn\u00e9 et coupe ajust\u00e9e. Id\u00e9ale pour le personnel de l'h\u00f4tellerie et de la restauration qui recherche l'\u00e9l\u00e9gance et le confort.<\/p>\n<p><img decoding=\"async\" class=\"alignnone wp-image-15240\" src=\"https:\/\/combi-pro.com\/wp-content\/uploads\/2025\/04\/icon-stretch.png\" alt=\"\" width=\"99\" height=\"40\" srcset=\"https:\/\/combi-pro.com\/wp-content\/uploads\/2025\/04\/icon-stretch.png 228w, https:\/\/combi-pro.com\/wp-content\/uploads\/2025\/04\/icon-stretch-64x26.png 64w, https:\/\/combi-pro.com\/wp-content\/uploads\/2025\/04\/icon-stretch-18x7.png 18w\" sizes=\"(max-width: 99px) 100vw, 99px\" \/><\/p>\n<p><a href=\"https:\/\/combi-pro.com\/wp-content\/uploads\/2025\/04\/Guide-de-taille-Velilla_Partes-Superiores-y-Batas-Homme.jpg\">guide des tailles<\/a><\/p>\n<p>&nbsp;<\/p>","protected":false},"featured_media":16418,"template":"","meta":{"site-sidebar-layout":"default","site-content-layout":"","ast-site-content-layout":"default","site-content-style":"default","site-sidebar-style":"default","ast-global-header-display":"","ast-banner-title-visibility":"","ast-main-header-display":"","ast-hfb-above-header-display":"","ast-hfb-below-header-display":"","ast-hfb-mobile-header-display":"","site-post-title":"","ast-breadcrumbs-content":"","ast-featured-img":"","footer-sml-layout":"","ast-disable-related-posts":"","theme-transparent-header-meta":"default","adv-header-id-meta":"","stick-header-meta":"","header-above-stick-meta":"","header-main-stick-meta":"","header-below-stick-meta":"","astra-migrate-meta-layouts":"set","ast-page-background-enabled":"default","ast-page-background-meta":{"desktop":{"background-color":"","background-image":"","background-repeat":"repeat","background-position":"center center","background-size":"auto","background-attachment":"scroll","background-type":"","background-media":"","overlay-type":"","overlay-color":"","overlay-opacity":"","overlay-gradient":""},"tablet":{"background-color":"","background-image":"","background-repeat":"repeat","background-position":"center center","background-size":"auto","background-attachment":"scroll","background-type":"","background-media":"","overlay-type":"","overlay-color":"","overlay-opacity":"","overlay-gradient":""},"mobile":{"background-color":"","background-image":"","background-repeat":"repeat","background-position":"center center","background-size":"auto","background-attachment":"scroll","background-type":"","background-media":"","overlay-type":"","overlay-color":"","overlay-opacity":"","overlay-gradient":""}},"ast-content-background-meta":{"desktop":{"background-color":"var(--ast-global-color-5)","background-image":"","background-repeat":"repeat","background-position":"center center","background-size":"auto","background-attachment":"scroll","background-type":"","background-media":"","overlay-type":"","overlay-color":"","overlay-opacity":"","overlay-gradient":""},"tablet":{"background-color":"var(--ast-global-color-5)","background-image":"","background-repeat":"repeat","background-position":"center center","background-size":"auto","background-attachment":"scroll","background-type":"","background-media":"","overlay-type":"","overlay-color":"","overlay-opacity":"","overlay-gradient":""},"mobile":{"background-color":"var(--ast-global-color-5)","background-image":"","background-repeat":"repeat","background-position":"center center","background-size":"auto","background-attachment":"scroll","background-type":"","background-media":"","overlay-type":"","overlay-color":"","overlay-opacity":"","overlay-gradient":""}}},"product_brand":[442],"product_cat":[119,72,50],"product_tag":[],"class_list":{"0":"post-10405","1":"product","2":"type-product","3":"status-publish","4":"has-post-thumbnail","6":"product_brand-velilla","7":"product_cat-camisas-hosteleria","8":"product_cat-hosteleria","9":"product_cat-ropa-profesional","10":"desktop-align-center","11":"tablet-align-left","12":"mobile-align-left","14":"first","15":"instock","16":"taxable","17":"shipping-taxable","18":"purchasable","19":"product-type-variable","20":"has-default-attributes"},"_links":{"self":[{"href":"https:\/\/combi-pro.com\/fr\/wp-json\/wp\/v2\/product\/10405","targetHints":{"allow":["GET"]}}],"collection":[{"href":"https:\/\/combi-pro.com\/fr\/wp-json\/wp\/v2\/product"}],"about":[{"href":"https:\/\/combi-pro.com\/fr\/wp-json\/wp\/v2\/types\/product"}],"wp:featuredmedia":[{"embeddable":true,"href":"https:\/\/combi-pro.com\/fr\/wp-json\/wp\/v2\/media\/16418"}],"wp:attachment":[{"href":"https:\/\/combi-pro.com\/fr\/wp-json\/wp\/v2\/media?parent=10405"}],"wp:term":[{"taxonomy":"product_brand","embeddable":true,"href":"https:\/\/combi-pro.com\/fr\/wp-json\/wp\/v2\/product_brand?post=10405"},{"taxonomy":"product_cat","embeddable":true,"href":"https:\/\/combi-pro.com\/fr\/wp-json\/wp\/v2\/product_cat?post=10405"},{"taxonomy":"product_tag","embeddable":true,"href":"https:\/\/combi-pro.com\/fr\/wp-json\/wp\/v2\/product_tag?post=10405"}],"curies":[{"name":"wp","href":"https:\/\/api.w.org\/{rel}","templated":true}]}}