{"id":10410,"date":"2024-05-28T11:38:04","date_gmt":"2024-05-28T09:38:04","guid":{"rendered":"https:\/\/combi-pro.com\/?post_type=product&#038;p=10410"},"modified":"2026-01-30T13:39:03","modified_gmt":"2026-01-30T12:39:03","slug":"405005s-chemise-oxford-ml-femme","status":"publish","type":"product","link":"https:\/\/combi-pro.com\/fr\/boutique\/405005s-chemise-oxford-ml-femme\/","title":{"rendered":"Chemise h\u00f4tellerie \u00e0 manches longues en tissu Oxford extensible femme 405005S | VELILLA"},"content":{"rendered":"<div class=\"data item\" role=\"tablist\">\n<div id=\"tab-label-description\" class=\"data item title active\" tabindex=\"0\" role=\"tab\" data-role=\"collapsible\" data-collapsible=\"true\" aria-controls=\"description\" aria-selected=\"false\" aria-expanded=\"true\">\n<p class=\"\" data-start=\"1026\" data-end=\"1058\"><strong data-start=\"1029\" data-end=\"1058\">Caract\u00e9ristiques techniques :<\/strong><\/p>\n<ul>\n<li data-start=\"1061\" data-end=\"1096\">Fermeture centrale avec rabat anglais<\/li>\n<li data-start=\"1099\" data-end=\"1128\">Col chemise avec boutons<\/li>\n<li data-start=\"1131\" data-end=\"1170\">Poignets arrondis avec fermeture par bouton<\/li>\n<li data-start=\"1173\" data-end=\"1201\">Bouton de rechange inclus<\/li>\n<li data-start=\"1204\" data-end=\"1237\">Clips d'encoche arri\u00e8re<\/li>\n<li data-start=\"1240\" data-end=\"1274\">Tissu extensible pour le confort<\/li>\n<\/ul>\n<p class=\"\" data-start=\"1276\" data-end=\"1291\"><strong data-start=\"1279\" data-end=\"1291\">Tissus :<\/strong><\/p>\n<ul>\n<li class=\"\" data-start=\"1292\" data-end=\"1357\">\n<p class=\"\" data-start=\"1294\" data-end=\"1357\">Oxford : 50 % coton - 45 % polyester - 5 % \u00e9lasthanne \/ 180 g\/m\u00b2.<\/p>\n<\/li>\n<\/ul>\n<p><strong data-start=\"799\" data-end=\"808\">Gamme :<\/strong> Chambre<\/p>\n<p><strong data-start=\"1361\" data-end=\"1386\">Recommandation d'utilisation :<\/strong><\/p>\n<ul>\n<li>Id\u00e9al pour les serveuses, les serveuses, les serveuses ou les r\u00e9ceptionnistes qui recherchent un look professionnel, confortable et attrayant dans le secteur de l'h\u00f4tellerie et de la restauration.<\/li>\n<\/ul>\n<\/div>\n<\/div>","protected":false},"excerpt":{"rendered":"<p data-start=\"251\" data-end=\"425\">Chemise oxford extensible pour femme avec coupe ajust\u00e9e, col boutonn\u00e9 et poignets arrondis. El\u00e9gance et confort pour le secteur de l'h\u00f4tellerie et de la restauration.<\/p>\n<p data-start=\"144\" data-end=\"320\"><img decoding=\"async\" class=\"alignnone wp-image-15240\" src=\"https:\/\/combi-pro.com\/wp-content\/uploads\/2025\/04\/icon-stretch.png\" alt=\"\" width=\"99\" height=\"40\" srcset=\"https:\/\/combi-pro.com\/wp-content\/uploads\/2025\/04\/icon-stretch.png 228w, https:\/\/combi-pro.com\/wp-content\/uploads\/2025\/04\/icon-stretch-64x26.png 64w, https:\/\/combi-pro.com\/wp-content\/uploads\/2025\/04\/icon-stretch-18x7.png 18w\" sizes=\"(max-width: 99px) 100vw, 99px\" \/><\/p>\n<p><a href=\"https:\/\/combi-pro.com\/wp-content\/uploads\/2025\/04\/Guide-de-taille-Velilla_Partes-Superiores-y-Batas-Homme.jpg\">guide des tailles<\/a><\/p>\n<p>&nbsp;<\/p>","protected":false},"featured_media":16431,"template":"","meta":{"site-sidebar-layout":"default","site-content-layout":"","ast-site-content-layout":"default","site-content-style":"default","site-sidebar-style":"default","ast-global-header-display":"","ast-banner-title-visibility":"","ast-main-header-display":"","ast-hfb-above-header-display":"","ast-hfb-below-header-display":"","ast-hfb-mobile-header-display":"","site-post-title":"","ast-breadcrumbs-content":"","ast-featured-img":"","footer-sml-layout":"","ast-disable-related-posts":"","theme-transparent-header-meta":"default","adv-header-id-meta":"","stick-header-meta":"","header-above-stick-meta":"","header-main-stick-meta":"","header-below-stick-meta":"","astra-migrate-meta-layouts":"set","ast-page-background-enabled":"default","ast-page-background-meta":{"desktop":{"background-color":"","background-image":"","background-repeat":"repeat","background-position":"center center","background-size":"auto","background-attachment":"scroll","background-type":"","background-media":"","overlay-type":"","overlay-color":"","overlay-opacity":"","overlay-gradient":""},"tablet":{"background-color":"","background-image":"","background-repeat":"repeat","background-position":"center center","background-size":"auto","background-attachment":"scroll","background-type":"","background-media":"","overlay-type":"","overlay-color":"","overlay-opacity":"","overlay-gradient":""},"mobile":{"background-color":"","background-image":"","background-repeat":"repeat","background-position":"center center","background-size":"auto","background-attachment":"scroll","background-type":"","background-media":"","overlay-type":"","overlay-color":"","overlay-opacity":"","overlay-gradient":""}},"ast-content-background-meta":{"desktop":{"background-color":"var(--ast-global-color-5)","background-image":"","background-repeat":"repeat","background-position":"center center","background-size":"auto","background-attachment":"scroll","background-type":"","background-media":"","overlay-type":"","overlay-color":"","overlay-opacity":"","overlay-gradient":""},"tablet":{"background-color":"var(--ast-global-color-5)","background-image":"","background-repeat":"repeat","background-position":"center center","background-size":"auto","background-attachment":"scroll","background-type":"","background-media":"","overlay-type":"","overlay-color":"","overlay-opacity":"","overlay-gradient":""},"mobile":{"background-color":"var(--ast-global-color-5)","background-image":"","background-repeat":"repeat","background-position":"center center","background-size":"auto","background-attachment":"scroll","background-type":"","background-media":"","overlay-type":"","overlay-color":"","overlay-opacity":"","overlay-gradient":""}}},"product_brand":[442],"product_cat":[119,72,50],"product_tag":[],"class_list":{"0":"post-10410","1":"product","2":"type-product","3":"status-publish","4":"has-post-thumbnail","6":"product_brand-velilla","7":"product_cat-camisas-hosteleria","8":"product_cat-hosteleria","9":"product_cat-ropa-profesional","10":"desktop-align-center","11":"tablet-align-left","12":"mobile-align-left","14":"first","15":"instock","16":"taxable","17":"shipping-taxable","18":"purchasable","19":"product-type-variable","20":"has-default-attributes"},"_links":{"self":[{"href":"https:\/\/combi-pro.com\/fr\/wp-json\/wp\/v2\/product\/10410","targetHints":{"allow":["GET"]}}],"collection":[{"href":"https:\/\/combi-pro.com\/fr\/wp-json\/wp\/v2\/product"}],"about":[{"href":"https:\/\/combi-pro.com\/fr\/wp-json\/wp\/v2\/types\/product"}],"wp:featuredmedia":[{"embeddable":true,"href":"https:\/\/combi-pro.com\/fr\/wp-json\/wp\/v2\/media\/16431"}],"wp:attachment":[{"href":"https:\/\/combi-pro.com\/fr\/wp-json\/wp\/v2\/media?parent=10410"}],"wp:term":[{"taxonomy":"product_brand","embeddable":true,"href":"https:\/\/combi-pro.com\/fr\/wp-json\/wp\/v2\/product_brand?post=10410"},{"taxonomy":"product_cat","embeddable":true,"href":"https:\/\/combi-pro.com\/fr\/wp-json\/wp\/v2\/product_cat?post=10410"},{"taxonomy":"product_tag","embeddable":true,"href":"https:\/\/combi-pro.com\/fr\/wp-json\/wp\/v2\/product_tag?post=10410"}],"curies":[{"name":"wp","href":"https:\/\/api.w.org\/{rel}","templated":true}]}}