{"id":10415,"date":"2024-05-28T11:46:55","date_gmt":"2024-05-28T09:46:55","guid":{"rendered":"https:\/\/combi-pro.com\/?post_type=product&#038;p=10415"},"modified":"2026-05-08T22:26:58","modified_gmt":"2026-05-08T20:26:58","slug":"405006s-chemise-en-denim-pour-hommes-ml","status":"publish","type":"product","link":"https:\/\/combi-pro.com\/fr\/boutique\/405006s-chemise-en-denim-pour-hommes-ml\/","title":{"rendered":"Chemise h\u00f4tellerie en denim extensible \u00e0 manches longues homme 405006S | VELILLA"},"content":{"rendered":"<div class=\"data item\" role=\"tablist\">\n<div id=\"tab-label-description\" class=\"data item title active\" tabindex=\"0\" role=\"tab\" data-role=\"collapsible\" data-collapsible=\"true\" aria-controls=\"description\" aria-selected=\"false\" aria-expanded=\"true\">\n<p class=\"\" data-start=\"1012\" data-end=\"1044\"><strong data-start=\"1015\" data-end=\"1044\">Caract\u00e9ristiques techniques :<\/strong><\/p>\n<ul>\n<li data-start=\"1047\" data-end=\"1082\">Fermeture centrale avec rabat anglais<\/li>\n<li data-start=\"1085\" data-end=\"1118\">Col chemise \u00e0 l'italienne<\/li>\n<li data-start=\"1121\" data-end=\"1149\">Arcade avant et arri\u00e8re<\/li>\n<li data-start=\"1152\" data-end=\"1203\">Poignets coup\u00e9s avec fermeture \u00e0 bouton (2 positions)<\/li>\n<li data-start=\"1206\" data-end=\"1234\">Bouton de rechange inclus<\/li>\n<li data-start=\"1237\" data-end=\"1281\">Deux poches plaqu\u00e9es avec rabat et bouton<\/li>\n<li data-start=\"1284\" data-end=\"1318\">Tissu extensible pour le confort<\/li>\n<\/ul>\n<p class=\"\" data-start=\"1320\" data-end=\"1335\"><strong data-start=\"1323\" data-end=\"1335\">Tissus :<\/strong><\/p>\n<ul data-start=\"1336\" data-end=\"1391\">\n<li class=\"\" data-start=\"1336\" data-end=\"1391\">\n<p class=\"\" data-start=\"1338\" data-end=\"1391\">Denim stretch : 98 % coton - 2 % \u00e9lasthanne \/ 180 g\/m\u00b2.<\/p>\n<\/li>\n<\/ul>\n<p><strong data-start=\"799\" data-end=\"808\">Gamme :<\/strong> Chambre<\/p>\n<p class=\"\" data-start=\"1393\" data-end=\"1568\"><strong data-start=\"1395\" data-end=\"1420\">Recommandation d'utilisation :<\/strong><\/p>\n<ul>\n<li data-start=\"1393\" data-end=\"1568\">Id\u00e9al pour les professionnels de la cr\u00e9ation, de la vente au d\u00e9tail, de l'h\u00f4tellerie ou du service \u00e0 la client\u00e8le qui souhaitent un v\u00eatement fonctionnel, confortable et \u00e9l\u00e9gant.<\/li>\n<\/ul>\n<\/div>\n<\/div>","protected":false},"excerpt":{"rendered":"<p data-start=\"239\" data-end=\"397\">Chemise en denim \u00e0 manches longues en tissu extensible. Id\u00e9ale pour un look moderne et professionnel dans les environnements d'accueil.<\/p>\n<p><img decoding=\"async\" class=\"alignnone wp-image-15239\" src=\"https:\/\/combi-pro.com\/wp-content\/uploads\/2025\/04\/icon-stretch-cotton.png\" alt=\"\" width=\"75\" height=\"40\" srcset=\"https:\/\/combi-pro.com\/wp-content\/uploads\/2025\/04\/icon-stretch-cotton.png 228w, https:\/\/combi-pro.com\/wp-content\/uploads\/2025\/04\/icon-stretch-cotton-64x34.png 64w, https:\/\/combi-pro.com\/wp-content\/uploads\/2025\/04\/icon-stretch-cotton-18x10.png 18w\" sizes=\"(max-width: 75px) 100vw, 75px\" \/><\/p>\n<p><a href=\"https:\/\/combi-pro.com\/wp-content\/uploads\/2025\/04\/Guide-de-taille-Velilla_Partes-Superiores-y-Batas-Homme.jpg\">guide des tailles<\/a><\/p>\n<p>&nbsp;<\/p>","protected":false},"featured_media":10417,"template":"","meta":{"site-sidebar-layout":"default","site-content-layout":"","ast-site-content-layout":"default","site-content-style":"default","site-sidebar-style":"default","ast-global-header-display":"","ast-banner-title-visibility":"","ast-main-header-display":"","ast-hfb-above-header-display":"","ast-hfb-below-header-display":"","ast-hfb-mobile-header-display":"","site-post-title":"","ast-breadcrumbs-content":"","ast-featured-img":"","footer-sml-layout":"","ast-disable-related-posts":"","theme-transparent-header-meta":"default","adv-header-id-meta":"","stick-header-meta":"","header-above-stick-meta":"","header-main-stick-meta":"","header-below-stick-meta":"","astra-migrate-meta-layouts":"set","ast-page-background-enabled":"default","ast-page-background-meta":{"desktop":{"background-color":"","background-image":"","background-repeat":"repeat","background-position":"center center","background-size":"auto","background-attachment":"scroll","background-type":"","background-media":"","overlay-type":"","overlay-color":"","overlay-opacity":"","overlay-gradient":""},"tablet":{"background-color":"","background-image":"","background-repeat":"repeat","background-position":"center center","background-size":"auto","background-attachment":"scroll","background-type":"","background-media":"","overlay-type":"","overlay-color":"","overlay-opacity":"","overlay-gradient":""},"mobile":{"background-color":"","background-image":"","background-repeat":"repeat","background-position":"center center","background-size":"auto","background-attachment":"scroll","background-type":"","background-media":"","overlay-type":"","overlay-color":"","overlay-opacity":"","overlay-gradient":""}},"ast-content-background-meta":{"desktop":{"background-color":"var(--ast-global-color-5)","background-image":"","background-repeat":"repeat","background-position":"center center","background-size":"auto","background-attachment":"scroll","background-type":"","background-media":"","overlay-type":"","overlay-color":"","overlay-opacity":"","overlay-gradient":""},"tablet":{"background-color":"var(--ast-global-color-5)","background-image":"","background-repeat":"repeat","background-position":"center center","background-size":"auto","background-attachment":"scroll","background-type":"","background-media":"","overlay-type":"","overlay-color":"","overlay-opacity":"","overlay-gradient":""},"mobile":{"background-color":"var(--ast-global-color-5)","background-image":"","background-repeat":"repeat","background-position":"center center","background-size":"auto","background-attachment":"scroll","background-type":"","background-media":"","overlay-type":"","overlay-color":"","overlay-opacity":"","overlay-gradient":""}}},"product_brand":[442],"product_cat":[119,72,50],"product_tag":[],"class_list":{"0":"post-10415","1":"product","2":"type-product","3":"status-publish","4":"has-post-thumbnail","6":"product_brand-velilla","7":"product_cat-camisas-hosteleria","8":"product_cat-hosteleria","9":"product_cat-ropa-profesional","10":"desktop-align-center","11":"tablet-align-left","12":"mobile-align-left","14":"first","15":"instock","16":"taxable","17":"shipping-taxable","18":"purchasable","19":"product-type-variable"},"_links":{"self":[{"href":"https:\/\/combi-pro.com\/fr\/wp-json\/wp\/v2\/product\/10415","targetHints":{"allow":["GET"]}}],"collection":[{"href":"https:\/\/combi-pro.com\/fr\/wp-json\/wp\/v2\/product"}],"about":[{"href":"https:\/\/combi-pro.com\/fr\/wp-json\/wp\/v2\/types\/product"}],"wp:featuredmedia":[{"embeddable":true,"href":"https:\/\/combi-pro.com\/fr\/wp-json\/wp\/v2\/media\/10417"}],"wp:attachment":[{"href":"https:\/\/combi-pro.com\/fr\/wp-json\/wp\/v2\/media?parent=10415"}],"wp:term":[{"taxonomy":"product_brand","embeddable":true,"href":"https:\/\/combi-pro.com\/fr\/wp-json\/wp\/v2\/product_brand?post=10415"},{"taxonomy":"product_cat","embeddable":true,"href":"https:\/\/combi-pro.com\/fr\/wp-json\/wp\/v2\/product_cat?post=10415"},{"taxonomy":"product_tag","embeddable":true,"href":"https:\/\/combi-pro.com\/fr\/wp-json\/wp\/v2\/product_tag?post=10415"}],"curies":[{"name":"wp","href":"https:\/\/api.w.org\/{rel}","templated":true}]}}