{"id":10418,"date":"2024-05-28T11:47:31","date_gmt":"2024-05-28T09:47:31","guid":{"rendered":"https:\/\/combi-pro.com\/?post_type=product&#038;p=10418"},"modified":"2026-05-02T19:50:10","modified_gmt":"2026-05-02T17:50:10","slug":"405007s-chemise-en-jean-ml-femme","status":"publish","type":"product","link":"https:\/\/combi-pro.com\/fr\/boutique\/405007s-chemise-en-jean-ml-femme\/","title":{"rendered":"Chemise h\u00f4tellerie en denim extensible \u00e0 manches longues femme 405007S | VELILLA"},"content":{"rendered":"<div class=\"data item\" role=\"tablist\">\n<div id=\"tab-label-description\" class=\"data item title active\" tabindex=\"0\" role=\"tab\" data-role=\"collapsible\" data-collapsible=\"true\" aria-controls=\"description\" aria-selected=\"false\" aria-expanded=\"true\">\n<p class=\"\" data-start=\"1010\" data-end=\"1042\"><strong data-start=\"1013\" data-end=\"1042\">Caract\u00e9ristiques techniques :<\/strong><\/p>\n<ul>\n<li data-start=\"1045\" data-end=\"1080\">Fermeture centrale avec rabat anglais<\/li>\n<li data-start=\"1083\" data-end=\"1116\">Col chemise \u00e0 l'italienne<\/li>\n<li data-start=\"1119\" data-end=\"1147\">Arcade avant et arri\u00e8re<\/li>\n<li data-start=\"1150\" data-end=\"1188\">Pinces de poitrine et de dos<\/li>\n<li data-start=\"1191\" data-end=\"1242\">Poignets coup\u00e9s avec fermeture \u00e0 bouton (2 positions)<\/li>\n<li data-start=\"1245\" data-end=\"1273\">Bouton de rechange inclus<\/li>\n<li data-start=\"1276\" data-end=\"1320\">Deux poches plaqu\u00e9es avec rabat et bouton<\/li>\n<li data-start=\"1323\" data-end=\"1359\">Tissu extensible pour le confort<\/li>\n<\/ul>\n<p class=\"\" data-start=\"1361\" data-end=\"1376\"><strong data-start=\"1364\" data-end=\"1376\">Tissus :<\/strong><\/p>\n<ul data-start=\"1377\" data-end=\"1432\">\n<li class=\"\" data-start=\"1377\" data-end=\"1432\">\n<p class=\"\" data-start=\"1379\" data-end=\"1432\">Denim stretch : 98 % coton - 2 % \u00e9lasthanne \/ 180 g\/m\u00b2.<\/p>\n<\/li>\n<\/ul>\n<p><strong data-start=\"799\" data-end=\"808\">Gamme :<\/strong> Chambre<\/p>\n<p class=\"\" data-start=\"1434\" data-end=\"1620\"><strong data-start=\"1436\" data-end=\"1461\">Recommandation d'utilisation :<\/strong><\/p>\n<ul>\n<li data-start=\"1434\" data-end=\"1620\">Id\u00e9al pour les professionnels de la vente au d\u00e9tail, de l'h\u00f4tellerie, du service \u00e0 la client\u00e8le ou de tout autre environnement n\u00e9cessitant un v\u00eatement fonctionnel avec une touche de modernit\u00e9 et de f\u00e9minit\u00e9.<\/li>\n<\/ul>\n<\/div>\n<\/div>","protected":false},"excerpt":{"rendered":"<p data-start=\"244\" data-end=\"395\">Chemise en denim ajust\u00e9e avec tissu extensible et poches sur le devant. Id\u00e9ale pour le personnel f\u00e9minin de l'industrie h\u00f4teli\u00e8re.<\/p>\n<p><img decoding=\"async\" class=\"alignnone wp-image-15239\" src=\"https:\/\/combi-pro.com\/wp-content\/uploads\/2025\/04\/icon-stretch-cotton.png\" alt=\"\" width=\"75\" height=\"40\" srcset=\"https:\/\/combi-pro.com\/wp-content\/uploads\/2025\/04\/icon-stretch-cotton.png 228w, https:\/\/combi-pro.com\/wp-content\/uploads\/2025\/04\/icon-stretch-cotton-64x34.png 64w, https:\/\/combi-pro.com\/wp-content\/uploads\/2025\/04\/icon-stretch-cotton-18x10.png 18w\" sizes=\"(max-width: 75px) 100vw, 75px\" \/><\/p>\n<p><a href=\"https:\/\/combi-pro.com\/wp-content\/uploads\/2025\/04\/Guide-de-taille-Velilla_Partes-Superiores-y-Batas-Homme.jpg\">guide des tailles<\/a><\/p>\n<p>&nbsp;<\/p>","protected":false},"featured_media":10420,"template":"","meta":{"site-sidebar-layout":"default","site-content-layout":"","ast-site-content-layout":"default","site-content-style":"default","site-sidebar-style":"default","ast-global-header-display":"","ast-banner-title-visibility":"","ast-main-header-display":"","ast-hfb-above-header-display":"","ast-hfb-below-header-display":"","ast-hfb-mobile-header-display":"","site-post-title":"","ast-breadcrumbs-content":"","ast-featured-img":"","footer-sml-layout":"","ast-disable-related-posts":"","theme-transparent-header-meta":"default","adv-header-id-meta":"","stick-header-meta":"","header-above-stick-meta":"","header-main-stick-meta":"","header-below-stick-meta":"","astra-migrate-meta-layouts":"set","ast-page-background-enabled":"default","ast-page-background-meta":{"desktop":{"background-color":"","background-image":"","background-repeat":"repeat","background-position":"center center","background-size":"auto","background-attachment":"scroll","background-type":"","background-media":"","overlay-type":"","overlay-color":"","overlay-opacity":"","overlay-gradient":""},"tablet":{"background-color":"","background-image":"","background-repeat":"repeat","background-position":"center center","background-size":"auto","background-attachment":"scroll","background-type":"","background-media":"","overlay-type":"","overlay-color":"","overlay-opacity":"","overlay-gradient":""},"mobile":{"background-color":"","background-image":"","background-repeat":"repeat","background-position":"center center","background-size":"auto","background-attachment":"scroll","background-type":"","background-media":"","overlay-type":"","overlay-color":"","overlay-opacity":"","overlay-gradient":""}},"ast-content-background-meta":{"desktop":{"background-color":"var(--ast-global-color-5)","background-image":"","background-repeat":"repeat","background-position":"center center","background-size":"auto","background-attachment":"scroll","background-type":"","background-media":"","overlay-type":"","overlay-color":"","overlay-opacity":"","overlay-gradient":""},"tablet":{"background-color":"var(--ast-global-color-5)","background-image":"","background-repeat":"repeat","background-position":"center center","background-size":"auto","background-attachment":"scroll","background-type":"","background-media":"","overlay-type":"","overlay-color":"","overlay-opacity":"","overlay-gradient":""},"mobile":{"background-color":"var(--ast-global-color-5)","background-image":"","background-repeat":"repeat","background-position":"center center","background-size":"auto","background-attachment":"scroll","background-type":"","background-media":"","overlay-type":"","overlay-color":"","overlay-opacity":"","overlay-gradient":""}}},"product_brand":[442],"product_cat":[119,72,50],"product_tag":[],"class_list":{"0":"post-10418","1":"product","2":"type-product","3":"status-publish","4":"has-post-thumbnail","6":"product_brand-velilla","7":"product_cat-camisas-hosteleria","8":"product_cat-hosteleria","9":"product_cat-ropa-profesional","10":"desktop-align-center","11":"tablet-align-left","12":"mobile-align-left","14":"first","15":"instock","16":"taxable","17":"shipping-taxable","18":"purchasable","19":"product-type-variable"},"_links":{"self":[{"href":"https:\/\/combi-pro.com\/fr\/wp-json\/wp\/v2\/product\/10418","targetHints":{"allow":["GET"]}}],"collection":[{"href":"https:\/\/combi-pro.com\/fr\/wp-json\/wp\/v2\/product"}],"about":[{"href":"https:\/\/combi-pro.com\/fr\/wp-json\/wp\/v2\/types\/product"}],"wp:featuredmedia":[{"embeddable":true,"href":"https:\/\/combi-pro.com\/fr\/wp-json\/wp\/v2\/media\/10420"}],"wp:attachment":[{"href":"https:\/\/combi-pro.com\/fr\/wp-json\/wp\/v2\/media?parent=10418"}],"wp:term":[{"taxonomy":"product_brand","embeddable":true,"href":"https:\/\/combi-pro.com\/fr\/wp-json\/wp\/v2\/product_brand?post=10418"},{"taxonomy":"product_cat","embeddable":true,"href":"https:\/\/combi-pro.com\/fr\/wp-json\/wp\/v2\/product_cat?post=10418"},{"taxonomy":"product_tag","embeddable":true,"href":"https:\/\/combi-pro.com\/fr\/wp-json\/wp\/v2\/product_tag?post=10418"}],"curies":[{"name":"wp","href":"https:\/\/api.w.org\/{rel}","templated":true}]}}