{"id":10428,"date":"2024-05-28T12:02:49","date_gmt":"2024-05-28T10:02:49","guid":{"rendered":"https:\/\/combi-pro.com\/?post_type=product&#038;p=10428"},"modified":"2026-04-13T20:28:17","modified_gmt":"2026-04-13T18:28:17","slug":"405009-chemise-ml-pour-hommes","status":"publish","type":"product","link":"https:\/\/combi-pro.com\/fr\/boutique\/405009-chemise-ml-pour-hommes\/","title":{"rendered":"Chemise h\u00f4tellerie \u00e0 manches longues homme 405009 | VELILLA"},"content":{"rendered":"<div class=\"data item\" role=\"tablist\">\n<div id=\"tab-label-description\" class=\"data item title active\" tabindex=\"0\" role=\"tab\" data-role=\"collapsible\" data-collapsible=\"true\" aria-controls=\"description\" aria-selected=\"false\" aria-expanded=\"true\">\n<p data-start=\"569\" data-end=\"601\"><strong data-start=\"572\" data-end=\"601\">Caract\u00e9ristiques techniques :<\/strong><\/p>\n<ul>\n<li data-start=\"605\" data-end=\"640\">Fermeture centrale avec rabat anglais<\/li>\n<li data-start=\"643\" data-end=\"692\">Col de chemise italien renforc\u00e9 par des baleines<\/li>\n<li data-start=\"695\" data-end=\"717\">Empi\u00e8cement au dos<\/li>\n<li data-start=\"720\" data-end=\"754\">Poignet coup\u00e9 avec fermeture \u00e0 bouton<\/li>\n<li data-start=\"757\" data-end=\"785\">Bouton de rechange inclus<\/li>\n<\/ul>\n<p data-start=\"787\" data-end=\"810\"><strong data-start=\"790\" data-end=\"799\">Gamme : <\/strong>Chambre<\/p>\n<p data-start=\"812\" data-end=\"828\"><strong data-start=\"815\" data-end=\"826\">Tissu:<\/strong><\/p>\n<ul>\n<li data-start=\"831\" data-end=\"873\">Popeline : 65% polyester - 35% coton<\/li>\n<li data-start=\"876\" data-end=\"899\">Poids : 115 g\/m\u00b2.<\/li>\n<\/ul>\n<p data-start=\"901\" data-end=\"1056\"><strong data-start=\"903\" data-end=\"928\">Recommandation d'utilisation :<\/strong><\/p>\n<ul>\n<li data-start=\"901\" data-end=\"1056\">Id\u00e9al pour les serveurs, les serveuses et les r\u00e9ceptionnistes qui ont besoin d'un v\u00eatement formel, l\u00e9ger et durable \u00e0 porter tous les jours.<\/li>\n<\/ul>\n<\/div>\n<\/div>","protected":false},"excerpt":{"rendered":"<p data-start=\"233\" data-end=\"377\">Chemise \u00e0 manches longues en popeline. Design classique et \u00e9l\u00e9gant, id\u00e9al pour le personnel de restauration.<\/p>\n<p><a href=\"https:\/\/combi-pro.com\/wp-content\/uploads\/2025\/04\/Guide-de-taille-Velilla_Partes-Superiores-y-Batas-Homme.jpg\">guide des tailles<\/a><\/p>\n<p>&nbsp;<\/p>","protected":false},"featured_media":10434,"template":"","meta":{"site-sidebar-layout":"default","site-content-layout":"","ast-site-content-layout":"default","site-content-style":"default","site-sidebar-style":"default","ast-global-header-display":"","ast-banner-title-visibility":"","ast-main-header-display":"","ast-hfb-above-header-display":"","ast-hfb-below-header-display":"","ast-hfb-mobile-header-display":"","site-post-title":"","ast-breadcrumbs-content":"","ast-featured-img":"","footer-sml-layout":"","ast-disable-related-posts":"","theme-transparent-header-meta":"default","adv-header-id-meta":"","stick-header-meta":"","header-above-stick-meta":"","header-main-stick-meta":"","header-below-stick-meta":"","astra-migrate-meta-layouts":"set","ast-page-background-enabled":"default","ast-page-background-meta":{"desktop":{"background-color":"","background-image":"","background-repeat":"repeat","background-position":"center center","background-size":"auto","background-attachment":"scroll","background-type":"","background-media":"","overlay-type":"","overlay-color":"","overlay-opacity":"","overlay-gradient":""},"tablet":{"background-color":"","background-image":"","background-repeat":"repeat","background-position":"center center","background-size":"auto","background-attachment":"scroll","background-type":"","background-media":"","overlay-type":"","overlay-color":"","overlay-opacity":"","overlay-gradient":""},"mobile":{"background-color":"","background-image":"","background-repeat":"repeat","background-position":"center center","background-size":"auto","background-attachment":"scroll","background-type":"","background-media":"","overlay-type":"","overlay-color":"","overlay-opacity":"","overlay-gradient":""}},"ast-content-background-meta":{"desktop":{"background-color":"var(--ast-global-color-5)","background-image":"","background-repeat":"repeat","background-position":"center center","background-size":"auto","background-attachment":"scroll","background-type":"","background-media":"","overlay-type":"","overlay-color":"","overlay-opacity":"","overlay-gradient":""},"tablet":{"background-color":"var(--ast-global-color-5)","background-image":"","background-repeat":"repeat","background-position":"center center","background-size":"auto","background-attachment":"scroll","background-type":"","background-media":"","overlay-type":"","overlay-color":"","overlay-opacity":"","overlay-gradient":""},"mobile":{"background-color":"var(--ast-global-color-5)","background-image":"","background-repeat":"repeat","background-position":"center center","background-size":"auto","background-attachment":"scroll","background-type":"","background-media":"","overlay-type":"","overlay-color":"","overlay-opacity":"","overlay-gradient":""}}},"product_brand":[442],"product_cat":[119,72,50],"product_tag":[],"class_list":{"0":"post-10428","1":"product","2":"type-product","3":"status-publish","4":"has-post-thumbnail","6":"product_brand-velilla","7":"product_cat-camisas-hosteleria","8":"product_cat-hosteleria","9":"product_cat-ropa-profesional","10":"desktop-align-center","11":"tablet-align-left","12":"mobile-align-left","14":"first","15":"instock","16":"taxable","17":"shipping-taxable","18":"purchasable","19":"product-type-variable","20":"has-default-attributes"},"_links":{"self":[{"href":"https:\/\/combi-pro.com\/fr\/wp-json\/wp\/v2\/product\/10428","targetHints":{"allow":["GET"]}}],"collection":[{"href":"https:\/\/combi-pro.com\/fr\/wp-json\/wp\/v2\/product"}],"about":[{"href":"https:\/\/combi-pro.com\/fr\/wp-json\/wp\/v2\/types\/product"}],"wp:featuredmedia":[{"embeddable":true,"href":"https:\/\/combi-pro.com\/fr\/wp-json\/wp\/v2\/media\/10434"}],"wp:attachment":[{"href":"https:\/\/combi-pro.com\/fr\/wp-json\/wp\/v2\/media?parent=10428"}],"wp:term":[{"taxonomy":"product_brand","embeddable":true,"href":"https:\/\/combi-pro.com\/fr\/wp-json\/wp\/v2\/product_brand?post=10428"},{"taxonomy":"product_cat","embeddable":true,"href":"https:\/\/combi-pro.com\/fr\/wp-json\/wp\/v2\/product_cat?post=10428"},{"taxonomy":"product_tag","embeddable":true,"href":"https:\/\/combi-pro.com\/fr\/wp-json\/wp\/v2\/product_tag?post=10428"}],"curies":[{"name":"wp","href":"https:\/\/api.w.org\/{rel}","templated":true}]}}