{"id":10435,"date":"2024-05-28T12:06:00","date_gmt":"2024-05-28T10:06:00","guid":{"rendered":"https:\/\/combi-pro.com\/?post_type=product&#038;p=10435"},"modified":"2026-05-13T17:32:08","modified_gmt":"2026-05-13T15:32:08","slug":"405010-mc-shirt-woman","status":"publish","type":"product","link":"https:\/\/combi-pro.com\/fr\/boutique\/405010-mc-shirt-woman\/","title":{"rendered":"Chemise h\u00f4tellerie \u00e0 manches courtes femme 405010 | VELILLA"},"content":{"rendered":"<div class=\"data item\" role=\"tablist\">\n<div id=\"tab-label-description\" class=\"data item title active\" tabindex=\"0\" role=\"tab\" data-role=\"collapsible\" data-collapsible=\"true\" aria-controls=\"description\" aria-selected=\"false\" aria-expanded=\"true\">\n<p data-start=\"575\" data-end=\"607\"><strong data-start=\"578\" data-end=\"607\">Caract\u00e9ristiques techniques :<\/strong><\/p>\n<ul>\n<li data-start=\"611\" data-end=\"646\">Fermeture centrale avec rabat anglais<\/li>\n<li data-start=\"649\" data-end=\"675\">Col de chemise italien<\/li>\n<li data-start=\"678\" data-end=\"700\">Empi\u00e8cement au dos<\/li>\n<li data-start=\"703\" data-end=\"741\">Pinces de poitrine et de dos<\/li>\n<li data-start=\"744\" data-end=\"772\">Bouton de rechange inclus<\/li>\n<\/ul>\n<p data-start=\"774\" data-end=\"797\"><strong data-start=\"777\" data-end=\"786\">Gamme : <\/strong>Chambre<\/p>\n<p data-start=\"799\" data-end=\"815\"><strong data-start=\"802\" data-end=\"813\">Tissu:<\/strong><\/p>\n<ul>\n<li data-start=\"818\" data-end=\"860\">Popeline : 65% polyester - 35% coton<\/li>\n<li data-start=\"863\" data-end=\"886\">Poids : 115 g\/m\u00b2.<\/li>\n<\/ul>\n<p><strong data-start=\"890\" data-end=\"915\">Recommandation d'utilisation :<\/strong><\/p>\n<ul>\n<li>Parfait pour les serveuses et le personnel de service \u00e0 la client\u00e8le du secteur de l'h\u00f4tellerie et de la restauration qui recherchent l'\u00e9l\u00e9gance, le confort et la facilit\u00e9 d'entretien.<\/li>\n<\/ul>\n<\/div>\n<\/div>","protected":false},"excerpt":{"rendered":"<p data-start=\"236\" data-end=\"386\">Chemise \u00e0 manches courtes pour femmes en popeline. Coupe ajust\u00e9e et design professionnel pour le secteur de l'h\u00f4tellerie et de la restauration.<\/p>\n<p><a href=\"https:\/\/combi-pro.com\/wp-content\/uploads\/2025\/04\/Guide-de-taille-Velilla_Partes-Superiores-y-Batas-Homme.jpg\">guide des tailles<\/a><\/p>\n<p>&nbsp;<\/p>","protected":false},"featured_media":10441,"template":"","meta":{"site-sidebar-layout":"default","site-content-layout":"","ast-site-content-layout":"default","site-content-style":"default","site-sidebar-style":"default","ast-global-header-display":"","ast-banner-title-visibility":"","ast-main-header-display":"","ast-hfb-above-header-display":"","ast-hfb-below-header-display":"","ast-hfb-mobile-header-display":"","site-post-title":"","ast-breadcrumbs-content":"","ast-featured-img":"","footer-sml-layout":"","ast-disable-related-posts":"","theme-transparent-header-meta":"default","adv-header-id-meta":"","stick-header-meta":"","header-above-stick-meta":"","header-main-stick-meta":"","header-below-stick-meta":"","astra-migrate-meta-layouts":"set","ast-page-background-enabled":"default","ast-page-background-meta":{"desktop":{"background-color":"","background-image":"","background-repeat":"repeat","background-position":"center center","background-size":"auto","background-attachment":"scroll","background-type":"","background-media":"","overlay-type":"","overlay-color":"","overlay-opacity":"","overlay-gradient":""},"tablet":{"background-color":"","background-image":"","background-repeat":"repeat","background-position":"center center","background-size":"auto","background-attachment":"scroll","background-type":"","background-media":"","overlay-type":"","overlay-color":"","overlay-opacity":"","overlay-gradient":""},"mobile":{"background-color":"","background-image":"","background-repeat":"repeat","background-position":"center center","background-size":"auto","background-attachment":"scroll","background-type":"","background-media":"","overlay-type":"","overlay-color":"","overlay-opacity":"","overlay-gradient":""}},"ast-content-background-meta":{"desktop":{"background-color":"var(--ast-global-color-5)","background-image":"","background-repeat":"repeat","background-position":"center center","background-size":"auto","background-attachment":"scroll","background-type":"","background-media":"","overlay-type":"","overlay-color":"","overlay-opacity":"","overlay-gradient":""},"tablet":{"background-color":"var(--ast-global-color-5)","background-image":"","background-repeat":"repeat","background-position":"center center","background-size":"auto","background-attachment":"scroll","background-type":"","background-media":"","overlay-type":"","overlay-color":"","overlay-opacity":"","overlay-gradient":""},"mobile":{"background-color":"var(--ast-global-color-5)","background-image":"","background-repeat":"repeat","background-position":"center center","background-size":"auto","background-attachment":"scroll","background-type":"","background-media":"","overlay-type":"","overlay-color":"","overlay-opacity":"","overlay-gradient":""}}},"product_brand":[442],"product_cat":[119,72,50],"product_tag":[],"class_list":{"0":"post-10435","1":"product","2":"type-product","3":"status-publish","4":"has-post-thumbnail","6":"product_brand-velilla","7":"product_cat-camisas-hosteleria","8":"product_cat-hosteleria","9":"product_cat-ropa-profesional","10":"desktop-align-center","11":"tablet-align-left","12":"mobile-align-left","14":"first","15":"instock","16":"taxable","17":"shipping-taxable","18":"purchasable","19":"product-type-variable","20":"has-default-attributes"},"_links":{"self":[{"href":"https:\/\/combi-pro.com\/fr\/wp-json\/wp\/v2\/product\/10435","targetHints":{"allow":["GET"]}}],"collection":[{"href":"https:\/\/combi-pro.com\/fr\/wp-json\/wp\/v2\/product"}],"about":[{"href":"https:\/\/combi-pro.com\/fr\/wp-json\/wp\/v2\/types\/product"}],"wp:featuredmedia":[{"embeddable":true,"href":"https:\/\/combi-pro.com\/fr\/wp-json\/wp\/v2\/media\/10441"}],"wp:attachment":[{"href":"https:\/\/combi-pro.com\/fr\/wp-json\/wp\/v2\/media?parent=10435"}],"wp:term":[{"taxonomy":"product_brand","embeddable":true,"href":"https:\/\/combi-pro.com\/fr\/wp-json\/wp\/v2\/product_brand?post=10435"},{"taxonomy":"product_cat","embeddable":true,"href":"https:\/\/combi-pro.com\/fr\/wp-json\/wp\/v2\/product_cat?post=10435"},{"taxonomy":"product_tag","embeddable":true,"href":"https:\/\/combi-pro.com\/fr\/wp-json\/wp\/v2\/product_tag?post=10435"}],"curies":[{"name":"wp","href":"https:\/\/api.w.org\/{rel}","templated":true}]}}