{"id":10453,"date":"2024-05-28T12:12:16","date_gmt":"2024-05-28T10:12:16","guid":{"rendered":"https:\/\/combi-pro.com\/?post_type=product&#038;p=10453"},"modified":"2026-05-13T17:32:39","modified_gmt":"2026-05-13T15:32:39","slug":"405014s-mc-chemise-stretch-pour-femme","status":"publish","type":"product","link":"https:\/\/combi-pro.com\/fr\/boutique\/405014s-mc-chemise-stretch-pour-femme\/","title":{"rendered":"Chemise h\u00f4tellerie femme avec col \u00e0 bretelles extensibles et manches courtes 405014S | VELILLA"},"content":{"rendered":"<div class=\"data item\" role=\"tablist\">\n<div id=\"tab-label-description\" class=\"data item title active\" tabindex=\"0\" role=\"tab\" data-role=\"collapsible\" data-collapsible=\"true\" aria-controls=\"description\" aria-selected=\"false\" aria-expanded=\"true\">\n<p data-start=\"746\" data-end=\"775\"><strong data-start=\"746\" data-end=\"775\">Caract\u00e9ristiques techniques :<\/strong><\/p>\n<ul>\n<li data-start=\"779\" data-end=\"814\">Fermeture centrale avec rabat anglais<\/li>\n<li data-start=\"817\" data-end=\"833\">Collier<\/li>\n<li data-start=\"836\" data-end=\"858\">Empi\u00e8cement au dos<\/li>\n<li data-start=\"861\" data-end=\"899\">Pinces de poitrine et de dos<\/li>\n<li data-start=\"902\" data-end=\"919\">Bouton de rechange<\/li>\n<\/ul>\n<p data-start=\"926\" data-end=\"938\"><strong data-start=\"926\" data-end=\"938\">Tissus :<\/strong><\/p>\n<ul data-start=\"940\" data-end=\"1014\">\n<li data-start=\"940\" data-end=\"1014\">\n<p data-start=\"942\" data-end=\"1014\">Popeline stretch : 67 % coton - 29 % polyester - 4 % \u00e9lasthanne \/ 115 g\/m\u00b2.<\/p>\n<\/li>\n<\/ul>\n<p data-start=\"1021\" data-end=\"1030\"><strong data-start=\"1021\" data-end=\"1030\">Gamme : <\/strong>Chambre<\/p>\n<p data-start=\"1049\" data-end=\"1074\"><strong data-start=\"1049\" data-end=\"1074\">Recommandation d'utilisation :<\/strong><\/p>\n<ul>\n<li data-start=\"1076\" data-end=\"1240\">Id\u00e9al pour les professionnels de l'h\u00f4tellerie, de la vente au d\u00e9tail ou du service \u00e0 la client\u00e8le \u00e0 la recherche d'un v\u00eatement confortable et l\u00e9ger avec une coupe f\u00e9minine flatteuse.<\/li>\n<\/ul>\n<\/div>\n<\/div>","protected":false},"excerpt":{"rendered":"<p data-start=\"242\" data-end=\"372\">Chemise \u00e0 manches courtes avec col rond et tissu extensible. Con\u00e7ue pour le style et le confort dans les environnements d'accueil.<\/p>\n<p data-start=\"242\" data-end=\"372\"><img decoding=\"async\" class=\"alignnone wp-image-15240\" src=\"https:\/\/combi-pro.com\/wp-content\/uploads\/2025\/04\/icon-stretch.png\" alt=\"\" width=\"99\" height=\"40\" srcset=\"https:\/\/combi-pro.com\/wp-content\/uploads\/2025\/04\/icon-stretch.png 228w, https:\/\/combi-pro.com\/wp-content\/uploads\/2025\/04\/icon-stretch-64x26.png 64w, https:\/\/combi-pro.com\/wp-content\/uploads\/2025\/04\/icon-stretch-18x7.png 18w\" sizes=\"(max-width: 99px) 100vw, 99px\" \/><\/p>\n<p><a href=\"https:\/\/combi-pro.com\/wp-content\/uploads\/2025\/04\/Guide-de-taille-Velilla_Partes-Superiores-y-Batas-Homme.jpg\">guide des tailles<\/a><\/p>\n<p>&nbsp;<\/p>","protected":false},"featured_media":16438,"template":"","meta":{"site-sidebar-layout":"default","site-content-layout":"","ast-site-content-layout":"default","site-content-style":"default","site-sidebar-style":"default","ast-global-header-display":"","ast-banner-title-visibility":"","ast-main-header-display":"","ast-hfb-above-header-display":"","ast-hfb-below-header-display":"","ast-hfb-mobile-header-display":"","site-post-title":"","ast-breadcrumbs-content":"","ast-featured-img":"","footer-sml-layout":"","ast-disable-related-posts":"","theme-transparent-header-meta":"default","adv-header-id-meta":"","stick-header-meta":"","header-above-stick-meta":"","header-main-stick-meta":"","header-below-stick-meta":"","astra-migrate-meta-layouts":"set","ast-page-background-enabled":"default","ast-page-background-meta":{"desktop":{"background-color":"","background-image":"","background-repeat":"repeat","background-position":"center center","background-size":"auto","background-attachment":"scroll","background-type":"","background-media":"","overlay-type":"","overlay-color":"","overlay-opacity":"","overlay-gradient":""},"tablet":{"background-color":"","background-image":"","background-repeat":"repeat","background-position":"center center","background-size":"auto","background-attachment":"scroll","background-type":"","background-media":"","overlay-type":"","overlay-color":"","overlay-opacity":"","overlay-gradient":""},"mobile":{"background-color":"","background-image":"","background-repeat":"repeat","background-position":"center center","background-size":"auto","background-attachment":"scroll","background-type":"","background-media":"","overlay-type":"","overlay-color":"","overlay-opacity":"","overlay-gradient":""}},"ast-content-background-meta":{"desktop":{"background-color":"var(--ast-global-color-5)","background-image":"","background-repeat":"repeat","background-position":"center center","background-size":"auto","background-attachment":"scroll","background-type":"","background-media":"","overlay-type":"","overlay-color":"","overlay-opacity":"","overlay-gradient":""},"tablet":{"background-color":"var(--ast-global-color-5)","background-image":"","background-repeat":"repeat","background-position":"center center","background-size":"auto","background-attachment":"scroll","background-type":"","background-media":"","overlay-type":"","overlay-color":"","overlay-opacity":"","overlay-gradient":""},"mobile":{"background-color":"var(--ast-global-color-5)","background-image":"","background-repeat":"repeat","background-position":"center center","background-size":"auto","background-attachment":"scroll","background-type":"","background-media":"","overlay-type":"","overlay-color":"","overlay-opacity":"","overlay-gradient":""}}},"product_brand":[442],"product_cat":[119,72,50],"product_tag":[],"class_list":{"0":"post-10453","1":"product","2":"type-product","3":"status-publish","4":"has-post-thumbnail","6":"product_brand-velilla","7":"product_cat-camisas-hosteleria","8":"product_cat-hosteleria","9":"product_cat-ropa-profesional","10":"desktop-align-center","11":"tablet-align-left","12":"mobile-align-left","14":"first","15":"instock","16":"taxable","17":"shipping-taxable","18":"purchasable","19":"product-type-variable","20":"has-default-attributes"},"_links":{"self":[{"href":"https:\/\/combi-pro.com\/fr\/wp-json\/wp\/v2\/product\/10453","targetHints":{"allow":["GET"]}}],"collection":[{"href":"https:\/\/combi-pro.com\/fr\/wp-json\/wp\/v2\/product"}],"about":[{"href":"https:\/\/combi-pro.com\/fr\/wp-json\/wp\/v2\/types\/product"}],"wp:featuredmedia":[{"embeddable":true,"href":"https:\/\/combi-pro.com\/fr\/wp-json\/wp\/v2\/media\/16438"}],"wp:attachment":[{"href":"https:\/\/combi-pro.com\/fr\/wp-json\/wp\/v2\/media?parent=10453"}],"wp:term":[{"taxonomy":"product_brand","embeddable":true,"href":"https:\/\/combi-pro.com\/fr\/wp-json\/wp\/v2\/product_brand?post=10453"},{"taxonomy":"product_cat","embeddable":true,"href":"https:\/\/combi-pro.com\/fr\/wp-json\/wp\/v2\/product_cat?post=10453"},{"taxonomy":"product_tag","embeddable":true,"href":"https:\/\/combi-pro.com\/fr\/wp-json\/wp\/v2\/product_tag?post=10453"}],"curies":[{"name":"wp","href":"https:\/\/api.w.org\/{rel}","templated":true}]}}