{"id":10484,"date":"2024-05-28T12:38:57","date_gmt":"2024-05-28T10:38:57","guid":{"rendered":"https:\/\/combi-pro.com\/?post_type=product&#038;p=10484"},"modified":"2026-04-13T20:29:15","modified_gmt":"2026-04-13T18:29:15","slug":"405501-t-shirt-100-coton-femme","status":"publish","type":"product","link":"https:\/\/combi-pro.com\/fr\/boutique\/405501-t-shirt-100-coton-femme\/","title":{"rendered":"T-shirt h\u00f4tellerie femme 100 % coton 405501 | VELILLA"},"content":{"rendered":"<div class=\"data item\" role=\"tablist\">\n<div id=\"tab-label-description\" class=\"data item title active\" tabindex=\"0\" role=\"tab\" data-role=\"collapsible\" data-collapsible=\"true\" aria-controls=\"description\" aria-selected=\"false\" aria-expanded=\"true\">\n<p data-start=\"871\" data-end=\"900\"><strong data-start=\"871\" data-end=\"900\">Caract\u00e9ristiques techniques :<\/strong><\/p>\n<ul data-start=\"902\" data-end=\"928\">\n<li data-start=\"902\" data-end=\"928\">\n<p data-start=\"904\" data-end=\"928\">Col ras du cou c\u00f4tel\u00e9<\/p>\n<\/li>\n<\/ul>\n<p data-start=\"935\" data-end=\"947\"><strong data-start=\"935\" data-end=\"947\">Tissus :<\/strong><\/p>\n<ul data-start=\"949\" data-end=\"982\">\n<li data-start=\"949\" data-end=\"982\">\n<p data-start=\"951\" data-end=\"982\">Tissu tricot\u00e9 : 100 coton % \/ 180 g\/m\u00b2.<\/p>\n<\/li>\n<\/ul>\n<p data-start=\"989\" data-end=\"998\"><strong data-start=\"989\" data-end=\"998\">Gamme : <\/strong>Chambre<\/p>\n<p data-start=\"1017\" data-end=\"1042\"><strong data-start=\"1017\" data-end=\"1042\">Recommandation d'utilisation :<\/strong><\/p>\n<ul>\n<li data-start=\"1044\" data-end=\"1189\">Recommand\u00e9 pour les professionnels de l'h\u00f4tellerie, de la vente au d\u00e9tail, du nettoyage ou du service \u00e0 la client\u00e8le \u00e0 la recherche d'un T-shirt basique, confortable et durable.<\/li>\n<\/ul>\n<\/div>\n<\/div>","protected":false},"excerpt":{"rendered":"<p data-start=\"375\" data-end=\"487\">T-shirt basique pour femmes avec col c\u00f4tel\u00e9. Confortable et respirant pour un usage quotidien dans le secteur de l'h\u00f4tellerie et de la restauration.<\/p>\n<p data-start=\"375\" data-end=\"487\"><img decoding=\"async\" class=\"alignnone wp-image-15450\" src=\"https:\/\/combi-pro.com\/wp-content\/uploads\/2024\/05\/100-COTTON.png\" alt=\"\" width=\"117\" height=\"40\" srcset=\"https:\/\/combi-pro.com\/wp-content\/uploads\/2024\/05\/100-COTTON.png 228w, https:\/\/combi-pro.com\/wp-content\/uploads\/2024\/05\/100-COTTON-64x22.png 64w, https:\/\/combi-pro.com\/wp-content\/uploads\/2024\/05\/100-COTTON-18x6.png 18w\" sizes=\"(max-width: 117px) 100vw, 117px\" \/><\/p>\n<p><a href=\"https:\/\/combi-pro.com\/wp-content\/uploads\/2025\/04\/Guide-de-taille-Velilla_Partes-Superiores-y-Batas-Homme.jpg\">guide des tailles<\/a><\/p>\n<p>&nbsp;<\/p>","protected":false},"featured_media":10487,"template":"","meta":{"site-sidebar-layout":"default","site-content-layout":"","ast-site-content-layout":"default","site-content-style":"default","site-sidebar-style":"default","ast-global-header-display":"","ast-banner-title-visibility":"","ast-main-header-display":"","ast-hfb-above-header-display":"","ast-hfb-below-header-display":"","ast-hfb-mobile-header-display":"","site-post-title":"","ast-breadcrumbs-content":"","ast-featured-img":"","footer-sml-layout":"","ast-disable-related-posts":"","theme-transparent-header-meta":"default","adv-header-id-meta":"","stick-header-meta":"","header-above-stick-meta":"","header-main-stick-meta":"","header-below-stick-meta":"","astra-migrate-meta-layouts":"set","ast-page-background-enabled":"default","ast-page-background-meta":{"desktop":{"background-color":"","background-image":"","background-repeat":"repeat","background-position":"center center","background-size":"auto","background-attachment":"scroll","background-type":"","background-media":"","overlay-type":"","overlay-color":"","overlay-opacity":"","overlay-gradient":""},"tablet":{"background-color":"","background-image":"","background-repeat":"repeat","background-position":"center center","background-size":"auto","background-attachment":"scroll","background-type":"","background-media":"","overlay-type":"","overlay-color":"","overlay-opacity":"","overlay-gradient":""},"mobile":{"background-color":"","background-image":"","background-repeat":"repeat","background-position":"center center","background-size":"auto","background-attachment":"scroll","background-type":"","background-media":"","overlay-type":"","overlay-color":"","overlay-opacity":"","overlay-gradient":""}},"ast-content-background-meta":{"desktop":{"background-color":"var(--ast-global-color-5)","background-image":"","background-repeat":"repeat","background-position":"center center","background-size":"auto","background-attachment":"scroll","background-type":"","background-media":"","overlay-type":"","overlay-color":"","overlay-opacity":"","overlay-gradient":""},"tablet":{"background-color":"var(--ast-global-color-5)","background-image":"","background-repeat":"repeat","background-position":"center center","background-size":"auto","background-attachment":"scroll","background-type":"","background-media":"","overlay-type":"","overlay-color":"","overlay-opacity":"","overlay-gradient":""},"mobile":{"background-color":"var(--ast-global-color-5)","background-image":"","background-repeat":"repeat","background-position":"center center","background-size":"auto","background-attachment":"scroll","background-type":"","background-media":"","overlay-type":"","overlay-color":"","overlay-opacity":"","overlay-gradient":""}}},"product_brand":[442],"product_cat":[118,72,50],"product_tag":[],"class_list":{"0":"post-10484","1":"product","2":"type-product","3":"status-publish","4":"has-post-thumbnail","6":"product_brand-velilla","7":"product_cat-camisetas-hosteleria","8":"product_cat-hosteleria","9":"product_cat-ropa-profesional","10":"desktop-align-center","11":"tablet-align-left","12":"mobile-align-left","14":"first","15":"outofstock","16":"taxable","17":"shipping-taxable","18":"purchasable","19":"product-type-variable","20":"has-default-attributes"},"_links":{"self":[{"href":"https:\/\/combi-pro.com\/fr\/wp-json\/wp\/v2\/product\/10484","targetHints":{"allow":["GET"]}}],"collection":[{"href":"https:\/\/combi-pro.com\/fr\/wp-json\/wp\/v2\/product"}],"about":[{"href":"https:\/\/combi-pro.com\/fr\/wp-json\/wp\/v2\/types\/product"}],"wp:featuredmedia":[{"embeddable":true,"href":"https:\/\/combi-pro.com\/fr\/wp-json\/wp\/v2\/media\/10487"}],"wp:attachment":[{"href":"https:\/\/combi-pro.com\/fr\/wp-json\/wp\/v2\/media?parent=10484"}],"wp:term":[{"taxonomy":"product_brand","embeddable":true,"href":"https:\/\/combi-pro.com\/fr\/wp-json\/wp\/v2\/product_brand?post=10484"},{"taxonomy":"product_cat","embeddable":true,"href":"https:\/\/combi-pro.com\/fr\/wp-json\/wp\/v2\/product_cat?post=10484"},{"taxonomy":"product_tag","embeddable":true,"href":"https:\/\/combi-pro.com\/fr\/wp-json\/wp\/v2\/product_tag?post=10484"}],"curies":[{"name":"wp","href":"https:\/\/api.w.org\/{rel}","templated":true}]}}