{"id":10501,"date":"2024-05-28T21:20:03","date_gmt":"2024-05-28T19:20:03","guid":{"rendered":"https:\/\/combi-pro.com\/?post_type=product&#038;p=10501"},"modified":"2026-04-13T20:29:26","modified_gmt":"2026-04-13T18:29:26","slug":"405209-veste-de-cuisine-en-microfibre-mc","status":"publish","type":"product","link":"https:\/\/combi-pro.com\/fr\/boutique\/405209-veste-de-cuisine-en-microfibre-mc\/","title":{"rendered":"Veste de cuisine antibact\u00e9rienne \u00e0 manches courtes avec dos Coolmax\u00ae 405209 | VELILLA"},"content":{"rendered":"<p data-start=\"734\" data-end=\"773\"><strong data-start=\"741\" data-end=\"771\">Caract\u00e9ristiques techniques :<\/strong><\/p>\n<ul>\n<li data-start=\"776\" data-end=\"838\">Tissu avec traitement antibact\u00e9rien et hydrofuge<\/li>\n<li data-start=\"841\" data-end=\"900\">Fermeture centrale asym\u00e9trique avec boutons-pression dissimul\u00e9s<\/li>\n<li data-start=\"903\" data-end=\"919\">Collier<\/li>\n<li data-start=\"922\" data-end=\"983\">Dos respirant en Coolmax\u00ae, tissu d'une seule pi\u00e8ce<\/li>\n<li data-start=\"986\" data-end=\"1005\">Manche tailleur<\/li>\n<li data-start=\"1008\" data-end=\"1075\">1 poche plaqu\u00e9e sur la manche gauche avec deux compartiments<\/li>\n<\/ul>\n<p data-start=\"1078\" data-end=\"1147\"><strong data-start=\"1078\" data-end=\"1104\">Devant en tissu<\/strong>Microfibre - 100 % polyester \/ 140 g\/m\u00b2.<\/p>\n<p data-start=\"1150\" data-end=\"1215\"><strong data-start=\"1150\" data-end=\"1174\">Tissu de la face arri\u00e8re<\/strong>Mati\u00e8re premi\u00e8re : Coolmax\u00ae - 100 polyester % \/ 135 g\/m\u00b2.<\/p>\n<p data-start=\"1218\" data-end=\"1236\"><strong data-start=\"1218\" data-end=\"1226\">Gamme<\/strong>: Cuisine<\/p>\n<p data-start=\"1243\" data-end=\"1277\"><strong data-start=\"1249\" data-end=\"1275\">Recommandation d'utilisation :<\/strong><\/p>\n<ul>\n<li data-start=\"1278\" data-end=\"1445\">Id\u00e9ale pour les chefs et les professionnels \u00e0 la recherche d'une veste l\u00e9g\u00e8re, confortable, antibact\u00e9rienne et respirante avec une protection contre les liquides pour les longues journ\u00e9es de travail.<\/li>\n<\/ul>","protected":false},"excerpt":{"rendered":"<p data-start=\"373\" data-end=\"514\">Veste de cuisine \u00e0 manches courtes en microfibre avec dos Coolmax\u00ae. Tissu antibact\u00e9rien, hydrofuge et respirant.<\/p>\n<p data-start=\"373\" data-end=\"514\"><img decoding=\"async\" class=\"alignnone wp-image-15241\" src=\"https:\/\/combi-pro.com\/wp-content\/uploads\/2025\/04\/icon-microfiber.png\" alt=\"\" width=\"89\" height=\"40\" srcset=\"https:\/\/combi-pro.com\/wp-content\/uploads\/2025\/04\/icon-microfiber.png 228w, https:\/\/combi-pro.com\/wp-content\/uploads\/2025\/04\/icon-microfiber-64x29.png 64w, https:\/\/combi-pro.com\/wp-content\/uploads\/2025\/04\/icon-microfiber-18x8.png 18w\" sizes=\"(max-width: 89px) 100vw, 89px\" \/> <img decoding=\"async\" class=\"alignnone wp-image-15358\" src=\"https:\/\/combi-pro.com\/wp-content\/uploads\/2024\/03\/TRANSPIRABLE.png\" alt=\"\" width=\"40\" height=\"40\" srcset=\"https:\/\/combi-pro.com\/wp-content\/uploads\/2024\/03\/TRANSPIRABLE.png 228w, https:\/\/combi-pro.com\/wp-content\/uploads\/2024\/03\/TRANSPIRABLE-100x100.png 100w, https:\/\/combi-pro.com\/wp-content\/uploads\/2024\/03\/TRANSPIRABLE-64x64.png 64w, https:\/\/combi-pro.com\/wp-content\/uploads\/2024\/03\/TRANSPIRABLE-150x150.png 150w, https:\/\/combi-pro.com\/wp-content\/uploads\/2024\/03\/TRANSPIRABLE-12x12.png 12w\" sizes=\"(max-width: 40px) 100vw, 40px\" \/> <img decoding=\"async\" class=\"alignnone wp-image-16637\" src=\"https:\/\/combi-pro.com\/wp-content\/uploads\/2024\/05\/COOLMAX.png\" alt=\"\" width=\"179\" height=\"40\" srcset=\"https:\/\/combi-pro.com\/wp-content\/uploads\/2024\/05\/COOLMAX.png 228w, https:\/\/combi-pro.com\/wp-content\/uploads\/2024\/05\/COOLMAX-64x14.png 64w, https:\/\/combi-pro.com\/wp-content\/uploads\/2024\/05\/COOLMAX-18x4.png 18w\" sizes=\"(max-width: 179px) 100vw, 179px\" \/><\/p>\n<p><a href=\"https:\/\/combi-pro.com\/wp-content\/uploads\/2025\/04\/Guide-de-taille-Velilla_Partes-Superiores-y-Batas-Homme.jpg\">guide des tailles<\/a><\/p>\n<p>&nbsp;<\/p>","protected":false},"featured_media":16645,"template":"","meta":{"site-sidebar-layout":"default","site-content-layout":"","ast-site-content-layout":"default","site-content-style":"default","site-sidebar-style":"default","ast-global-header-display":"","ast-banner-title-visibility":"","ast-main-header-display":"","ast-hfb-above-header-display":"","ast-hfb-below-header-display":"","ast-hfb-mobile-header-display":"","site-post-title":"","ast-breadcrumbs-content":"disabled","ast-featured-img":"","footer-sml-layout":"","ast-disable-related-posts":"","theme-transparent-header-meta":"default","adv-header-id-meta":"","stick-header-meta":"","header-above-stick-meta":"","header-main-stick-meta":"","header-below-stick-meta":"","astra-migrate-meta-layouts":"set","ast-page-background-enabled":"default","ast-page-background-meta":{"desktop":{"background-color":"","background-image":"","background-repeat":"repeat","background-position":"center center","background-size":"auto","background-attachment":"scroll","background-type":"","background-media":"","overlay-type":"","overlay-color":"","overlay-opacity":"","overlay-gradient":""},"tablet":{"background-color":"","background-image":"","background-repeat":"repeat","background-position":"center center","background-size":"auto","background-attachment":"scroll","background-type":"","background-media":"","overlay-type":"","overlay-color":"","overlay-opacity":"","overlay-gradient":""},"mobile":{"background-color":"","background-image":"","background-repeat":"repeat","background-position":"center center","background-size":"auto","background-attachment":"scroll","background-type":"","background-media":"","overlay-type":"","overlay-color":"","overlay-opacity":"","overlay-gradient":""}},"ast-content-background-meta":{"desktop":{"background-color":"var(--ast-global-color-5)","background-image":"","background-repeat":"repeat","background-position":"center center","background-size":"auto","background-attachment":"scroll","background-type":"","background-media":"","overlay-type":"","overlay-color":"","overlay-opacity":"","overlay-gradient":""},"tablet":{"background-color":"var(--ast-global-color-5)","background-image":"","background-repeat":"repeat","background-position":"center center","background-size":"auto","background-attachment":"scroll","background-type":"","background-media":"","overlay-type":"","overlay-color":"","overlay-opacity":"","overlay-gradient":""},"mobile":{"background-color":"var(--ast-global-color-5)","background-image":"","background-repeat":"repeat","background-position":"center center","background-size":"auto","background-attachment":"scroll","background-type":"","background-media":"","overlay-type":"","overlay-color":"","overlay-opacity":"","overlay-gradient":""}}},"product_brand":[442],"product_cat":[116,72,50],"product_tag":[],"class_list":{"0":"post-10501","1":"product","2":"type-product","3":"status-publish","4":"has-post-thumbnail","6":"product_brand-velilla","7":"product_cat-chaquetas-hosteleria","8":"product_cat-hosteleria","9":"product_cat-ropa-profesional","10":"desktop-align-center","11":"tablet-align-left","12":"mobile-align-left","14":"first","15":"instock","16":"taxable","17":"shipping-taxable","18":"purchasable","19":"product-type-variable","20":"has-default-attributes"},"_links":{"self":[{"href":"https:\/\/combi-pro.com\/fr\/wp-json\/wp\/v2\/product\/10501","targetHints":{"allow":["GET"]}}],"collection":[{"href":"https:\/\/combi-pro.com\/fr\/wp-json\/wp\/v2\/product"}],"about":[{"href":"https:\/\/combi-pro.com\/fr\/wp-json\/wp\/v2\/types\/product"}],"wp:featuredmedia":[{"embeddable":true,"href":"https:\/\/combi-pro.com\/fr\/wp-json\/wp\/v2\/media\/16645"}],"wp:attachment":[{"href":"https:\/\/combi-pro.com\/fr\/wp-json\/wp\/v2\/media?parent=10501"}],"wp:term":[{"taxonomy":"product_brand","embeddable":true,"href":"https:\/\/combi-pro.com\/fr\/wp-json\/wp\/v2\/product_brand?post=10501"},{"taxonomy":"product_cat","embeddable":true,"href":"https:\/\/combi-pro.com\/fr\/wp-json\/wp\/v2\/product_cat?post=10501"},{"taxonomy":"product_tag","embeddable":true,"href":"https:\/\/combi-pro.com\/fr\/wp-json\/wp\/v2\/product_tag?post=10501"}],"curies":[{"name":"wp","href":"https:\/\/api.w.org\/{rel}","templated":true}]}}