{"id":10511,"date":"2024-05-28T21:30:41","date_gmt":"2024-05-28T19:30:41","guid":{"rendered":"https:\/\/combi-pro.com\/?post_type=product&#038;p=10511"},"modified":"2026-04-13T20:29:34","modified_gmt":"2026-04-13T18:29:34","slug":"405207-veste-de-cuisine-en-denim-ml","status":"publish","type":"product","link":"https:\/\/combi-pro.com\/fr\/boutique\/405207-veste-de-cuisine-en-denim-ml\/","title":{"rendered":"Veste de cuisine en denim avec boutons pression, manches longues 405207 | VELILLA"},"content":{"rendered":"<div class=\"data item\" role=\"tablist\"><\/div>\n<div class=\"data item\" role=\"tablist\">\n<div id=\"composition_with_grammage\" class=\"data item content\" role=\"tabpanel\" aria-labelledby=\"tab-label-composition_with_grammage\" data-role=\"content\" aria-hidden=\"false\">\n<div class=\"product attribute composition_with_grammage\">\n<div class=\"value\">\n<p data-start=\"632\" data-end=\"671\"><strong data-start=\"639\" data-end=\"669\">Caract\u00e9ristiques techniques :<\/strong><\/p>\n<ul>\n<li data-start=\"674\" data-end=\"745\">Fermeture centrale \u00e0 double boutonnage avec fermetures \u00e0 boutons-pression et boutons-pression<\/li>\n<li data-start=\"748\" data-end=\"760\">Col Mao<\/li>\n<li data-start=\"763\" data-end=\"804\">Manche tailleur avec fente aux poignets<\/li>\n<li data-start=\"807\" data-end=\"828\">Pas de couture lat\u00e9rale<\/li>\n<li data-start=\"831\" data-end=\"862\">Couture centrale au dos<\/li>\n<li data-start=\"865\" data-end=\"881\">Tissu extensible<\/li>\n<li data-start=\"884\" data-end=\"951\">1 poche plaqu\u00e9e sur la manche gauche avec deux compartiments<\/li>\n<\/ul>\n<p data-start=\"954\" data-end=\"1029\"><strong data-start=\"954\" data-end=\"964\">Tissu<\/strong>Denim - 55 % polyester, 42 % coton, 3 % \u00e9lasthanne \/ 260 g\/m\u00b2.<\/p>\n<p data-start=\"1032\" data-end=\"1050\"><strong data-start=\"1032\" data-end=\"1040\">Gamme<\/strong>: Cuisine<\/p>\n<p data-start=\"1057\" data-end=\"1091\"><strong data-start=\"1063\" data-end=\"1089\">Recommandation d'utilisation :<\/strong><\/p>\n<ul>\n<li data-start=\"1092\" data-end=\"1221\">Parfaite pour les chefs \u00e0 la recherche d'une veste moderne, durable et extensible, id\u00e9ale pour se d\u00e9placer librement dans les cuisines exigeantes.<\/li>\n<\/ul>\n<\/div>\n<\/div>\n<\/div>\n<\/div>\n<p>&nbsp;<\/p>","protected":false},"excerpt":{"rendered":"<p data-start=\"295\" data-end=\"429\">Veste de cuisine en denim avec boutons-pression et tissu extensible. Conception moderne, confortable et fonctionnelle pour les cuisiniers professionnels.<\/p>\n<p data-start=\"295\" data-end=\"429\"><img decoding=\"async\" class=\"alignnone wp-image-15240\" src=\"https:\/\/combi-pro.com\/wp-content\/uploads\/2025\/04\/icon-stretch.png\" alt=\"\" width=\"99\" height=\"40\" srcset=\"https:\/\/combi-pro.com\/wp-content\/uploads\/2025\/04\/icon-stretch.png 228w, https:\/\/combi-pro.com\/wp-content\/uploads\/2025\/04\/icon-stretch-64x26.png 64w, https:\/\/combi-pro.com\/wp-content\/uploads\/2025\/04\/icon-stretch-18x7.png 18w\" sizes=\"(max-width: 99px) 100vw, 99px\" \/><\/p>\n<p><a href=\"https:\/\/combi-pro.com\/wp-content\/uploads\/2025\/04\/Guide-de-taille-Velilla_Partes-Superiores-y-Batas-Homme.jpg\">guide des tailles<\/a><\/p>\n<p>&nbsp;<\/p>","protected":false},"featured_media":16617,"template":"","meta":{"site-sidebar-layout":"default","site-content-layout":"","ast-site-content-layout":"default","site-content-style":"default","site-sidebar-style":"default","ast-global-header-display":"","ast-banner-title-visibility":"","ast-main-header-display":"","ast-hfb-above-header-display":"","ast-hfb-below-header-display":"","ast-hfb-mobile-header-display":"","site-post-title":"","ast-breadcrumbs-content":"","ast-featured-img":"","footer-sml-layout":"","ast-disable-related-posts":"","theme-transparent-header-meta":"default","adv-header-id-meta":"","stick-header-meta":"","header-above-stick-meta":"","header-main-stick-meta":"","header-below-stick-meta":"","astra-migrate-meta-layouts":"set","ast-page-background-enabled":"default","ast-page-background-meta":{"desktop":{"background-color":"","background-image":"","background-repeat":"repeat","background-position":"center center","background-size":"auto","background-attachment":"scroll","background-type":"","background-media":"","overlay-type":"","overlay-color":"","overlay-opacity":"","overlay-gradient":""},"tablet":{"background-color":"","background-image":"","background-repeat":"repeat","background-position":"center center","background-size":"auto","background-attachment":"scroll","background-type":"","background-media":"","overlay-type":"","overlay-color":"","overlay-opacity":"","overlay-gradient":""},"mobile":{"background-color":"","background-image":"","background-repeat":"repeat","background-position":"center center","background-size":"auto","background-attachment":"scroll","background-type":"","background-media":"","overlay-type":"","overlay-color":"","overlay-opacity":"","overlay-gradient":""}},"ast-content-background-meta":{"desktop":{"background-color":"var(--ast-global-color-5)","background-image":"","background-repeat":"repeat","background-position":"center center","background-size":"auto","background-attachment":"scroll","background-type":"","background-media":"","overlay-type":"","overlay-color":"","overlay-opacity":"","overlay-gradient":""},"tablet":{"background-color":"var(--ast-global-color-5)","background-image":"","background-repeat":"repeat","background-position":"center center","background-size":"auto","background-attachment":"scroll","background-type":"","background-media":"","overlay-type":"","overlay-color":"","overlay-opacity":"","overlay-gradient":""},"mobile":{"background-color":"var(--ast-global-color-5)","background-image":"","background-repeat":"repeat","background-position":"center center","background-size":"auto","background-attachment":"scroll","background-type":"","background-media":"","overlay-type":"","overlay-color":"","overlay-opacity":"","overlay-gradient":""}}},"product_brand":[442],"product_cat":[116,72,50],"product_tag":[],"class_list":{"0":"post-10511","1":"product","2":"type-product","3":"status-publish","4":"has-post-thumbnail","6":"product_brand-velilla","7":"product_cat-chaquetas-hosteleria","8":"product_cat-hosteleria","9":"product_cat-ropa-profesional","10":"desktop-align-center","11":"tablet-align-left","12":"mobile-align-left","14":"first","15":"outofstock","16":"taxable","17":"shipping-taxable","18":"purchasable","19":"product-type-variable"},"_links":{"self":[{"href":"https:\/\/combi-pro.com\/fr\/wp-json\/wp\/v2\/product\/10511","targetHints":{"allow":["GET"]}}],"collection":[{"href":"https:\/\/combi-pro.com\/fr\/wp-json\/wp\/v2\/product"}],"about":[{"href":"https:\/\/combi-pro.com\/fr\/wp-json\/wp\/v2\/types\/product"}],"wp:featuredmedia":[{"embeddable":true,"href":"https:\/\/combi-pro.com\/fr\/wp-json\/wp\/v2\/media\/16617"}],"wp:attachment":[{"href":"https:\/\/combi-pro.com\/fr\/wp-json\/wp\/v2\/media?parent=10511"}],"wp:term":[{"taxonomy":"product_brand","embeddable":true,"href":"https:\/\/combi-pro.com\/fr\/wp-json\/wp\/v2\/product_brand?post=10511"},{"taxonomy":"product_cat","embeddable":true,"href":"https:\/\/combi-pro.com\/fr\/wp-json\/wp\/v2\/product_cat?post=10511"},{"taxonomy":"product_tag","embeddable":true,"href":"https:\/\/combi-pro.com\/fr\/wp-json\/wp\/v2\/product_tag?post=10511"}],"curies":[{"name":"wp","href":"https:\/\/api.w.org\/{rel}","templated":true}]}}