{"id":10515,"date":"2024-05-30T09:50:53","date_gmt":"2024-05-30T07:50:53","guid":{"rendered":"https:\/\/combi-pro.com\/?post_type=product&#038;p=10515"},"modified":"2026-04-13T20:29:39","modified_gmt":"2026-04-13T18:29:39","slug":"405204-veste-de-cuisine-ml","status":"publish","type":"product","link":"https:\/\/combi-pro.com\/fr\/boutique\/405204-veste-de-cuisine-ml\/","title":{"rendered":"Veste de cuisine en tissu respirant 405204 | VELILLA"},"content":{"rendered":"<p data-start=\"548\" data-end=\"587\"><strong data-start=\"555\" data-end=\"585\">Caract\u00e9ristiques techniques :<\/strong><\/p>\n<ul>\n<li data-start=\"590\" data-end=\"670\">Fermeture centrale asym\u00e9trique avec zip cach\u00e9 et bouton de lavage automatique<\/li>\n<li data-start=\"673\" data-end=\"685\">Col Mao<\/li>\n<li data-start=\"688\" data-end=\"730\">Dos en tissu respirant gesdry +.<\/li>\n<li data-start=\"733\" data-end=\"774\">Manche tailleur avec fente aux poignets<\/li>\n<li data-start=\"777\" data-end=\"798\">Pas de couture lat\u00e9rale<\/li>\n<li data-start=\"801\" data-end=\"845\">1 poche plaqu\u00e9e sur la manche gauche<\/li>\n<\/ul>\n<p data-start=\"848\" data-end=\"918\"><strong data-start=\"848\" data-end=\"874\">Devant en tissu<\/strong>Twill - 100 % coton \u00e9gyptien \/ 180 g\/m\u00b2.<\/p>\n<p data-start=\"921\" data-end=\"986\"><strong data-start=\"921\" data-end=\"945\">Tissu de la face arri\u00e8re<\/strong>Gessdry + - 100 % polyester \/ 135 g\/m\u00b2.<\/p>\n<p data-start=\"989\" data-end=\"1007\"><strong data-start=\"989\" data-end=\"997\">Gamme<\/strong>: Cuisine<\/p>\n<p data-start=\"1014\" data-end=\"1048\"><strong data-start=\"1020\" data-end=\"1046\">Recommandation d'utilisation :<\/strong><\/p>\n<ul>\n<li data-start=\"1049\" data-end=\"1236\">Recommand\u00e9 pour les chefs et les professionnels de la cuisine dans les restaurants, les h\u00f4tels et les services de restauration \u00e0 la recherche d'un v\u00eatement \u00e9l\u00e9gant, fonctionnel et tr\u00e8s respirant pour un usage intensif.<\/li>\n<\/ul>","protected":false},"excerpt":{"rendered":"<p data-start=\"204\" data-end=\"344\">Veste de cuisine professionnelle avec design asym\u00e9trique et tissu technique respirant dans le dos. Confortable et fra\u00eeche pour les longues journ\u00e9es.<\/p>\n<p data-start=\"204\" data-end=\"344\"><img decoding=\"async\" class=\"alignnone wp-image-15450\" src=\"https:\/\/combi-pro.com\/wp-content\/uploads\/2024\/05\/100-COTTON.png\" alt=\"\" width=\"117\" height=\"40\" srcset=\"https:\/\/combi-pro.com\/wp-content\/uploads\/2024\/05\/100-COTTON.png 228w, https:\/\/combi-pro.com\/wp-content\/uploads\/2024\/05\/100-COTTON-64x22.png 64w, https:\/\/combi-pro.com\/wp-content\/uploads\/2024\/05\/100-COTTON-18x6.png 18w\" sizes=\"(max-width: 117px) 100vw, 117px\" \/> <img decoding=\"async\" class=\"alignnone wp-image-4774\" src=\"https:\/\/combi-pro.com\/wp-content\/uploads\/2024\/03\/306001_es3-300x300.jpg\" alt=\"\" width=\"40\" height=\"40\" srcset=\"https:\/\/combi-pro.com\/wp-content\/uploads\/2024\/03\/306001_es3-300x300.jpg 300w, https:\/\/combi-pro.com\/wp-content\/uploads\/2024\/03\/306001_es3-450x450.jpg 450w, https:\/\/combi-pro.com\/wp-content\/uploads\/2024\/03\/306001_es3-100x100.jpg 100w, https:\/\/combi-pro.com\/wp-content\/uploads\/2024\/03\/306001_es3-64x64.jpg 64w, https:\/\/combi-pro.com\/wp-content\/uploads\/2024\/03\/306001_es3-150x150.jpg 150w, https:\/\/combi-pro.com\/wp-content\/uploads\/2024\/03\/306001_es3-12x12.jpg 12w, https:\/\/combi-pro.com\/wp-content\/uploads\/2024\/03\/306001_es3.jpg 474w\" sizes=\"(max-width: 40px) 100vw, 40px\" \/><\/p>\n<p><a href=\"https:\/\/combi-pro.com\/wp-content\/uploads\/2025\/04\/Guide-de-taille-Velilla_Partes-Superiores-y-Batas-Homme.jpg\">guide des tailles<\/a><\/p>\n<p>&nbsp;<\/p>","protected":false},"featured_media":16604,"template":"","meta":{"site-sidebar-layout":"default","site-content-layout":"","ast-site-content-layout":"default","site-content-style":"default","site-sidebar-style":"default","ast-global-header-display":"","ast-banner-title-visibility":"","ast-main-header-display":"","ast-hfb-above-header-display":"","ast-hfb-below-header-display":"","ast-hfb-mobile-header-display":"","site-post-title":"","ast-breadcrumbs-content":"","ast-featured-img":"","footer-sml-layout":"","ast-disable-related-posts":"","theme-transparent-header-meta":"default","adv-header-id-meta":"","stick-header-meta":"","header-above-stick-meta":"","header-main-stick-meta":"","header-below-stick-meta":"","astra-migrate-meta-layouts":"set","ast-page-background-enabled":"default","ast-page-background-meta":{"desktop":{"background-color":"","background-image":"","background-repeat":"repeat","background-position":"center center","background-size":"auto","background-attachment":"scroll","background-type":"","background-media":"","overlay-type":"","overlay-color":"","overlay-opacity":"","overlay-gradient":""},"tablet":{"background-color":"","background-image":"","background-repeat":"repeat","background-position":"center center","background-size":"auto","background-attachment":"scroll","background-type":"","background-media":"","overlay-type":"","overlay-color":"","overlay-opacity":"","overlay-gradient":""},"mobile":{"background-color":"","background-image":"","background-repeat":"repeat","background-position":"center center","background-size":"auto","background-attachment":"scroll","background-type":"","background-media":"","overlay-type":"","overlay-color":"","overlay-opacity":"","overlay-gradient":""}},"ast-content-background-meta":{"desktop":{"background-color":"var(--ast-global-color-5)","background-image":"","background-repeat":"repeat","background-position":"center center","background-size":"auto","background-attachment":"scroll","background-type":"","background-media":"","overlay-type":"","overlay-color":"","overlay-opacity":"","overlay-gradient":""},"tablet":{"background-color":"var(--ast-global-color-5)","background-image":"","background-repeat":"repeat","background-position":"center center","background-size":"auto","background-attachment":"scroll","background-type":"","background-media":"","overlay-type":"","overlay-color":"","overlay-opacity":"","overlay-gradient":""},"mobile":{"background-color":"var(--ast-global-color-5)","background-image":"","background-repeat":"repeat","background-position":"center center","background-size":"auto","background-attachment":"scroll","background-type":"","background-media":"","overlay-type":"","overlay-color":"","overlay-opacity":"","overlay-gradient":""}}},"product_brand":[442],"product_cat":[116,72,50],"product_tag":[],"class_list":{"0":"post-10515","1":"product","2":"type-product","3":"status-publish","4":"has-post-thumbnail","6":"product_brand-velilla","7":"product_cat-chaquetas-hosteleria","8":"product_cat-hosteleria","9":"product_cat-ropa-profesional","10":"desktop-align-center","11":"tablet-align-left","12":"mobile-align-left","14":"first","15":"outofstock","16":"taxable","17":"shipping-taxable","18":"purchasable","19":"product-type-variable","20":"has-default-attributes"},"_links":{"self":[{"href":"https:\/\/combi-pro.com\/fr\/wp-json\/wp\/v2\/product\/10515","targetHints":{"allow":["GET"]}}],"collection":[{"href":"https:\/\/combi-pro.com\/fr\/wp-json\/wp\/v2\/product"}],"about":[{"href":"https:\/\/combi-pro.com\/fr\/wp-json\/wp\/v2\/types\/product"}],"wp:featuredmedia":[{"embeddable":true,"href":"https:\/\/combi-pro.com\/fr\/wp-json\/wp\/v2\/media\/16604"}],"wp:attachment":[{"href":"https:\/\/combi-pro.com\/fr\/wp-json\/wp\/v2\/media?parent=10515"}],"wp:term":[{"taxonomy":"product_brand","embeddable":true,"href":"https:\/\/combi-pro.com\/fr\/wp-json\/wp\/v2\/product_brand?post=10515"},{"taxonomy":"product_cat","embeddable":true,"href":"https:\/\/combi-pro.com\/fr\/wp-json\/wp\/v2\/product_cat?post=10515"},{"taxonomy":"product_tag","embeddable":true,"href":"https:\/\/combi-pro.com\/fr\/wp-json\/wp\/v2\/product_tag?post=10515"}],"curies":[{"name":"wp","href":"https:\/\/api.w.org\/{rel}","templated":true}]}}