{"id":10520,"date":"2024-05-30T09:52:01","date_gmt":"2024-05-30T07:52:01","guid":{"rendered":"https:\/\/combi-pro.com\/?post_type=product&#038;p=10520"},"modified":"2026-04-13T20:29:44","modified_gmt":"2026-04-13T18:29:44","slug":"405208-veste-de-cuisine-ml","status":"publish","type":"product","link":"https:\/\/combi-pro.com\/fr\/boutique\/405208-veste-de-cuisine-ml\/","title":{"rendered":"Veste de chef \u00e0 manches longues et fermeture centrale 405208 | VELILLA"},"content":{"rendered":"<div class=\"data item\" role=\"tablist\">\n<div id=\"tab-label-description\" class=\"data item title active\" tabindex=\"0\" role=\"tab\" data-role=\"collapsible\" data-collapsible=\"true\" aria-controls=\"description\" aria-selected=\"false\" aria-expanded=\"true\">\n<p data-start=\"661\" data-end=\"700\"><strong data-start=\"668\" data-end=\"698\">Caract\u00e9ristiques techniques :<\/strong><\/p>\n<ul>\n<li data-start=\"703\" data-end=\"751\">Verrouillage central avec boutons-pression dissimul\u00e9s<\/li>\n<li data-start=\"754\" data-end=\"771\">Col Mao<\/li>\n<li data-start=\"774\" data-end=\"815\">Manche tailleur avec fente aux poignets<\/li>\n<li data-start=\"818\" data-end=\"862\">1 poche plaqu\u00e9e sur la manche gauche<\/li>\n<\/ul>\n<p data-start=\"865\" data-end=\"926\"><strong data-start=\"865\" data-end=\"875\">Tissu<\/strong>Twill - 65 % polyester, 35 % coton \/ 190 g\/m\u00b2.<\/p>\n<p data-start=\"929\" data-end=\"947\"><strong data-start=\"929\" data-end=\"937\">Gamme<\/strong>: Cuisine<\/p>\n<p data-start=\"954\" data-end=\"988\"><strong data-start=\"960\" data-end=\"986\">Recommandation d'utilisation :<\/strong><\/p>\n<ul>\n<li data-start=\"989\" data-end=\"1129\">Recommand\u00e9 pour les chefs et le personnel de cuisine \u00e0 la recherche d'un v\u00eatement fonctionnel, \u00e9l\u00e9gant et facile \u00e0 porter pour les environnements professionnels exigeants.<\/li>\n<\/ul>\n<\/div>\n<\/div>","protected":false},"excerpt":{"rendered":"<p data-start=\"309\" data-end=\"456\">Veste de cuisine professionnelle \u00e0 manches longues avec fermeture \u00e9clair dissimul\u00e9e et design \u00e9pur\u00e9. Confort, style et fonctionnalit\u00e9 pour un usage quotidien en cuisine.<\/p>\n<p><a href=\"https:\/\/combi-pro.com\/wp-content\/uploads\/2025\/04\/Guide-de-taille-Velilla_Partes-Superiores-y-Batas-Homme.jpg\">guide des tailles<\/a><\/p>\n<p>&nbsp;<\/p>","protected":false},"featured_media":16624,"template":"","meta":{"site-sidebar-layout":"default","site-content-layout":"","ast-site-content-layout":"default","site-content-style":"default","site-sidebar-style":"default","ast-global-header-display":"","ast-banner-title-visibility":"","ast-main-header-display":"","ast-hfb-above-header-display":"","ast-hfb-below-header-display":"","ast-hfb-mobile-header-display":"","site-post-title":"","ast-breadcrumbs-content":"","ast-featured-img":"","footer-sml-layout":"","ast-disable-related-posts":"","theme-transparent-header-meta":"default","adv-header-id-meta":"","stick-header-meta":"","header-above-stick-meta":"","header-main-stick-meta":"","header-below-stick-meta":"","astra-migrate-meta-layouts":"set","ast-page-background-enabled":"default","ast-page-background-meta":{"desktop":{"background-color":"","background-image":"","background-repeat":"repeat","background-position":"center center","background-size":"auto","background-attachment":"scroll","background-type":"","background-media":"","overlay-type":"","overlay-color":"","overlay-opacity":"","overlay-gradient":""},"tablet":{"background-color":"","background-image":"","background-repeat":"repeat","background-position":"center center","background-size":"auto","background-attachment":"scroll","background-type":"","background-media":"","overlay-type":"","overlay-color":"","overlay-opacity":"","overlay-gradient":""},"mobile":{"background-color":"","background-image":"","background-repeat":"repeat","background-position":"center center","background-size":"auto","background-attachment":"scroll","background-type":"","background-media":"","overlay-type":"","overlay-color":"","overlay-opacity":"","overlay-gradient":""}},"ast-content-background-meta":{"desktop":{"background-color":"var(--ast-global-color-5)","background-image":"","background-repeat":"repeat","background-position":"center center","background-size":"auto","background-attachment":"scroll","background-type":"","background-media":"","overlay-type":"","overlay-color":"","overlay-opacity":"","overlay-gradient":""},"tablet":{"background-color":"var(--ast-global-color-5)","background-image":"","background-repeat":"repeat","background-position":"center center","background-size":"auto","background-attachment":"scroll","background-type":"","background-media":"","overlay-type":"","overlay-color":"","overlay-opacity":"","overlay-gradient":""},"mobile":{"background-color":"var(--ast-global-color-5)","background-image":"","background-repeat":"repeat","background-position":"center center","background-size":"auto","background-attachment":"scroll","background-type":"","background-media":"","overlay-type":"","overlay-color":"","overlay-opacity":"","overlay-gradient":""}}},"product_brand":[442],"product_cat":[116,72,50],"product_tag":[],"class_list":{"0":"post-10520","1":"product","2":"type-product","3":"status-publish","4":"has-post-thumbnail","6":"product_brand-velilla","7":"product_cat-chaquetas-hosteleria","8":"product_cat-hosteleria","9":"product_cat-ropa-profesional","10":"desktop-align-center","11":"tablet-align-left","12":"mobile-align-left","14":"first","15":"outofstock","16":"taxable","17":"shipping-taxable","18":"purchasable","19":"product-type-variable","20":"has-default-attributes"},"_links":{"self":[{"href":"https:\/\/combi-pro.com\/fr\/wp-json\/wp\/v2\/product\/10520","targetHints":{"allow":["GET"]}}],"collection":[{"href":"https:\/\/combi-pro.com\/fr\/wp-json\/wp\/v2\/product"}],"about":[{"href":"https:\/\/combi-pro.com\/fr\/wp-json\/wp\/v2\/types\/product"}],"wp:featuredmedia":[{"embeddable":true,"href":"https:\/\/combi-pro.com\/fr\/wp-json\/wp\/v2\/media\/16624"}],"wp:attachment":[{"href":"https:\/\/combi-pro.com\/fr\/wp-json\/wp\/v2\/media?parent=10520"}],"wp:term":[{"taxonomy":"product_brand","embeddable":true,"href":"https:\/\/combi-pro.com\/fr\/wp-json\/wp\/v2\/product_brand?post=10520"},{"taxonomy":"product_cat","embeddable":true,"href":"https:\/\/combi-pro.com\/fr\/wp-json\/wp\/v2\/product_cat?post=10520"},{"taxonomy":"product_tag","embeddable":true,"href":"https:\/\/combi-pro.com\/fr\/wp-json\/wp\/v2\/product_tag?post=10520"}],"curies":[{"name":"wp","href":"https:\/\/api.w.org\/{rel}","templated":true}]}}