{"id":10529,"date":"2024-05-30T10:00:35","date_gmt":"2024-05-30T08:00:35","guid":{"rendered":"https:\/\/combi-pro.com\/?post_type=product&#038;p=10529"},"modified":"2026-04-13T20:29:52","modified_gmt":"2026-04-13T18:29:52","slug":"405208s-veste-de-cuisine-stretch-ml","status":"publish","type":"product","link":"https:\/\/combi-pro.com\/fr\/boutique\/405208s-veste-de-cuisine-stretch-ml\/","title":{"rendered":"Veste de cuisine extensible avec fermeture \u00e9clair centrale, manches longues 405208S | VELILLA"},"content":{"rendered":"<div class=\"data item\" role=\"tablist\">\n<div id=\"tab-label-description\" class=\"data item title active\" tabindex=\"0\" role=\"tab\" data-role=\"collapsible\" data-collapsible=\"true\" aria-controls=\"description\" aria-selected=\"false\" aria-expanded=\"true\">\n<h3 data-start=\"6665\" data-end=\"6704\"><strong data-start=\"6672\" data-end=\"6702\">Caract\u00e9ristiques techniques :<\/strong><\/h3>\n<ul>\n<li data-start=\"6707\" data-end=\"6755\">Verrouillage central avec boutons-pression dissimul\u00e9s<\/li>\n<li data-start=\"6758\" data-end=\"6775\">Col Mao<\/li>\n<li data-start=\"6778\" data-end=\"6819\">Manche tailleur avec fente aux poignets<\/li>\n<li data-start=\"6822\" data-end=\"6866\">1 poche plaqu\u00e9e sur la manche gauche<\/li>\n<\/ul>\n<p data-start=\"6869\" data-end=\"6946\"><strong data-start=\"6869\" data-end=\"6879\">Tissu<\/strong>Stretch - 64 % polyester, 33 % coton, 3 % \u00e9lasthanne \/ 210 g\/m\u00b2.<\/p>\n<p data-start=\"6949\" data-end=\"6967\"><strong data-start=\"6949\" data-end=\"6957\">Gamme<\/strong>: Cuisine<\/p>\n<p data-start=\"6974\" data-end=\"7008\"><strong data-start=\"6980\" data-end=\"7006\">Recommandation d'utilisation :<\/strong><\/p>\n<ul>\n<li data-start=\"7009\" data-end=\"7157\">Id\u00e9ale pour les chefs et le personnel de cuisine \u00e0 la recherche d'une veste flexible, confortable et fonctionnelle, parfaite pour les longues journ\u00e9es dans les environnements professionnels.<\/li>\n<\/ul>\n<\/div>\n<\/div>","protected":false},"excerpt":{"rendered":"<p data-start=\"6309\" data-end=\"6456\">Veste de cuisine \u00e0 manches longues extensible, avec fermeture \u00e0 glissi\u00e8re centrale et boutons-pression. Confort et flexibilit\u00e9 pour les professionnels de la cuisine.<\/p>\n<p data-start=\"6309\" data-end=\"6456\"><img decoding=\"async\" class=\"alignnone wp-image-15240\" src=\"https:\/\/combi-pro.com\/wp-content\/uploads\/2025\/04\/icon-stretch.png\" alt=\"\" width=\"99\" height=\"40\" srcset=\"https:\/\/combi-pro.com\/wp-content\/uploads\/2025\/04\/icon-stretch.png 228w, https:\/\/combi-pro.com\/wp-content\/uploads\/2025\/04\/icon-stretch-64x26.png 64w, https:\/\/combi-pro.com\/wp-content\/uploads\/2025\/04\/icon-stretch-18x7.png 18w\" sizes=\"(max-width: 99px) 100vw, 99px\" \/><\/p>\n<p><a href=\"https:\/\/combi-pro.com\/wp-content\/uploads\/2025\/04\/Guide-de-taille-Velilla_Partes-Superiores-y-Batas-Homme.jpg\">guide des tailles<\/a><\/p>\n<p>&nbsp;<\/p>","protected":false},"featured_media":16633,"template":"","meta":{"site-sidebar-layout":"default","site-content-layout":"","ast-site-content-layout":"default","site-content-style":"default","site-sidebar-style":"default","ast-global-header-display":"","ast-banner-title-visibility":"","ast-main-header-display":"","ast-hfb-above-header-display":"","ast-hfb-below-header-display":"","ast-hfb-mobile-header-display":"","site-post-title":"","ast-breadcrumbs-content":"","ast-featured-img":"","footer-sml-layout":"","ast-disable-related-posts":"","theme-transparent-header-meta":"default","adv-header-id-meta":"","stick-header-meta":"","header-above-stick-meta":"","header-main-stick-meta":"","header-below-stick-meta":"","astra-migrate-meta-layouts":"set","ast-page-background-enabled":"default","ast-page-background-meta":{"desktop":{"background-color":"","background-image":"","background-repeat":"repeat","background-position":"center center","background-size":"auto","background-attachment":"scroll","background-type":"","background-media":"","overlay-type":"","overlay-color":"","overlay-opacity":"","overlay-gradient":""},"tablet":{"background-color":"","background-image":"","background-repeat":"repeat","background-position":"center center","background-size":"auto","background-attachment":"scroll","background-type":"","background-media":"","overlay-type":"","overlay-color":"","overlay-opacity":"","overlay-gradient":""},"mobile":{"background-color":"","background-image":"","background-repeat":"repeat","background-position":"center center","background-size":"auto","background-attachment":"scroll","background-type":"","background-media":"","overlay-type":"","overlay-color":"","overlay-opacity":"","overlay-gradient":""}},"ast-content-background-meta":{"desktop":{"background-color":"var(--ast-global-color-5)","background-image":"","background-repeat":"repeat","background-position":"center center","background-size":"auto","background-attachment":"scroll","background-type":"","background-media":"","overlay-type":"","overlay-color":"","overlay-opacity":"","overlay-gradient":""},"tablet":{"background-color":"var(--ast-global-color-5)","background-image":"","background-repeat":"repeat","background-position":"center center","background-size":"auto","background-attachment":"scroll","background-type":"","background-media":"","overlay-type":"","overlay-color":"","overlay-opacity":"","overlay-gradient":""},"mobile":{"background-color":"var(--ast-global-color-5)","background-image":"","background-repeat":"repeat","background-position":"center center","background-size":"auto","background-attachment":"scroll","background-type":"","background-media":"","overlay-type":"","overlay-color":"","overlay-opacity":"","overlay-gradient":""}}},"product_brand":[442],"product_cat":[116,72,50],"product_tag":[],"class_list":{"0":"post-10529","1":"product","2":"type-product","3":"status-publish","4":"has-post-thumbnail","6":"product_brand-velilla","7":"product_cat-chaquetas-hosteleria","8":"product_cat-hosteleria","9":"product_cat-ropa-profesional","10":"desktop-align-center","11":"tablet-align-left","12":"mobile-align-left","14":"first","15":"instock","16":"taxable","17":"shipping-taxable","18":"purchasable","19":"product-type-variable"},"_links":{"self":[{"href":"https:\/\/combi-pro.com\/fr\/wp-json\/wp\/v2\/product\/10529","targetHints":{"allow":["GET"]}}],"collection":[{"href":"https:\/\/combi-pro.com\/fr\/wp-json\/wp\/v2\/product"}],"about":[{"href":"https:\/\/combi-pro.com\/fr\/wp-json\/wp\/v2\/types\/product"}],"wp:featuredmedia":[{"embeddable":true,"href":"https:\/\/combi-pro.com\/fr\/wp-json\/wp\/v2\/media\/16633"}],"wp:attachment":[{"href":"https:\/\/combi-pro.com\/fr\/wp-json\/wp\/v2\/media?parent=10529"}],"wp:term":[{"taxonomy":"product_brand","embeddable":true,"href":"https:\/\/combi-pro.com\/fr\/wp-json\/wp\/v2\/product_brand?post=10529"},{"taxonomy":"product_cat","embeddable":true,"href":"https:\/\/combi-pro.com\/fr\/wp-json\/wp\/v2\/product_cat?post=10529"},{"taxonomy":"product_tag","embeddable":true,"href":"https:\/\/combi-pro.com\/fr\/wp-json\/wp\/v2\/product_tag?post=10529"}],"curies":[{"name":"wp","href":"https:\/\/api.w.org\/{rel}","templated":true}]}}