{"id":10554,"date":"2024-05-30T10:22:25","date_gmt":"2024-05-30T08:22:25","guid":{"rendered":"https:\/\/combi-pro.com\/?post_type=product&#038;p=10554"},"modified":"2026-04-13T20:30:17","modified_gmt":"2026-04-13T18:30:17","slug":"melisa-kitchen-jacket-ml-woman","status":"publish","type":"product","link":"https:\/\/combi-pro.com\/fr\/boutique\/melisa-kitchen-jacket-ml-woman\/","title":{"rendered":"Veste de cuisine femme avec fermeture asym\u00e9trique MELISA | VELILLA"},"content":{"rendered":"<div class=\"data item\" role=\"tablist\">\n<div id=\"tab-label-description\" class=\"data item title active\" tabindex=\"0\" role=\"tab\" data-role=\"collapsible\" data-collapsible=\"true\" aria-controls=\"description\" aria-selected=\"false\" aria-expanded=\"true\">\n<p data-start=\"790\" data-end=\"829\"><strong data-start=\"797\" data-end=\"827\">Caract\u00e9ristiques techniques :<\/strong><\/p>\n<ul>\n<li data-start=\"832\" data-end=\"874\">Bouton central asym\u00e9trique<\/li>\n<li data-start=\"877\" data-end=\"896\">Manche tailleur<\/li>\n<li data-start=\"899\" data-end=\"920\">Pas de couture lat\u00e9rale<\/li>\n<li data-start=\"923\" data-end=\"969\">Tissu avec traitement hydrofuge<\/li>\n<\/ul>\n<p data-start=\"972\" data-end=\"1033\"><strong data-start=\"972\" data-end=\"982\">Tissu<\/strong>Twill - 65 % polyester, 35 % coton \/ 200 g\/m\u00b2.<\/p>\n<p data-start=\"1036\" data-end=\"1054\"><strong data-start=\"1036\" data-end=\"1044\">Gamme<\/strong>: Cuisine<\/p>\n<p data-start=\"1061\" data-end=\"1095\"><strong data-start=\"1067\" data-end=\"1093\">Recommandation d'utilisation :<\/strong><\/p>\n<ul>\n<li>Parfait pour les cuisiniers professionnels \u00e0 la recherche d'un v\u00eatement r\u00e9sistant, f\u00e9minin et dot\u00e9 d'une protection contre les liquides, id\u00e9al pour les environnements exigeants.<\/li>\n<\/ul>\n<\/div>\n<\/div>","protected":false},"excerpt":{"rendered":"<p data-start=\"438\" data-end=\"586\">Veste de cuisine \u00e0 manches longues pour femmes, avec fermeture asym\u00e9trique et tissu hydrofuge. Conception confortable et fonctionnelle pour un usage professionnel.<\/p>\n<p data-start=\"438\" data-end=\"586\"><img decoding=\"async\" class=\"alignnone wp-image-16637\" src=\"https:\/\/combi-pro.com\/wp-content\/uploads\/2024\/05\/COOLMAX.png\" alt=\"\" width=\"179\" height=\"40\" srcset=\"https:\/\/combi-pro.com\/wp-content\/uploads\/2024\/05\/COOLMAX.png 228w, https:\/\/combi-pro.com\/wp-content\/uploads\/2024\/05\/COOLMAX-64x14.png 64w, https:\/\/combi-pro.com\/wp-content\/uploads\/2024\/05\/COOLMAX-18x4.png 18w\" sizes=\"(max-width: 179px) 100vw, 179px\" \/><\/p>\n<p><a href=\"https:\/\/combi-pro.com\/wp-content\/uploads\/2025\/04\/Guide-de-taille-Velilla_Partes-Superiores-y-Batas-Homme.jpg\">guide des tailles<\/a><\/p>\n<p>&nbsp;<\/p>","protected":false},"featured_media":10562,"template":"","meta":{"site-sidebar-layout":"default","site-content-layout":"","ast-site-content-layout":"default","site-content-style":"default","site-sidebar-style":"default","ast-global-header-display":"","ast-banner-title-visibility":"","ast-main-header-display":"","ast-hfb-above-header-display":"","ast-hfb-below-header-display":"","ast-hfb-mobile-header-display":"","site-post-title":"","ast-breadcrumbs-content":"","ast-featured-img":"","footer-sml-layout":"","ast-disable-related-posts":"","theme-transparent-header-meta":"default","adv-header-id-meta":"","stick-header-meta":"","header-above-stick-meta":"","header-main-stick-meta":"","header-below-stick-meta":"","astra-migrate-meta-layouts":"set","ast-page-background-enabled":"default","ast-page-background-meta":{"desktop":{"background-color":"","background-image":"","background-repeat":"repeat","background-position":"center center","background-size":"auto","background-attachment":"scroll","background-type":"","background-media":"","overlay-type":"","overlay-color":"","overlay-opacity":"","overlay-gradient":""},"tablet":{"background-color":"","background-image":"","background-repeat":"repeat","background-position":"center center","background-size":"auto","background-attachment":"scroll","background-type":"","background-media":"","overlay-type":"","overlay-color":"","overlay-opacity":"","overlay-gradient":""},"mobile":{"background-color":"","background-image":"","background-repeat":"repeat","background-position":"center center","background-size":"auto","background-attachment":"scroll","background-type":"","background-media":"","overlay-type":"","overlay-color":"","overlay-opacity":"","overlay-gradient":""}},"ast-content-background-meta":{"desktop":{"background-color":"var(--ast-global-color-5)","background-image":"","background-repeat":"repeat","background-position":"center center","background-size":"auto","background-attachment":"scroll","background-type":"","background-media":"","overlay-type":"","overlay-color":"","overlay-opacity":"","overlay-gradient":""},"tablet":{"background-color":"var(--ast-global-color-5)","background-image":"","background-repeat":"repeat","background-position":"center center","background-size":"auto","background-attachment":"scroll","background-type":"","background-media":"","overlay-type":"","overlay-color":"","overlay-opacity":"","overlay-gradient":""},"mobile":{"background-color":"var(--ast-global-color-5)","background-image":"","background-repeat":"repeat","background-position":"center center","background-size":"auto","background-attachment":"scroll","background-type":"","background-media":"","overlay-type":"","overlay-color":"","overlay-opacity":"","overlay-gradient":""}}},"product_brand":[442],"product_cat":[116,72,50],"product_tag":[],"class_list":{"0":"post-10554","1":"product","2":"type-product","3":"status-publish","4":"has-post-thumbnail","6":"product_brand-velilla","7":"product_cat-chaquetas-hosteleria","8":"product_cat-hosteleria","9":"product_cat-ropa-profesional","10":"desktop-align-center","11":"tablet-align-left","12":"mobile-align-left","14":"first","15":"outofstock","16":"taxable","17":"shipping-taxable","18":"purchasable","19":"product-type-variable","20":"has-default-attributes"},"_links":{"self":[{"href":"https:\/\/combi-pro.com\/fr\/wp-json\/wp\/v2\/product\/10554","targetHints":{"allow":["GET"]}}],"collection":[{"href":"https:\/\/combi-pro.com\/fr\/wp-json\/wp\/v2\/product"}],"about":[{"href":"https:\/\/combi-pro.com\/fr\/wp-json\/wp\/v2\/types\/product"}],"wp:featuredmedia":[{"embeddable":true,"href":"https:\/\/combi-pro.com\/fr\/wp-json\/wp\/v2\/media\/10562"}],"wp:attachment":[{"href":"https:\/\/combi-pro.com\/fr\/wp-json\/wp\/v2\/media?parent=10554"}],"wp:term":[{"taxonomy":"product_brand","embeddable":true,"href":"https:\/\/combi-pro.com\/fr\/wp-json\/wp\/v2\/product_brand?post=10554"},{"taxonomy":"product_cat","embeddable":true,"href":"https:\/\/combi-pro.com\/fr\/wp-json\/wp\/v2\/product_cat?post=10554"},{"taxonomy":"product_tag","embeddable":true,"href":"https:\/\/combi-pro.com\/fr\/wp-json\/wp\/v2\/product_tag?post=10554"}],"curies":[{"name":"wp","href":"https:\/\/api.w.org\/{rel}","templated":true}]}}