{"id":10840,"date":"2024-06-13T21:03:41","date_gmt":"2024-06-13T19:03:41","guid":{"rendered":"https:\/\/combi-pro.com\/?post_type=product&#038;p=10840"},"modified":"2026-04-13T20:31:16","modified_gmt":"2026-04-13T18:31:16","slug":"404006-noeud-papillon","status":"publish","type":"product","link":"https:\/\/combi-pro.com\/fr\/boutique\/404006-noeud-papillon\/","title":{"rendered":"N\u0153ud papillon r\u00e9glable en serg\u00e9 404006 | VELILLA"},"content":{"rendered":"<div class=\"data item\" role=\"tablist\">\n<div id=\"tab-label-description\" class=\"data item title active\" tabindex=\"0\" role=\"tab\" data-role=\"collapsible\" data-collapsible=\"true\" aria-controls=\"description\" aria-selected=\"false\" aria-expanded=\"true\">\n<p class=\"\" data-start=\"326\" data-end=\"355\"><strong data-start=\"326\" data-end=\"355\">Caract\u00e9ristiques techniques :<\/strong><\/p>\n<ul>\n<li data-start=\"359\" data-end=\"406\">Bande de caoutchouc r\u00e9glable pour un ajustement confortable et rapide<\/li>\n<li data-start=\"409\" data-end=\"435\">Disponible en 26 couleurs<\/li>\n<\/ul>\n<p class=\"\" data-start=\"437\" data-end=\"449\"><strong data-start=\"437\" data-end=\"449\">Tissus :<\/strong><\/p>\n<ul>\n<li data-start=\"451\" data-end=\"501\">Twill - 65 % polyester \/ 35 % coton \/ 190 g\/m\u00b2.<\/li>\n<\/ul>\n<p class=\"\" data-start=\"535\" data-end=\"560\"><strong data-start=\"535\" data-end=\"560\">Recommandation d'utilisation :<\/strong><\/p>\n<ul>\n<li data-start=\"562\" data-end=\"719\">Recommand\u00e9 pour les serveurs, les serveuses, les sommeliers ou les r\u00e9ceptionnistes \u00e0 la recherche d'un v\u00eatement distinctif, facile \u00e0 porter et pouvant \u00eatre associ\u00e9 \u00e0 diff\u00e9rentes tenues professionnelles.<\/li>\n<\/ul>\n<\/div>\n<\/div>","protected":false},"excerpt":{"rendered":"<p>Accessoire de travail avec ceinture \u00e9lastique r\u00e9glable pour plus de confort. Fabriqu\u00e9 en serg\u00e9 durable, il est id\u00e9al pour un usage professionnel dans divers environnements.<\/p>\n<p><a href=\"https:\/\/combi-pro.com\/wp-content\/uploads\/2025\/04\/Guide-de-taille-Velilla_Partes-Superiores-y-Batas-Homme.jpg\">guide des tailles<\/a><\/p>","protected":false},"featured_media":10869,"template":"","meta":{"site-sidebar-layout":"default","site-content-layout":"","ast-site-content-layout":"default","site-content-style":"default","site-sidebar-style":"default","ast-global-header-display":"","ast-banner-title-visibility":"","ast-main-header-display":"","ast-hfb-above-header-display":"","ast-hfb-below-header-display":"","ast-hfb-mobile-header-display":"","site-post-title":"","ast-breadcrumbs-content":"","ast-featured-img":"","footer-sml-layout":"","ast-disable-related-posts":"","theme-transparent-header-meta":"default","adv-header-id-meta":"","stick-header-meta":"","header-above-stick-meta":"","header-main-stick-meta":"","header-below-stick-meta":"","astra-migrate-meta-layouts":"set","ast-page-background-enabled":"default","ast-page-background-meta":{"desktop":{"background-color":"","background-image":"","background-repeat":"repeat","background-position":"center center","background-size":"auto","background-attachment":"scroll","background-type":"","background-media":"","overlay-type":"","overlay-color":"","overlay-opacity":"","overlay-gradient":""},"tablet":{"background-color":"","background-image":"","background-repeat":"repeat","background-position":"center center","background-size":"auto","background-attachment":"scroll","background-type":"","background-media":"","overlay-type":"","overlay-color":"","overlay-opacity":"","overlay-gradient":""},"mobile":{"background-color":"","background-image":"","background-repeat":"repeat","background-position":"center center","background-size":"auto","background-attachment":"scroll","background-type":"","background-media":"","overlay-type":"","overlay-color":"","overlay-opacity":"","overlay-gradient":""}},"ast-content-background-meta":{"desktop":{"background-color":"var(--ast-global-color-5)","background-image":"","background-repeat":"repeat","background-position":"center center","background-size":"auto","background-attachment":"scroll","background-type":"","background-media":"","overlay-type":"","overlay-color":"","overlay-opacity":"","overlay-gradient":""},"tablet":{"background-color":"var(--ast-global-color-5)","background-image":"","background-repeat":"repeat","background-position":"center center","background-size":"auto","background-attachment":"scroll","background-type":"","background-media":"","overlay-type":"","overlay-color":"","overlay-opacity":"","overlay-gradient":""},"mobile":{"background-color":"var(--ast-global-color-5)","background-image":"","background-repeat":"repeat","background-position":"center center","background-size":"auto","background-attachment":"scroll","background-type":"","background-media":"","overlay-type":"","overlay-color":"","overlay-opacity":"","overlay-gradient":""}}},"product_brand":[442],"product_cat":[115,72,50],"product_tag":[],"class_list":{"0":"post-10840","1":"product","2":"type-product","3":"status-publish","4":"has-post-thumbnail","6":"product_brand-velilla","7":"product_cat-complementos-hosteleria","8":"product_cat-hosteleria","9":"product_cat-ropa-profesional","10":"desktop-align-center","11":"tablet-align-left","12":"mobile-align-left","14":"first","15":"outofstock","16":"taxable","17":"shipping-taxable","18":"purchasable","19":"product-type-variable","20":"has-default-attributes"},"_links":{"self":[{"href":"https:\/\/combi-pro.com\/fr\/wp-json\/wp\/v2\/product\/10840","targetHints":{"allow":["GET"]}}],"collection":[{"href":"https:\/\/combi-pro.com\/fr\/wp-json\/wp\/v2\/product"}],"about":[{"href":"https:\/\/combi-pro.com\/fr\/wp-json\/wp\/v2\/types\/product"}],"wp:featuredmedia":[{"embeddable":true,"href":"https:\/\/combi-pro.com\/fr\/wp-json\/wp\/v2\/media\/10869"}],"wp:attachment":[{"href":"https:\/\/combi-pro.com\/fr\/wp-json\/wp\/v2\/media?parent=10840"}],"wp:term":[{"taxonomy":"product_brand","embeddable":true,"href":"https:\/\/combi-pro.com\/fr\/wp-json\/wp\/v2\/product_brand?post=10840"},{"taxonomy":"product_cat","embeddable":true,"href":"https:\/\/combi-pro.com\/fr\/wp-json\/wp\/v2\/product_cat?post=10840"},{"taxonomy":"product_tag","embeddable":true,"href":"https:\/\/combi-pro.com\/fr\/wp-json\/wp\/v2\/product_tag?post=10840"}],"curies":[{"name":"wp","href":"https:\/\/api.w.org\/{rel}","templated":true}]}}