{"id":10899,"date":"2024-06-13T21:16:32","date_gmt":"2024-06-13T19:16:32","guid":{"rendered":"https:\/\/combi-pro.com\/?post_type=product&#038;p=10899"},"modified":"2026-04-13T20:31:19","modified_gmt":"2026-04-13T18:31:19","slug":"93-chape-de-grille","status":"publish","type":"product","link":"https:\/\/combi-pro.com\/fr\/boutique\/93-chape-de-grille\/","title":{"rendered":"Casquette en maille respirante 93 | VELILLE"},"content":{"rendered":"<div class=\"data item\" role=\"tablist\">\n<div id=\"tab-label-description\" class=\"data item title active\" tabindex=\"0\" role=\"tab\" data-role=\"collapsible\" data-collapsible=\"true\" aria-controls=\"description\" aria-selected=\"false\" aria-expanded=\"true\">\n<p data-start=\"369\" data-end=\"398\"><strong data-start=\"369\" data-end=\"398\">Caract\u00e9ristiques techniques :<\/strong><\/p>\n<ul>\n<li data-start=\"402\" data-end=\"439\">Visi\u00e8re rigide pour une protection accrue<\/li>\n<li data-start=\"442\" data-end=\"481\">Profil \u00e9lastique pour un ajustement confortable<\/li>\n<li data-start=\"484\" data-end=\"525\">Tige en maille respirante<\/li>\n<\/ul>\n<p data-start=\"527\" data-end=\"539\"><strong data-start=\"527\" data-end=\"539\">Tissus :<\/strong><\/p>\n<ul data-start=\"541\" data-end=\"633\">\n<li data-start=\"541\" data-end=\"593\">\n<p data-start=\"543\" data-end=\"593\">Twill - 65 % polyester \/ 35 % coton \/ 190 g\/m\u00b2.<\/p>\n<\/li>\n<li data-start=\"594\" data-end=\"633\">\n<p data-start=\"596\" data-end=\"633\">Maille - 100 polyester % \/ 60 g\/m\u00b2.<\/p>\n<\/li>\n<\/ul>\n<p data-start=\"666\" data-end=\"691\"><strong data-start=\"666\" data-end=\"691\">Recommandation d'utilisation :<\/strong><\/p>\n<ul>\n<li data-start=\"693\" data-end=\"849\">Id\u00e9al pour les cuisiniers, les boulangers et le personnel de l'industrie alimentaire qui ont besoin d'un v\u00eatement frais et confortable offrant une bonne couverture tout au long de la journ\u00e9e.<\/li>\n<\/ul>\n<\/div>\n<\/div>","protected":false},"excerpt":{"rendered":"<p>Casque l\u00e9ger et fonctionnel avec visi\u00e8re et grille, con\u00e7u pour offrir fra\u00eecheur, hygi\u00e8ne et s\u00e9curit\u00e9 dans les cuisines et espaces de travail professionnels.<\/p>","protected":false},"featured_media":10907,"template":"","meta":{"site-sidebar-layout":"default","site-content-layout":"","ast-site-content-layout":"default","site-content-style":"default","site-sidebar-style":"default","ast-global-header-display":"","ast-banner-title-visibility":"","ast-main-header-display":"","ast-hfb-above-header-display":"","ast-hfb-below-header-display":"","ast-hfb-mobile-header-display":"","site-post-title":"","ast-breadcrumbs-content":"","ast-featured-img":"","footer-sml-layout":"","ast-disable-related-posts":"","theme-transparent-header-meta":"default","adv-header-id-meta":"","stick-header-meta":"","header-above-stick-meta":"","header-main-stick-meta":"","header-below-stick-meta":"","astra-migrate-meta-layouts":"set","ast-page-background-enabled":"default","ast-page-background-meta":{"desktop":{"background-color":"","background-image":"","background-repeat":"repeat","background-position":"center center","background-size":"auto","background-attachment":"scroll","background-type":"","background-media":"","overlay-type":"","overlay-color":"","overlay-opacity":"","overlay-gradient":""},"tablet":{"background-color":"","background-image":"","background-repeat":"repeat","background-position":"center center","background-size":"auto","background-attachment":"scroll","background-type":"","background-media":"","overlay-type":"","overlay-color":"","overlay-opacity":"","overlay-gradient":""},"mobile":{"background-color":"","background-image":"","background-repeat":"repeat","background-position":"center center","background-size":"auto","background-attachment":"scroll","background-type":"","background-media":"","overlay-type":"","overlay-color":"","overlay-opacity":"","overlay-gradient":""}},"ast-content-background-meta":{"desktop":{"background-color":"var(--ast-global-color-5)","background-image":"","background-repeat":"repeat","background-position":"center center","background-size":"auto","background-attachment":"scroll","background-type":"","background-media":"","overlay-type":"","overlay-color":"","overlay-opacity":"","overlay-gradient":""},"tablet":{"background-color":"var(--ast-global-color-5)","background-image":"","background-repeat":"repeat","background-position":"center center","background-size":"auto","background-attachment":"scroll","background-type":"","background-media":"","overlay-type":"","overlay-color":"","overlay-opacity":"","overlay-gradient":""},"mobile":{"background-color":"var(--ast-global-color-5)","background-image":"","background-repeat":"repeat","background-position":"center center","background-size":"auto","background-attachment":"scroll","background-type":"","background-media":"","overlay-type":"","overlay-color":"","overlay-opacity":"","overlay-gradient":""}}},"product_brand":[442],"product_cat":[115,122,72,69,50],"product_tag":[],"class_list":{"0":"post-10899","1":"product","2":"type-product","3":"status-publish","4":"has-post-thumbnail","6":"product_brand-velilla","7":"product_cat-complementos-hosteleria","8":"product_cat-complementos-industria-alimentaria","9":"product_cat-hosteleria","10":"product_cat-industria-alimentaria","11":"product_cat-ropa-profesional","12":"desktop-align-center","13":"tablet-align-left","14":"mobile-align-left","16":"first","17":"instock","18":"taxable","19":"shipping-taxable","20":"purchasable","21":"product-type-variable"},"_links":{"self":[{"href":"https:\/\/combi-pro.com\/fr\/wp-json\/wp\/v2\/product\/10899","targetHints":{"allow":["GET"]}}],"collection":[{"href":"https:\/\/combi-pro.com\/fr\/wp-json\/wp\/v2\/product"}],"about":[{"href":"https:\/\/combi-pro.com\/fr\/wp-json\/wp\/v2\/types\/product"}],"wp:featuredmedia":[{"embeddable":true,"href":"https:\/\/combi-pro.com\/fr\/wp-json\/wp\/v2\/media\/10907"}],"wp:attachment":[{"href":"https:\/\/combi-pro.com\/fr\/wp-json\/wp\/v2\/media?parent=10899"}],"wp:term":[{"taxonomy":"product_brand","embeddable":true,"href":"https:\/\/combi-pro.com\/fr\/wp-json\/wp\/v2\/product_brand?post=10899"},{"taxonomy":"product_cat","embeddable":true,"href":"https:\/\/combi-pro.com\/fr\/wp-json\/wp\/v2\/product_cat?post=10899"},{"taxonomy":"product_tag","embeddable":true,"href":"https:\/\/combi-pro.com\/fr\/wp-json\/wp\/v2\/product_tag?post=10899"}],"curies":[{"name":"wp","href":"https:\/\/api.w.org\/{rel}","templated":true}]}}