{"id":11010,"date":"2024-06-14T09:07:51","date_gmt":"2024-06-14T07:07:51","guid":{"rendered":"https:\/\/combi-pro.com\/?post_type=product&#038;p=11010"},"modified":"2026-04-13T20:31:37","modified_gmt":"2026-04-13T18:31:37","slug":"404007-casquette-de-cuisine-en-denim","status":"publish","type":"product","link":"https:\/\/combi-pro.com\/fr\/boutique\/404007-casquette-de-cuisine-en-denim\/","title":{"rendered":"Casquette r\u00e9glable en denim avec lani\u00e8res 404007 | VELILLA"},"content":{"rendered":"<div class=\"data item\" role=\"tablist\">\n<div id=\"tab-label-description\" class=\"data item title active\" tabindex=\"0\" role=\"tab\" data-role=\"collapsible\" data-collapsible=\"true\" aria-controls=\"description\" aria-selected=\"false\" aria-expanded=\"true\">\n<p data-start=\"365\" data-end=\"394\"><strong data-start=\"365\" data-end=\"394\">Caract\u00e9ristiques techniques :<\/strong><\/p>\n<ul>\n<li data-start=\"398\" data-end=\"450\">Deux sangles aux extr\u00e9mit\u00e9s pour l'ajuster \u00e0 la t\u00eate<\/li>\n<\/ul>\n<p data-start=\"452\" data-end=\"464\"><strong data-start=\"452\" data-end=\"464\">Tissus :<\/strong><\/p>\n<ul>\n<li data-start=\"466\" data-end=\"531\">Denim - 55 % polyester \/ 42 % coton \/ 3 % \u00e9lasthanne \/ 260 g\/m\u00b2.<\/li>\n<\/ul>\n<p data-start=\"565\" data-end=\"590\"><strong data-start=\"565\" data-end=\"590\">Recommandation d'utilisation :<\/strong><\/p>\n<ul>\n<li data-start=\"592\" data-end=\"730\">Parfait pour les chefs, les boulangers et le personnel de cuisine \u00e0 la recherche d'un v\u00eatement pratique et moderne avec une bonne r\u00e9sistance et une finition professionnelle.<\/li>\n<\/ul>\n<\/div>\n<\/div>","protected":false},"excerpt":{"rendered":"<p>Casquette professionnelle en denim extensible, avec des bretelles pour un ajustement confortable. Id\u00e9ale pour les cuisines modernes, les boulangeries ou les lieux urbains.<\/p>\n<p><img decoding=\"async\" class=\"alignnone wp-image-15240\" src=\"https:\/\/combi-pro.com\/wp-content\/uploads\/2025\/04\/icon-stretch.png\" alt=\"\" width=\"99\" height=\"40\" srcset=\"https:\/\/combi-pro.com\/wp-content\/uploads\/2025\/04\/icon-stretch.png 228w, https:\/\/combi-pro.com\/wp-content\/uploads\/2025\/04\/icon-stretch-64x26.png 64w, https:\/\/combi-pro.com\/wp-content\/uploads\/2025\/04\/icon-stretch-18x7.png 18w\" sizes=\"(max-width: 99px) 100vw, 99px\" \/><\/p>\n<p><a href=\"https:\/\/combi-pro.com\/wp-content\/uploads\/2025\/04\/Guide-de-taille-Velilla_Partes-Superiores-y-Batas-Homme.jpg\">guide des tailles<\/a><\/p>\n<p>&nbsp;<\/p>","protected":false},"featured_media":11012,"template":"","meta":{"site-sidebar-layout":"default","site-content-layout":"","ast-site-content-layout":"default","site-content-style":"default","site-sidebar-style":"default","ast-global-header-display":"","ast-banner-title-visibility":"","ast-main-header-display":"","ast-hfb-above-header-display":"","ast-hfb-below-header-display":"","ast-hfb-mobile-header-display":"","site-post-title":"","ast-breadcrumbs-content":"","ast-featured-img":"","footer-sml-layout":"","ast-disable-related-posts":"","theme-transparent-header-meta":"default","adv-header-id-meta":"","stick-header-meta":"","header-above-stick-meta":"","header-main-stick-meta":"","header-below-stick-meta":"","astra-migrate-meta-layouts":"set","ast-page-background-enabled":"default","ast-page-background-meta":{"desktop":{"background-color":"","background-image":"","background-repeat":"repeat","background-position":"center center","background-size":"auto","background-attachment":"scroll","background-type":"","background-media":"","overlay-type":"","overlay-color":"","overlay-opacity":"","overlay-gradient":""},"tablet":{"background-color":"","background-image":"","background-repeat":"repeat","background-position":"center center","background-size":"auto","background-attachment":"scroll","background-type":"","background-media":"","overlay-type":"","overlay-color":"","overlay-opacity":"","overlay-gradient":""},"mobile":{"background-color":"","background-image":"","background-repeat":"repeat","background-position":"center center","background-size":"auto","background-attachment":"scroll","background-type":"","background-media":"","overlay-type":"","overlay-color":"","overlay-opacity":"","overlay-gradient":""}},"ast-content-background-meta":{"desktop":{"background-color":"var(--ast-global-color-5)","background-image":"","background-repeat":"repeat","background-position":"center center","background-size":"auto","background-attachment":"scroll","background-type":"","background-media":"","overlay-type":"","overlay-color":"","overlay-opacity":"","overlay-gradient":""},"tablet":{"background-color":"var(--ast-global-color-5)","background-image":"","background-repeat":"repeat","background-position":"center center","background-size":"auto","background-attachment":"scroll","background-type":"","background-media":"","overlay-type":"","overlay-color":"","overlay-opacity":"","overlay-gradient":""},"mobile":{"background-color":"var(--ast-global-color-5)","background-image":"","background-repeat":"repeat","background-position":"center center","background-size":"auto","background-attachment":"scroll","background-type":"","background-media":"","overlay-type":"","overlay-color":"","overlay-opacity":"","overlay-gradient":""}}},"product_brand":[442],"product_cat":[115,72,50],"product_tag":[],"class_list":{"0":"post-11010","1":"product","2":"type-product","3":"status-publish","4":"has-post-thumbnail","6":"product_brand-velilla","7":"product_cat-complementos-hosteleria","8":"product_cat-hosteleria","9":"product_cat-ropa-profesional","10":"desktop-align-center","11":"tablet-align-left","12":"mobile-align-left","14":"first","15":"outofstock","16":"taxable","17":"shipping-taxable","18":"purchasable","19":"product-type-variable"},"_links":{"self":[{"href":"https:\/\/combi-pro.com\/fr\/wp-json\/wp\/v2\/product\/11010","targetHints":{"allow":["GET"]}}],"collection":[{"href":"https:\/\/combi-pro.com\/fr\/wp-json\/wp\/v2\/product"}],"about":[{"href":"https:\/\/combi-pro.com\/fr\/wp-json\/wp\/v2\/types\/product"}],"wp:featuredmedia":[{"embeddable":true,"href":"https:\/\/combi-pro.com\/fr\/wp-json\/wp\/v2\/media\/11012"}],"wp:attachment":[{"href":"https:\/\/combi-pro.com\/fr\/wp-json\/wp\/v2\/media?parent=11010"}],"wp:term":[{"taxonomy":"product_brand","embeddable":true,"href":"https:\/\/combi-pro.com\/fr\/wp-json\/wp\/v2\/product_brand?post=11010"},{"taxonomy":"product_cat","embeddable":true,"href":"https:\/\/combi-pro.com\/fr\/wp-json\/wp\/v2\/product_cat?post=11010"},{"taxonomy":"product_tag","embeddable":true,"href":"https:\/\/combi-pro.com\/fr\/wp-json\/wp\/v2\/product_tag?post=11010"}],"curies":[{"name":"wp","href":"https:\/\/api.w.org\/{rel}","templated":true}]}}