{"id":11038,"date":"2024-06-14T09:41:15","date_gmt":"2024-06-14T07:41:15","guid":{"rendered":"https:\/\/combi-pro.com\/?post_type=product&#038;p=11038"},"modified":"2026-04-13T20:31:48","modified_gmt":"2026-04-13T18:31:48","slug":"405503-polo-100-polyester-mc-femme","status":"publish","type":"product","link":"https:\/\/combi-pro.com\/fr\/boutique\/405503-polo-100-polyester-mc-femme\/","title":{"rendered":"Polo femme en polyester facile \u00e0 repasser 405503 | VELILLA"},"content":{"rendered":"<div class=\"data item\" role=\"tablist\">\n<div id=\"tab-label-description\" class=\"data item title active\" tabindex=\"0\" role=\"tab\" data-role=\"collapsible\" data-collapsible=\"true\" aria-controls=\"description\" aria-selected=\"false\" aria-expanded=\"true\">\n<p class=\"\" data-start=\"282\" data-end=\"311\"><strong data-start=\"282\" data-end=\"311\">Caract\u00e9ristiques techniques :<\/strong><\/p>\n<ul>\n<li data-start=\"315\" data-end=\"343\">Fermeture centrale par bouton<\/li>\n<li data-start=\"346\" data-end=\"383\">Col et poignets c\u00f4tel\u00e9s<\/li>\n<li data-start=\"386\" data-end=\"447\">Couverture de la couture du cou renforc\u00e9e par une bande de tissu de base<\/li>\n<li data-start=\"450\" data-end=\"471\">Ouvertures lat\u00e9rales<\/li>\n<li data-start=\"474\" data-end=\"501\">Tissu facile \u00e0 repasser<\/li>\n<\/ul>\n<p class=\"\" data-start=\"503\" data-end=\"515\"><strong data-start=\"503\" data-end=\"515\">Tissus :<\/strong><\/p>\n<ul>\n<li data-start=\"517\" data-end=\"553\">Piqu\u00e9 - 100 % polyester \/ 160 g\/m\u00b2.<\/li>\n<\/ul>\n<p class=\"\" data-start=\"555\" data-end=\"573\"><strong data-start=\"555\" data-end=\"564\">Gamme : <\/strong>Chambre<\/p>\n<p class=\"\" data-start=\"575\" data-end=\"600\"><strong data-start=\"575\" data-end=\"600\">Recommandation d'utilisation :<\/strong><\/p>\n<ul>\n<li data-start=\"602\" data-end=\"759\">Recommand\u00e9 pour les professionnels de l'h\u00f4tellerie, de la vente au d\u00e9tail ou du service \u00e0 la client\u00e8le qui ont besoin d'un v\u00eatement pratique, facile d'entretien et \u00e0 la coupe f\u00e9minine.<\/li>\n<\/ul>\n<\/div>\n<\/div>","protected":false},"excerpt":{"rendered":"<p class=\"\" data-start=\"218\" data-end=\"280\">Polo confortable et f\u00e9minin, id\u00e9al pour les journ\u00e9es de travail actives.<\/p>\n<p><strong>GUIDE DES TAILLES<\/strong><\/p>\n<p><strong><img decoding=\"async\" class=\"alignnone wp-image-17994\" src=\"https:\/\/combi-pro.com\/wp-content\/uploads\/2024\/06\/60.1-67.7-300x101.png\" alt=\"\" width=\"326\" height=\"110\" srcset=\"https:\/\/combi-pro.com\/wp-content\/uploads\/2024\/06\/60.1-67.7-300x101.png 300w, https:\/\/combi-pro.com\/wp-content\/uploads\/2024\/06\/60.1-67.7-18x6.png 18w, https:\/\/combi-pro.com\/wp-content\/uploads\/2024\/06\/60.1-67.7-64x22.png 64w, https:\/\/combi-pro.com\/wp-content\/uploads\/2024\/06\/60.1-67.7.png 400w\" sizes=\"(max-width: 326px) 100vw, 326px\" \/> <img decoding=\"async\" class=\"alignnone wp-image-17696\" src=\"https:\/\/combi-pro.com\/wp-content\/uploads\/2025\/05\/screenshot-1749214923473-300x106.png\" alt=\"\" width=\"283\" height=\"100\" srcset=\"https:\/\/combi-pro.com\/wp-content\/uploads\/2025\/05\/screenshot-1749214923473-300x106.png 300w, https:\/\/combi-pro.com\/wp-content\/uploads\/2025\/05\/screenshot-1749214923473-64x23.png 64w, https:\/\/combi-pro.com\/wp-content\/uploads\/2025\/05\/screenshot-1749214923473-18x6.png 18w, https:\/\/combi-pro.com\/wp-content\/uploads\/2025\/05\/screenshot-1749214923473.png 396w\" sizes=\"(max-width: 283px) 100vw, 283px\" \/><\/strong><\/p>","protected":false},"featured_media":11043,"template":"","meta":{"site-sidebar-layout":"default","site-content-layout":"","ast-site-content-layout":"default","site-content-style":"default","site-sidebar-style":"default","ast-global-header-display":"","ast-banner-title-visibility":"","ast-main-header-display":"","ast-hfb-above-header-display":"","ast-hfb-below-header-display":"","ast-hfb-mobile-header-display":"","site-post-title":"","ast-breadcrumbs-content":"","ast-featured-img":"","footer-sml-layout":"","ast-disable-related-posts":"","theme-transparent-header-meta":"default","adv-header-id-meta":"","stick-header-meta":"","header-above-stick-meta":"","header-main-stick-meta":"","header-below-stick-meta":"","astra-migrate-meta-layouts":"set","ast-page-background-enabled":"default","ast-page-background-meta":{"desktop":{"background-color":"","background-image":"","background-repeat":"repeat","background-position":"center center","background-size":"auto","background-attachment":"scroll","background-type":"","background-media":"","overlay-type":"","overlay-color":"","overlay-opacity":"","overlay-gradient":""},"tablet":{"background-color":"","background-image":"","background-repeat":"repeat","background-position":"center center","background-size":"auto","background-attachment":"scroll","background-type":"","background-media":"","overlay-type":"","overlay-color":"","overlay-opacity":"","overlay-gradient":""},"mobile":{"background-color":"","background-image":"","background-repeat":"repeat","background-position":"center center","background-size":"auto","background-attachment":"scroll","background-type":"","background-media":"","overlay-type":"","overlay-color":"","overlay-opacity":"","overlay-gradient":""}},"ast-content-background-meta":{"desktop":{"background-color":"var(--ast-global-color-5)","background-image":"","background-repeat":"repeat","background-position":"center center","background-size":"auto","background-attachment":"scroll","background-type":"","background-media":"","overlay-type":"","overlay-color":"","overlay-opacity":"","overlay-gradient":""},"tablet":{"background-color":"var(--ast-global-color-5)","background-image":"","background-repeat":"repeat","background-position":"center center","background-size":"auto","background-attachment":"scroll","background-type":"","background-media":"","overlay-type":"","overlay-color":"","overlay-opacity":"","overlay-gradient":""},"mobile":{"background-color":"var(--ast-global-color-5)","background-image":"","background-repeat":"repeat","background-position":"center center","background-size":"auto","background-attachment":"scroll","background-type":"","background-media":"","overlay-type":"","overlay-color":"","overlay-opacity":"","overlay-gradient":""}}},"product_brand":[442],"product_cat":[72,111,50],"product_tag":[],"class_list":{"0":"post-11038","1":"product","2":"type-product","3":"status-publish","4":"has-post-thumbnail","6":"product_brand-velilla","7":"product_cat-hosteleria","8":"product_cat-polos-hosteleria","9":"product_cat-ropa-profesional","10":"desktop-align-center","11":"tablet-align-left","12":"mobile-align-left","14":"first","15":"outofstock","16":"taxable","17":"shipping-taxable","18":"purchasable","19":"product-type-variable","20":"has-default-attributes"},"_links":{"self":[{"href":"https:\/\/combi-pro.com\/fr\/wp-json\/wp\/v2\/product\/11038","targetHints":{"allow":["GET"]}}],"collection":[{"href":"https:\/\/combi-pro.com\/fr\/wp-json\/wp\/v2\/product"}],"about":[{"href":"https:\/\/combi-pro.com\/fr\/wp-json\/wp\/v2\/types\/product"}],"wp:featuredmedia":[{"embeddable":true,"href":"https:\/\/combi-pro.com\/fr\/wp-json\/wp\/v2\/media\/11043"}],"wp:attachment":[{"href":"https:\/\/combi-pro.com\/fr\/wp-json\/wp\/v2\/media?parent=11038"}],"wp:term":[{"taxonomy":"product_brand","embeddable":true,"href":"https:\/\/combi-pro.com\/fr\/wp-json\/wp\/v2\/product_brand?post=11038"},{"taxonomy":"product_cat","embeddable":true,"href":"https:\/\/combi-pro.com\/fr\/wp-json\/wp\/v2\/product_cat?post=11038"},{"taxonomy":"product_tag","embeddable":true,"href":"https:\/\/combi-pro.com\/fr\/wp-json\/wp\/v2\/product_tag?post=11038"}],"curies":[{"name":"wp","href":"https:\/\/api.w.org\/{rel}","templated":true}]}}