{"id":11046,"date":"2024-06-14T09:42:15","date_gmt":"2024-06-14T07:42:15","guid":{"rendered":"https:\/\/combi-pro.com\/?post_type=product&#038;p=11046"},"modified":"2026-04-13T20:31:52","modified_gmt":"2026-04-13T18:31:52","slug":"405504-polo-100-polyester-mc-hommes","status":"publish","type":"product","link":"https:\/\/combi-pro.com\/fr\/boutique\/405504-polo-100-polyester-mc-hommes\/","title":{"rendered":"Polo homme en polyester facile \u00e0 repasser 405504 | VELILLA"},"content":{"rendered":"<div class=\"data item\" role=\"tablist\">\n<div id=\"tab-label-description\" class=\"data item title active\" tabindex=\"0\" role=\"tab\" data-role=\"collapsible\" data-collapsible=\"true\" aria-controls=\"description\" aria-selected=\"false\" aria-expanded=\"true\">\n<p class=\"\" data-start=\"339\" data-end=\"368\"><strong data-start=\"339\" data-end=\"368\">Caract\u00e9ristiques techniques :<\/strong><\/p>\n<ul>\n<li data-start=\"372\" data-end=\"400\">Fermeture centrale par bouton<\/li>\n<li data-start=\"403\" data-end=\"440\">Col et poignets c\u00f4tel\u00e9s<\/li>\n<li data-start=\"443\" data-end=\"504\">Couverture de la couture du cou renforc\u00e9e par une bande de tissu de base<\/li>\n<li data-start=\"507\" data-end=\"528\">Ouvertures lat\u00e9rales<\/li>\n<li data-start=\"531\" data-end=\"558\">Tissu facile \u00e0 repasser<\/li>\n<\/ul>\n<p class=\"\" data-start=\"560\" data-end=\"572\"><strong data-start=\"560\" data-end=\"572\">Tissus :<\/strong><\/p>\n<ul>\n<li data-start=\"574\" data-end=\"610\">Piqu\u00e9 - 100 % polyester \/ 160 g\/m\u00b2.<\/li>\n<\/ul>\n<p class=\"\" data-start=\"612\" data-end=\"630\"><strong data-start=\"612\" data-end=\"621\">Gamme : <\/strong>Chambre<\/p>\n<p class=\"\" data-start=\"632\" data-end=\"657\"><strong data-start=\"632\" data-end=\"657\">Recommandation d'utilisation :<\/strong><\/p>\n<ul>\n<li data-start=\"659\" data-end=\"815\">Parfait pour les professionnels de l'h\u00f4tellerie et de la distribution \u00e0 la recherche d'un v\u00eatement fonctionnel, confortable et facile d'entretien, au look classique et \u00e9pur\u00e9.<\/li>\n<\/ul>\n<\/div>\n<\/div>","protected":false},"excerpt":{"rendered":"<p>Polo slim en polyester \u00e0 manches courtes 100%, respirant et facile \u00e0 repasser. Id\u00e9al pour les professionnels de l'h\u00f4tellerie, de la coiffure ou du commerce, avec un design confortable et fonctionnel.<\/p>\n<p><strong>GUIDE DES TAILLES<\/strong><\/p>\n<p><strong><img decoding=\"async\" class=\"alignnone wp-image-17995\" src=\"https:\/\/combi-pro.com\/wp-content\/uploads\/2024\/06\/69.5-77.5-300x99.png\" alt=\"\" width=\"333\" height=\"110\" srcset=\"https:\/\/combi-pro.com\/wp-content\/uploads\/2024\/06\/69.5-77.5-300x99.png 300w, https:\/\/combi-pro.com\/wp-content\/uploads\/2024\/06\/69.5-77.5-18x6.png 18w, https:\/\/combi-pro.com\/wp-content\/uploads\/2024\/06\/69.5-77.5-64x21.png 64w, https:\/\/combi-pro.com\/wp-content\/uploads\/2024\/06\/69.5-77.5.png 400w\" sizes=\"(max-width: 333px) 100vw, 333px\" \/> <img decoding=\"async\" class=\"alignnone wp-image-17696\" src=\"https:\/\/combi-pro.com\/wp-content\/uploads\/2025\/05\/screenshot-1749214923473-300x106.png\" alt=\"\" width=\"269\" height=\"95\" srcset=\"https:\/\/combi-pro.com\/wp-content\/uploads\/2025\/05\/screenshot-1749214923473-300x106.png 300w, https:\/\/combi-pro.com\/wp-content\/uploads\/2025\/05\/screenshot-1749214923473-64x23.png 64w, https:\/\/combi-pro.com\/wp-content\/uploads\/2025\/05\/screenshot-1749214923473-18x6.png 18w, https:\/\/combi-pro.com\/wp-content\/uploads\/2025\/05\/screenshot-1749214923473.png 396w\" sizes=\"(max-width: 269px) 100vw, 269px\" \/>\u00a0<\/strong><\/p>\n<p>&nbsp;<\/p>","protected":false},"featured_media":11053,"template":"","meta":{"site-sidebar-layout":"default","site-content-layout":"","ast-site-content-layout":"default","site-content-style":"default","site-sidebar-style":"default","ast-global-header-display":"","ast-banner-title-visibility":"","ast-main-header-display":"","ast-hfb-above-header-display":"","ast-hfb-below-header-display":"","ast-hfb-mobile-header-display":"","site-post-title":"","ast-breadcrumbs-content":"","ast-featured-img":"","footer-sml-layout":"","ast-disable-related-posts":"","theme-transparent-header-meta":"default","adv-header-id-meta":"","stick-header-meta":"","header-above-stick-meta":"","header-main-stick-meta":"","header-below-stick-meta":"","astra-migrate-meta-layouts":"set","ast-page-background-enabled":"default","ast-page-background-meta":{"desktop":{"background-color":"","background-image":"","background-repeat":"repeat","background-position":"center center","background-size":"auto","background-attachment":"scroll","background-type":"","background-media":"","overlay-type":"","overlay-color":"","overlay-opacity":"","overlay-gradient":""},"tablet":{"background-color":"","background-image":"","background-repeat":"repeat","background-position":"center center","background-size":"auto","background-attachment":"scroll","background-type":"","background-media":"","overlay-type":"","overlay-color":"","overlay-opacity":"","overlay-gradient":""},"mobile":{"background-color":"","background-image":"","background-repeat":"repeat","background-position":"center center","background-size":"auto","background-attachment":"scroll","background-type":"","background-media":"","overlay-type":"","overlay-color":"","overlay-opacity":"","overlay-gradient":""}},"ast-content-background-meta":{"desktop":{"background-color":"var(--ast-global-color-5)","background-image":"","background-repeat":"repeat","background-position":"center center","background-size":"auto","background-attachment":"scroll","background-type":"","background-media":"","overlay-type":"","overlay-color":"","overlay-opacity":"","overlay-gradient":""},"tablet":{"background-color":"var(--ast-global-color-5)","background-image":"","background-repeat":"repeat","background-position":"center center","background-size":"auto","background-attachment":"scroll","background-type":"","background-media":"","overlay-type":"","overlay-color":"","overlay-opacity":"","overlay-gradient":""},"mobile":{"background-color":"var(--ast-global-color-5)","background-image":"","background-repeat":"repeat","background-position":"center center","background-size":"auto","background-attachment":"scroll","background-type":"","background-media":"","overlay-type":"","overlay-color":"","overlay-opacity":"","overlay-gradient":""}}},"product_brand":[442],"product_cat":[72,111,50],"product_tag":[],"class_list":{"0":"post-11046","1":"product","2":"type-product","3":"status-publish","4":"has-post-thumbnail","6":"product_brand-velilla","7":"product_cat-hosteleria","8":"product_cat-polos-hosteleria","9":"product_cat-ropa-profesional","10":"desktop-align-center","11":"tablet-align-left","12":"mobile-align-left","14":"first","15":"outofstock","16":"taxable","17":"shipping-taxable","18":"purchasable","19":"product-type-variable","20":"has-default-attributes"},"_links":{"self":[{"href":"https:\/\/combi-pro.com\/fr\/wp-json\/wp\/v2\/product\/11046","targetHints":{"allow":["GET"]}}],"collection":[{"href":"https:\/\/combi-pro.com\/fr\/wp-json\/wp\/v2\/product"}],"about":[{"href":"https:\/\/combi-pro.com\/fr\/wp-json\/wp\/v2\/types\/product"}],"wp:featuredmedia":[{"embeddable":true,"href":"https:\/\/combi-pro.com\/fr\/wp-json\/wp\/v2\/media\/11053"}],"wp:attachment":[{"href":"https:\/\/combi-pro.com\/fr\/wp-json\/wp\/v2\/media?parent=11046"}],"wp:term":[{"taxonomy":"product_brand","embeddable":true,"href":"https:\/\/combi-pro.com\/fr\/wp-json\/wp\/v2\/product_brand?post=11046"},{"taxonomy":"product_cat","embeddable":true,"href":"https:\/\/combi-pro.com\/fr\/wp-json\/wp\/v2\/product_cat?post=11046"},{"taxonomy":"product_tag","embeddable":true,"href":"https:\/\/combi-pro.com\/fr\/wp-json\/wp\/v2\/product_tag?post=11046"}],"curies":[{"name":"wp","href":"https:\/\/api.w.org\/{rel}","templated":true}]}}