{"id":11719,"date":"2025-01-22T13:04:58","date_gmt":"2025-01-22T12:04:58","guid":{"rendered":"https:\/\/combi-pro.com\/?post_type=product&#038;p=11719"},"modified":"2026-05-13T17:41:17","modified_gmt":"2026-05-13T15:41:17","slug":"mk022cv-melbourne-short-sleeve-t-shirt-155","status":"publish","type":"product","link":"https:\/\/combi-pro.com\/fr\/boutique\/mk022cv-melbourne-short-sleeve-t-shirt-155\/","title":{"rendered":"T-shirt \u00e0 manches courtes unisexe MELBOURNE MK022CV | MUKUA"},"content":{"rendered":"<div class=\"data item\" role=\"tablist\">\n<div id=\"description\" class=\"data item content\" role=\"tabpanel\" aria-labelledby=\"tab-label-description\" data-role=\"content\" aria-hidden=\"false\">\n<div class=\"product attribute description\">\n<div class=\"value\">\n<p class=\"\" data-start=\"462\" data-end=\"494\"><strong data-start=\"462\" data-end=\"494\">Caract\u00e9ristiques principales:<\/strong><\/p>\n<ul>\n<li data-start=\"498\" data-end=\"571\">Col rond en tricot c\u00f4tel\u00e9 1\u00d71 avec \u00e9lasthanne pour plus d'extensibilit\u00e9.<\/li>\n<li data-start=\"574\" data-end=\"643\">Coutures renforc\u00e9es d'une \u00e9paule \u00e0 l'autre pour \u00e9viter les d\u00e9formations.<\/li>\n<li data-start=\"646\" data-end=\"708\">Tissu tubulaire sans coutures lat\u00e9rales pour un plus grand confort.<\/li>\n<li data-start=\"711\" data-end=\"743\">Toucher doux et finition soign\u00e9e.<\/li>\n<li data-start=\"746\" data-end=\"766\">Coupe Regular Fit.<\/li>\n<li data-start=\"769\" data-end=\"847\">\u00c9galement disponible en version femme (MELBOURNE WOMAN) et en version enfant (MELBOURNE KIDS).<\/li>\n<\/ul>\n<p class=\"\" data-start=\"849\" data-end=\"915\"><strong data-start=\"849\" data-end=\"867\">Certification: <\/strong><\/p>\n<ul>\n<li data-start=\"849\" data-end=\"915\">Con\u00e7u pour un usage quotidien et professionnel.<\/li>\n<\/ul>\n<p data-start=\"1468\" data-end=\"1491\"><strong data-start=\"1475\" data-end=\"1491\">Composition :<\/strong><\/p>\n<ul>\n<li>Tissu : Jersey simple<\/li>\n<li>100% Coton RingSpun<\/li>\n<li>Gris chin\u00e9 : 85% Coton \/ 15% Viscose<\/li>\n<\/ul>\n<p class=\"\" data-start=\"1095\" data-end=\"1237\"><strong data-start=\"1095\" data-end=\"1115\">Recommandations: <\/strong><\/p>\n<ul>\n<li data-start=\"1095\" data-end=\"1237\">Parfait pour les uniformes, les \u00e9v\u00e9nements promotionnels, le merchandising ou l'usage personnel en tant que v\u00eatement de base confortable pour tous les jours.<\/li>\n<\/ul>\n<p data-start=\"1095\" data-end=\"1237\"><img decoding=\"async\" class=\"\" src=\"https:\/\/combi-pro.com\/wp-content\/uploads\/2025\/01\/bordado-mukua.jpg\" width=\"60\" height=\"60\" alt=\"\"> <img decoding=\"async\" class=\"alignnone wp-image-14960\" src=\"https:\/\/combi-pro.com\/wp-content\/uploads\/2025\/01\/impresion-mukua-300x300.jpg\" alt=\"\" width=\"60\" height=\"60\" srcset=\"https:\/\/combi-pro.com\/wp-content\/uploads\/2025\/01\/impresion-mukua-300x300.jpg 300w, https:\/\/combi-pro.com\/wp-content\/uploads\/2025\/01\/impresion-mukua-100x100.jpg 100w, https:\/\/combi-pro.com\/wp-content\/uploads\/2025\/01\/impresion-mukua-64x64.jpg 64w, https:\/\/combi-pro.com\/wp-content\/uploads\/2025\/01\/impresion-mukua-150x150.jpg 150w, https:\/\/combi-pro.com\/wp-content\/uploads\/2025\/01\/impresion-mukua-12x12.jpg 12w, https:\/\/combi-pro.com\/wp-content\/uploads\/2025\/01\/impresion-mukua.jpg 427w\" sizes=\"(max-width: 60px) 100vw, 60px\" \/><\/p>\n<\/div>\n<\/div>\n<\/div>\n<\/div>","protected":false},"excerpt":{"rendered":"<p>Le T-shirt MELBOURNE est un v\u00eatement basique, confortable et polyvalent, id\u00e9al pour un usage quotidien, professionnel ou promotionnel. Fabriqu\u00e9 en coton Ringspun doux au toucher et en tissu tubulaire, il assure une coupe r\u00e9guli\u00e8re et une excellente durabilit\u00e9.<\/p>\n<p><img decoding=\"async\" src=\"https:\/\/combi-pro.com\/wp-content\/uploads\/2025\/01\/OEKOTEX-31_0.png\" \/><\/p>\n<p><strong>GUIDE DES TAILLES\u00a0<\/strong><\/p>\n<p><img fetchpriority=\"high\" decoding=\"async\" class=\"alignnone wp-image-17973 size-full\" src=\"https:\/\/combi-pro.com\/wp-content\/uploads\/2025\/01\/Design-sans-titre-18.png\" alt=\"\" width=\"500\" height=\"220\" srcset=\"https:\/\/combi-pro.com\/wp-content\/uploads\/2025\/01\/Design-sans-titre-18.png 500w, https:\/\/combi-pro.com\/wp-content\/uploads\/2025\/01\/Design-sans-titre-18-300x132.png 300w, https:\/\/combi-pro.com\/wp-content\/uploads\/2025\/01\/Design-sans-titre-18-18x8.png 18w, https:\/\/combi-pro.com\/wp-content\/uploads\/2025\/01\/Design-sans-titre-18-450x198.png 450w, https:\/\/combi-pro.com\/wp-content\/uploads\/2025\/01\/Design-sans-titre-18-64x28.png 64w\" sizes=\"(max-width: 500px) 100vw, 500px\" \/><\/p>\n<p>&nbsp;<\/p>","protected":false},"featured_media":11810,"template":"","meta":{"site-sidebar-layout":"default","site-content-layout":"","ast-site-content-layout":"default","site-content-style":"default","site-sidebar-style":"default","ast-global-header-display":"","ast-banner-title-visibility":"","ast-main-header-display":"","ast-hfb-above-header-display":"","ast-hfb-below-header-display":"","ast-hfb-mobile-header-display":"","site-post-title":"","ast-breadcrumbs-content":"","ast-featured-img":"","footer-sml-layout":"","ast-disable-related-posts":"","theme-transparent-header-meta":"default","adv-header-id-meta":"","stick-header-meta":"","header-above-stick-meta":"","header-main-stick-meta":"","header-below-stick-meta":"","astra-migrate-meta-layouts":"set","ast-page-background-enabled":"default","ast-page-background-meta":{"desktop":{"background-color":"","background-image":"","background-repeat":"repeat","background-position":"center center","background-size":"auto","background-attachment":"scroll","background-type":"","background-media":"","overlay-type":"","overlay-color":"","overlay-opacity":"","overlay-gradient":""},"tablet":{"background-color":"","background-image":"","background-repeat":"repeat","background-position":"center center","background-size":"auto","background-attachment":"scroll","background-type":"","background-media":"","overlay-type":"","overlay-color":"","overlay-opacity":"","overlay-gradient":""},"mobile":{"background-color":"","background-image":"","background-repeat":"repeat","background-position":"center center","background-size":"auto","background-attachment":"scroll","background-type":"","background-media":"","overlay-type":"","overlay-color":"","overlay-opacity":"","overlay-gradient":""}},"ast-content-background-meta":{"desktop":{"background-color":"var(--ast-global-color-5)","background-image":"","background-repeat":"repeat","background-position":"center center","background-size":"auto","background-attachment":"scroll","background-type":"","background-media":"","overlay-type":"","overlay-color":"","overlay-opacity":"","overlay-gradient":""},"tablet":{"background-color":"var(--ast-global-color-5)","background-image":"","background-repeat":"repeat","background-position":"center center","background-size":"auto","background-attachment":"scroll","background-type":"","background-media":"","overlay-type":"","overlay-color":"","overlay-opacity":"","overlay-gradient":""},"mobile":{"background-color":"var(--ast-global-color-5)","background-image":"","background-repeat":"repeat","background-position":"center center","background-size":"auto","background-attachment":"scroll","background-type":"","background-media":"","overlay-type":"","overlay-color":"","overlay-opacity":"","overlay-gradient":""}}},"product_brand":[444],"product_cat":[348,340],"product_tag":[],"class_list":{"0":"post-11719","1":"product","2":"type-product","3":"status-publish","4":"has-post-thumbnail","6":"product_brand-mukua","7":"product_cat-camisetas-textil-promocional","8":"product_cat-textil-promocional","9":"desktop-align-center","10":"tablet-align-left","11":"mobile-align-left","13":"first","14":"instock","15":"taxable","16":"shipping-taxable","17":"purchasable","18":"product-type-variable","19":"has-default-attributes"},"_links":{"self":[{"href":"https:\/\/combi-pro.com\/fr\/wp-json\/wp\/v2\/product\/11719","targetHints":{"allow":["GET"]}}],"collection":[{"href":"https:\/\/combi-pro.com\/fr\/wp-json\/wp\/v2\/product"}],"about":[{"href":"https:\/\/combi-pro.com\/fr\/wp-json\/wp\/v2\/types\/product"}],"wp:featuredmedia":[{"embeddable":true,"href":"https:\/\/combi-pro.com\/fr\/wp-json\/wp\/v2\/media\/11810"}],"wp:attachment":[{"href":"https:\/\/combi-pro.com\/fr\/wp-json\/wp\/v2\/media?parent=11719"}],"wp:term":[{"taxonomy":"product_brand","embeddable":true,"href":"https:\/\/combi-pro.com\/fr\/wp-json\/wp\/v2\/product_brand?post=11719"},{"taxonomy":"product_cat","embeddable":true,"href":"https:\/\/combi-pro.com\/fr\/wp-json\/wp\/v2\/product_cat?post=11719"},{"taxonomy":"product_tag","embeddable":true,"href":"https:\/\/combi-pro.com\/fr\/wp-json\/wp\/v2\/product_tag?post=11719"}],"curies":[{"name":"wp","href":"https:\/\/api.w.org\/{rel}","templated":true}]}}