{"id":11846,"date":"2025-01-22T16:15:12","date_gmt":"2025-01-22T15:15:12","guid":{"rendered":"https:\/\/combi-pro.com\/?post_type=product&#038;p=11846"},"modified":"2026-05-08T22:33:36","modified_gmt":"2026-05-08T20:33:36","slug":"mct200v-5-panel-cap","status":"publish","type":"product","link":"https:\/\/combi-pro.com\/fr\/boutique\/mct200v-5-panel-cap\/","title":{"rendered":"Casquette 5 panneaux TEAM MCT200V | MUKUA"},"content":{"rendered":"<div class=\"data item\" role=\"tablist\">\n<p class=\"\" data-start=\"392\" data-end=\"424\"><strong data-start=\"392\" data-end=\"424\">Caract\u00e9ristiques principales:<\/strong><\/p>\n<ul>\n<li data-start=\"428\" data-end=\"454\">Structure \u00e0 5 panneaux.<\/li>\n<li data-start=\"457\" data-end=\"495\">Tissu serg\u00e9 l\u00e9ger et durable.<\/li>\n<li data-start=\"498\" data-end=\"542\">4 trous d'a\u00e9ration brod\u00e9s \u00e0 l'identique.<\/li>\n<li data-start=\"545\" data-end=\"577\">Marge de couture int\u00e9rieure assortie.<\/li>\n<li data-start=\"580\" data-end=\"609\">Fermeture velcro r\u00e9glable.<\/li>\n<li data-start=\"612\" data-end=\"656\">Le bouton du haut est doubl\u00e9 du m\u00eame tissu.<\/li>\n<li data-start=\"659\" data-end=\"723\">Visi\u00e8re incurv\u00e9e en couleur contrast\u00e9e pour un design dynamique.<\/li>\n<\/ul>\n<p class=\"\" data-start=\"725\" data-end=\"791\"><strong data-start=\"725\" data-end=\"743\">Certification: <\/strong><\/p>\n<ul>\n<li data-start=\"725\" data-end=\"791\">Con\u00e7u pour un usage quotidien et professionnel.<\/li>\n<\/ul>\n<p class=\"\" data-start=\"793\" data-end=\"890\"><strong data-start=\"793\" data-end=\"804\">Tissu:<\/strong><\/p>\n<ul>\n<li data-start=\"793\" data-end=\"890\">Twill - 100 coton % \/ 180 g\/m\u00b2.<\/li>\n<li data-start=\"793\" data-end=\"890\">Tissu naturel, confortable et facile \u00e0 personnaliser.<\/li>\n<\/ul>\n<p class=\"\" data-start=\"892\" data-end=\"1053\"><strong data-start=\"892\" data-end=\"912\">Recommandations: <\/strong><\/p>\n<ul>\n<li data-start=\"892\" data-end=\"1053\">Id\u00e9al pour le merchandising d'entreprise, les \u00e9v\u00e9nements promotionnels, les activit\u00e9s sportives ou comme compl\u00e9ment d\u00e9contract\u00e9 \u00e0 des uniformes personnalis\u00e9s.<\/li>\n<\/ul>\n<\/div>","protected":false},"excerpt":{"rendered":"<p>La casquette TEAM allie la fonctionnalit\u00e9 \u00e0 une touche distinctive gr\u00e2ce \u00e0 sa visi\u00e8re contrast\u00e9e. Fabriqu\u00e9e en serg\u00e9 de coton, elle est confortable, durable et parfaitement adapt\u00e9e \u00e0 la personnalisation textile ou aux \u00e9v\u00e9nements professionnels.<\/p>\n<p>&nbsp;<\/p>","protected":false},"featured_media":11861,"template":"","meta":{"site-sidebar-layout":"default","site-content-layout":"","ast-site-content-layout":"default","site-content-style":"default","site-sidebar-style":"default","ast-global-header-display":"","ast-banner-title-visibility":"","ast-main-header-display":"","ast-hfb-above-header-display":"","ast-hfb-below-header-display":"","ast-hfb-mobile-header-display":"","site-post-title":"","ast-breadcrumbs-content":"","ast-featured-img":"","footer-sml-layout":"","ast-disable-related-posts":"","theme-transparent-header-meta":"default","adv-header-id-meta":"","stick-header-meta":"","header-above-stick-meta":"","header-main-stick-meta":"","header-below-stick-meta":"","astra-migrate-meta-layouts":"set","ast-page-background-enabled":"default","ast-page-background-meta":{"desktop":{"background-color":"","background-image":"","background-repeat":"repeat","background-position":"center center","background-size":"auto","background-attachment":"scroll","background-type":"","background-media":"","overlay-type":"","overlay-color":"","overlay-opacity":"","overlay-gradient":""},"tablet":{"background-color":"","background-image":"","background-repeat":"repeat","background-position":"center center","background-size":"auto","background-attachment":"scroll","background-type":"","background-media":"","overlay-type":"","overlay-color":"","overlay-opacity":"","overlay-gradient":""},"mobile":{"background-color":"","background-image":"","background-repeat":"repeat","background-position":"center center","background-size":"auto","background-attachment":"scroll","background-type":"","background-media":"","overlay-type":"","overlay-color":"","overlay-opacity":"","overlay-gradient":""}},"ast-content-background-meta":{"desktop":{"background-color":"var(--ast-global-color-5)","background-image":"","background-repeat":"repeat","background-position":"center center","background-size":"auto","background-attachment":"scroll","background-type":"","background-media":"","overlay-type":"","overlay-color":"","overlay-opacity":"","overlay-gradient":""},"tablet":{"background-color":"var(--ast-global-color-5)","background-image":"","background-repeat":"repeat","background-position":"center center","background-size":"auto","background-attachment":"scroll","background-type":"","background-media":"","overlay-type":"","overlay-color":"","overlay-opacity":"","overlay-gradient":""},"mobile":{"background-color":"var(--ast-global-color-5)","background-image":"","background-repeat":"repeat","background-position":"center center","background-size":"auto","background-attachment":"scroll","background-type":"","background-media":"","overlay-type":"","overlay-color":"","overlay-opacity":"","overlay-gradient":""}}},"product_brand":[444],"product_cat":[347,340],"product_tag":[],"class_list":{"0":"post-11846","1":"product","2":"type-product","3":"status-publish","4":"has-post-thumbnail","6":"product_brand-mukua","7":"product_cat-gorras","8":"product_cat-textil-promocional","9":"desktop-align-center","10":"tablet-align-left","11":"mobile-align-left","13":"first","14":"instock","15":"taxable","16":"shipping-taxable","17":"purchasable","18":"product-type-variable","19":"has-default-attributes"},"_links":{"self":[{"href":"https:\/\/combi-pro.com\/fr\/wp-json\/wp\/v2\/product\/11846","targetHints":{"allow":["GET"]}}],"collection":[{"href":"https:\/\/combi-pro.com\/fr\/wp-json\/wp\/v2\/product"}],"about":[{"href":"https:\/\/combi-pro.com\/fr\/wp-json\/wp\/v2\/types\/product"}],"wp:featuredmedia":[{"embeddable":true,"href":"https:\/\/combi-pro.com\/fr\/wp-json\/wp\/v2\/media\/11861"}],"wp:attachment":[{"href":"https:\/\/combi-pro.com\/fr\/wp-json\/wp\/v2\/media?parent=11846"}],"wp:term":[{"taxonomy":"product_brand","embeddable":true,"href":"https:\/\/combi-pro.com\/fr\/wp-json\/wp\/v2\/product_brand?post=11846"},{"taxonomy":"product_cat","embeddable":true,"href":"https:\/\/combi-pro.com\/fr\/wp-json\/wp\/v2\/product_cat?post=11846"},{"taxonomy":"product_tag","embeddable":true,"href":"https:\/\/combi-pro.com\/fr\/wp-json\/wp\/v2\/product_tag?post=11846"}],"curies":[{"name":"wp","href":"https:\/\/api.w.org\/{rel}","templated":true}]}}