{"id":11883,"date":"2025-01-22T22:08:24","date_gmt":"2025-01-22T21:08:24","guid":{"rendered":"https:\/\/combi-pro.com\/?post_type=product&#038;p=11883"},"modified":"2026-05-02T19:55:57","modified_gmt":"2026-05-02T17:55:57","slug":"mct300v-5-panel-cap","status":"publish","type":"product","link":"https:\/\/combi-pro.com\/fr\/boutique\/mct300v-5-panel-cap\/","title":{"rendered":"Casquette 5 panneaux de fermeture velcro r\u00e9glable MCT300V | MUKUA"},"content":{"rendered":"<div class=\"data item\" role=\"tablist\">\n<p class=\"\" data-start=\"350\" data-end=\"382\"><strong data-start=\"350\" data-end=\"382\">Caract\u00e9ristiques principales:<\/strong><\/p>\n<ul>\n<li data-start=\"386\" data-end=\"412\">Structure \u00e0 5 panneaux.<\/li>\n<li data-start=\"415\" data-end=\"455\">Tissu serg\u00e9 l\u00e9ger et respirant.<\/li>\n<li data-start=\"458\" data-end=\"502\">4 trous d'a\u00e9ration brod\u00e9s \u00e0 l'identique.<\/li>\n<li data-start=\"505\" data-end=\"560\">Couture int\u00e9rieure ton sur ton pour une finition nette.<\/li>\n<li data-start=\"563\" data-end=\"592\">Fermeture velcro r\u00e9glable.<\/li>\n<li data-start=\"595\" data-end=\"639\">Le bouton du haut est doubl\u00e9 du m\u00eame tissu.<\/li>\n<li data-start=\"642\" data-end=\"696\">Visi\u00e8re incurv\u00e9e pour une protection et un style classique.<\/li>\n<\/ul>\n<p class=\"\" data-start=\"698\" data-end=\"764\"><strong data-start=\"698\" data-end=\"716\">Certification: <\/strong><\/p>\n<ul>\n<li data-start=\"698\" data-end=\"764\">Con\u00e7u pour un usage quotidien et professionnel.<\/li>\n<\/ul>\n<p class=\"\" data-start=\"766\" data-end=\"863\"><strong data-start=\"766\" data-end=\"777\">Tissu: <\/strong><\/p>\n<ul>\n<li data-start=\"766\" data-end=\"863\">Twill - 100 coton % \/ 180 g\/m\u00b2.<\/li>\n<li data-start=\"766\" data-end=\"863\">Tissu naturel, confortable et facile \u00e0 personnaliser.<\/li>\n<\/ul>\n<p class=\"\" data-start=\"865\" data-end=\"1015\"><strong data-start=\"865\" data-end=\"885\">Recommandations:<\/strong><\/p>\n<ul>\n<li data-start=\"865\" data-end=\"1015\">Parfait pour les \u00e9v\u00e9nements promotionnels, l'utilisation quotidienne, les activit\u00e9s de plein air ou comme accessoire de base pour les uniformes personnalis\u00e9s.<\/li>\n<\/ul>\n<\/div>","protected":false},"excerpt":{"rendered":"<p>La casquette \u00e0 5 panneaux est un choix classique, l\u00e9ger et fonctionnel. Fabriqu\u00e9e en serg\u00e9 de coton, elle est id\u00e9ale pour les activit\u00e9s promotionnelles, la personnalisation de textiles ou comme accessoire pratique de tous les jours.<\/p>\n<p>&nbsp;<\/p>","protected":false},"featured_media":11892,"template":"","meta":{"site-sidebar-layout":"default","site-content-layout":"","ast-site-content-layout":"default","site-content-style":"default","site-sidebar-style":"default","ast-global-header-display":"","ast-banner-title-visibility":"","ast-main-header-display":"","ast-hfb-above-header-display":"","ast-hfb-below-header-display":"","ast-hfb-mobile-header-display":"","site-post-title":"","ast-breadcrumbs-content":"","ast-featured-img":"","footer-sml-layout":"","ast-disable-related-posts":"","theme-transparent-header-meta":"default","adv-header-id-meta":"","stick-header-meta":"","header-above-stick-meta":"","header-main-stick-meta":"","header-below-stick-meta":"","astra-migrate-meta-layouts":"set","ast-page-background-enabled":"default","ast-page-background-meta":{"desktop":{"background-color":"","background-image":"","background-repeat":"repeat","background-position":"center center","background-size":"auto","background-attachment":"scroll","background-type":"","background-media":"","overlay-type":"","overlay-color":"","overlay-opacity":"","overlay-gradient":""},"tablet":{"background-color":"","background-image":"","background-repeat":"repeat","background-position":"center center","background-size":"auto","background-attachment":"scroll","background-type":"","background-media":"","overlay-type":"","overlay-color":"","overlay-opacity":"","overlay-gradient":""},"mobile":{"background-color":"","background-image":"","background-repeat":"repeat","background-position":"center center","background-size":"auto","background-attachment":"scroll","background-type":"","background-media":"","overlay-type":"","overlay-color":"","overlay-opacity":"","overlay-gradient":""}},"ast-content-background-meta":{"desktop":{"background-color":"var(--ast-global-color-5)","background-image":"","background-repeat":"repeat","background-position":"center center","background-size":"auto","background-attachment":"scroll","background-type":"","background-media":"","overlay-type":"","overlay-color":"","overlay-opacity":"","overlay-gradient":""},"tablet":{"background-color":"var(--ast-global-color-5)","background-image":"","background-repeat":"repeat","background-position":"center center","background-size":"auto","background-attachment":"scroll","background-type":"","background-media":"","overlay-type":"","overlay-color":"","overlay-opacity":"","overlay-gradient":""},"mobile":{"background-color":"var(--ast-global-color-5)","background-image":"","background-repeat":"repeat","background-position":"center center","background-size":"auto","background-attachment":"scroll","background-type":"","background-media":"","overlay-type":"","overlay-color":"","overlay-opacity":"","overlay-gradient":""}}},"product_brand":[444],"product_cat":[347,340],"product_tag":[],"class_list":{"0":"post-11883","1":"product","2":"type-product","3":"status-publish","4":"has-post-thumbnail","6":"product_brand-mukua","7":"product_cat-gorras","8":"product_cat-textil-promocional","9":"desktop-align-center","10":"tablet-align-left","11":"mobile-align-left","13":"first","14":"instock","15":"taxable","16":"shipping-taxable","17":"purchasable","18":"product-type-variable","19":"has-default-attributes"},"_links":{"self":[{"href":"https:\/\/combi-pro.com\/fr\/wp-json\/wp\/v2\/product\/11883","targetHints":{"allow":["GET"]}}],"collection":[{"href":"https:\/\/combi-pro.com\/fr\/wp-json\/wp\/v2\/product"}],"about":[{"href":"https:\/\/combi-pro.com\/fr\/wp-json\/wp\/v2\/types\/product"}],"wp:featuredmedia":[{"embeddable":true,"href":"https:\/\/combi-pro.com\/fr\/wp-json\/wp\/v2\/media\/11892"}],"wp:attachment":[{"href":"https:\/\/combi-pro.com\/fr\/wp-json\/wp\/v2\/media?parent=11883"}],"wp:term":[{"taxonomy":"product_brand","embeddable":true,"href":"https:\/\/combi-pro.com\/fr\/wp-json\/wp\/v2\/product_brand?post=11883"},{"taxonomy":"product_cat","embeddable":true,"href":"https:\/\/combi-pro.com\/fr\/wp-json\/wp\/v2\/product_cat?post=11883"},{"taxonomy":"product_tag","embeddable":true,"href":"https:\/\/combi-pro.com\/fr\/wp-json\/wp\/v2\/product_tag?post=11883"}],"curies":[{"name":"wp","href":"https:\/\/api.w.org\/{rel}","templated":true}]}}