{"id":11905,"date":"2025-01-23T02:45:18","date_gmt":"2025-01-23T01:45:18","guid":{"rendered":"https:\/\/combi-pro.com\/?post_type=product&#038;p=11905"},"modified":"2026-05-02T19:56:00","modified_gmt":"2026-05-02T17:56:00","slug":"mct600v-cap-6-panneaux","status":"publish","type":"product","link":"https:\/\/combi-pro.com\/fr\/boutique\/mct600v-cap-6-panneaux\/","title":{"rendered":"Casquette \u00e0 6 panneaux avec fermeture arri\u00e8re r\u00e9glable en plastique MCT600V | MUKUA"},"content":{"rendered":"<div class=\"data item\" role=\"tablist\">\n<p class=\"\" data-start=\"392\" data-end=\"424\"><strong data-start=\"392\" data-end=\"424\">Caract\u00e9ristiques principales:<\/strong><\/p>\n<ul>\n<li data-start=\"428\" data-end=\"454\">Structure \u00e0 6 panneaux.<\/li>\n<li data-start=\"457\" data-end=\"486\">Tissu serg\u00e9 durable.<\/li>\n<li data-start=\"489\" data-end=\"533\">6 trous d'a\u00e9ration brod\u00e9s \u00e0 l'identique.<\/li>\n<li data-start=\"536\" data-end=\"591\">Couture int\u00e9rieure ton sur ton pour une finition nette.<\/li>\n<li data-start=\"594\" data-end=\"633\">Fermeture \u00e9clair arri\u00e8re en plastique r\u00e9glable.<\/li>\n<li data-start=\"636\" data-end=\"680\">Le bouton du haut est doubl\u00e9 du m\u00eame tissu.<\/li>\n<li data-start=\"683\" data-end=\"730\">Visi\u00e8re large et plate pour un look contemporain.<\/li>\n<\/ul>\n<p class=\"\" data-start=\"732\" data-end=\"798\"><strong data-start=\"732\" data-end=\"750\">Certification: <\/strong>Con\u00e7u pour un usage quotidien et professionnel.<\/p>\n<p class=\"\" data-start=\"800\" data-end=\"890\"><strong data-start=\"800\" data-end=\"811\">Tissu:<\/strong><\/p>\n<ul>\n<li data-start=\"800\" data-end=\"890\">Twill - 100 % acrylique \/ 450 g\/m\u00b2.<\/li>\n<li data-start=\"800\" data-end=\"890\">Tissu \u00e9pais, structur\u00e9 et durable.<\/li>\n<\/ul>\n<p class=\"\" data-start=\"892\" data-end=\"1044\"><strong data-start=\"892\" data-end=\"912\">Recommandations: <\/strong><\/p>\n<ul>\n<li data-start=\"892\" data-end=\"1044\">Parfait pour les \u00e9v\u00e9nements promotionnels, la personnalisation, les v\u00eatements de ville d'entreprise ou pour compl\u00e9ter les uniformes d\u00e9contract\u00e9s.<\/li>\n<\/ul>\n<p data-start=\"892\" data-end=\"1044\">\n<\/div>","protected":false},"excerpt":{"rendered":"<p>La casquette \u00e0 6 panneaux offre un style moderne et urbain, alliant solidit\u00e9, confort et d\u00e9tails soign\u00e9s. Avec sa visi\u00e8re plate et sa construction en serg\u00e9 acrylique, elle est id\u00e9ale pour une utilisation promotionnelle et pour compl\u00e9ter les uniformes avec personnalit\u00e9.<\/p>\n<p>&nbsp;<\/p>","protected":false},"featured_media":11910,"template":"","meta":{"site-sidebar-layout":"default","site-content-layout":"","ast-site-content-layout":"default","site-content-style":"default","site-sidebar-style":"default","ast-global-header-display":"","ast-banner-title-visibility":"","ast-main-header-display":"","ast-hfb-above-header-display":"","ast-hfb-below-header-display":"","ast-hfb-mobile-header-display":"","site-post-title":"","ast-breadcrumbs-content":"","ast-featured-img":"","footer-sml-layout":"","ast-disable-related-posts":"","theme-transparent-header-meta":"default","adv-header-id-meta":"","stick-header-meta":"","header-above-stick-meta":"","header-main-stick-meta":"","header-below-stick-meta":"","astra-migrate-meta-layouts":"set","ast-page-background-enabled":"default","ast-page-background-meta":{"desktop":{"background-color":"","background-image":"","background-repeat":"repeat","background-position":"center center","background-size":"auto","background-attachment":"scroll","background-type":"","background-media":"","overlay-type":"","overlay-color":"","overlay-opacity":"","overlay-gradient":""},"tablet":{"background-color":"","background-image":"","background-repeat":"repeat","background-position":"center center","background-size":"auto","background-attachment":"scroll","background-type":"","background-media":"","overlay-type":"","overlay-color":"","overlay-opacity":"","overlay-gradient":""},"mobile":{"background-color":"","background-image":"","background-repeat":"repeat","background-position":"center center","background-size":"auto","background-attachment":"scroll","background-type":"","background-media":"","overlay-type":"","overlay-color":"","overlay-opacity":"","overlay-gradient":""}},"ast-content-background-meta":{"desktop":{"background-color":"var(--ast-global-color-5)","background-image":"","background-repeat":"repeat","background-position":"center center","background-size":"auto","background-attachment":"scroll","background-type":"","background-media":"","overlay-type":"","overlay-color":"","overlay-opacity":"","overlay-gradient":""},"tablet":{"background-color":"var(--ast-global-color-5)","background-image":"","background-repeat":"repeat","background-position":"center center","background-size":"auto","background-attachment":"scroll","background-type":"","background-media":"","overlay-type":"","overlay-color":"","overlay-opacity":"","overlay-gradient":""},"mobile":{"background-color":"var(--ast-global-color-5)","background-image":"","background-repeat":"repeat","background-position":"center center","background-size":"auto","background-attachment":"scroll","background-type":"","background-media":"","overlay-type":"","overlay-color":"","overlay-opacity":"","overlay-gradient":""}}},"product_brand":[444],"product_cat":[347,340],"product_tag":[],"class_list":{"0":"post-11905","1":"product","2":"type-product","3":"status-publish","4":"has-post-thumbnail","6":"product_brand-mukua","7":"product_cat-gorras","8":"product_cat-textil-promocional","9":"desktop-align-center","10":"tablet-align-left","11":"mobile-align-left","13":"first","14":"instock","15":"taxable","16":"shipping-taxable","17":"purchasable","18":"product-type-variable","19":"has-default-attributes"},"_links":{"self":[{"href":"https:\/\/combi-pro.com\/fr\/wp-json\/wp\/v2\/product\/11905","targetHints":{"allow":["GET"]}}],"collection":[{"href":"https:\/\/combi-pro.com\/fr\/wp-json\/wp\/v2\/product"}],"about":[{"href":"https:\/\/combi-pro.com\/fr\/wp-json\/wp\/v2\/types\/product"}],"wp:featuredmedia":[{"embeddable":true,"href":"https:\/\/combi-pro.com\/fr\/wp-json\/wp\/v2\/media\/11910"}],"wp:attachment":[{"href":"https:\/\/combi-pro.com\/fr\/wp-json\/wp\/v2\/media?parent=11905"}],"wp:term":[{"taxonomy":"product_brand","embeddable":true,"href":"https:\/\/combi-pro.com\/fr\/wp-json\/wp\/v2\/product_brand?post=11905"},{"taxonomy":"product_cat","embeddable":true,"href":"https:\/\/combi-pro.com\/fr\/wp-json\/wp\/v2\/product_cat?post=11905"},{"taxonomy":"product_tag","embeddable":true,"href":"https:\/\/combi-pro.com\/fr\/wp-json\/wp\/v2\/product_tag?post=11905"}],"curies":[{"name":"wp","href":"https:\/\/api.w.org\/{rel}","templated":true}]}}