{"id":11941,"date":"2025-01-23T11:23:56","date_gmt":"2025-01-23T10:23:56","guid":{"rendered":"https:\/\/combi-pro.com\/?post_type=product&#038;p=11941"},"modified":"2026-03-10T01:04:24","modified_gmt":"2026-03-10T00:04:24","slug":"t-shirt-technique-a-manches-courtes-mk520v","status":"publish","type":"product","link":"https:\/\/combi-pro.com\/fr\/boutique\/t-shirt-technique-a-manches-courtes-mk520v\/","title":{"rendered":"T-shirt technique \u00e0 manches courtes unisexe TECH MK520V | MUKUA"},"content":{"rendered":"<div class=\"data item\" role=\"tablist\">\n<p class=\"\" data-start=\"419\" data-end=\"451\"><strong data-start=\"419\" data-end=\"451\">Caract\u00e9ristiques principales:<\/strong><\/p>\n<ul>\n<li data-start=\"455\" data-end=\"514\">Manches raglan pour une plus grande libert\u00e9 de mouvement.<\/li>\n<li data-start=\"517\" data-end=\"568\">Col rond dans le m\u00eame tissu.<\/li>\n<li data-start=\"571\" data-end=\"631\">Coutures int\u00e9rieures renforc\u00e9es pour \u00e9viter les d\u00e9formations.<\/li>\n<li data-start=\"634\" data-end=\"697\">Tissu technique respirant, facile \u00e0 laver et s\u00e9chage rapide.<\/li>\n<li data-start=\"700\" data-end=\"757\">Excellente r\u00e9sistance au boulochage.<\/li>\n<li data-start=\"760\" data-end=\"798\">Coutures d\u00e9coratives sur la moiti\u00e9 de la manche.<\/li>\n<li data-start=\"801\" data-end=\"821\">Coupe Regular Fit.<\/li>\n<li data-start=\"824\" data-end=\"874\">\u00c9galement disponible en version pour enfants : TECH KIDS.<\/li>\n<\/ul>\n<p class=\"\" data-start=\"876\" data-end=\"942\"><strong data-start=\"876\" data-end=\"894\">Certification: <\/strong><\/p>\n<ul>\n<li data-start=\"876\" data-end=\"942\">Con\u00e7u pour un usage quotidien et professionnel.<\/li>\n<\/ul>\n<p class=\"\" data-start=\"944\" data-end=\"1055\"><strong data-start=\"944\" data-end=\"955\">Tissu: <\/strong><\/p>\n<ul>\n<li data-start=\"944\" data-end=\"1055\">Bird Eye - 100 polyester % \/ 130 g\/m\u00b2.<\/li>\n<li data-start=\"944\" data-end=\"1055\">Tissu l\u00e9ger, technique, respirant et \u00e0 s\u00e9chage rapide.<\/li>\n<\/ul>\n<p class=\"\" data-start=\"1057\" data-end=\"1206\"><strong data-start=\"1057\" data-end=\"1077\">Recommandations:<\/strong><\/p>\n<ul>\n<li data-start=\"1057\" data-end=\"1206\">Id\u00e9al pour les activit\u00e9s sportives, les \u00e9v\u00e9nements en plein air, les uniformes du personnel actif ou comme v\u00eatement de base dans les climats plus chauds.<\/li>\n<\/ul>\n<p data-start=\"1057\" data-end=\"1206\"><img decoding=\"async\" class=\"alignnone wp-image-14960\" src=\"https:\/\/combi-pro.com\/wp-content\/uploads\/2025\/01\/impresion-mukua-300x300.jpg\" alt=\"\" width=\"60\" height=\"60\" srcset=\"https:\/\/combi-pro.com\/wp-content\/uploads\/2025\/01\/impresion-mukua-300x300.jpg 300w, https:\/\/combi-pro.com\/wp-content\/uploads\/2025\/01\/impresion-mukua-100x100.jpg 100w, https:\/\/combi-pro.com\/wp-content\/uploads\/2025\/01\/impresion-mukua-64x64.jpg 64w, https:\/\/combi-pro.com\/wp-content\/uploads\/2025\/01\/impresion-mukua-150x150.jpg 150w, https:\/\/combi-pro.com\/wp-content\/uploads\/2025\/01\/impresion-mukua-12x12.jpg 12w, https:\/\/combi-pro.com\/wp-content\/uploads\/2025\/01\/impresion-mukua.jpg 427w\" sizes=\"(max-width: 60px) 100vw, 60px\" \/> <img decoding=\"async\" class=\"alignnone wp-image-14962\" src=\"https:\/\/combi-pro.com\/wp-content\/uploads\/2025\/01\/bordado-mukua.jpg\" alt=\"\" width=\"60\" height=\"60\" srcset=\"https:\/\/combi-pro.com\/wp-content\/uploads\/2025\/01\/bordado-mukua.jpg 427w, https:\/\/combi-pro.com\/wp-content\/uploads\/2025\/01\/bordado-mukua-100x100.jpg 100w, https:\/\/combi-pro.com\/wp-content\/uploads\/2025\/01\/bordado-mukua-64x64.jpg 64w, https:\/\/combi-pro.com\/wp-content\/uploads\/2025\/01\/bordado-mukua-300x300.jpg 300w, https:\/\/combi-pro.com\/wp-content\/uploads\/2025\/01\/bordado-mukua-150x150.jpg 150w, https:\/\/combi-pro.com\/wp-content\/uploads\/2025\/01\/bordado-mukua-12x12.jpg 12w\" sizes=\"(max-width: 60px) 100vw, 60px\" \/><\/p>\n<\/div>","protected":false},"excerpt":{"rendered":"<p>Le T-shirt technique TECH est con\u00e7u pour \u00eatre l\u00e9ger, respirant et confortable dans les environnements chauds ou lors d'activit\u00e9s physiques. Gr\u00e2ce \u00e0 son tissu technique Bird Eye, c'est un v\u00eatement id\u00e9al pour un usage quotidien, professionnel ou sportif.<\/p>\n<p><strong>GUIDE DES TAILLES\u00a0<\/strong><\/p>\n<p><img fetchpriority=\"high\" decoding=\"async\" class=\"alignnone wp-image-17986 size-full\" src=\"https:\/\/combi-pro.com\/wp-content\/uploads\/2025\/01\/Design-sans-titre-27.png\" alt=\"\" width=\"500\" height=\"131\" srcset=\"https:\/\/combi-pro.com\/wp-content\/uploads\/2025\/01\/Design-sans-titre-27.png 500w, https:\/\/combi-pro.com\/wp-content\/uploads\/2025\/01\/Design-sans-titre-27-300x79.png 300w, https:\/\/combi-pro.com\/wp-content\/uploads\/2025\/01\/Design-sans-titre-27-18x5.png 18w, https:\/\/combi-pro.com\/wp-content\/uploads\/2025\/01\/Design-sans-titre-27-450x118.png 450w, https:\/\/combi-pro.com\/wp-content\/uploads\/2025\/01\/Design-sans-titre-27-64x17.png 64w\" sizes=\"(max-width: 500px) 100vw, 500px\" \/><\/p>\n<p>&nbsp;<\/p>","protected":false},"featured_media":11959,"template":"","meta":{"site-sidebar-layout":"default","site-content-layout":"","ast-site-content-layout":"default","site-content-style":"default","site-sidebar-style":"default","ast-global-header-display":"","ast-banner-title-visibility":"","ast-main-header-display":"","ast-hfb-above-header-display":"","ast-hfb-below-header-display":"","ast-hfb-mobile-header-display":"","site-post-title":"","ast-breadcrumbs-content":"","ast-featured-img":"","footer-sml-layout":"","ast-disable-related-posts":"","theme-transparent-header-meta":"default","adv-header-id-meta":"","stick-header-meta":"","header-above-stick-meta":"","header-main-stick-meta":"","header-below-stick-meta":"","astra-migrate-meta-layouts":"set","ast-page-background-enabled":"default","ast-page-background-meta":{"desktop":{"background-color":"","background-image":"","background-repeat":"repeat","background-position":"center center","background-size":"auto","background-attachment":"scroll","background-type":"","background-media":"","overlay-type":"","overlay-color":"","overlay-opacity":"","overlay-gradient":""},"tablet":{"background-color":"","background-image":"","background-repeat":"repeat","background-position":"center center","background-size":"auto","background-attachment":"scroll","background-type":"","background-media":"","overlay-type":"","overlay-color":"","overlay-opacity":"","overlay-gradient":""},"mobile":{"background-color":"","background-image":"","background-repeat":"repeat","background-position":"center center","background-size":"auto","background-attachment":"scroll","background-type":"","background-media":"","overlay-type":"","overlay-color":"","overlay-opacity":"","overlay-gradient":""}},"ast-content-background-meta":{"desktop":{"background-color":"var(--ast-global-color-5)","background-image":"","background-repeat":"repeat","background-position":"center center","background-size":"auto","background-attachment":"scroll","background-type":"","background-media":"","overlay-type":"","overlay-color":"","overlay-opacity":"","overlay-gradient":""},"tablet":{"background-color":"var(--ast-global-color-5)","background-image":"","background-repeat":"repeat","background-position":"center center","background-size":"auto","background-attachment":"scroll","background-type":"","background-media":"","overlay-type":"","overlay-color":"","overlay-opacity":"","overlay-gradient":""},"mobile":{"background-color":"var(--ast-global-color-5)","background-image":"","background-repeat":"repeat","background-position":"center center","background-size":"auto","background-attachment":"scroll","background-type":"","background-media":"","overlay-type":"","overlay-color":"","overlay-opacity":"","overlay-gradient":""}}},"product_brand":[444],"product_cat":[348,340],"product_tag":[],"class_list":{"0":"post-11941","1":"product","2":"type-product","3":"status-publish","4":"has-post-thumbnail","6":"product_brand-mukua","7":"product_cat-camisetas-textil-promocional","8":"product_cat-textil-promocional","9":"desktop-align-center","10":"tablet-align-left","11":"mobile-align-left","13":"first","14":"instock","15":"taxable","16":"shipping-taxable","17":"purchasable","18":"product-type-variable","19":"has-default-attributes"},"_links":{"self":[{"href":"https:\/\/combi-pro.com\/fr\/wp-json\/wp\/v2\/product\/11941","targetHints":{"allow":["GET"]}}],"collection":[{"href":"https:\/\/combi-pro.com\/fr\/wp-json\/wp\/v2\/product"}],"about":[{"href":"https:\/\/combi-pro.com\/fr\/wp-json\/wp\/v2\/types\/product"}],"wp:featuredmedia":[{"embeddable":true,"href":"https:\/\/combi-pro.com\/fr\/wp-json\/wp\/v2\/media\/11959"}],"wp:attachment":[{"href":"https:\/\/combi-pro.com\/fr\/wp-json\/wp\/v2\/media?parent=11941"}],"wp:term":[{"taxonomy":"product_brand","embeddable":true,"href":"https:\/\/combi-pro.com\/fr\/wp-json\/wp\/v2\/product_brand?post=11941"},{"taxonomy":"product_cat","embeddable":true,"href":"https:\/\/combi-pro.com\/fr\/wp-json\/wp\/v2\/product_cat?post=11941"},{"taxonomy":"product_tag","embeddable":true,"href":"https:\/\/combi-pro.com\/fr\/wp-json\/wp\/v2\/product_tag?post=11941"}],"curies":[{"name":"wp","href":"https:\/\/api.w.org\/{rel}","templated":true}]}}