{"id":12011,"date":"2025-01-23T17:08:07","date_gmt":"2025-01-23T16:08:07","guid":{"rendered":"https:\/\/combi-pro.com\/?post_type=product&#038;p=12011"},"modified":"2026-03-10T01:05:38","modified_gmt":"2026-03-10T00:05:38","slug":"mk605v-sidney-hoodie-270","status":"publish","type":"product","link":"https:\/\/combi-pro.com\/fr\/boutique\/mk605v-sidney-hoodie-270\/","title":{"rendered":"Sweat \u00e0 capuche unisexe Sidney MK605V | MUKUA"},"content":{"rendered":"<div class=\"data item\" role=\"tablist\">\n<p class=\"\" data-start=\"417\" data-end=\"449\"><strong data-start=\"417\" data-end=\"449\">Caract\u00e9ristiques principales:<\/strong><\/p>\n<ul>\n<li data-start=\"453\" data-end=\"493\">Molleton matelass\u00e9 doux, confortable et chaud.<\/li>\n<li data-start=\"496\" data-end=\"553\">Capuche \u00e0 3 panneaux doubl\u00e9e d'un tissu en jersey simple.<\/li>\n<li data-start=\"556\" data-end=\"593\">Lacets plats ajustables ton sur ton.<\/li>\n<li data-start=\"596\" data-end=\"665\">Poche kangourou avec passepoil sur les a\u00e9rations et coutures renforc\u00e9es.<\/li>\n<li data-start=\"668\" data-end=\"736\">Poignets et ceinture en c\u00f4tes 2\u00d71 avec \u00e9lasthanne.<\/li>\n<li data-start=\"739\" data-end=\"808\">Coutures renforc\u00e9es avec bande \u00e0 chevrons \u00e0 l'int\u00e9rieur du col.<\/li>\n<li data-start=\"811\" data-end=\"831\">Coupe Regular Fit.<\/li>\n<li data-start=\"834\" data-end=\"886\">\u00c9galement disponible en version pour enfants : SIDNEY KIDS.<\/li>\n<\/ul>\n<p class=\"\" data-start=\"888\" data-end=\"954\"><strong data-start=\"888\" data-end=\"906\">Certification: <\/strong><\/p>\n<ul>\n<li data-start=\"888\" data-end=\"954\">Con\u00e7u pour un usage quotidien et professionnel.<\/li>\n<\/ul>\n<p class=\"\" data-start=\"956\" data-end=\"1145\"><strong data-start=\"956\" data-end=\"967\">Tissu: <\/strong><\/p>\n<ul>\n<li data-start=\"956\" data-end=\"1145\">Polaire matelass\u00e9e - 60 % coton \/ 40 % polyester \/ 270 g\/m\u00b2.<\/li>\n<li data-start=\"956\" data-end=\"1145\">Couleur gris chin\u00e9 : 60 % coton \/ 30 % polyester \/ 10 % viscose.<\/li>\n<li data-start=\"956\" data-end=\"1145\">Tissu chaud, r\u00e9sistant et facile \u00e0 entretenir.<\/li>\n<\/ul>\n<p class=\"\" data-start=\"1147\" data-end=\"1310\"><strong data-start=\"1147\" data-end=\"1167\">Recommandations: <\/strong><\/p>\n<ul>\n<li data-start=\"1147\" data-end=\"1310\">Parfait pour les uniformes d'entreprise, les activit\u00e9s de plein air, l'utilisation promotionnelle ou comme v\u00eatement d'ext\u00e9rieur confortable et \u00e0 la mode pour tous les jours.<\/li>\n<\/ul>\n<p data-start=\"1147\" data-end=\"1310\"><img decoding=\"async\" class=\"alignnone wp-image-14962\" src=\"https:\/\/combi-pro.com\/wp-content\/uploads\/2025\/01\/bordado-mukua.jpg\" alt=\"\" width=\"60\" height=\"60\" srcset=\"https:\/\/combi-pro.com\/wp-content\/uploads\/2025\/01\/bordado-mukua.jpg 427w, https:\/\/combi-pro.com\/wp-content\/uploads\/2025\/01\/bordado-mukua-100x100.jpg 100w, https:\/\/combi-pro.com\/wp-content\/uploads\/2025\/01\/bordado-mukua-64x64.jpg 64w, https:\/\/combi-pro.com\/wp-content\/uploads\/2025\/01\/bordado-mukua-300x300.jpg 300w, https:\/\/combi-pro.com\/wp-content\/uploads\/2025\/01\/bordado-mukua-150x150.jpg 150w, https:\/\/combi-pro.com\/wp-content\/uploads\/2025\/01\/bordado-mukua-12x12.jpg 12w\" sizes=\"(max-width: 60px) 100vw, 60px\" \/> <img decoding=\"async\" class=\"alignnone wp-image-14960\" src=\"https:\/\/combi-pro.com\/wp-content\/uploads\/2025\/01\/impresion-mukua-300x300.jpg\" alt=\"\" width=\"60\" height=\"60\" srcset=\"https:\/\/combi-pro.com\/wp-content\/uploads\/2025\/01\/impresion-mukua-300x300.jpg 300w, https:\/\/combi-pro.com\/wp-content\/uploads\/2025\/01\/impresion-mukua-100x100.jpg 100w, https:\/\/combi-pro.com\/wp-content\/uploads\/2025\/01\/impresion-mukua-64x64.jpg 64w, https:\/\/combi-pro.com\/wp-content\/uploads\/2025\/01\/impresion-mukua-150x150.jpg 150w, https:\/\/combi-pro.com\/wp-content\/uploads\/2025\/01\/impresion-mukua-12x12.jpg 12w, https:\/\/combi-pro.com\/wp-content\/uploads\/2025\/01\/impresion-mukua.jpg 427w\" sizes=\"(max-width: 60px) 100vw, 60px\" \/><\/p>\n<\/div>","protected":false},"excerpt":{"rendered":"<p>Le sweat \u00e0 capuche SIDNEY offre une excellente combinaison de confort, de chaleur et de fonctionnalit\u00e9. D'un design moderne et pratique, il est fabriqu\u00e9 en polaire avec un int\u00e9rieur chaud, id\u00e9al pour un usage quotidien ou professionnel dans les climats plus frais.<\/p>\n<p><strong>GUIDE DES TAILLES<\/strong><\/p>\n<p><img fetchpriority=\"high\" decoding=\"async\" class=\"alignnone wp-image-18018 size-full\" src=\"https:\/\/combi-pro.com\/wp-content\/uploads\/2025\/01\/Design-sans-titre-51.png\" alt=\"\" width=\"500\" height=\"131\" srcset=\"https:\/\/combi-pro.com\/wp-content\/uploads\/2025\/01\/Design-sans-titre-51.png 500w, https:\/\/combi-pro.com\/wp-content\/uploads\/2025\/01\/Design-sans-titre-51-300x79.png 300w, https:\/\/combi-pro.com\/wp-content\/uploads\/2025\/01\/Design-sans-titre-51-18x5.png 18w, https:\/\/combi-pro.com\/wp-content\/uploads\/2025\/01\/Design-sans-titre-51-450x118.png 450w, https:\/\/combi-pro.com\/wp-content\/uploads\/2025\/01\/Design-sans-titre-51-64x17.png 64w\" sizes=\"(max-width: 500px) 100vw, 500px\" \/><\/p>\n<p>&nbsp;<\/p>","protected":false},"featured_media":12257,"template":"","meta":{"site-sidebar-layout":"default","site-content-layout":"","ast-site-content-layout":"default","site-content-style":"default","site-sidebar-style":"default","ast-global-header-display":"","ast-banner-title-visibility":"","ast-main-header-display":"","ast-hfb-above-header-display":"","ast-hfb-below-header-display":"","ast-hfb-mobile-header-display":"","site-post-title":"","ast-breadcrumbs-content":"","ast-featured-img":"","footer-sml-layout":"","ast-disable-related-posts":"","theme-transparent-header-meta":"default","adv-header-id-meta":"","stick-header-meta":"","header-above-stick-meta":"","header-main-stick-meta":"","header-below-stick-meta":"","astra-migrate-meta-layouts":"set","ast-page-background-enabled":"default","ast-page-background-meta":{"desktop":{"background-color":"","background-image":"","background-repeat":"repeat","background-position":"center center","background-size":"auto","background-attachment":"scroll","background-type":"","background-media":"","overlay-type":"","overlay-color":"","overlay-opacity":"","overlay-gradient":""},"tablet":{"background-color":"","background-image":"","background-repeat":"repeat","background-position":"center center","background-size":"auto","background-attachment":"scroll","background-type":"","background-media":"","overlay-type":"","overlay-color":"","overlay-opacity":"","overlay-gradient":""},"mobile":{"background-color":"","background-image":"","background-repeat":"repeat","background-position":"center center","background-size":"auto","background-attachment":"scroll","background-type":"","background-media":"","overlay-type":"","overlay-color":"","overlay-opacity":"","overlay-gradient":""}},"ast-content-background-meta":{"desktop":{"background-color":"var(--ast-global-color-5)","background-image":"","background-repeat":"repeat","background-position":"center center","background-size":"auto","background-attachment":"scroll","background-type":"","background-media":"","overlay-type":"","overlay-color":"","overlay-opacity":"","overlay-gradient":""},"tablet":{"background-color":"var(--ast-global-color-5)","background-image":"","background-repeat":"repeat","background-position":"center center","background-size":"auto","background-attachment":"scroll","background-type":"","background-media":"","overlay-type":"","overlay-color":"","overlay-opacity":"","overlay-gradient":""},"mobile":{"background-color":"var(--ast-global-color-5)","background-image":"","background-repeat":"repeat","background-position":"center center","background-size":"auto","background-attachment":"scroll","background-type":"","background-media":"","overlay-type":"","overlay-color":"","overlay-opacity":"","overlay-gradient":""}}},"product_brand":[444],"product_cat":[343,340],"product_tag":[],"class_list":{"0":"post-12011","1":"product","2":"type-product","3":"status-publish","4":"has-post-thumbnail","6":"product_brand-mukua","7":"product_cat-sudaderas-textil-promocional","8":"product_cat-textil-promocional","9":"desktop-align-center","10":"tablet-align-left","11":"mobile-align-left","13":"first","14":"instock","15":"taxable","16":"shipping-taxable","17":"purchasable","18":"product-type-variable"},"_links":{"self":[{"href":"https:\/\/combi-pro.com\/fr\/wp-json\/wp\/v2\/product\/12011","targetHints":{"allow":["GET"]}}],"collection":[{"href":"https:\/\/combi-pro.com\/fr\/wp-json\/wp\/v2\/product"}],"about":[{"href":"https:\/\/combi-pro.com\/fr\/wp-json\/wp\/v2\/types\/product"}],"wp:featuredmedia":[{"embeddable":true,"href":"https:\/\/combi-pro.com\/fr\/wp-json\/wp\/v2\/media\/12257"}],"wp:attachment":[{"href":"https:\/\/combi-pro.com\/fr\/wp-json\/wp\/v2\/media?parent=12011"}],"wp:term":[{"taxonomy":"product_brand","embeddable":true,"href":"https:\/\/combi-pro.com\/fr\/wp-json\/wp\/v2\/product_brand?post=12011"},{"taxonomy":"product_cat","embeddable":true,"href":"https:\/\/combi-pro.com\/fr\/wp-json\/wp\/v2\/product_cat?post=12011"},{"taxonomy":"product_tag","embeddable":true,"href":"https:\/\/combi-pro.com\/fr\/wp-json\/wp\/v2\/product_tag?post=12011"}],"curies":[{"name":"wp","href":"https:\/\/api.w.org\/{rel}","templated":true}]}}