{"id":12278,"date":"2025-01-24T11:15:31","date_gmt":"2025-01-24T10:15:31","guid":{"rendered":"https:\/\/combi-pro.com\/?post_type=product&#038;p=12278"},"modified":"2026-05-13T17:44:56","modified_gmt":"2026-05-13T15:44:56","slug":"jg300u-grafton-lightweight-quilted-jacket-unis","status":"publish","type":"product","link":"https:\/\/combi-pro.com\/fr\/boutique\/jg300u-grafton-lightweight-quilted-jacket-unis\/","title":{"rendered":"Veste l\u00e9g\u00e8re matelass\u00e9e Grafton Unisexe JG300U | MUKUA"},"content":{"rendered":"<div class=\"data item\" role=\"tablist\">\n<p class=\"\" data-start=\"454\" data-end=\"486\"><strong data-start=\"454\" data-end=\"486\">Caract\u00e9ristiques principales:<\/strong><\/p>\n<ul>\n<li data-start=\"490\" data-end=\"560\">Tissu d\u00e9perlant pour une protection contre l'humidit\u00e9 l\u00e9g\u00e8re.<\/li>\n<li data-start=\"563\" data-end=\"637\">Rembourrage en polyester au toucher plume pour une sensation de chaleur et de l\u00e9g\u00e8ret\u00e9.<\/li>\n<li data-start=\"640\" data-end=\"698\">Fermeture \u00e0 glissi\u00e8re invers\u00e9e et prot\u00e8ge-menton.<\/li>\n<li data-start=\"701\" data-end=\"752\">Deux poches lat\u00e9rales avec fermeture \u00e0 glissi\u00e8re.<\/li>\n<li data-start=\"755\" data-end=\"828\">Fermetures \u00e0 glissi\u00e8re ton sur ton avec tirette en polyester et finition en plastique.<\/li>\n<li data-start=\"831\" data-end=\"900\">Le bas du v\u00eatement et les poignets sont finis avec un biais pour plus de durabilit\u00e9.<\/li>\n<li data-start=\"903\" data-end=\"961\">Poign\u00e9e \u00e0 l'int\u00e9rieur du collier pour faciliter la suspension.<\/li>\n<\/ul>\n<p class=\"\" data-start=\"963\" data-end=\"1029\"><strong data-start=\"963\" data-end=\"981\">Certification: <\/strong><\/p>\n<ul>\n<li data-start=\"963\" data-end=\"1029\">Con\u00e7u pour un usage quotidien et professionnel.<\/li>\n<\/ul>\n<p class=\"\" data-start=\"1031\" data-end=\"1165\"><strong data-start=\"1031\" data-end=\"1042\">Tissu: <\/strong><\/p>\n<ul>\n<li data-start=\"1031\" data-end=\"1165\">Ext\u00e9rieur : Taffetas - 100 % polyamide \/ 380T.<\/li>\n<li data-start=\"1031\" data-end=\"1165\">Garnissage : 100 % polyester \/ 300 g\/m\u00b2.<\/li>\n<li data-start=\"1031\" data-end=\"1165\">Tissu chaud, l\u00e9ger et durable.<\/li>\n<\/ul>\n<p class=\"\" data-start=\"1167\" data-end=\"1348\"><strong data-start=\"1167\" data-end=\"1187\">Recommandations: <\/strong><\/p>\n<ul>\n<li data-start=\"1167\" data-end=\"1348\">Id\u00e9ale comme veste chaude pour les activit\u00e9s urbaines, professionnelles, d'entreprise ou de plein air o\u00f9 une protection thermique est n\u00e9cessaire sans perte de mobilit\u00e9.<\/li>\n<\/ul>\n<p data-start=\"1167\" data-end=\"1348\"><img decoding=\"async\" class=\"alignnone wp-image-14960\" src=\"https:\/\/combi-pro.com\/wp-content\/uploads\/2025\/01\/impresion-mukua-300x300.jpg\" alt=\"\" width=\"60\" height=\"60\" srcset=\"https:\/\/combi-pro.com\/wp-content\/uploads\/2025\/01\/impresion-mukua-300x300.jpg 300w, https:\/\/combi-pro.com\/wp-content\/uploads\/2025\/01\/impresion-mukua-100x100.jpg 100w, https:\/\/combi-pro.com\/wp-content\/uploads\/2025\/01\/impresion-mukua-64x64.jpg 64w, https:\/\/combi-pro.com\/wp-content\/uploads\/2025\/01\/impresion-mukua-150x150.jpg 150w, https:\/\/combi-pro.com\/wp-content\/uploads\/2025\/01\/impresion-mukua-12x12.jpg 12w, https:\/\/combi-pro.com\/wp-content\/uploads\/2025\/01\/impresion-mukua.jpg 427w\" sizes=\"(max-width: 60px) 100vw, 60px\" \/> <img decoding=\"async\" class=\"alignnone wp-image-14962\" src=\"https:\/\/combi-pro.com\/wp-content\/uploads\/2025\/01\/bordado-mukua.jpg\" alt=\"\" width=\"60\" height=\"60\" srcset=\"https:\/\/combi-pro.com\/wp-content\/uploads\/2025\/01\/bordado-mukua.jpg 427w, https:\/\/combi-pro.com\/wp-content\/uploads\/2025\/01\/bordado-mukua-100x100.jpg 100w, https:\/\/combi-pro.com\/wp-content\/uploads\/2025\/01\/bordado-mukua-64x64.jpg 64w, https:\/\/combi-pro.com\/wp-content\/uploads\/2025\/01\/bordado-mukua-300x300.jpg 300w, https:\/\/combi-pro.com\/wp-content\/uploads\/2025\/01\/bordado-mukua-150x150.jpg 150w, https:\/\/combi-pro.com\/wp-content\/uploads\/2025\/01\/bordado-mukua-12x12.jpg 12w\" sizes=\"(max-width: 60px) 100vw, 60px\" \/><\/p>\n<\/div>","protected":false},"excerpt":{"rendered":"<p>La veste matelass\u00e9e GRAFTON allie chaleur, l\u00e9g\u00e8ret\u00e9 et praticit\u00e9 dans un design moderne et fonctionnel. Compos\u00e9e d'un tissu d\u00e9perlant et d'un rembourrage en plumes de polyester, elle est id\u00e9ale pour les climats froids o\u00f9 un confort thermique sans exc\u00e8s de poids est n\u00e9cessaire.<\/p>\n<p><strong>GUIDE DES TAILLES<\/strong><\/p>\n<p><img fetchpriority=\"high\" decoding=\"async\" class=\"alignnone wp-image-18002 size-full\" src=\"https:\/\/combi-pro.com\/wp-content\/uploads\/2025\/01\/Design-sans-titre-37.png\" alt=\"\" width=\"500\" height=\"131\" srcset=\"https:\/\/combi-pro.com\/wp-content\/uploads\/2025\/01\/Design-sans-titre-37.png 500w, https:\/\/combi-pro.com\/wp-content\/uploads\/2025\/01\/Design-sans-titre-37-300x79.png 300w, https:\/\/combi-pro.com\/wp-content\/uploads\/2025\/01\/Design-sans-titre-37-18x5.png 18w, https:\/\/combi-pro.com\/wp-content\/uploads\/2025\/01\/Design-sans-titre-37-450x118.png 450w, https:\/\/combi-pro.com\/wp-content\/uploads\/2025\/01\/Design-sans-titre-37-64x17.png 64w\" sizes=\"(max-width: 500px) 100vw, 500px\" \/><\/p>\n<p>&nbsp;<\/p>","protected":false},"featured_media":12295,"template":"","meta":{"site-sidebar-layout":"default","site-content-layout":"","ast-site-content-layout":"default","site-content-style":"default","site-sidebar-style":"default","ast-global-header-display":"","ast-banner-title-visibility":"","ast-main-header-display":"","ast-hfb-above-header-display":"","ast-hfb-below-header-display":"","ast-hfb-mobile-header-display":"","site-post-title":"","ast-breadcrumbs-content":"","ast-featured-img":"","footer-sml-layout":"","ast-disable-related-posts":"","theme-transparent-header-meta":"default","adv-header-id-meta":"","stick-header-meta":"","header-above-stick-meta":"","header-main-stick-meta":"","header-below-stick-meta":"","astra-migrate-meta-layouts":"set","ast-page-background-enabled":"default","ast-page-background-meta":{"desktop":{"background-color":"","background-image":"","background-repeat":"repeat","background-position":"center center","background-size":"auto","background-attachment":"scroll","background-type":"","background-media":"","overlay-type":"","overlay-color":"","overlay-opacity":"","overlay-gradient":""},"tablet":{"background-color":"","background-image":"","background-repeat":"repeat","background-position":"center center","background-size":"auto","background-attachment":"scroll","background-type":"","background-media":"","overlay-type":"","overlay-color":"","overlay-opacity":"","overlay-gradient":""},"mobile":{"background-color":"","background-image":"","background-repeat":"repeat","background-position":"center center","background-size":"auto","background-attachment":"scroll","background-type":"","background-media":"","overlay-type":"","overlay-color":"","overlay-opacity":"","overlay-gradient":""}},"ast-content-background-meta":{"desktop":{"background-color":"var(--ast-global-color-5)","background-image":"","background-repeat":"repeat","background-position":"center center","background-size":"auto","background-attachment":"scroll","background-type":"","background-media":"","overlay-type":"","overlay-color":"","overlay-opacity":"","overlay-gradient":""},"tablet":{"background-color":"var(--ast-global-color-5)","background-image":"","background-repeat":"repeat","background-position":"center center","background-size":"auto","background-attachment":"scroll","background-type":"","background-media":"","overlay-type":"","overlay-color":"","overlay-opacity":"","overlay-gradient":""},"mobile":{"background-color":"var(--ast-global-color-5)","background-image":"","background-repeat":"repeat","background-position":"center center","background-size":"auto","background-attachment":"scroll","background-type":"","background-media":"","overlay-type":"","overlay-color":"","overlay-opacity":"","overlay-gradient":""}}},"product_brand":[444],"product_cat":[345,340],"product_tag":[],"class_list":{"0":"post-12278","1":"product","2":"type-product","3":"status-publish","4":"has-post-thumbnail","6":"product_brand-mukua","7":"product_cat-outerwear","8":"product_cat-textil-promocional","9":"desktop-align-center","10":"tablet-align-left","11":"mobile-align-left","13":"first","14":"instock","15":"taxable","16":"shipping-taxable","17":"purchasable","18":"product-type-variable","19":"has-default-attributes"},"_links":{"self":[{"href":"https:\/\/combi-pro.com\/fr\/wp-json\/wp\/v2\/product\/12278","targetHints":{"allow":["GET"]}}],"collection":[{"href":"https:\/\/combi-pro.com\/fr\/wp-json\/wp\/v2\/product"}],"about":[{"href":"https:\/\/combi-pro.com\/fr\/wp-json\/wp\/v2\/types\/product"}],"wp:featuredmedia":[{"embeddable":true,"href":"https:\/\/combi-pro.com\/fr\/wp-json\/wp\/v2\/media\/12295"}],"wp:attachment":[{"href":"https:\/\/combi-pro.com\/fr\/wp-json\/wp\/v2\/media?parent=12278"}],"wp:term":[{"taxonomy":"product_brand","embeddable":true,"href":"https:\/\/combi-pro.com\/fr\/wp-json\/wp\/v2\/product_brand?post=12278"},{"taxonomy":"product_cat","embeddable":true,"href":"https:\/\/combi-pro.com\/fr\/wp-json\/wp\/v2\/product_cat?post=12278"},{"taxonomy":"product_tag","embeddable":true,"href":"https:\/\/combi-pro.com\/fr\/wp-json\/wp\/v2\/product_tag?post=12278"}],"curies":[{"name":"wp","href":"https:\/\/api.w.org\/{rel}","templated":true}]}}