{"id":12335,"date":"2025-01-24T13:09:52","date_gmt":"2025-01-24T12:09:52","guid":{"rendered":"https:\/\/combi-pro.com\/?post_type=product&#038;p=12335"},"modified":"2026-04-13T20:34:40","modified_gmt":"2026-04-13T18:34:40","slug":"ssz280u-richmond-softshell-unisex","status":"publish","type":"product","link":"https:\/\/combi-pro.com\/fr\/boutique\/ssz280u-richmond-softshell-unisex\/","title":{"rendered":"Richmond softshell unisexe SSZ280U | MUKUA"},"content":{"rendered":"<p class=\"\" data-start=\"449\" data-end=\"481\"><strong data-start=\"449\" data-end=\"481\">Caract\u00e9ristiques principales:<\/strong><\/p>\n<ul>\n<li data-start=\"485\" data-end=\"559\">Tissu d\u00e9perlant pour une protection l\u00e9g\u00e8re contre l'humidit\u00e9.<\/li>\n<li data-start=\"562\" data-end=\"610\">Doublure en polaire douce et chaude.<\/li>\n<li data-start=\"613\" data-end=\"661\">Fermeture \u00e0 glissi\u00e8re et prot\u00e8ge-menton.<\/li>\n<li data-start=\"664\" data-end=\"723\">Trois poches zipp\u00e9es pour un rangement s\u00e9curis\u00e9.<\/li>\n<li data-start=\"726\" data-end=\"801\">Fermetures \u00e0 glissi\u00e8re ton sur ton avec tirettes en polyester et finition en plastique.<\/li>\n<li data-start=\"804\" data-end=\"864\">Dos plus long et arrondi pour une meilleure couverture.<\/li>\n<li data-start=\"867\" data-end=\"936\">Poign\u00e9e \u00e0 l'int\u00e9rieur du collier pour faciliter la suspension.<\/li>\n<li data-start=\"939\" data-end=\"1015\">\u00c9galement disponible en version femme (RICHMOND WOMAN) et en version enfant (RICHMOND KIDS).<\/li>\n<\/ul>\n<p class=\"\" data-start=\"1017\" data-end=\"1083\"><strong data-start=\"1017\" data-end=\"1035\">Certification: <\/strong><\/p>\n<ul>\n<li data-start=\"1017\" data-end=\"1083\">Con\u00e7u pour un usage quotidien et professionnel.<\/li>\n<\/ul>\n<p class=\"\" data-start=\"1085\" data-end=\"1261\"><strong data-start=\"1085\" data-end=\"1096\">Tissu: <\/strong><\/p>\n<ul>\n<li data-start=\"1085\" data-end=\"1261\">Shell : Softshell - 94 % polyester \/ 6 % \u00e9lasthanne.<\/li>\n<li data-start=\"1085\" data-end=\"1261\">Doublure : Polaire - 100 % polyester \/ 280 g\/m\u00b2.<\/li>\n<li data-start=\"1085\" data-end=\"1261\">Tissu r\u00e9sistant, thermique, souple et coupe-vent.<\/li>\n<\/ul>\n<p class=\"\" data-start=\"1263\" data-end=\"1448\"><strong data-start=\"1263\" data-end=\"1283\">Recommandations: <\/strong><\/p>\n<ul>\n<li data-start=\"1263\" data-end=\"1448\">Parfait pour les environnements professionnels en plein air, les activit\u00e9s d'entreprise en plein air ou comme v\u00eatement technique chaud pour les v\u00eatements d'hiver quotidiens.<\/li>\n<\/ul>\n<p data-start=\"1263\" data-end=\"1448\"><img decoding=\"async\" class=\"alignnone wp-image-14962\" src=\"https:\/\/combi-pro.com\/wp-content\/uploads\/2025\/01\/bordado-mukua.jpg\" alt=\"\" width=\"60\" height=\"60\" srcset=\"https:\/\/combi-pro.com\/wp-content\/uploads\/2025\/01\/bordado-mukua.jpg 427w, https:\/\/combi-pro.com\/wp-content\/uploads\/2025\/01\/bordado-mukua-100x100.jpg 100w, https:\/\/combi-pro.com\/wp-content\/uploads\/2025\/01\/bordado-mukua-64x64.jpg 64w, https:\/\/combi-pro.com\/wp-content\/uploads\/2025\/01\/bordado-mukua-300x300.jpg 300w, https:\/\/combi-pro.com\/wp-content\/uploads\/2025\/01\/bordado-mukua-150x150.jpg 150w, https:\/\/combi-pro.com\/wp-content\/uploads\/2025\/01\/bordado-mukua-12x12.jpg 12w\" sizes=\"(max-width: 60px) 100vw, 60px\" \/> <img decoding=\"async\" class=\"alignnone wp-image-14960\" src=\"https:\/\/combi-pro.com\/wp-content\/uploads\/2025\/01\/impresion-mukua-300x300.jpg\" alt=\"\" width=\"60\" height=\"60\" srcset=\"https:\/\/combi-pro.com\/wp-content\/uploads\/2025\/01\/impresion-mukua-300x300.jpg 300w, https:\/\/combi-pro.com\/wp-content\/uploads\/2025\/01\/impresion-mukua-100x100.jpg 100w, https:\/\/combi-pro.com\/wp-content\/uploads\/2025\/01\/impresion-mukua-64x64.jpg 64w, https:\/\/combi-pro.com\/wp-content\/uploads\/2025\/01\/impresion-mukua-150x150.jpg 150w, https:\/\/combi-pro.com\/wp-content\/uploads\/2025\/01\/impresion-mukua-12x12.jpg 12w, https:\/\/combi-pro.com\/wp-content\/uploads\/2025\/01\/impresion-mukua.jpg 427w\" sizes=\"(max-width: 60px) 100vw, 60px\" \/><\/p>","protected":false},"excerpt":{"rendered":"<p>La veste RICHMOND offre protection, chaleur et fonctionnalit\u00e9 dans un design moderne et polyvalent. Fabriqu\u00e9e en tissu softshell et doubl\u00e9e de polaire, elle est id\u00e9ale pour les climats froids ou humides o\u00f9 le confort, la libert\u00e9 de mouvement et un look professionnel soign\u00e9 sont n\u00e9cessaires.<\/p>\n<p><strong>GUIDE DES TAILLES<\/strong><\/p>\n<p><img fetchpriority=\"high\" decoding=\"async\" class=\"alignnone wp-image-18004 size-full\" src=\"https:\/\/combi-pro.com\/wp-content\/uploads\/2025\/01\/Design-sans-titre-39.png\" alt=\"\" width=\"500\" height=\"131\" srcset=\"https:\/\/combi-pro.com\/wp-content\/uploads\/2025\/01\/Design-sans-titre-39.png 500w, https:\/\/combi-pro.com\/wp-content\/uploads\/2025\/01\/Design-sans-titre-39-300x79.png 300w, https:\/\/combi-pro.com\/wp-content\/uploads\/2025\/01\/Design-sans-titre-39-18x5.png 18w, https:\/\/combi-pro.com\/wp-content\/uploads\/2025\/01\/Design-sans-titre-39-450x118.png 450w, https:\/\/combi-pro.com\/wp-content\/uploads\/2025\/01\/Design-sans-titre-39-64x17.png 64w\" sizes=\"(max-width: 500px) 100vw, 500px\" \/><\/p>\n<p>&nbsp;<\/p>\n<p>&nbsp;<\/p>","protected":false},"featured_media":12350,"template":"","meta":{"site-sidebar-layout":"default","site-content-layout":"","ast-site-content-layout":"default","site-content-style":"default","site-sidebar-style":"default","ast-global-header-display":"","ast-banner-title-visibility":"","ast-main-header-display":"","ast-hfb-above-header-display":"","ast-hfb-below-header-display":"","ast-hfb-mobile-header-display":"","site-post-title":"","ast-breadcrumbs-content":"","ast-featured-img":"","footer-sml-layout":"","ast-disable-related-posts":"","theme-transparent-header-meta":"default","adv-header-id-meta":"","stick-header-meta":"","header-above-stick-meta":"","header-main-stick-meta":"","header-below-stick-meta":"","astra-migrate-meta-layouts":"set","ast-page-background-enabled":"default","ast-page-background-meta":{"desktop":{"background-color":"","background-image":"","background-repeat":"repeat","background-position":"center center","background-size":"auto","background-attachment":"scroll","background-type":"","background-media":"","overlay-type":"","overlay-color":"","overlay-opacity":"","overlay-gradient":""},"tablet":{"background-color":"","background-image":"","background-repeat":"repeat","background-position":"center center","background-size":"auto","background-attachment":"scroll","background-type":"","background-media":"","overlay-type":"","overlay-color":"","overlay-opacity":"","overlay-gradient":""},"mobile":{"background-color":"","background-image":"","background-repeat":"repeat","background-position":"center center","background-size":"auto","background-attachment":"scroll","background-type":"","background-media":"","overlay-type":"","overlay-color":"","overlay-opacity":"","overlay-gradient":""}},"ast-content-background-meta":{"desktop":{"background-color":"var(--ast-global-color-5)","background-image":"","background-repeat":"repeat","background-position":"center center","background-size":"auto","background-attachment":"scroll","background-type":"","background-media":"","overlay-type":"","overlay-color":"","overlay-opacity":"","overlay-gradient":""},"tablet":{"background-color":"var(--ast-global-color-5)","background-image":"","background-repeat":"repeat","background-position":"center center","background-size":"auto","background-attachment":"scroll","background-type":"","background-media":"","overlay-type":"","overlay-color":"","overlay-opacity":"","overlay-gradient":""},"mobile":{"background-color":"var(--ast-global-color-5)","background-image":"","background-repeat":"repeat","background-position":"center center","background-size":"auto","background-attachment":"scroll","background-type":"","background-media":"","overlay-type":"","overlay-color":"","overlay-opacity":"","overlay-gradient":""}}},"product_brand":[444],"product_cat":[345,340],"product_tag":[],"class_list":{"0":"post-12335","1":"product","2":"type-product","3":"status-publish","4":"has-post-thumbnail","6":"product_brand-mukua","7":"product_cat-outerwear","8":"product_cat-textil-promocional","9":"desktop-align-center","10":"tablet-align-left","11":"mobile-align-left","13":"first","14":"instock","15":"taxable","16":"shipping-taxable","17":"purchasable","18":"product-type-variable"},"_links":{"self":[{"href":"https:\/\/combi-pro.com\/fr\/wp-json\/wp\/v2\/product\/12335","targetHints":{"allow":["GET"]}}],"collection":[{"href":"https:\/\/combi-pro.com\/fr\/wp-json\/wp\/v2\/product"}],"about":[{"href":"https:\/\/combi-pro.com\/fr\/wp-json\/wp\/v2\/types\/product"}],"wp:featuredmedia":[{"embeddable":true,"href":"https:\/\/combi-pro.com\/fr\/wp-json\/wp\/v2\/media\/12350"}],"wp:attachment":[{"href":"https:\/\/combi-pro.com\/fr\/wp-json\/wp\/v2\/media?parent=12335"}],"wp:term":[{"taxonomy":"product_brand","embeddable":true,"href":"https:\/\/combi-pro.com\/fr\/wp-json\/wp\/v2\/product_brand?post=12335"},{"taxonomy":"product_cat","embeddable":true,"href":"https:\/\/combi-pro.com\/fr\/wp-json\/wp\/v2\/product_cat?post=12335"},{"taxonomy":"product_tag","embeddable":true,"href":"https:\/\/combi-pro.com\/fr\/wp-json\/wp\/v2\/product_tag?post=12335"}],"curies":[{"name":"wp","href":"https:\/\/api.w.org\/{rel}","templated":true}]}}